{"id":693,"date":"2022-04-16T17:15:03","date_gmt":"2022-04-16T20:15:03","guid":{"rendered":"https:\/\/wp.ufpel.edu.br\/deslocc\/?page_id=693"},"modified":"2022-04-18T16:28:52","modified_gmt":"2022-04-18T19:28:52","slug":"apresentacao-de-trabalhos-e-publicacoes-em-eventos-cientificos","status":"publish","type":"page","link":"https:\/\/wp.ufpel.edu.br\/deslocc\/apresentacao-de-trabalhos-e-publicacoes-em-eventos-cientificos\/","title":{"rendered":"Apresenta\u00e7\u00e3o de trabalhos"},"content":{"rendered":"<h3 class=\"entry-title\"><a href=\"https:\/\/wp.ufpel.edu.br\/deslocc\/2019\/03\/10\/apresentacao-de-pedro-elias-parente-no-ii-eipch\/\">Apresenta\u00e7\u00e3o de Pedro Elias Parente no II EIPCH<\/a><\/h3>\n<h3 class=\"entry-title\"><a href=\"https:\/\/wp.ufpel.edu.br\/deslocc\/2019\/03\/10\/apresentacao-de-pedro-elias-parente-no-ii-eipch\/\"><img loading=\"lazy\" decoding=\"async\" class=\"alignnone size-medium wp-image-372\" src=\"https:\/\/wp.ufpel.edu.br\/deslocc\/files\/2019\/03\/41006958_2226192227455483_7823529516621365248_n-225x400.jpg\" alt=\"\" width=\"169\" height=\"300\" srcset=\"https:\/\/wp.ufpel.edu.br\/deslocc\/files\/2019\/03\/41006958_2226192227455483_7823529516621365248_n-225x400.jpg 225w, https:\/\/wp.ufpel.edu.br\/deslocc\/files\/2019\/03\/41006958_2226192227455483_7823529516621365248_n.jpg 540w\" sizes=\"auto, (max-width: 169px) 100vw, 169px\" \/><\/a><\/h3>\n<h3 class=\"entry-title\"><a href=\"https:\/\/wp.ufpel.edu.br\/deslocc\/2019\/03\/10\/apresentacao-arte-role-no-buzao-na-fundarte\/\">Apresenta\u00e7\u00e3o Arte\/Rol\u00ea no Buz\u00e3o na Fundarte<\/a><\/h3>\n<h4><a href=\"https:\/\/wp.ufpel.edu.br\/deslocc\/2019\/03\/10\/apresentacao-arte-role-no-buzao-na-fundarte\/\"><img loading=\"lazy\" decoding=\"async\" class=\"alignnone size-medium wp-image-519\" src=\"https:\/\/wp.ufpel.edu.br\/deslocc\/files\/2019\/03\/42922894_1863070687080738_7475824340320124928_n-300x400.jpg\" alt=\"Apresenta\u00e7\u00e3o Arte\/Rol\u00ea no Buz\u00e3o na Fundarte\" width=\"225\" height=\"300\" srcset=\"https:\/\/wp.ufpel.edu.br\/deslocc\/files\/2019\/03\/42922894_1863070687080738_7475824340320124928_n-300x400.jpg 300w, https:\/\/wp.ufpel.edu.br\/deslocc\/files\/2019\/03\/42922894_1863070687080738_7475824340320124928_n.jpg 720w\" sizes=\"auto, (max-width: 225px) 100vw, 225px\" \/><\/a><\/h4>\n","protected":false},"excerpt":{"rendered":"<p>Apresenta\u00e7\u00e3o de Pedro Elias Parente no II EIPCH Apresenta\u00e7\u00e3o Arte\/Rol\u00ea no Buz\u00e3o na [&hellip;]<\/p>\n","protected":false},"author":1012,"featured_media":0,"parent":0,"menu_order":0,"comment_status":"closed","ping_status":"closed","template":"","meta":{"footnotes":""},"class_list":["post-693","page","type-page","status-publish","hentry","post"],"jetpack_sharing_enabled":true,"_links":{"self":[{"href":"https:\/\/wp.ufpel.edu.br\/deslocc\/wp-json\/wp\/v2\/pages\/693","targetHints":{"allow":["GET"]}}],"collection":[{"href":"https:\/\/wp.ufpel.edu.br\/deslocc\/wp-json\/wp\/v2\/pages"}],"about":[{"href":"https:\/\/wp.ufpel.edu.br\/deslocc\/wp-json\/wp\/v2\/types\/page"}],"author":[{"embeddable":true,"href":"https:\/\/wp.ufpel.edu.br\/deslocc\/wp-json\/wp\/v2\/users\/1012"}],"replies":[{"embeddable":true,"href":"https:\/\/wp.ufpel.edu.br\/deslocc\/wp-json\/wp\/v2\/comments?post=693"}],"version-history":[{"count":17,"href":"https:\/\/wp.ufpel.edu.br\/deslocc\/wp-json\/wp\/v2\/pages\/693\/revisions"}],"predecessor-version":[{"id":723,"href":"https:\/\/wp.ufpel.edu.br\/deslocc\/wp-json\/wp\/v2\/pages\/693\/revisions\/723"}],"wp:attachment":[{"href":"https:\/\/wp.ufpel.edu.br\/deslocc\/wp-json\/wp\/v2\/media?parent=693"}],"curies":[{"name":"wp","href":"https:\/\/api.w.org\/{rel}","templated":true}]}}