{"id":50,"date":"2019-11-18T18:00:37","date_gmt":"2019-11-18T21:00:37","guid":{"rendered":"https:\/\/wp.ufpel.edu.br\/deslocc\/?page_id=50"},"modified":"2025-02-13T15:36:06","modified_gmt":"2025-02-13T18:36:06","slug":"participacao-dos-integrantes-do-grupo-de-pesquisa-deslocc-cnpq-ufpel-no-siiepe-ufpel","status":"publish","type":"page","link":"https:\/\/wp.ufpel.edu.br\/deslocc\/participacao-dos-integrantes-do-grupo-de-pesquisa-deslocc-cnpq-ufpel-no-siiepe-ufpel\/","title":{"rendered":"Participa\u00e7\u00e3o dos integrantes do grupo de pesquisa Deslocc CNPq\/UFPel no SIIEPE UFPel"},"content":{"rendered":"<p><span data-original-attrs=\"{&quot;style&quot;:&quot;background-color: white; font-family: Merriweather, Georgia, serif; font-size: 16px;&quot;}\">Os integrantes do DESLOCC apresentam suas pesquisas anualmente na Semana Integrada: Inova\u00e7\u00e3o, Ensino, Pesquisa e Extens\u00e3o da Universidade federal de Pelotas.<\/span><\/p>\n<h1 style=\"text-align: center;\"><strong>ENP\u00d3S<\/strong><\/h1>\n<h3><em>2024<\/em><\/h3>\n<p><img loading=\"lazy\" decoding=\"async\" class=\"size-medium wp-image-1834 alignleft\" src=\"https:\/\/wp.ufpel.edu.br\/deslocc\/files\/2025\/02\/Captura-de-tela-2025-02-13-151755-300x101.png\" alt=\"\" width=\"300\" height=\"101\" srcset=\"https:\/\/wp.ufpel.edu.br\/deslocc\/files\/2025\/02\/Captura-de-tela-2025-02-13-151755-300x101.png 300w, https:\/\/wp.ufpel.edu.br\/deslocc\/files\/2025\/02\/Captura-de-tela-2025-02-13-151755-768x258.png 768w, https:\/\/wp.ufpel.edu.br\/deslocc\/files\/2025\/02\/Captura-de-tela-2025-02-13-151755.png 990w\" sizes=\"auto, (max-width: 300px) 100vw, 300px\" \/><\/p>\n<p>Ol\u00edvia Godoy Collares<\/p>\n<p>&nbsp;<\/p>\n<p><a href=\"https:\/\/cti.ufpel.edu.br\/siepe\/arquivos\/2024\/LA_06684.pdf\">https:\/\/cti.ufpel.edu.br\/siepe\/arquivos\/2024\/LA_06684.pdf<\/a><\/p>\n<p>&nbsp;<\/p>\n<p><img loading=\"lazy\" decoding=\"async\" class=\"size-medium wp-image-1833 alignleft\" src=\"https:\/\/wp.ufpel.edu.br\/deslocc\/files\/2025\/02\/Captura-de-tela-2025-02-13-151739-300x92.png\" alt=\"\" width=\"300\" height=\"92\" srcset=\"https:\/\/wp.ufpel.edu.br\/deslocc\/files\/2025\/02\/Captura-de-tela-2025-02-13-151739-300x92.png 300w, https:\/\/wp.ufpel.edu.br\/deslocc\/files\/2025\/02\/Captura-de-tela-2025-02-13-151739-768x237.png 768w, https:\/\/wp.ufpel.edu.br\/deslocc\/files\/2025\/02\/Captura-de-tela-2025-02-13-151739.png 987w\" sizes=\"auto, (max-width: 300px) 100vw, 300px\" \/><\/p>\n<p>Fernanado de J. de A. da Rocha<\/p>\n<p>&nbsp;<\/p>\n<p><a href=\"https:\/\/cti.ufpel.edu.br\/siepe\/arquivos\/2024\/LA_03520.pdf\">https:\/\/cti.ufpel.edu.br\/siepe\/arquivos\/2024\/LA_03520.pdf<\/a><\/p>\n<p>&nbsp;<\/p>\n<h3><em>2023<\/em><\/h3>\n<p>&nbsp;<\/p>\n<p><img loading=\"lazy\" decoding=\"async\" class=\"size-medium wp-image-1831 alignleft\" src=\"https:\/\/wp.ufpel.edu.br\/deslocc\/files\/2025\/02\/Captura-de-tela-2025-02-13-151324-300x96.png\" alt=\"\" width=\"300\" height=\"96\" srcset=\"https:\/\/wp.ufpel.edu.br\/deslocc\/files\/2025\/02\/Captura-de-tela-2025-02-13-151324-300x96.png 300w, https:\/\/wp.ufpel.edu.br\/deslocc\/files\/2025\/02\/Captura-de-tela-2025-02-13-151324-768x245.png 768w, https:\/\/wp.ufpel.edu.br\/deslocc\/files\/2025\/02\/Captura-de-tela-2025-02-13-151324.png 986w\" sizes=\"auto, (max-width: 300px) 100vw, 300px\" \/>\u00a0 Nat\u00e1lia da Silva Reis<\/p>\n<p>&nbsp;<\/p>\n<p><a href=\"https:\/\/cti.ufpel.edu.br\/siepe\/arquivos\/2023\/LA_03429.pdf\">https:\/\/cti.ufpel.edu.br\/siepe\/arquivos\/2023\/LA_03429.pdf<\/a><\/p>\n<p>&nbsp;<\/p>\n<p><img loading=\"lazy\" decoding=\"async\" class=\"size-medium wp-image-1832 alignleft\" src=\"https:\/\/wp.ufpel.edu.br\/deslocc\/files\/2025\/02\/Captura-de-tela-2025-02-13-151337-300x101.png\" alt=\"\" width=\"300\" height=\"101\" srcset=\"https:\/\/wp.ufpel.edu.br\/deslocc\/files\/2025\/02\/Captura-de-tela-2025-02-13-151337-300x101.png 300w, https:\/\/wp.ufpel.edu.br\/deslocc\/files\/2025\/02\/Captura-de-tela-2025-02-13-151337-768x257.png 768w, https:\/\/wp.ufpel.edu.br\/deslocc\/files\/2025\/02\/Captura-de-tela-2025-02-13-151337.png 982w\" sizes=\"auto, (max-width: 300px) 100vw, 300px\" \/><\/p>\n<p>Fernanado de J. de A. da Rocha<\/p>\n<p>&nbsp;<\/p>\n<p><a href=\"https:\/\/cti.ufpel.edu.br\/siepe\/arquivos\/2023\/LA_03268.pdf\">https:\/\/cti.ufpel.edu.br\/siepe\/arquivos\/2023\/LA_03268.pdf<\/a><\/p>\n<p>&nbsp;<\/p>\n<h3><em>2021\u00a0 \u00a0 \u00a0 \u00a0 \u00a0 \u00a0 \u00a0<\/em><\/h3>\n<p>&nbsp;<\/p>\n<p><img loading=\"lazy\" decoding=\"async\" class=\"size-medium wp-image-1830 alignleft\" src=\"https:\/\/wp.ufpel.edu.br\/deslocc\/files\/2025\/02\/Captura-de-tela-2025-02-13-151004-300x93.png\" alt=\"\" width=\"300\" height=\"93\" srcset=\"https:\/\/wp.ufpel.edu.br\/deslocc\/files\/2025\/02\/Captura-de-tela-2025-02-13-151004-300x93.png 300w, https:\/\/wp.ufpel.edu.br\/deslocc\/files\/2025\/02\/Captura-de-tela-2025-02-13-151004-768x238.png 768w, https:\/\/wp.ufpel.edu.br\/deslocc\/files\/2025\/02\/Captura-de-tela-2025-02-13-151004.png 987w\" sizes=\"auto, (max-width: 300px) 100vw, 300px\" \/><\/p>\n<p>Matheus Guilherme de Oliveira<\/p>\n<p><span data-original-attrs=\"{&quot;style&quot;:&quot;background-color: white; font-family: Merriweather, Georgia, serif; font-size: 16px;&quot;}\">\u00a0\u00a0<\/span><\/p>\n<p><a href=\"https:\/\/cti.ufpel.edu.br\/siepe\/arquivos\/2021\/LA_02529.pdf\">https:\/\/cti.ufpel.edu.br\/siepe\/arquivos\/2021\/LA_02529.pdf<\/a><\/p>\n<p>&nbsp;<\/p>\n<h3><em>2020\u00a0\u00a0\u00a0 \u00a0 \u00a0 \u00a0 \u00a0 \u00a0\u00a0\u00a0 \u00a0 \u00a0 \u00a0 \u00a0 \u00a0 \u00a0 \u00a0 \u00a0 \u00a0 \u00a0 \u00a0 \u00a0 \u00a0 \u00a0 \u00a0<\/em><\/h3>\n<p>&nbsp;<\/p>\n<p><em><a href=\"https:\/\/wp.ufpel.edu.br\/deslocc\/participacao-dos-integrantes-do-grupo-de-pesquisa-deslocc-cnpq-ufpel-no-siiepe-ufpel\/captura-de-tela-2025-02-13-142902\/#main\" rel=\"attachment wp-att-1820\"><img loading=\"lazy\" decoding=\"async\" class=\"size-medium wp-image-1820 alignleft\" src=\"https:\/\/wp.ufpel.edu.br\/deslocc\/files\/2025\/02\/Captura-de-tela-2025-02-13-142902-300x97.png\" alt=\"\" width=\"300\" height=\"97\" srcset=\"https:\/\/wp.ufpel.edu.br\/deslocc\/files\/2025\/02\/Captura-de-tela-2025-02-13-142902-300x97.png 300w, https:\/\/wp.ufpel.edu.br\/deslocc\/files\/2025\/02\/Captura-de-tela-2025-02-13-142902-768x249.png 768w, https:\/\/wp.ufpel.edu.br\/deslocc\/files\/2025\/02\/Captura-de-tela-2025-02-13-142902.png 987w\" sizes=\"auto, (max-width: 300px) 100vw, 300px\" \/><\/a> <\/em><em>\u00a0<\/em>Pedro Elias Parente da Silveira<em>\u00a0 \u00a0<\/em><em>\u00a0 \u00a0 \u00a0 <\/em><\/p>\n<p>&nbsp;<\/p>\n<p><a href=\"https:\/\/cti.ufpel.edu.br\/siepe\/arquivos\/2020\/LA_04290.pdf\">https:\/\/cti.ufpel.edu.br\/siepe\/arquivos\/2020\/LA_04290.pdf<\/a><\/p>\n<p>&nbsp;<\/p>\n<p>&nbsp;<\/p>\n<p><a href=\"https:\/\/wp.ufpel.edu.br\/deslocc\/participacao-dos-integrantes-do-grupo-de-pesquisa-deslocc-cnpq-ufpel-no-siiepe-ufpel\/captura-de-tela-2025-02-13-142440\/#main\" rel=\"attachment wp-att-1819\"><img loading=\"lazy\" decoding=\"async\" class=\"size-medium wp-image-1819 alignleft\" src=\"https:\/\/wp.ufpel.edu.br\/deslocc\/files\/2025\/02\/Captura-de-tela-2025-02-13-142440-300x94.png\" alt=\"\" width=\"300\" height=\"94\" srcset=\"https:\/\/wp.ufpel.edu.br\/deslocc\/files\/2025\/02\/Captura-de-tela-2025-02-13-142440-300x94.png 300w, https:\/\/wp.ufpel.edu.br\/deslocc\/files\/2025\/02\/Captura-de-tela-2025-02-13-142440-768x241.png 768w, https:\/\/wp.ufpel.edu.br\/deslocc\/files\/2025\/02\/Captura-de-tela-2025-02-13-142440.png 989w\" sizes=\"auto, (max-width: 300px) 100vw, 300px\" \/><\/a><\/p>\n<p><span data-original-attrs=\"{&quot;style&quot;:&quot;background-color: white; font-family: Merriweather, Georgia, serif; font-size: 16px;&quot;}\">\u00a0<\/span><span data-original-attrs=\"{&quot;style&quot;:&quot;background-color: white; font-family: Merriweather, Georgia, serif; font-size: 16px;&quot;}\">Matheus Guilherme de Oliveira<\/span><\/p>\n<p>&nbsp;<\/p>\n<p><a href=\"https:\/\/cti.ufpel.edu.br\/siepe\/arquivos\/2020\/LA_03036.pdf\">https:\/\/cti.ufpel.edu.br\/siepe\/arquivos\/2020\/LA_03036.pdf<\/a><\/p>\n<p>&nbsp;<\/p>\n<h3><em>2019<\/em><\/h3>\n<p>&nbsp;<\/p>\n<p><span data-original-attrs=\"{&quot;style&quot;:&quot;background-color: white; font-family: Merriweather, Georgia, serif; font-size: 16px;&quot;}\"><br \/>\n<\/span><img loading=\"lazy\" decoding=\"async\" class=\"size-full wp-image-55 alignleft\" src=\"https:\/\/wp.ufpel.edu.br\/deslocc\/files\/2020\/06\/Screenshot_20191118-004425_1.jpg\" alt=\"\" width=\"320\" height=\"101\" \/>Fernanda Fedrizzi Loureiro de Lima<\/p>\n<p>&nbsp;<\/p>\n<p><a href=\"http:\/\/cti.ufpel.edu.br\/siepe\/arquivos\/2019\/LA_02210.pdf\">http:\/\/cti.ufpel.edu.br\/siepe\/arquivos\/201<\/a><a href=\"http:\/\/cti.ufpel.edu.br\/siepe\/arquivos\/2019\/LA_02210.pdf\">9\/LA_02210.pdf<\/a><\/p>\n<p>&nbsp;<\/p>\n<p>Pedro Elias Parente da Silveira<img loading=\"lazy\" decoding=\"async\" class=\"size-medium wp-image-59 alignleft\" src=\"https:\/\/wp.ufpel.edu.br\/deslocc\/files\/2020\/06\/Screenshot_20191118-004444_1.jpg\" alt=\"\" width=\"320\" height=\"113\" \/><\/p>\n<p>&nbsp;<\/p>\n<p>&nbsp;<\/p>\n<p><a href=\"http:\/\/cti.ufpel.edu.br\/siepe\/arquivos\/2019\/LA_04835.pdf\">http:\/\/cti.ufpel.edu.br\/siepe\/arquivos\/2019\/LA_04835.pdf<\/a><\/p>\n<p>&nbsp;<\/p>\n<h3>2018<\/h3>\n<p>&nbsp;<\/p>\n<p>Tatiana dos Santos Duarte<img loading=\"lazy\" decoding=\"async\" class=\"wp-image-51 alignleft\" src=\"https:\/\/wp.ufpel.edu.br\/deslocc\/files\/2020\/06\/tati-e1591650972896.jpg\" alt=\"\" width=\"362\" height=\"134\" \/><\/p>\n<p>&nbsp;<\/p>\n<p><a href=\"http:\/\/cti.ufpel.edu.br\/siepe\/arquivos\/2019\/LA_02476.pdf\">http:\/\/cti.ufpel.edu.br\/siepe\/arquivos\/2019\/LA_02476.pdf<\/a><\/p>\n<p>&nbsp;<\/p>\n<p>&nbsp;<\/p>\n<p><img loading=\"lazy\" decoding=\"async\" class=\"size-medium wp-image-53 alignleft\" src=\"https:\/\/wp.ufpel.edu.br\/deslocc\/files\/2020\/06\/lucas.jpg\" alt=\"\" width=\"400\" height=\"119\" \/><\/p>\n<p>Lucas Ribeiro Galho<\/p>\n<p>&nbsp;<\/p>\n<p><a href=\"http:\/\/cti.ufpel.edu.br\/siepe\/arquivos\/2018\/LA_02774.pdf?fbclid=IwAR2B17RgGVxXYZwgYXHkXrfPwwSaF4IiD8zY4xuHVpP1rG_1XikWkP5dg60\">http:\/\/cti.ufpel.edu.br\/siepe\/arquivos\/2018\/LA_02774.pdf?fbclid=IwAR2B17RgGVxXYZwgYXHkXrfPwwSaF4IiD8zY4xuHVpP1rG_1XikWkP5dg60<\/a><\/p>\n<p>&nbsp;<\/p>\n<p>Tatiana Duarte<img loading=\"lazy\" decoding=\"async\" class=\"size-full wp-image-51 alignleft\" src=\"https:\/\/wp.ufpel.edu.br\/deslocc\/files\/2020\/06\/tati.jpg\" alt=\"\" width=\"400\" height=\"139\" \/><\/p>\n<p><a href=\"http:\/\/cti.ufpel.edu.br\/siepe\/arquivos\/2018\/LA_02101.pdf?fbclid=IwAR0D5UIEW3WTJVSK29nctp5klVYfIEyHV5nokiw85AbZavNwcWCjmkEAQ1A\">http:\/\/cti.ufpel.edu.br\/siepe\/arquivos\/2018\/LA_02101.pdf?fbclid=IwAR0D5UIEW3WTJVSK29nctp5klVYfIEyHV5nokiw85AbZavNwcWCjmkEAQ1A<\/a><\/p>\n<h1 style=\"text-align: center;\"><strong>CIC<\/strong><\/h1>\n<h3><em>2024<\/em><\/h3>\n<p><img loading=\"lazy\" decoding=\"async\" class=\"size-medium wp-image-1829 alignleft\" src=\"https:\/\/wp.ufpel.edu.br\/deslocc\/files\/2025\/02\/Captura-de-tela-2025-02-13-150236-300x90.png\" alt=\"\" width=\"300\" height=\"90\" srcset=\"https:\/\/wp.ufpel.edu.br\/deslocc\/files\/2025\/02\/Captura-de-tela-2025-02-13-150236-300x90.png 300w, https:\/\/wp.ufpel.edu.br\/deslocc\/files\/2025\/02\/Captura-de-tela-2025-02-13-150236-768x229.png 768w, https:\/\/wp.ufpel.edu.br\/deslocc\/files\/2025\/02\/Captura-de-tela-2025-02-13-150236.png 988w\" sizes=\"auto, (max-width: 300px) 100vw, 300px\" \/><\/p>\n<p>Lu\u00edsa Silva da Costa<\/p>\n<p>&nbsp;<\/p>\n<p><a href=\"https:\/\/cti.ufpel.edu.br\/siepe\/arquivos\/2024\/LA_01581.pdf\">https:\/\/cti.ufpel.edu.br\/siepe\/arquivos\/2024\/LA_01581.pdf<\/a><\/p>\n<p>&nbsp;<\/p>\n<p><a href=\"https:\/\/wp.ufpel.edu.br\/deslocc\/participacao-dos-integrantes-do-grupo-de-pesquisa-deslocc-cnpq-ufpel-no-siiepe-ufpel\/captura-de-tela-2025-02-13-150134\/#main\" rel=\"attachment wp-att-1828\"><img loading=\"lazy\" decoding=\"async\" class=\"size-medium wp-image-1828 alignleft\" src=\"https:\/\/wp.ufpel.edu.br\/deslocc\/files\/2025\/02\/Captura-de-tela-2025-02-13-150134-300x93.png\" alt=\"\" width=\"300\" height=\"93\" srcset=\"https:\/\/wp.ufpel.edu.br\/deslocc\/files\/2025\/02\/Captura-de-tela-2025-02-13-150134-300x93.png 300w, https:\/\/wp.ufpel.edu.br\/deslocc\/files\/2025\/02\/Captura-de-tela-2025-02-13-150134-768x238.png 768w, https:\/\/wp.ufpel.edu.br\/deslocc\/files\/2025\/02\/Captura-de-tela-2025-02-13-150134.png 990w\" sizes=\"auto, (max-width: 300px) 100vw, 300px\" \/><\/a>Mariana Lopes da Silveira<\/p>\n<p>&nbsp;<\/p>\n<p><a href=\"https:\/\/cti.ufpel.edu.br\/siepe\/arquivos\/2024\/LA_04636.pdf\">https:\/\/cti.ufpel.edu.br\/siepe\/arquivos\/2024\/LA_04636.pdf<\/a><\/p>\n<p>&nbsp;<\/p>\n<h3><em>2023<\/em><\/h3>\n<p>&nbsp;<\/p>\n<p><img loading=\"lazy\" decoding=\"async\" class=\"alignnone size-medium wp-image-1826 alignleft\" src=\"https:\/\/wp.ufpel.edu.br\/deslocc\/files\/2025\/02\/Captura-de-tela-2025-02-13-145800-300x101.png\" alt=\"\" width=\"300\" height=\"101\" srcset=\"https:\/\/wp.ufpel.edu.br\/deslocc\/files\/2025\/02\/Captura-de-tela-2025-02-13-145800-300x101.png 300w, https:\/\/wp.ufpel.edu.br\/deslocc\/files\/2025\/02\/Captura-de-tela-2025-02-13-145800-768x258.png 768w, https:\/\/wp.ufpel.edu.br\/deslocc\/files\/2025\/02\/Captura-de-tela-2025-02-13-145800.png 987w\" sizes=\"auto, (max-width: 300px) 100vw, 300px\" \/><\/p>\n<p>Barbara Calixto dos Santos<\/p>\n<p>&nbsp;<\/p>\n<p><a href=\"https:\/\/cti.ufpel.edu.br\/siepe\/arquivos\/2023\/LA_05138.pdf\">https:\/\/cti.ufpel.edu.br\/siepe\/arquivos\/2023\/LA_05138.pdf<\/a><\/p>\n<p>&nbsp;<\/p>\n<p>Maria Eduarda Lisboa Silveira<img loading=\"lazy\" decoding=\"async\" class=\"size-medium wp-image-1827 alignleft\" src=\"https:\/\/wp.ufpel.edu.br\/deslocc\/files\/2025\/02\/Captura-de-tela-2025-02-13-145815-300x110.png\" alt=\"\" width=\"300\" height=\"110\" srcset=\"https:\/\/wp.ufpel.edu.br\/deslocc\/files\/2025\/02\/Captura-de-tela-2025-02-13-145815-300x110.png 300w, https:\/\/wp.ufpel.edu.br\/deslocc\/files\/2025\/02\/Captura-de-tela-2025-02-13-145815-768x281.png 768w, https:\/\/wp.ufpel.edu.br\/deslocc\/files\/2025\/02\/Captura-de-tela-2025-02-13-145815.png 990w\" sizes=\"auto, (max-width: 300px) 100vw, 300px\" \/><\/p>\n<p>&nbsp;<\/p>\n<p>&nbsp;<\/p>\n<p><a href=\"https:\/\/cti.ufpel.edu.br\/siepe\/arquivos\/2023\/LA_03627.pdf\">https:\/\/cti.ufpel.edu.br\/siepe\/arquivos\/2023\/LA_03627.pdf<\/a><\/p>\n<h3><em>2022<\/em><\/h3>\n<p>Barbara Calixto dos Santos<img loading=\"lazy\" decoding=\"async\" class=\"size-medium wp-image-1825 alignleft\" src=\"https:\/\/wp.ufpel.edu.br\/deslocc\/files\/2025\/02\/Captura-de-tela-2025-02-13-145544-300x115.png\" alt=\"\" width=\"300\" height=\"115\" srcset=\"https:\/\/wp.ufpel.edu.br\/deslocc\/files\/2025\/02\/Captura-de-tela-2025-02-13-145544-300x115.png 300w, https:\/\/wp.ufpel.edu.br\/deslocc\/files\/2025\/02\/Captura-de-tela-2025-02-13-145544-768x295.png 768w, https:\/\/wp.ufpel.edu.br\/deslocc\/files\/2025\/02\/Captura-de-tela-2025-02-13-145544.png 988w\" sizes=\"auto, (max-width: 300px) 100vw, 300px\" \/><\/p>\n<p>&nbsp;<\/p>\n<p>&nbsp;<\/p>\n<p><a href=\"https:\/\/cti.ufpel.edu.br\/siepe\/arquivos\/2022\/LA_04791.pdf\">https:<\/a><\/p>\n<p><a href=\"https:\/\/cti.ufpel.edu.br\/siepe\/arquivos\/2022\/LA_04791.pdf\">\/\/cti.ufpel.edu.br\/siepe\/arquivos\/2022\/LA_04791.pdf<\/a><\/p>\n<h3><em>2021<\/em><\/h3>\n<p><img loading=\"lazy\" decoding=\"async\" class=\"size-medium wp-image-1824 alignleft\" src=\"https:\/\/wp.ufpel.edu.br\/deslocc\/files\/2025\/02\/Captura-de-tela-2025-02-13-145254-300x107.png\" alt=\"\" width=\"300\" height=\"107\" srcset=\"https:\/\/wp.ufpel.edu.br\/deslocc\/files\/2025\/02\/Captura-de-tela-2025-02-13-145254-300x107.png 300w, https:\/\/wp.ufpel.edu.br\/deslocc\/files\/2025\/02\/Captura-de-tela-2025-02-13-145254-768x273.png 768w, https:\/\/wp.ufpel.edu.br\/deslocc\/files\/2025\/02\/Captura-de-tela-2025-02-13-145254.png 989w\" sizes=\"auto, (max-width: 300px) 100vw, 300px\" \/><\/p>\n<p>Barbara Calixto dos Santos<\/p>\n<p>&nbsp;<\/p>\n<p>&nbsp;<\/p>\n<p><a href=\"https:\/\/cti.ufpel.edu.br\/siepe\/arquivos\/2021\/LA_02927.pdf\">https:\/\/cti.ufpel.edu.br\/siepe\/arquivos\/2021\/LA_02927.pdf<\/a><\/p>\n<h3><em>2020<\/em><\/h3>\n<p><img loading=\"lazy\" decoding=\"async\" class=\"size-medium wp-image-1823 alignleft\" src=\"https:\/\/wp.ufpel.edu.br\/deslocc\/files\/2025\/02\/Captura-de-tela-2025-02-13-144605-300x104.png\" alt=\"\" width=\"300\" height=\"104\" srcset=\"https:\/\/wp.ufpel.edu.br\/deslocc\/files\/2025\/02\/Captura-de-tela-2025-02-13-144605-300x104.png 300w, https:\/\/wp.ufpel.edu.br\/deslocc\/files\/2025\/02\/Captura-de-tela-2025-02-13-144605-768x267.png 768w, https:\/\/wp.ufpel.edu.br\/deslocc\/files\/2025\/02\/Captura-de-tela-2025-02-13-144605.png 984w\" sizes=\"auto, (max-width: 300px) 100vw, 300px\" \/>Barbara Calixto dos Santos<\/p>\n<p><a href=\"https:\/\/cti.ufpel.edu.br\/siepe\/arquivos\/2020\/LA_03575.pdf\">https:\/\/cti.ufpel.edu.br\/siepe\/arquivos\/2020\/LA_03575.pdf<\/a><\/p>\n<p>&nbsp;<\/p>\n<p>&nbsp;<\/p>\n<p><img loading=\"lazy\" decoding=\"async\" class=\"size-medium wp-image-1822 alignleft\" src=\"https:\/\/wp.ufpel.edu.br\/deslocc\/files\/2025\/02\/Captura-de-tela-2025-02-13-144528-300x102.png\" alt=\"\" width=\"300\" height=\"102\" srcset=\"https:\/\/wp.ufpel.edu.br\/deslocc\/files\/2025\/02\/Captura-de-tela-2025-02-13-144528-300x102.png 300w, https:\/\/wp.ufpel.edu.br\/deslocc\/files\/2025\/02\/Captura-de-tela-2025-02-13-144528-768x262.png 768w, https:\/\/wp.ufpel.edu.br\/deslocc\/files\/2025\/02\/Captura-de-tela-2025-02-13-144528.png 984w\" sizes=\"auto, (max-width: 300px) 100vw, 300px\" \/>Dara de Moraes Blois<\/p>\n<p>&nbsp;<\/p>\n<p><a href=\"https:\/\/cti.ufpel.edu.br\/siepe\/arquivos\/2020\/LA_03553.pdf\">https:\/\/cti.ufpel.edu.br\/siepe\/arquivos\/2020\/LA_03553.pdf<\/a><\/p>\n<p>&nbsp;<\/p>\n<p><img loading=\"lazy\" decoding=\"async\" class=\"size-medium wp-image-1821 alignleft\" src=\"https:\/\/wp.ufpel.edu.br\/deslocc\/files\/2025\/02\/Captura-de-tela-2025-02-13-144516-300x87.png\" alt=\"\" width=\"300\" height=\"87\" srcset=\"https:\/\/wp.ufpel.edu.br\/deslocc\/files\/2025\/02\/Captura-de-tela-2025-02-13-144516-300x87.png 300w, https:\/\/wp.ufpel.edu.br\/deslocc\/files\/2025\/02\/Captura-de-tela-2025-02-13-144516-768x222.png 768w, https:\/\/wp.ufpel.edu.br\/deslocc\/files\/2025\/02\/Captura-de-tela-2025-02-13-144516.png 986w\" sizes=\"auto, (max-width: 300px) 100vw, 300px\" \/><\/p>\n<p>Rafael de Souza<\/p>\n<p>&nbsp;<\/p>\n<p><a href=\"https:\/\/cti.ufpel.edu.br\/siepe\/arquivos\/2020\/LA_02698.pdf\">https:\/\/cti.ufpel.edu.br\/siepe\/arquivos\/2020\/LA_02698.pdf<\/a><\/p>\n<p>&nbsp;<\/p>\n<h3><em>2019<\/em><\/h3>\n<p><img loading=\"lazy\" decoding=\"async\" class=\"size-medium wp-image-56 alignleft\" src=\"https:\/\/wp.ufpel.edu.br\/deslocc\/files\/2020\/06\/Screenshot_20191118-004505_1.jpg\" alt=\"\" width=\"320\" height=\"116\" \/><\/p>\n<p>Dara de Moraes Blois<\/p>\n<p>&nbsp;<\/p>\n<p><a href=\"http:\/\/cti.ufpel.edu.br\/siepe\/arquivos\/2019\/LA_02536.pdf\">http:\/\/cti.ufpel.edu.br\/siepe\/arquivos\/2019\/LA_02536.pdf<\/a><\/p>\n<p>&nbsp;<\/p>\n<p>William Alexsander Silva de Siqueira<\/p>\n<p><img loading=\"lazy\" decoding=\"async\" class=\"size-medium wp-image-54 alignleft\" src=\"https:\/\/wp.ufpel.edu.br\/deslocc\/files\/2020\/06\/Screenshot_20191118-004403_1.jpg\" alt=\"\" width=\"320\" height=\"116\" \/><\/p>\n<p>&nbsp;<\/p>\n<p>&nbsp;<\/p>\n<p><a href=\"http:\/\/cti.ufpel.edu.br\/siepe\/arquivos\/2019\/LA_02253.pdf\">http:\/\/cti.ufpel.edu.br\/siepe\/arquivos\/2019\/LA_02253.pdf<\/a><\/p>\n<p>&nbsp;<\/p>\n<h3><em>2018<\/em><\/h3>\n<p><img loading=\"lazy\" decoding=\"async\" class=\"size-medium wp-image-52 alignleft\" src=\"https:\/\/wp.ufpel.edu.br\/deslocc\/files\/2020\/06\/leao.jpg\" alt=\"\" width=\"400\" height=\"134\" \/><\/p>\n<p>Luiz Le\u00e3o<\/p>\n<p><a href=\"http:\/\/cti.ufpel.edu.br\/siepe\/arquivos\/2018\/LA_04248.pdf?fbclid=IwAR3ujCBtrb-6_fxm92c-AyazKXGBEBwl173i7zz_9RjHNxkq5wpKNDpP-Ak\">http:\/\/cti.ufpel.edu.br\/siepe\/arquivos\/2018\/LA_04248.pdf?fbclid=IwAR3ujCBtrb-6_fxm92c-AyazKXGBEBwl173i7zz_9RjHNxkq5wpKNDpP-Ak<\/a><\/p>\n<p>&nbsp;<\/p>\n<p>&nbsp;<\/p>\n<p><img loading=\"lazy\" decoding=\"async\" class=\"size-medium wp-image-58 alignleft\" src=\"https:\/\/wp.ufpel.edu.br\/deslocc\/files\/2020\/06\/pedro.jpg\" alt=\"\" width=\"400\" height=\"134\" \/><\/p>\n<p>Pedro Elias Parente<\/p>\n<p><a href=\"http:\/\/cti.ufpel.edu.br\/siepe\/arquivos\/2018\/LA_02130.pdf?fbclid=IwAR1UyHFRf-mLN9L7Or5oVXDe5yeJMLk8uAAo8KggHuvE5H_H2QTUD2gOgkY\">http:\/\/cti.ufpel.edu.br\/siepe\/arquivos\/2018\/LA_02130.pdf?fbclid=IwAR1UyHFRf-mLN9L7Or5oVXDe5yeJMLk8uAAo8KggHuvE5H_H2QTUD2gOgkY<\/a><\/p>\n<p>&nbsp;<\/p>\n","protected":false},"excerpt":{"rendered":"<p>Os integrantes do DESLOCC apresentam suas pesquisas anualmente na Semana Integrada: Inova\u00e7\u00e3o, Ensino, [&hellip;]<\/p>\n","protected":false},"author":1012,"featured_media":0,"parent":0,"menu_order":0,"comment_status":"closed","ping_status":"closed","template":"","meta":{"footnotes":""},"class_list":["post-50","page","type-page","status-publish","hentry","post"],"jetpack_sharing_enabled":true,"_links":{"self":[{"href":"https:\/\/wp.ufpel.edu.br\/deslocc\/wp-json\/wp\/v2\/pages\/50","targetHints":{"allow":["GET"]}}],"collection":[{"href":"https:\/\/wp.ufpel.edu.br\/deslocc\/wp-json\/wp\/v2\/pages"}],"about":[{"href":"https:\/\/wp.ufpel.edu.br\/deslocc\/wp-json\/wp\/v2\/types\/page"}],"author":[{"embeddable":true,"href":"https:\/\/wp.ufpel.edu.br\/deslocc\/wp-json\/wp\/v2\/users\/1012"}],"replies":[{"embeddable":true,"href":"https:\/\/wp.ufpel.edu.br\/deslocc\/wp-json\/wp\/v2\/comments?post=50"}],"version-history":[{"count":14,"href":"https:\/\/wp.ufpel.edu.br\/deslocc\/wp-json\/wp\/v2\/pages\/50\/revisions"}],"predecessor-version":[{"id":1844,"href":"https:\/\/wp.ufpel.edu.br\/deslocc\/wp-json\/wp\/v2\/pages\/50\/revisions\/1844"}],"wp:attachment":[{"href":"https:\/\/wp.ufpel.edu.br\/deslocc\/wp-json\/wp\/v2\/media?parent=50"}],"curies":[{"name":"wp","href":"https:\/\/api.w.org\/{rel}","templated":true}]}}