{"id":13,"date":"2013-04-05T08:32:42","date_gmt":"2013-04-05T11:32:42","guid":{"rendered":"https:\/\/wp.ufpel.edu.br\/deslocc\/?page_id=13"},"modified":"2026-04-04T12:27:14","modified_gmt":"2026-04-04T15:27:14","slug":"sobre","status":"publish","type":"page","link":"https:\/\/wp.ufpel.edu.br\/deslocc\/sobre\/","title":{"rendered":"Sobre"},"content":{"rendered":"<p>Grupo de Pesquisa Deslocamentos, observ\u00e2ncias e cartografias contempor\u00e2neas (UFPel\/CNPQ) que investiga as seguintes tem\u00e1ticas: as rela\u00e7\u00f5es entre arte e cotidiano, a cartografia de artistas, processos de compartilhamentos [arte colaborativa, arte propositiva], o deslocamento como ato est\u00e9tico, os espa\u00e7os de apresenta\u00e7\u00e3o da paisagem cotidiana na arte contempor\u00e2nea, os dispositivos de arte que promovem a multiplica\u00e7\u00e3o e a circula\u00e7\u00e3o da obra em diferentes m\u00eddias [impressos e v\u00eddeos] e contextos &#8211; ruas, pra\u00e7as, escolas, entre outros, como tamb\u00e9m, a media\u00e7\u00e3o da arte contempor\u00e2nea.<\/p>\n<p><a href=\"http:\/\/dgp.cnpq.br\/dgp\/espelhogrupo\/1045680534893714\">Link para o diret\u00f3rio do grupo de pesquisa.<\/a><\/p>\n<p>&nbsp;<\/p>\n<p><em><strong>L\u00edder <\/strong><\/em><\/p>\n<p><a href=\"http:\/\/lattes.cnpq.br\/4375817269121969\">Profa. Duda Gon\u00e7alves<\/a><\/p>\n<p><em><strong>Integrantes<\/strong><\/em><\/p>\n<p><a href=\"http:\/\/lattes.cnpq.br\/9639567046474008\">Eduarda Borges Franco<\/a><\/p>\n<p><a href=\"http:\/\/lattes.cnpq.br\/5557310535964332\">Ol\u00edvia Godoy Collares<\/a><\/p>\n<p><a href=\"http:\/\/lattes.cnpq.br\/0275341798998349\">B\u00e1rbara Calixto<\/a><\/p>\n<p><a href=\"http:\/\/lattes.cnpq.br\/1361842274966089\">B\u00e1rbara Larruscahim da Costa<\/a><\/p>\n<p><a href=\"http:\/\/lattes.cnpq.br\/0299551729413753\">J\u00f5ao Victor Oliveira Sodr\u00e9<\/a><\/p>\n<p><a href=\"http:\/\/lattes.cnpq.br\/6996680719649150\">Lu\u00edsa Silva da Costa<\/a><\/p>\n<p><a href=\"http:\/\/lattes.cnpq.br\/5886024889290328\">Lucas Pinto Correa<\/a><\/p>\n<p><a href=\"http:\/\/lattes.cnpq.br\/6807505903161188\">Mariana Lopes da Silveira<\/a><\/p>\n<p><a href=\"http:\/\/lattes.cnpq.br\/4771367073671520\">Pedro Elias Parente da Silveira<\/a><\/p>\n<p>&nbsp;<\/p>\n<p><strong>Projetos de pesquisa coordenados pela Profa. Dra. Duda Gon\u00e7alves<\/strong><\/p>\n<p>A casa, as janelas e as redes sociais como continentes dos fazeres e da partilha da arte contempor\u00e2nea durante e ap\u00f3s a pandemia do COVID -19, a partir do sul do Brasil. RESUMO A proposta do Projeto \u201cA casa, as janelas e as redes sociais como continentes dos fazeres e da partilha da arte contempor\u00e2nea durante e ap\u00f3s pandemia COVID 19, a partir do Sul do Brasil\u201d foi criado com o intuito de fomentar a produ\u00e7\u00e3o art\u00edstica nos dias de isolamento social e a suas partilhas. O projeto ir\u00e1 desenvolver tr\u00eas a\u00e7\u00f5es inicias que s\u00e3o o desenvolvimento de proposi\u00e7\u00f5es art\u00edsticas encaminhada por email a artistas residentes do Rio Grande do Sul, o levantamento da produ\u00e7\u00e3o art\u00edstica realizada por artistas que residem em Pelotas, em outras cidades Brasileiras e em outros pa\u00edses, inicialmente mulheres, artistas, professoras e pesquisadoras que enfrentam as restri\u00e7\u00f5es sanit\u00e1rias impostas pelo COVID 19, assim como, a realiza\u00e7\u00e3o de partilhas das obras em sistemas remotos. O intuito \u00e9 apontar a aten\u00e7\u00e3o aos fazeres, movimentos, narrativas e olhares de artistas no per\u00edodo de quarentena, que possam revelar os sentidos da vida em contexto de vulnerabilidade. Igualmente, o resultado da investiga\u00e7\u00e3o poder\u00e1 nos conceder um outro modo de estar na casa ativado pela ludicidade, e\/ou a vulnerabilidade revelar-se l\u00fadica. Sendo assim, estar em casa, numa condi\u00e7\u00e3o protetiva contra um v\u00edrus poder\u00e1 ser a nossa for\u00e7a e a maneira pela qual, nos colocamos na condi\u00e7\u00e3o libert\u00e1ria da arte.<\/p>\n<p>&nbsp;<\/p>\n<p>Bolsistas de inicia\u00e7\u00e3o cientifica:<\/p>\n<p>Lucas Pinto Correa<\/p>\n<p>Jo\u00e3o Victor Oliveira Sodr\u00e9<\/p>\n<p>&nbsp;<\/p>\n<p>&nbsp;<\/p>\n<p>&nbsp;<\/p>\n<p><img loading=\"lazy\" decoding=\"async\" class=\"alignnone size-medium wp-image-1378\" src=\"https:\/\/wp.ufpel.edu.br\/deslocc\/files\/2022\/06\/logo-deslocc-de-novo-300x54.png\" alt=\"\" width=\"300\" height=\"54\" \/>\u00a0 \u00a0 <img loading=\"lazy\" decoding=\"async\" class=\"alignnone size-medium wp-image-1379\" src=\"https:\/\/wp.ufpel.edu.br\/deslocc\/files\/2022\/06\/logo-centro-de-artes-300x54.png\" alt=\"\" width=\"300\" height=\"54\" srcset=\"https:\/\/wp.ufpel.edu.br\/deslocc\/files\/2022\/06\/logo-centro-de-artes-300x54.png 300w, https:\/\/wp.ufpel.edu.br\/deslocc\/files\/2022\/06\/logo-centro-de-artes.png 365w\" sizes=\"auto, (max-width: 300px) 100vw, 300px\" \/><img loading=\"lazy\" decoding=\"async\" class=\"alignnone size-medium wp-image-1377\" src=\"https:\/\/wp.ufpel.edu.br\/deslocc\/files\/2022\/06\/logo-cnpq-300x92.png\" alt=\"\" width=\"300\" height=\"92\" \/>\u00a0 \u00a0 \u00a0 \u00a0 \u00a0 \u00a0 \u00a0 \u00a0 \u00a0 \u00a0 \u00a0 \u00a0 <img loading=\"lazy\" decoding=\"async\" class=\"alignnone size-full wp-image-1376\" src=\"https:\/\/wp.ufpel.edu.br\/deslocc\/files\/2022\/06\/logo-capes-e1656356901809.png\" alt=\"\" width=\"150\" height=\"118\" \/><\/p>\n<p><img loading=\"lazy\" decoding=\"async\" class=\"alignnone wp-image-1375\" src=\"https:\/\/wp.ufpel.edu.br\/deslocc\/files\/2022\/06\/logo-fapergs-300x156.jpg\" alt=\"\" width=\"273\" height=\"142\" \/><\/p>\n","protected":false},"excerpt":{"rendered":"<p>Grupo de Pesquisa Deslocamentos, observ\u00e2ncias e cartografias contempor\u00e2neas (UFPel\/CNPQ) que investiga as seguintes [&hellip;]<\/p>\n","protected":false},"author":1012,"featured_media":0,"parent":0,"menu_order":0,"comment_status":"closed","ping_status":"closed","template":"","meta":{"footnotes":""},"class_list":["post-13","page","type-page","status-publish","hentry","post"],"jetpack_sharing_enabled":true,"_links":{"self":[{"href":"https:\/\/wp.ufpel.edu.br\/deslocc\/wp-json\/wp\/v2\/pages\/13","targetHints":{"allow":["GET"]}}],"collection":[{"href":"https:\/\/wp.ufpel.edu.br\/deslocc\/wp-json\/wp\/v2\/pages"}],"about":[{"href":"https:\/\/wp.ufpel.edu.br\/deslocc\/wp-json\/wp\/v2\/types\/page"}],"author":[{"embeddable":true,"href":"https:\/\/wp.ufpel.edu.br\/deslocc\/wp-json\/wp\/v2\/users\/1012"}],"replies":[{"embeddable":true,"href":"https:\/\/wp.ufpel.edu.br\/deslocc\/wp-json\/wp\/v2\/comments?post=13"}],"version-history":[{"count":3,"href":"https:\/\/wp.ufpel.edu.br\/deslocc\/wp-json\/wp\/v2\/pages\/13\/revisions"}],"predecessor-version":[{"id":1951,"href":"https:\/\/wp.ufpel.edu.br\/deslocc\/wp-json\/wp\/v2\/pages\/13\/revisions\/1951"}],"wp:attachment":[{"href":"https:\/\/wp.ufpel.edu.br\/deslocc\/wp-json\/wp\/v2\/media?parent=13"}],"curies":[{"name":"wp","href":"https:\/\/api.w.org\/{rel}","templated":true}]}}