{"id":2,"date":"2022-08-09T16:02:15","date_gmt":"2022-08-09T19:02:15","guid":{"rendered":"https:\/\/wp.ufpel.edu.br\/designjogos\/?page_id=2"},"modified":"2022-08-09T18:26:40","modified_gmt":"2022-08-09T21:26:40","slug":"pagina-exemplo","status":"publish","type":"page","link":"https:\/\/wp.ufpel.edu.br\/designjogos\/","title":{"rendered":"Site em Constru\u00e7\u00e3o"},"content":{"rendered":"<p>O site do Colegiado do Curso de Design de Jogos est\u00e1 em constru\u00e7\u00e3o. Aguarde&#8230;<\/p>\n<p>&nbsp;<\/p>\n<p><img loading=\"lazy\" decoding=\"async\" class=\"size-medium aligncenter\" src=\"https:\/\/yata.s3-object.locaweb.com.br\/aff51a54cbba5ae8e7c9c2cd95c8575927cfb1b3d15c6288555e002f4cbeb62a\" width=\"500\" height=\"214\" \/><\/p>\n","protected":false},"excerpt":{"rendered":"<p>O site do Colegiado do Curso de Design de Jogos est\u00e1 em constru\u00e7\u00e3o. Aguarde&#8230; &nbsp;<\/p>\n","protected":false},"author":1255,"featured_media":0,"parent":0,"menu_order":0,"comment_status":"closed","ping_status":"closed","template":"","meta":{"footnotes":""},"class_list":["post-2","page","type-page","status-publish","hentry"],"_links":{"self":[{"href":"https:\/\/wp.ufpel.edu.br\/designjogos\/wp-json\/wp\/v2\/pages\/2","targetHints":{"allow":["GET"]}}],"collection":[{"href":"https:\/\/wp.ufpel.edu.br\/designjogos\/wp-json\/wp\/v2\/pages"}],"about":[{"href":"https:\/\/wp.ufpel.edu.br\/designjogos\/wp-json\/wp\/v2\/types\/page"}],"author":[{"embeddable":true,"href":"https:\/\/wp.ufpel.edu.br\/designjogos\/wp-json\/wp\/v2\/users\/1255"}],"replies":[{"embeddable":true,"href":"https:\/\/wp.ufpel.edu.br\/designjogos\/wp-json\/wp\/v2\/comments?post=2"}],"version-history":[{"count":2,"href":"https:\/\/wp.ufpel.edu.br\/designjogos\/wp-json\/wp\/v2\/pages\/2\/revisions"}],"predecessor-version":[{"id":34,"href":"https:\/\/wp.ufpel.edu.br\/designjogos\/wp-json\/wp\/v2\/pages\/2\/revisions\/34"}],"wp:attachment":[{"href":"https:\/\/wp.ufpel.edu.br\/designjogos\/wp-json\/wp\/v2\/media?parent=2"}],"curies":[{"name":"wp","href":"https:\/\/api.w.org\/{rel}","templated":true}]}}