{"id":437,"date":"2019-03-20T08:24:12","date_gmt":"2019-03-20T11:24:12","guid":{"rendered":"https:\/\/wp.ufpel.edu.br\/designhealthycities\/?page_id=437"},"modified":"2019-03-20T08:24:12","modified_gmt":"2019-03-20T11:24:12","slug":"simposio","status":"publish","type":"page","link":"https:\/\/wp.ufpel.edu.br\/designhealthycities\/simposio\/","title":{"rendered":"SIMP\u00d3SIO"},"content":{"rendered":"<p style=\"text-align: justify;padding-left: 30px\"><span style=\"font-size: 12pt\"><span style=\"font-weight: 400\">O Simp\u00f3sio <\/span><b>COMO PROJETAR CIDADES SAUD\u00c1VEIS EM UM MUNDO DE DESIGUALDADES<\/b><span style=\"font-weight: 400\">, est\u00e1 sendo promovido pela primeira vez na cidade de Pelotas\/Rio Grande do Sul\/Brasil, entre os dias 8, 9 e 10 de abril de 2019, no Centro de P\u00f3s-Gradua\u00e7\u00e3o e Pesquisas em Ci\u00eancias Humanas, Sociais, Sociais Aplicadas, Artes e Linguagem (CEHUS &#8211; <\/span><a href=\"https:\/\/wp.ufpel.edu.br\/cehus\/\"><span style=\"font-weight: 400\">https:\/\/wp.ufpel.edu.br\/cehus\/<\/span><\/a><span style=\"font-weight: 400\">). Organizado pelo Laborat\u00f3rio de Estudos Comportamentais (LabCom &#8211; <\/span><a href=\"https:\/\/www.labcom.space\/\"><span style=\"font-weight: 400\">https:\/\/www.labcom.space\/<\/span><\/a><span style=\"font-weight: 400\">), Programa de P\u00f3s-gradua\u00e7\u00e3o em Arquitetura e Urbanismo (PROGRAU &#8211; <\/span><a href=\"http:\/\/prograu.ufpel.edu.br\/\"><span style=\"font-weight: 400\">http:\/\/prograu.ufpel.edu.br\/<\/span><\/a><span style=\"font-weight: 400\">), Faculdade de Arquitetura e Urbanismo (FAUrb) da Universidade Federal de Pelotas (UFPel &#8211; <\/span><a href=\"http:\/\/portal.ufpel.edu.br\/\"><span style=\"font-weight: 400\">http:\/\/portal.ufpel.edu.br\/<\/span><\/a><span style=\"font-weight: 400\">).<\/span><\/span><\/p>\n<p style=\"text-align: justify;padding-left: 30px\"><span style=\"font-size: 12pt\"><span style=\"font-weight: 400\">A partir da pesquisa internacional \u201c<\/span><span style=\"font-weight: 400\">Projetando Lugares com Idosos: Rumo \u00e0s Comunidades Amigas do Envelhecimento\u201d <\/span><span style=\"font-weight: 400\">(<\/span><a href=\"http:\/\/placeage.org\/en\/\"><span style=\"font-weight: 400\">http:\/\/placeage.org<\/span><\/a><span style=\"font-weight: 400\">), financiada<\/span><span style=\"font-weight: 400\"> pelo Fundo Newton e ESRC em parceria internacional da Universidade Heriot-Watt em Edimburgo, no Reino Unido, e pela Universidade Federal de Pelotas, em Pelotas, no Brasil, entre 2016-2019, reconhecemos <\/span><span style=\"font-weight: 400\">que simplesmente mudar a forma constru\u00edda n\u00e3o \u00e9 suficiente para criar um ambiente mais inclusivo, pois os lugares s\u00e3o mais do que espa\u00e7os f\u00edsicos. Ambientes vi\u00e1veis \u200b\u200bs\u00e3o articulados atrav\u00e9s de um forte sentido de lugar, definido como os v\u00ednculos sociais, psicol\u00f3gicos e emocionais que as pessoas t\u00eam com seu ambiente. <\/span><\/span><\/p>\n<p style=\"text-align: justify;padding-left: 30px\"><span style=\"font-size: 12pt\"><span style=\"font-weight: 400\">O evento tem apoio do Internacional Association People Environment Studies (IAPS &#8211; <\/span><a href=\"https:\/\/iaps-association.org\/\"><span style=\"font-weight: 400\">https:\/\/iaps-association.org\/<\/span><\/a><span style=\"font-weight: 400\">) e Newton Fund (<\/span><a href=\"http:\/\/www.newtonfund.ac.uk\/\"><span style=\"font-weight: 400\">http:\/\/www.newtonfund.ac.uk\/<\/span><\/a><span style=\"font-weight: 400\">). O IAPS \u00e9 uma associa\u00e7\u00e3o multidisciplinar que integra pesquisadores e profissionais com interesse no campo do ambiente-comportamento, possuindo car\u00e1ter colaborativo e de discuss\u00e3o disciplinar. Foi oficialmente fundado em 1981, ainda que no princ\u00edpio tenha se estabelecido com confer\u00eancias de sucesso no territ\u00f3rio europeu, atualmente possui reconhecimento internacional. A Newton Fund <\/span><span style=\"font-weight: 400\">\u00e9 uma iniciativa do governo brit\u00e2nico que visa promover o desenvolvimento social e econ\u00f4mico dos pa\u00edses parceiros, por meio de pesquisa, ci\u00eancia e da tecnologia.<\/span><\/span><\/p>\n<p style=\"text-align: justify;padding-left: 30px\"><span style=\"font-size: 12pt\"><span style=\"font-weight: 400\">Ser\u00e3o aceitos artigos para apresenta\u00e7\u00e3o oral e publica\u00e7\u00e3o em anais nas seguintes sess\u00f5es tem\u00e1ticas: <\/span><span style=\"font-weight: 400\">1. Desafios da Habita\u00e7\u00e3o; 2. Mem\u00f3ria, Identidade e Sentido de Lugar; 3. Desenho Universal e Acessibilidade; 4. <\/span><span style=\"font-weight: 400\">Sa\u00fade, Bem-estar e Meio Ambiente e;<\/span><span style=\"font-weight: 400\"> 5. <\/span><span style=\"font-weight: 400\">Participa\u00e7\u00e3o Social, Inclus\u00e3o Social e Pol\u00edticas P\u00fablicas.<\/span><\/span><\/p>\n","protected":false},"excerpt":{"rendered":"<p>O Simp\u00f3sio COMO PROJETAR CIDADES SAUD\u00c1VEIS EM UM MUNDO DE DESIGUALDADES, est\u00e1 sendo promovido pela primeira vez na cidade de Pelotas\/Rio Grande do Sul\/Brasil, entre os dias 8, 9 e 10 de abril de 2019, no Centro de P\u00f3s-Gradua\u00e7\u00e3o e Pesquisas em Ci\u00eancias Humanas, Sociais, Sociais Aplicadas, Artes e Linguagem (CEHUS &#8211; https:\/\/wp.ufpel.edu.br\/cehus\/). Organizado pelo [&hellip;]<\/p>\n","protected":false},"author":716,"featured_media":0,"parent":0,"menu_order":0,"comment_status":"closed","ping_status":"closed","template":"","meta":{"footnotes":""},"class_list":["post-437","page","type-page","status-publish","hentry","post"],"_links":{"self":[{"href":"https:\/\/wp.ufpel.edu.br\/designhealthycities\/wp-json\/wp\/v2\/pages\/437","targetHints":{"allow":["GET"]}}],"collection":[{"href":"https:\/\/wp.ufpel.edu.br\/designhealthycities\/wp-json\/wp\/v2\/pages"}],"about":[{"href":"https:\/\/wp.ufpel.edu.br\/designhealthycities\/wp-json\/wp\/v2\/types\/page"}],"author":[{"embeddable":true,"href":"https:\/\/wp.ufpel.edu.br\/designhealthycities\/wp-json\/wp\/v2\/users\/716"}],"replies":[{"embeddable":true,"href":"https:\/\/wp.ufpel.edu.br\/designhealthycities\/wp-json\/wp\/v2\/comments?post=437"}],"version-history":[{"count":1,"href":"https:\/\/wp.ufpel.edu.br\/designhealthycities\/wp-json\/wp\/v2\/pages\/437\/revisions"}],"predecessor-version":[{"id":439,"href":"https:\/\/wp.ufpel.edu.br\/designhealthycities\/wp-json\/wp\/v2\/pages\/437\/revisions\/439"}],"wp:attachment":[{"href":"https:\/\/wp.ufpel.edu.br\/designhealthycities\/wp-json\/wp\/v2\/media?parent=437"}],"curies":[{"name":"wp","href":"https:\/\/api.w.org\/{rel}","templated":true}]}}