{"id":196,"date":"2018-09-17T12:44:35","date_gmt":"2018-09-17T15:44:35","guid":{"rendered":"https:\/\/wp.ufpel.edu.br\/designhealthycities\/?page_id=196"},"modified":"2018-09-18T14:12:34","modified_gmt":"2018-09-18T17:12:34","slug":"informacoes","status":"publish","type":"page","link":"https:\/\/wp.ufpel.edu.br\/designhealthycities\/informacoes\/","title":{"rendered":"INFORMA\u00c7\u00d5ES\/INFORMATION"},"content":{"rendered":"<p><img loading=\"lazy\" decoding=\"async\" class=\"aligncenter wp-image-328\" src=\"https:\/\/wp.ufpel.edu.br\/designhealthycities\/files\/2018\/09\/deitadas-1-400x225.jpg\" alt=\"\" width=\"900\" height=\"506\" srcset=\"https:\/\/wp.ufpel.edu.br\/designhealthycities\/files\/2018\/09\/deitadas-1-400x225.jpg 400w, https:\/\/wp.ufpel.edu.br\/designhealthycities\/files\/2018\/09\/deitadas-1-768x432.jpg 768w, https:\/\/wp.ufpel.edu.br\/designhealthycities\/files\/2018\/09\/deitadas-1-500x281.jpg 500w, https:\/\/wp.ufpel.edu.br\/designhealthycities\/files\/2018\/09\/deitadas-1.jpg 960w\" sizes=\"auto, (max-width: 900px) 100vw, 900px\" \/><\/p>\n<p><span style=\"font-size: 12pt\"><strong><span style=\"background-color: #333333;color: #ffffff\">o local do evento<\/span><span style=\"color: #808080\">\/event&#8217;s place<\/span><\/strong><\/span><\/p>\n<p style=\"text-align: justify\"><span style=\"font-size: 12pt\">CEHUS &#8211; Centro de P\u00f3s-gradua\u00e7\u00e3o e Pesquisas em Ci\u00eancias Humanas, Sociais, Sociais Aplicadas, Artes e \u00a0Linguagem <a href=\"https:\/\/wp.ufpel.edu.br\/cehus\/\">https:\/\/wp.ufpel.edu.br\/cehus\/<\/a><\/span><\/p>\n<p style=\"text-align: justify\"><span style=\"font-size: 12pt\">UFPel &#8211; Universidade Federal de Pelotas <a href=\"http:\/\/portal.ufpel.edu.br\/\">http:\/\/portal.ufpel.edu.br\/<\/a><\/span><\/p>\n<p style=\"text-align: justify\"><span style=\"font-size: 12pt\">Endere\u00e7o: R. Cel. Alberto Rosa, 154 &#8211; Centro, Pelotas &#8211; RS, 96020-220<\/span><br \/>\n<span style=\"font-size: 12pt\">Telefone: (53) 3284-5523<\/span><\/p>\n<p style=\"text-align: justify\"><span style=\"font-size: 12pt\"><strong><span style=\"background-color: #333333;color: #ffffff\">sobre a cidade<\/span><span style=\"color: #808080\">\/about city<\/span><\/strong><\/span><\/p>\n<p style=\"text-align: justify\"><span style=\"font-size: 12pt\">Pelotas \u00e9 uma cidade da Regi\u00e3o Sul do Estado do Rio Grande do Sul, estando localizada a 250 quil\u00f4metros da Capital do Estado, Porto Alegre. Possui uma popula\u00e7\u00e3o de aproximadamente 330 mil habitantes, sendo a terceira cidade mais populosa do Estado.<\/span><\/p>\n<p style=\"text-align: justify\"><span style=\"font-size: 12pt\">Ao percorrer pela cidade \u00e9 poss\u00edvel reviver a sociedade do s\u00e9culo 19, que trouxe riqueza e com\u00e9rcio para Pelotas. Entornada por pr\u00e9dios e casar\u00f5es espalhados pelas ruas, que levaram a televis\u00e3o brasileira a escolher o munic\u00edpio j\u00e1 por tr\u00eas vezes como cen\u00e1rio para suas produ\u00e7\u00f5es: \u201cIncidente em Antares\u201d, cuja loca\u00e7\u00e3o foi feita na zona do porto; \u201cA Casa das Sete Mulheres\u201d, gravada numa charqueada na zona rural, e do filme \u201cO Tempo e o Vento\u201d, cujas filmagens ocorreram no fim de abril de 2012.<\/span><\/p>\n<p style=\"text-align: justify\"><span style=\"font-size: 12pt\">Vale lembrar que o munic\u00edpio \u00e9 conhecido como Capital Nacional do Doce, resultante de uma heran\u00e7a deliciosa deixada pelos imigrantes portugueses. Em 2003, os doces artesanais de Pelotas e o acervo de receitas portuguesas e a\u00e7orianas foram considerados Patrim\u00f4nio Cultural do Estado do Rio Grande do Sul.<\/span><\/p>\n<p style=\"text-align: justify\"><span style=\"font-size: 12pt\">Outrossim, a popula\u00e7\u00e3o pelotense \u00e9 muito ligada \u00e0 cultura e tradi\u00e7\u00e3o com tradicionais festas ga\u00fachas e o consumo do chimarr\u00e3o, uma bebida t\u00edpica de erva mate.<\/span><\/p>\n<p style=\"text-align: justify\"><span style=\"font-size: 12pt\"><strong><span style=\"background-color: #333333;color: #ffffff\">sobre a universidade<\/span><span style=\"color: #808080\">\/about university<\/span><\/strong><\/span><\/p>\n<p style=\"text-align: justify\"><span style=\"font-size: 12pt\">A Universidade Federal de Pelotas (UFPel), fundada em 8 de agosto de 1969, \u00e9 uma institui\u00e7\u00e3o brasileira de ensino superior cujos campi se localizam nas cidades de Pelotas e Cap\u00e3o do Le\u00e3o, no Rio Grande do Sul. Atualmente, o principal Campus localiza-se no pr\u00e9dio hist\u00f3rico do antigo Anglo na Zona Portu\u00e1ria de Pelotas. Hoje a UFPel oferece 99 cursos de gradua\u00e7\u00e3o, 39 cursos de mestrado e 16 de doutorado distribu\u00eddos em 20 unidades acad\u00eamicas. A Universidade tamb\u00e9m possui cursos de mestrado e\/ou doutorado em todas as \u00e1reas do conhecimento. <a href=\"http:\/\/portal.ufpel.edu.br\/\">http:\/\/portal.ufpel.edu.br\/<\/a><\/span><\/p>\n<p style=\"text-align: justify\"><span style=\"background-color: #333333;color: #ffffff;font-size: 12pt\"><strong>hospedagem<\/strong><\/span><strong><span style=\"color: #808080\"><span style=\"font-size: 12pt\">\/<\/span><span style=\"font-size: 12pt\">accommodation<\/span><\/span><\/strong><\/p>\n<p style=\"text-align: justify\"><span style=\"font-size: 12pt\">Hotel Curi <a href=\"http:\/\/www.hotelcuri.com.br\/\">http:\/\/www.hotelcuri.com.br\/<\/a><\/span><br \/>\n<span style=\"font-size: 12pt\">Endere\u00e7o: R. Gen. Os\u00f3rio, 719 &#8211; Centro, Pelotas &#8211; RS, 96020-000<\/span><br \/>\n<span style=\"font-size: 12pt\">Telefone: (53) 3227-9955<\/span><br \/>\n<span style=\"font-size: 12pt\">M\u00e9dia de pre\u00e7o: R$ 250,00<\/span><\/p>\n<p style=\"text-align: justify\"><span style=\"font-size: 12pt\">Hotel Manta <a href=\"http:\/\/www.hoteismanta.com.br\/\">http:\/\/www.hoteismanta.com.br\/<\/a><\/span><br \/>\n<span style=\"font-size: 12pt\">Endere\u00e7o: R. Gen. Neto, 1131 &#8211; Centro, Pelotas &#8211; RS, 96015-280<\/span><br \/>\n<span style=\"font-size: 12pt\">Telefone: (53) 3225-2411<\/span><br \/>\n<span style=\"font-size: 12pt\">M\u00e9dia de pre\u00e7o: R$ 250,00<\/span><\/p>\n<p style=\"text-align: justify\"><span style=\"font-size: 12pt\">Hotel Pousada do Estudante <a href=\"https:\/\/www.pousadadoestudante.com\/pt-br\">https:\/\/www.pousadadoestudante.com\/pt-br<\/a><\/span><br \/>\n<span style=\"font-size: 12pt\">Endere\u00e7o: R. Quinze de Novembro, 311 &#8211; Centro, Pelotas &#8211; RS, 96010-165<\/span><br \/>\n<span style=\"font-size: 12pt\">Telefone: (53) 3278-2875<\/span><br \/>\n<span style=\"font-size: 12pt\">M\u00e9dia de pre\u00e7o: 150,00<\/span><\/p>\n<p style=\"text-align: justify\"><span style=\"font-size: 12pt\">Frida Casa Hostel <a href=\"https:\/\/www.fridacasahostel.com\/\">https:\/\/www.fridacasahostel.com\/<\/a><\/span><br \/>\n<span style=\"font-size: 12pt\">Endere\u00e7o: Rua General Os\u00f3rio, 224 Centro, Pelotas &#8211; RS, 96020-000<\/span><br \/>\n<span style=\"font-size: 12pt\">Telefone: (53) 99142-9191<\/span><br \/>\n<span style=\"font-size: 12pt\">M\u00e9dia de pre\u00e7o: R$ 130,00<\/span><\/p>\n<p style=\"text-align: justify\"><span style=\"font-size: 12pt\">Hello Hostel Pelotas <a href=\"http:\/\/hostelhello.com\/\">http:\/\/hostelhello.com\/<\/a><\/span><br \/>\n<span style=\"font-size: 12pt\">Endere\u00e7o: R. Quinze de Novembro, 958 &#8211; Colina do Sol, Pelotas<\/span><br \/>\n<span style=\"font-size: 12pt\">Telefone: (54) 3286-3189<\/span><br \/>\n<span style=\"font-size: 12pt\">M\u00e9dia de pre\u00e7o: R$95,00<\/span><\/p>\n<p style=\"text-align: justify\"><span style=\"background-color: #333333;color: #ffffff;font-size: 12pt\"><strong>alimenta\u00e7\u00e3o<\/strong><\/span><strong><span style=\"color: #808080\"><span style=\"font-size: 12pt\">\/<\/span><span style=\"font-size: 12pt\">food<\/span><\/span><\/strong><\/p>\n<p style=\"text-align: justify\"><span style=\"font-size: 12pt\">Dad\u00e1 Lanches &amp; Pizza<\/span><br \/>\n<span style=\"font-size: 12pt\">Endere\u00e7o: R. Benjamin Constant, 1498 &#8211; Centro, Pelotas &#8211; RS, 96010-020<\/span><br \/>\n<span style=\"font-size: 12pt\">Hor\u00e1rio: 17:30\u201301:00<\/span><br \/>\n<span style=\"font-size: 12pt\">Dist\u00e2ncia: 100m<\/span><\/p>\n<p><span style=\"font-size: 12pt\">A Popular Padaria e Restaurante<\/span><br \/>\n<span style=\"font-size: 12pt\">Endere\u00e7o: R. Alm. Tamandar\u00e9, 339 &#8211; Centro, Pelotas &#8211; RS, 96010-750<\/span><br \/>\n<span style=\"font-size: 12pt\">Hor\u00e1rio: 07:00\u201321:00<\/span><br \/>\n<span style=\"font-size: 12pt\">Dist\u00e2ncia: 170m<\/span><\/p>\n<p><span style=\"font-size: 12pt\">Restaurante Caseiro<\/span><br \/>\n<span style=\"font-size: 12pt\">Endere\u00e7o: R. Gomes Carneiro, 1435 &#8211; Centro, Pelotas &#8211; RS, 96010-610<\/span><br \/>\n<span style=\"font-size: 12pt\">Hor\u00e1rio: 11:00\u201314:30<\/span><br \/>\n<span style=\"font-size: 12pt\">Dist\u00e2ncia: 400m<\/span><\/p>\n<p><span style=\"font-size: 12pt\">Amor Amora Cozinha Artesanal<\/span><br \/>\n<span style=\"font-size: 12pt\">Endere\u00e7o: R. Dom Pedro II, 458 &#8211; Centro, Pelotas &#8211; RS, 96010-300<\/span><br \/>\n<span style=\"font-size: 12pt\">Hor\u00e1rio: 11:30\u201314:00<\/span><br \/>\n<span style=\"font-size: 12pt\">Dist\u00e2ncia: 700m<\/span><\/p>\n<p><span style=\"font-size: 12pt\">Madre Mia<\/span><br \/>\n<span style=\"font-size: 12pt\">Endere\u00e7o: R. Santa Cruz, 2200 &#8211; Centro, Pelotas &#8211; RS, 96010-140<\/span><br \/>\n<span style=\"font-size: 12pt\">Hor\u00e1rio: 11:30\u201314:00<\/span><br \/>\n<span style=\"font-size: 12pt\">Dist\u00e2ncia: 1500m<\/span><\/p>\n<p><span style=\"font-size: 12pt\">D\u00e1diva Caf\u00e9<\/span><br \/>\n<span style=\"font-size: 12pt\">Endere\u00e7o: R. Alm. Barroso, 1050 &#8211; Centro, Pelotas &#8211; RS, 96010-280<\/span><br \/>\n<span style=\"font-size: 12pt\">Hor\u00e1rio: 09:00\u201320:00<\/span><br \/>\n<span style=\"font-size: 12pt\">Dist\u00e2ncia: 280m<\/span><\/p>\n<p style=\"text-align: justify\"><span style=\"font-size: 12pt\"><strong><span style=\"background-color: #333333;color: #ffffff\">transporte<\/span><span style=\"color: #ffffff\"><span style=\"color: #808080\">\/transport<\/span><\/span><\/strong><\/span><\/p>\n<p style=\"text-align: justify\"><span style=\"font-size: 12pt\">Transporte de Apoio UFPel<\/span><\/p>\n<p style=\"text-align: justify\"><span style=\"font-size: 12pt\">O Transporte de Apoio liga o Campus Anglo a outras unidades da Universidade localizadas nas regi\u00f5es do Porto e do Centro de Pelotas. \u00c9 um servi\u00e7o gratuito destinado a facilitar o deslocamento dos alunos. <a href=\"https:\/\/wp.ufpel.edu.br\/transporte\/files\/2018\/01\/Mapa-Transporte-de-Apoio-Unificado_rev01-19DEZ17.pdf\">https:\/\/wp.ufpel.edu.br\/transporte\/files\/2018\/01\/Mapa-Transporte-de-Apoio-Unificado_rev01-19DEZ17.pdf<\/a><\/span><\/p>\n<p><span style=\"font-size: 12pt\">Transporte P\u00fablico<\/span><\/p>\n<p><span style=\"font-size: 12pt\">Hor\u00e1rios de opera\u00e7\u00e3o regular: 06:10 &#8211; 22:10 <a href=\"http:\/\/www.pratipelotas.com.br\/horarios\">http:\/\/www.pratipelotas.com.br\/horarios<\/a><\/span><br \/>\n<span style=\"font-size: 12pt\">Valor: R$ 3,35<\/span><br \/>\n<span style=\"font-size: 12pt\">\u00d4nibus \/ Bus<\/span><br \/>\n<span style=\"font-size: 12pt\">6192 Anglo \/ Cohabpel<\/span><br \/>\n<span style=\"font-size: 12pt\">6191 Balsa \/ Centro<\/span><\/p>\n<p><span style=\"font-size: 12pt\">Transporte Intermunicipal<\/span><\/p>\n<p><span style=\"font-size: 12pt\">Expresso Embaixador <a href=\"http:\/\/www.expressoembaixador.com.br\">http:\/\/www.expressoembaixador.com.br<\/a><\/span><\/p>\n<p><span style=\"font-size: 12pt\">Transporte Interestadual<\/span><\/p>\n<p><span style=\"font-size: 12pt\">Azul Linhas A\u00e9reas \u00a0<a href=\"https:\/\/www.voeazul.com.br\/\">https:\/\/www.voeazul.com.br\/<\/a><\/span><br \/>\n<span style=\"font-size: 12pt\">Voos semanais (menos s\u00e1bados)<\/span><br \/>\n<span style=\"font-size: 12pt\">Pre\u00e7o m\u00e9dio econ\u00f4mica: R$ 945,00<\/span><\/p>\n<p><span style=\"font-size: 12pt\"><strong><span style=\"background-color: #333333;color: #ffffff\">pontos tur\u00edsticos<\/span><span style=\"color: #808080\">\/place of interest<\/span><\/strong><\/span><\/p>\n<p><span style=\"font-size: 12pt\">Mercado P\u00fablico Central<\/span><br \/>\n<span style=\"font-size: 12pt\">Endere\u00e7o: Pra\u00e7a Sete de Julho, 149 &#8211; Centro, Pelotas &#8211; RS, 96020-010<\/span><br \/>\n<span style=\"font-size: 12pt\">Hor\u00e1rio: 09:00\u201322:00<\/span><\/p>\n<p><span style=\"font-size: 12pt\">Museu do Doce \u2013 UFPel<\/span><br \/>\n<span style=\"font-size: 12pt\">Endere\u00e7o: Pra\u00e7a Cel. Pedro Os\u00f3rio, Casar\u00e3o 8 &#8211; Centro, Pelotas &#8211; RS, 96015-010<\/span><br \/>\n<span style=\"font-size: 12pt\">Hor\u00e1rio: 14:00\u201317:30<\/span><\/p>\n<p><span style=\"font-size: 12pt\">Catedral Metropolitana S\u00e3o Francisco de Paula<\/span><br \/>\n<span style=\"font-size: 12pt\">Endere\u00e7o: Pra\u00e7a Jos\u00e9 Bonif\u00e1cio, 15 &#8211; Centro, Pelotas &#8211; RS, 96015-170<\/span><br \/>\n<span style=\"font-size: 12pt\">Telefone: (53) 3222-2096<\/span><\/p>\n<p><span style=\"font-size: 12pt\">Fonte das Nereidas<\/span><br \/>\n<span style=\"font-size: 12pt\">Endere\u00e7o: Pra\u00e7a Cel. Pedro Os\u00f3rio, 61 &#8211; Centro &#8211; Centro, Pelotas<\/span><\/p>\n","protected":false},"excerpt":{"rendered":"<p>o local do evento\/event&#8217;s place CEHUS &#8211; Centro de P\u00f3s-gradua\u00e7\u00e3o e Pesquisas em Ci\u00eancias Humanas, Sociais, Sociais Aplicadas, Artes e \u00a0Linguagem https:\/\/wp.ufpel.edu.br\/cehus\/ UFPel &#8211; Universidade Federal de Pelotas http:\/\/portal.ufpel.edu.br\/ Endere\u00e7o: R. Cel. Alberto Rosa, 154 &#8211; Centro, Pelotas &#8211; RS, 96020-220 Telefone: (53) 3284-5523 sobre a cidade\/about city Pelotas \u00e9 uma cidade da Regi\u00e3o Sul [&hellip;]<\/p>\n","protected":false},"author":716,"featured_media":0,"parent":0,"menu_order":0,"comment_status":"closed","ping_status":"closed","template":"showcase.php","meta":{"footnotes":""},"class_list":["post-196","page","type-page","status-publish","hentry","post"],"_links":{"self":[{"href":"https:\/\/wp.ufpel.edu.br\/designhealthycities\/wp-json\/wp\/v2\/pages\/196","targetHints":{"allow":["GET"]}}],"collection":[{"href":"https:\/\/wp.ufpel.edu.br\/designhealthycities\/wp-json\/wp\/v2\/pages"}],"about":[{"href":"https:\/\/wp.ufpel.edu.br\/designhealthycities\/wp-json\/wp\/v2\/types\/page"}],"author":[{"embeddable":true,"href":"https:\/\/wp.ufpel.edu.br\/designhealthycities\/wp-json\/wp\/v2\/users\/716"}],"replies":[{"embeddable":true,"href":"https:\/\/wp.ufpel.edu.br\/designhealthycities\/wp-json\/wp\/v2\/comments?post=196"}],"version-history":[{"count":10,"href":"https:\/\/wp.ufpel.edu.br\/designhealthycities\/wp-json\/wp\/v2\/pages\/196\/revisions"}],"predecessor-version":[{"id":423,"href":"https:\/\/wp.ufpel.edu.br\/designhealthycities\/wp-json\/wp\/v2\/pages\/196\/revisions\/423"}],"wp:attachment":[{"href":"https:\/\/wp.ufpel.edu.br\/designhealthycities\/wp-json\/wp\/v2\/media?parent=196"}],"curies":[{"name":"wp","href":"https:\/\/api.w.org\/{rel}","templated":true}]}}