{"id":192,"date":"2018-09-17T12:36:34","date_gmt":"2018-09-17T15:36:34","guid":{"rendered":"https:\/\/wp.ufpel.edu.br\/designhealthycities\/?page_id=192"},"modified":"2018-09-18T14:34:10","modified_gmt":"2018-09-18T17:34:10","slug":"atividades","status":"publish","type":"page","link":"https:\/\/wp.ufpel.edu.br\/designhealthycities\/atividades\/","title":{"rendered":"ATIVIDADES\/ACTIVITIES"},"content":{"rendered":"<p><img loading=\"lazy\" decoding=\"async\" class=\"wp-image-334 aligncenter\" src=\"https:\/\/wp.ufpel.edu.br\/designhealthycities\/files\/2018\/09\/922759_10200971995721745_785881434_n_Fotor-400x225.jpg\" alt=\"\" width=\"900\" height=\"506\" srcset=\"https:\/\/wp.ufpel.edu.br\/designhealthycities\/files\/2018\/09\/922759_10200971995721745_785881434_n_Fotor-400x225.jpg 400w, https:\/\/wp.ufpel.edu.br\/designhealthycities\/files\/2018\/09\/922759_10200971995721745_785881434_n_Fotor-768x432.jpg 768w, https:\/\/wp.ufpel.edu.br\/designhealthycities\/files\/2018\/09\/922759_10200971995721745_785881434_n_Fotor-500x281.jpg 500w, https:\/\/wp.ufpel.edu.br\/designhealthycities\/files\/2018\/09\/922759_10200971995721745_785881434_n_Fotor.jpg 960w\" sizes=\"auto, (max-width: 900px) 100vw, 900px\" \/><\/p>\n<p><span style=\"background-color: #333333;color: #ffffff\"><strong><span style=\"font-size: 12pt;background-color: #333333\">sess\u00f5es tem\u00e1ticas<\/span><\/strong><\/span><strong><span style=\"color: #808080\"><span style=\"font-size: 12pt\">\/<\/span><span style=\"font-size: 12pt\">thematic sessions<\/span><\/span><\/strong><\/p>\n<ol>\n<li><strong><span style=\"font-size: 12pt\"> Desafios da Habita\u00e7\u00e3o<span style=\"color: #808080\">\/Housing Challenges<\/span><\/span><\/strong><\/li>\n<li><strong><span style=\"font-size: 12pt\"> Mem\u00f3ria, Identidade e Sentido de Lugar<span style=\"color: #808080\">\/Memory, Identity and Sense of Place<\/span><\/span><\/strong><\/li>\n<li><strong><span style=\"font-size: 12pt\"> Desenho Universal e Acessibilidade<span style=\"color: #808080\">\/Universal Design and Accessibility<\/span><\/span><\/strong><\/li>\n<li><strong><span style=\"font-size: 12pt\">Sa\u00fade, Bem-estar e Meio Ambiente<span style=\"color: #808080\">\/Health, Well-being And The Environment<\/span><\/span><\/strong><\/li>\n<li><strong><span style=\"font-size: 12pt\">Participa\u00e7\u00e3o Social, Inclus\u00e3o Social e Pol\u00edticas P\u00fablicas<\/span><\/strong><strong><span style=\"font-size: 12pt\"><span style=\"color: #808080\">\/Social Participation, Social Inclusion and Public Policies<\/span><\/span><\/strong><\/li>\n<\/ol>\n<p><span style=\"color: #ffffff\"><strong><span style=\"font-size: 12pt;background-color: #333333\">confer\u00eancias<\/span><span style=\"font-size: 12pt;color: #808080\">\/conferences<\/span><\/strong><\/span><\/p>\n<p><span style=\"font-size: 12pt\">Informa\u00e7\u00f5es em breve.<\/span><\/p>\n<p><strong><span style=\"font-size: 12pt;background-color: #333333;color: #ffffff\">lan\u00e7amento de livros<\/span><span style=\"color: #808080\"><span style=\"font-size: 12pt\">\/<\/span><span style=\"font-size: 12pt\">book release<\/span><\/span><\/strong><\/p>\n<p><span style=\"font-size: 12pt\">Informa\u00e7\u00f5es em breve.<\/span><\/p>\n","protected":false},"excerpt":{"rendered":"<p>sess\u00f5es tem\u00e1ticas\/thematic sessions Desafios da Habita\u00e7\u00e3o\/Housing Challenges Mem\u00f3ria, Identidade e Sentido de Lugar\/Memory, Identity and Sense of Place Desenho Universal e Acessibilidade\/Universal Design and Accessibility Sa\u00fade, Bem-estar e Meio Ambiente\/Health, Well-being And The Environment Participa\u00e7\u00e3o Social, Inclus\u00e3o Social e Pol\u00edticas P\u00fablicas\/Social Participation, Social Inclusion and Public Policies confer\u00eancias\/conferences Informa\u00e7\u00f5es em breve. lan\u00e7amento de livros\/book release [&hellip;]<\/p>\n","protected":false},"author":716,"featured_media":0,"parent":0,"menu_order":0,"comment_status":"closed","ping_status":"closed","template":"showcase.php","meta":{"footnotes":""},"class_list":["post-192","page","type-page","status-publish","hentry","post"],"_links":{"self":[{"href":"https:\/\/wp.ufpel.edu.br\/designhealthycities\/wp-json\/wp\/v2\/pages\/192","targetHints":{"allow":["GET"]}}],"collection":[{"href":"https:\/\/wp.ufpel.edu.br\/designhealthycities\/wp-json\/wp\/v2\/pages"}],"about":[{"href":"https:\/\/wp.ufpel.edu.br\/designhealthycities\/wp-json\/wp\/v2\/types\/page"}],"author":[{"embeddable":true,"href":"https:\/\/wp.ufpel.edu.br\/designhealthycities\/wp-json\/wp\/v2\/users\/716"}],"replies":[{"embeddable":true,"href":"https:\/\/wp.ufpel.edu.br\/designhealthycities\/wp-json\/wp\/v2\/comments?post=192"}],"version-history":[{"count":11,"href":"https:\/\/wp.ufpel.edu.br\/designhealthycities\/wp-json\/wp\/v2\/pages\/192\/revisions"}],"predecessor-version":[{"id":405,"href":"https:\/\/wp.ufpel.edu.br\/designhealthycities\/wp-json\/wp\/v2\/pages\/192\/revisions\/405"}],"wp:attachment":[{"href":"https:\/\/wp.ufpel.edu.br\/designhealthycities\/wp-json\/wp\/v2\/media?parent=192"}],"curies":[{"name":"wp","href":"https:\/\/api.w.org\/{rel}","templated":true}]}}