{"id":183,"date":"2018-09-17T12:30:25","date_gmt":"2018-09-17T15:30:25","guid":{"rendered":"https:\/\/wp.ufpel.edu.br\/designhealthycities\/?page_id=183"},"modified":"2018-09-18T14:56:18","modified_gmt":"2018-09-18T17:56:18","slug":"programacao-programme","status":"publish","type":"page","link":"https:\/\/wp.ufpel.edu.br\/designhealthycities\/programacao-programme\/","title":{"rendered":"PROGRAMA\u00c7\u00c3O\/PROGRAMME"},"content":{"rendered":"<p><img loading=\"lazy\" decoding=\"async\" class=\"aligncenter wp-image-315\" src=\"https:\/\/wp.ufpel.edu.br\/designhealthycities\/files\/2018\/09\/prac\u0327a-400x225.jpg\" alt=\"\" width=\"900\" height=\"506\" srcset=\"https:\/\/wp.ufpel.edu.br\/designhealthycities\/files\/2018\/09\/prac\u0327a-400x225.jpg 400w, https:\/\/wp.ufpel.edu.br\/designhealthycities\/files\/2018\/09\/prac\u0327a-768x432.jpg 768w, https:\/\/wp.ufpel.edu.br\/designhealthycities\/files\/2018\/09\/prac\u0327a-500x281.jpg 500w, https:\/\/wp.ufpel.edu.br\/designhealthycities\/files\/2018\/09\/prac\u0327a.jpg 960w\" sizes=\"auto, (max-width: 900px) 100vw, 900px\" \/><\/p>\n<p><img loading=\"lazy\" decoding=\"async\" class=\"aligncenter wp-image-427\" src=\"https:\/\/wp.ufpel.edu.br\/designhealthycities\/files\/2018\/09\/programa\u00e7\u00e3o_Prancheta-1-c\u00f3pia-2_Prancheta-1-c\u00f3pia-2-1-267x400.jpg\" alt=\"\" width=\"900\" height=\"1346\" srcset=\"https:\/\/wp.ufpel.edu.br\/designhealthycities\/files\/2018\/09\/programa\u00e7\u00e3o_Prancheta-1-c\u00f3pia-2_Prancheta-1-c\u00f3pia-2-1-267x400.jpg 267w, https:\/\/wp.ufpel.edu.br\/designhealthycities\/files\/2018\/09\/programa\u00e7\u00e3o_Prancheta-1-c\u00f3pia-2_Prancheta-1-c\u00f3pia-2-1-768x1149.jpg 768w, https:\/\/wp.ufpel.edu.br\/designhealthycities\/files\/2018\/09\/programa\u00e7\u00e3o_Prancheta-1-c\u00f3pia-2_Prancheta-1-c\u00f3pia-2-1-684x1024.jpg 684w, https:\/\/wp.ufpel.edu.br\/designhealthycities\/files\/2018\/09\/programa\u00e7\u00e3o_Prancheta-1-c\u00f3pia-2_Prancheta-1-c\u00f3pia-2-1-201x300.jpg 201w, https:\/\/wp.ufpel.edu.br\/designhealthycities\/files\/2018\/09\/programa\u00e7\u00e3o_Prancheta-1-c\u00f3pia-2_Prancheta-1-c\u00f3pia-2-1.jpg 1000w\" sizes=\"auto, (max-width: 900px) 100vw, 900px\" \/><\/p>\n","protected":false},"excerpt":{"rendered":"","protected":false},"author":716,"featured_media":0,"parent":0,"menu_order":0,"comment_status":"closed","ping_status":"closed","template":"showcase.php","meta":{"footnotes":""},"class_list":["post-183","page","type-page","status-publish","hentry","post"],"_links":{"self":[{"href":"https:\/\/wp.ufpel.edu.br\/designhealthycities\/wp-json\/wp\/v2\/pages\/183","targetHints":{"allow":["GET"]}}],"collection":[{"href":"https:\/\/wp.ufpel.edu.br\/designhealthycities\/wp-json\/wp\/v2\/pages"}],"about":[{"href":"https:\/\/wp.ufpel.edu.br\/designhealthycities\/wp-json\/wp\/v2\/types\/page"}],"author":[{"embeddable":true,"href":"https:\/\/wp.ufpel.edu.br\/designhealthycities\/wp-json\/wp\/v2\/users\/716"}],"replies":[{"embeddable":true,"href":"https:\/\/wp.ufpel.edu.br\/designhealthycities\/wp-json\/wp\/v2\/comments?post=183"}],"version-history":[{"count":14,"href":"https:\/\/wp.ufpel.edu.br\/designhealthycities\/wp-json\/wp\/v2\/pages\/183\/revisions"}],"predecessor-version":[{"id":428,"href":"https:\/\/wp.ufpel.edu.br\/designhealthycities\/wp-json\/wp\/v2\/pages\/183\/revisions\/428"}],"wp:attachment":[{"href":"https:\/\/wp.ufpel.edu.br\/designhealthycities\/wp-json\/wp\/v2\/media?parent=183"}],"curies":[{"name":"wp","href":"https:\/\/api.w.org\/{rel}","templated":true}]}}