{"id":19,"date":"2019-06-18T12:05:03","date_gmt":"2019-06-18T15:05:03","guid":{"rendered":"https:\/\/wp.ufpel.edu.br\/designeria\/?page_id=19"},"modified":"2019-06-20T02:24:16","modified_gmt":"2019-06-20T05:24:16","slug":"home","status":"publish","type":"page","link":"https:\/\/wp.ufpel.edu.br\/designeria\/","title":{"rendered":""},"content":{"rendered":"<h1><\/h1>\n<h1><span style=\"font-family: arial, helvetica, sans-serif\"><strong><span class=\"titulo\" style=\"font-size: 50pt\">Somos a empresa<br \/>\nj\u00fanior de design<br \/>\nda UFPel.<\/span><\/strong><\/span><\/h1>\n<p>&nbsp;<\/p>\n<p style=\"text-align: justify\"><span class=\"texto\" style=\"font-family: helvetica, arial, sans-serif;font-size: 12pt\">Sem fins lucrativos, nosso intuito \u00e9 proporcionar experi\u00eancias de mercado<br \/>\npara os alunos dos cursos de Design da UFPel (Pelotas &#8211; RS).<\/span><\/p>\n<p>&nbsp;<\/p>\n<p style=\"text-align: justify\"><span class=\"texto\" style=\"font-family: helvetica, arial, sans-serif;font-size: 12pt\">Como uma empresa j\u00fanior, oferecemos servi\u00e7os com valores abaixo do<br \/>\nmercado, criando alternativas para pequenas empresas.<\/span><\/p>\n<p>&nbsp;<\/p>\n<p><a class=\"botao\" href=\"https:\/\/docs.google.com\/forms\/d\/e\/1FAIpQLSeFlzcsxe-7u12SLKtxsR9uTDDJPuWSISOpCQNE2tPm3HnOVg\/viewform\" target=\"_blank\" rel=\"noopener noreferrer\"><span style=\"font-family: helvetica, arial, sans-serif\">TEM UM PROJETO?<\/span><\/a><\/p>\n<p>&nbsp;<\/p>\n<p>&nbsp;<\/p>\n<div class=\"secundaria\">\n<p style=\"text-align: justify\"><strong><span id=\"jr\" class=\"size-medium wp-image-31 alignleft\" style=\"font-family: arial, helvetica, sans-serif;font-size: 36pt\">Empresa<br \/>\nJ\u00fanior?<\/span><\/strong><\/p>\n<div class=\"jr3\">\n<p style=\"padding-left: 480px;text-align: justify\"><span id=\"jr2\" style=\"font-family: helvetica, arial, sans-serif;font-size: 12pt\">As empresas juniores s\u00e3o criadas e geridas por alunos matriculados em cursos superiores ligados a alguma institui\u00e7\u00e3o. O seu objetivo principal \u00e9 oferecer experi\u00eancia de mercado aos alunos, fomentando o crescimento profissional e empreendedor.<\/br><\/br>Por se tratar de uma associa\u00e7\u00e3o sem fins lucrativos, os valores cobrados pelos projetos s\u00e3o abaixo do pre\u00e7o do mercado. As empresas juniores atendem principalmente micro e pequenas empresas, que devido a circunst\u00e2ncias financeiras n\u00e3o possuem acesso a esses servi\u00e7os.<\/span><\/p>\n<\/div>\n<p>&nbsp;<\/p>\n<p>&nbsp;<\/p>\n<p style=\"text-align: justify\"><span id=\"nos2\" class=\"size-medium wp-image-31 alignleft\" style=\"font-family: helvetica, arial, sans-serif;font-size: 12pt\">A Designeria surgiu a partir da iniciativa de alunos de Design Gr\u00e1fico e Digital da Universidade Federal de Pelotas, no segundo semestre de 2010. Rafael Nobre (DG), Rafael Peduzzi (DG), Rafaela Azevedo (DG) e Bruna Gugliano (DD), procurando participar mais ativamente do mercado de trabalho, buscaram entender como funciona uma empresa j\u00fanior, junto com o apoio do professor Fernando Igansi.<\/br><\/br>Atualmente a empresa possui 7 pessoas trabalhando, dos cursos de Design Gr\u00e1fico e Design Digital. Qualquer aluno matriculado na institui\u00e7\u00e3o nos cursos de design pode fazer parte da equipe &#8211; basta ficar atento aos processos seletivos.<\/br><\/br>Procurando atingir a satisfa\u00e7\u00e3o geral em cada projeto, de forma a contribuir com a comunidade e a evolu\u00e7\u00e3o dos alunos, contamos com a participa\u00e7\u00e3o e orienta\u00e7\u00e3o de professores envolvidos com o curso.<\/span><\/p>\n<p>&nbsp;<\/p>\n<p>&nbsp;<\/p>\n<p>&nbsp;<\/p>\n<p style=\"text-align: left;padding-left: 700px\" id=\"designeria\"><span style=\"font-family: arial, helvetica, sans-serif\"><strong><span id=\"nos\" style=\"font-size: 36pt\">A Designeria<\/span><\/strong><\/span><\/p>\n<\/div>\n","protected":false},"excerpt":{"rendered":"<p>Somos a empresa j\u00fanior de design da UFPel. &nbsp; Sem fins lucrativos, nosso intuito \u00e9 proporcionar experi\u00eancias de mercado para os alunos dos cursos de Design da UFPel (Pelotas &#8211; RS). &nbsp; Como uma empresa j\u00fanior, oferecemos servi\u00e7os com valores abaixo do mercado, criando alternativas para pequenas empresas. &nbsp; TEM UM PROJETO? &nbsp; &nbsp; Empresa [&hellip;]<\/p>\n","protected":false},"author":942,"featured_media":0,"parent":0,"menu_order":0,"comment_status":"closed","ping_status":"closed","template":"","meta":{"footnotes":""},"class_list":["post-19","page","type-page","status-publish","hentry","post"],"_links":{"self":[{"href":"https:\/\/wp.ufpel.edu.br\/designeria\/wp-json\/wp\/v2\/pages\/19","targetHints":{"allow":["GET"]}}],"collection":[{"href":"https:\/\/wp.ufpel.edu.br\/designeria\/wp-json\/wp\/v2\/pages"}],"about":[{"href":"https:\/\/wp.ufpel.edu.br\/designeria\/wp-json\/wp\/v2\/types\/page"}],"author":[{"embeddable":true,"href":"https:\/\/wp.ufpel.edu.br\/designeria\/wp-json\/wp\/v2\/users\/942"}],"replies":[{"embeddable":true,"href":"https:\/\/wp.ufpel.edu.br\/designeria\/wp-json\/wp\/v2\/comments?post=19"}],"version-history":[{"count":37,"href":"https:\/\/wp.ufpel.edu.br\/designeria\/wp-json\/wp\/v2\/pages\/19\/revisions"}],"predecessor-version":[{"id":289,"href":"https:\/\/wp.ufpel.edu.br\/designeria\/wp-json\/wp\/v2\/pages\/19\/revisions\/289"}],"wp:attachment":[{"href":"https:\/\/wp.ufpel.edu.br\/designeria\/wp-json\/wp\/v2\/media?parent=19"}],"curies":[{"name":"wp","href":"https:\/\/api.w.org\/{rel}","templated":true}]}}