{"id":2,"date":"2019-05-06T08:29:07","date_gmt":"2019-05-06T11:29:07","guid":{"rendered":"https:\/\/wp.ufpel.edu.br\/design20anos\/?page_id=2"},"modified":"2019-08-27T19:27:33","modified_gmt":"2019-08-27T22:27:33","slug":"sobre","status":"publish","type":"page","link":"https:\/\/wp.ufpel.edu.br\/design20anos\/sobre\/","title":{"rendered":"20 Anos do Curso de Design da UFPEL"},"content":{"rendered":"<blockquote><p><span style=\"font-family: georgia, palatino, serif;font-size: 10pt;color: #808080\"><em><strong>Criado em 1999, o Curso de Design da UFPEL \u2013 considerado um dos melhores do pa\u00eds \u2013 est\u00e1 completando 20 anos de exist\u00eancia. Para comemorar este marco t\u00e3o importante, diversas atividades acad\u00eamicas ser\u00e3o realizadas ao longo de 2019. Confira a programa\u00e7\u00e3o e participe!<\/strong><\/em><\/span><\/p><\/blockquote>\n<p>A primeira turma de graduac\u0327a\u0303o em Design Gra\u0301fico ingressou na UFPEL em 1999. Nove anos depois, foi inaugurado tambe\u0301m o curso de Design Digital. Em 2019 o design da UFPEL chega aos seus 20 anos de existe\u0302ncia, reconhecido entre os melhores cursos da a\u0301rea no pai\u0301s. Ao longo de duas d\u00e9cadas, a UFPEL formou mais de 380 profissionais do design, que hoje atuam em diversas regio\u0303es do Brasil e tambe\u0301m no exterior.<\/p>\n<p>Em raza\u0303o deste marco ta\u0303o significativo, no decorrer do ano sera\u0303o realizadas diversas atividades comemorativas, como palestras, exposic\u0327o\u0303es, oficinas e semina\u0301rio cienti\u0301fico, promovendo a integrac\u0327a\u0303o entre profissionais e a comunidade acade\u0302mica, que escrever\u00e3o juntos o futuro dessa hist\u00f3ria.<\/p>\n<p><a href=\"https:\/\/wp.ufpel.edu.br\/design20anos\/programacao\/\">Clique aqui e confira a programa\u00e7\u00e3o.<\/a><\/p>\n","protected":false},"excerpt":{"rendered":"<p>Criado em 1999, o Curso de Design da UFPEL \u2013 considerado um dos melhores do pa\u00eds \u2013 est\u00e1 completando 20 anos de exist\u00eancia. Para comemorar este marco t\u00e3o importante, diversas atividades acad\u00eamicas ser\u00e3o realizadas ao longo de 2019. Confira a programa\u00e7\u00e3o e participe! A primeira turma de graduac\u0327a\u0303o em Design [&hellip;]<\/p>\n","protected":false},"author":928,"featured_media":0,"parent":0,"menu_order":1,"comment_status":"closed","ping_status":"closed","template":"","meta":{"footnotes":""},"class_list":["post-2","page","type-page","status-publish","hentry","post"],"jetpack_sharing_enabled":true,"_links":{"self":[{"href":"https:\/\/wp.ufpel.edu.br\/design20anos\/wp-json\/wp\/v2\/pages\/2","targetHints":{"allow":["GET"]}}],"collection":[{"href":"https:\/\/wp.ufpel.edu.br\/design20anos\/wp-json\/wp\/v2\/pages"}],"about":[{"href":"https:\/\/wp.ufpel.edu.br\/design20anos\/wp-json\/wp\/v2\/types\/page"}],"author":[{"embeddable":true,"href":"https:\/\/wp.ufpel.edu.br\/design20anos\/wp-json\/wp\/v2\/users\/928"}],"replies":[{"embeddable":true,"href":"https:\/\/wp.ufpel.edu.br\/design20anos\/wp-json\/wp\/v2\/comments?post=2"}],"version-history":[{"count":11,"href":"https:\/\/wp.ufpel.edu.br\/design20anos\/wp-json\/wp\/v2\/pages\/2\/revisions"}],"predecessor-version":[{"id":89,"href":"https:\/\/wp.ufpel.edu.br\/design20anos\/wp-json\/wp\/v2\/pages\/2\/revisions\/89"}],"wp:attachment":[{"href":"https:\/\/wp.ufpel.edu.br\/design20anos\/wp-json\/wp\/v2\/media?parent=2"}],"curies":[{"name":"wp","href":"https:\/\/api.w.org\/{rel}","templated":true}]}}