{"id":19,"date":"2019-06-02T22:15:21","date_gmt":"2019-06-03T01:15:21","guid":{"rendered":"https:\/\/wp.ufpel.edu.br\/design20anos\/?page_id=19"},"modified":"2019-09-15T11:00:12","modified_gmt":"2019-09-15T14:00:12","slug":"programacao","status":"publish","type":"page","link":"https:\/\/wp.ufpel.edu.br\/design20anos\/","title":{"rendered":"Programa\u00e7\u00e3o Suldesign 2019"},"content":{"rendered":"<p><a id=\"grade\" class=\"anchor\"><\/a><\/p>\n<h1><span style=\"color: #ff0066\"><strong>16 \u2014 19 \/ SET \/ 2019<\/strong><\/span><\/h1>\n<p><strong>Entrada Gratuita<\/strong><br \/>\n<strong>Local: <\/strong>Centro de Artes \u2013 UFPEL<br \/>\n<strong>Endere\u00e7o:\u00a0<\/strong>Rua \u00c1lvaro Chaves, 65 \u2013 Pelotas\/RS<br \/>\n<strong>Formul\u00e1rio de Inscri\u00e7\u00e3o: <\/strong> <a href=\"http:\/\/bit.ly\/suldesign_2019\" rel=\"noopener noreferrer\" target=\"_blank\">http:\/\/bit.ly\/suldesign_2019<\/a><\/p>\n<p>Para participar de qualquer atividade \u00e9 necess\u00e1rio estar inscrito e fazer o credenciamento para recebimento do crach\u00e1. A participa\u00e7\u00e3o nas oficinas \u00e9 por ordem de chegada e est\u00e1 sujeita \u00e0 capacidade das salas.<\/p>\n<p><strong>Clique sobre as atividades na tabela abaixo para obter informa\u00e7\u00f5es detalhadas.<\/strong><br \/>\n(No celular, vire a tela na horizontal para visualizar toda a tabela) <\/p>\n<table class=\"aligncenter tabela\">\n<tbody>\n<tr class=\"head\">\n<td class=\"almid\"><\/td>\n<td class=\"almid\">\n<h6><strong>SEG<\/strong><\/h6>\n<p>16\/set<\/td>\n<td class=\"almid\">\n<h6><strong>TER<\/strong><\/h6>\n<p>17\/set<\/td>\n<td class=\"almid\">\n<h6><strong>QUA<\/strong><\/h6>\n<p>18\/set<\/td>\n<td class=\"almid\">\n<h6><strong>QUI<\/strong><\/h6>\n<p>19\/set<\/td>\n<\/tr>\n<tr>\n<td class=\"turn\">\n<h6><strong>MANH\u00c3<\/strong><\/h6>\n<p>8h \u2014 12h<\/td>\n<td><a class=\"cred\" href=\"#cred\"><span class=\"cred\">8h \u2014 11h30<strong><br \/>Credenciamento<\/strong><\/span><\/a><\/p>\n<hr \/>\n<p><a class=\"ofc\" href=\"#ofc\"><span class=\"ofc\">8h30 \u2014 12h<br \/><strong>Oficinas<\/strong><\/span><\/a><\/td>\n<td><a class=\"ofc\" href=\"#ofc\"><span class=\"ofc\">8h30 \u2014 12h<br \/><strong>Oficinas<\/strong><\/span><\/a><\/td>\n<td><a class=\"ofc\" href=\"#ofc\"><span class=\"ofc\">8h30 \u2014 12h<br \/><strong>Oficinas<\/strong><\/span><\/a><\/p>\n<hr \/>\n<p><a class=\"wsp\" href=\"#tcc\"><span class=\"wsp\">8h30 \u2014 12h<br \/><strong>Roda de Conversa<\/strong><\/span><br \/><span class=\"t5\"><em>TCCendo: os bastidores<\/em><\/span><br \/><span class=\"t5\">Media\u00e7\u00e3o:<br \/><strong>Andreia Brito<\/strong><\/span><\/a><\/td>\n<td><a class=\"ofc\" href=\"#ofc\"><span class=\"ofc\">8h30 \u2014 12h<br \/><strong>Oficinas<\/strong><\/span><\/a><\/p>\n<hr \/>\n<p><a class=\"wsp\" href=\"#w2\"><span class=\"wsp\">8h30 \u2014 12h<br \/><strong>Workshop Dex01<\/strong><\/span><br \/><span class=\"aut\"><strong>Cristiano Fernandes<\/strong><\/span><br \/><em>Como fazer design de apresenta\u00e7\u00f5es que contam hist\u00f3rias e transformam informa\u00e7\u00f5es em resultados<\/em><\/a><\/td>\n<\/tr>\n<tr>\n<td class=\"turn\">\n<h6><strong>TARDE<\/strong><\/h6>\n<p>13h30 \u2014 18h<\/td>\n<td><a class=\"cred\" href=\"#cred\"><span class=\"cred\">13h30 \u2014 19h30<br \/><strong>Credenciamento<\/strong><\/span><\/a><\/p>\n<hr \/>\n<p><a class=\"ofc\" href=\"#ofc\"><span class=\"ofc\">14h \u2014 18h<br \/><strong>Oficinas<\/strong><\/span><\/a><\/td>\n<td><a class=\"ofc\" href=\"#ofc\"><span class=\"ofc\">14h \u2014 18h<br \/><strong>Oficinas<\/strong><\/span><\/a><\/p>\n<hr \/>\n<p><a class=\"pal\" href=\"#p2\"><span class=\"pal\">16h30 \u2014 18h<br \/><strong>Palestra<\/strong><\/span><br \/><span class=\"aut\"><strong>Felipe Merker Castellani<\/strong><\/span><br \/><em>Som, espa\u00e7o e interatividade: inter-rela\u00e7\u00f5es entre arte e design no campo da artem\u00eddia<\/em><\/a><\/td>\n<td><a class=\"ofc\" href=\"#ofc\"><span class=\"ofc\">14h \u2014 18h<br \/><strong>Oficinas<\/strong><\/span><\/a><\/p>\n<hr \/>\n<p><a class=\"wsp\" href=\"#w1\"><span class=\"wsp\">14h \u2013 18h<br \/><strong>Workshop Prodigious<\/strong><\/span><br \/><span class=\"aut\"><strong>Yuri Lima<\/strong><\/span><br \/><em>Ilustra\u00e7\u00e3o vetorial com enfoque em desenho de personagens, isometria e iconografia<\/em><\/a><\/td>\n<td><a class=\"ofc\" href=\"#ofc\"><span class=\"ofc\">14h \u2014 18h<br \/><strong>Oficinas<\/strong><\/span><\/a><\/td>\n<\/tr>\n<tr>\n<td class=\"turn\">\n<h6><strong>NOITE<\/strong><\/h6>\n<p>19h \u2014 22h<\/td>\n<td><a class=\"cer\" href=\"#cer\"><span class=\"cer\">19h \u2013 19h50<br \/><strong>Cerim\u00f4nia de Abertura<\/strong><\/span><\/a><\/p>\n<hr \/>\n<p><a class=\"pal\" href=\"#p1\"><span class=\"pal\">20h \u2013 20h50<br \/><strong>Palestra<\/strong><\/span><br \/><span class=\"aut\"><strong>L\u00facia Weymar<\/strong><\/span><br \/><em>Os Luc\u00edadas: Design de Viagem, Viagem no Design, Brasil-Portugal<\/em><\/a><\/p>\n<hr \/>\n<p><a class=\"exp\" href=\"#exp\"><span class=\"exp\">21h \u2013 22h<br \/><strong>Abertura da Exposi\u00e7\u00e3o<\/strong><\/span><br \/><span class=\"t5\"><em>20 Anos de Design: uma retrospectiva<\/em><br \/>e<br \/><em>Mostra Digital do Festival de Design<\/em><\/span><\/a><\/td>\n<td><a class=\"pal\" href=\"#p3\"><span class=\"pal\">19h \u2013 19h50<br \/><strong>Palestra<\/strong><\/span><br \/><span class=\"aut\"><strong>Alex Maldonado<br \/>Lucas Lopes<\/strong><br \/>(Possible)<\/span><br \/><em>Aplicativos s\u00e3o irrelevantes. O dia-a-dia do design na Possible Brasil<\/em><\/a><\/p>\n<hr \/>\n<p><a class=\"pal\" href=\"#p4\"><span class=\"pal\">20h \u2013 20h50<br \/><strong>Palestra<\/strong><\/span><br \/><span class=\"aut\"><strong>Ana Margarites<\/strong><br \/><\/span><em>Cartografia de um Feminismo Pirata<\/em><\/a><\/td>\n<td><a class=\"pal\" href=\"#p5\"><span class=\"pal\">19h \u2013 19h50<br \/><strong>Palestra<\/strong><\/span><br \/><span class=\"aut\"><strong>Ta\u00eds Barboza<br \/>Fabiana Franck<\/strong><br \/>(Prodigious)<\/span><br \/><em>O caminho \u00e9 longo, mas a derrota \u00e9 certa: Por que n\u00f3s, designers, estamos cada vez mais nos autossabotando?<\/em><\/a><\/p>\n<hr \/>\n<p><a class=\"pal\" href=\"#p6\"><span class=\"pal\">20h \u2013 20h50<br \/><strong>Palestra<\/strong><\/span><br \/><span class=\"aut\"><strong>Carolina Brum<\/strong><\/span><br \/><em>Design no contexto da comunica\u00e7\u00e3o organizacional: experi\u00eancias no mercado imobili\u00e1rio<\/em><\/a><\/td>\n<td><a class=\"pal\" href=\"#mes\"><span class=\"pal\">19h \u2013 20h50<br \/><strong>Mesa-Redonda<\/strong><\/span><br \/><span class=\"t5\"><em>O design nos pr\u00f3ximos 20 anos<\/em><\/span><br \/><span class=\"aut\"><strong>Cristiano Fernandes<\/strong> (Dex01);<br \/><strong>Gisele Treptow<\/strong> (Incomum);<br \/><strong>Pedro Pazitto<\/strong> (Garupa);<br \/><\/span>Media\u00e7\u00e3o:<br \/><strong>Thais Sehn<\/strong><\/a><\/p>\n<hr \/>\n<p><a class=\"fest\" href=\"#fest\"><span class=\"fest\">21h \u2014 21h30<br \/><strong>Festival de Design<\/strong><\/span><br \/><span class=\"t5\">Premia\u00e7\u00e3o de Trabalhos Acad\u00eamicos<\/span><\/a><\/p>\n<hr \/>\n<p><a class=\"fest\"><span class=\"fest\">21h30<br \/><strong>Encerramento e Confraterniza\u00e7\u00e3o<\/strong><\/span><br \/><\/a><\/td>\n<\/tr>\n<\/tbody>\n<\/table>\n<h2 style=\"margin-bottom: 0px;margin-top: 30px\"><span style=\"color: #666666\">Informa\u00e7\u00f5es Detalhadas<\/span><\/h2>\n<h4 id=\"cred\" class=\"anchor\"><span style=\"color: #090\">Credenciamento<\/span><\/h4>\n<p>A <strong>Central de Crendeciamento<\/strong> estar\u00e1 dispon\u00edvel durante todo o evento no sagu\u00e3o do Audit\u00f3rio 2 do Centro de Artes (Rua \u00c1lvaro Chaves, 65), para entrega dos crach\u00e1s, confirma\u00e7\u00e3o de presen\u00e7a nas palestras, inscri\u00e7\u00f5es no ato e resolu\u00e7\u00e3o de d\u00favidas. <\/p>\n<p>Ao chegar pela primeira vez no evento, dirija-se at\u00e9 a Central de Credenciamento para validar a sua inscri\u00e7\u00e3o e receber o seu crach\u00e1, liberando o seu acesso \u00e0s palestras e oficinas.<\/p>\n<p>A confirma\u00e7\u00e3o de presen\u00e7a nas palestras e atividades do Audit\u00f3rio 2 ser\u00e1 realizada diretamente na Central de Credenciamento. Para as oficinas e workshops, haver\u00e1 uma lista de presen\u00e7a dispon\u00edvel em cada sala.<\/p>\n<p>Para evitar filas e atrasos, solicitamos que preencha antecipadamente o Formul\u00e1rio de Inscri\u00e7\u00e3o e chegue ao local com anteced\u00eancia para realizar o Credenciamento. <\/p>\n<hr \/>\n<h4 id=\"cer\" class=\"anchor\"><span style=\"color: #f90\">Cerim\u00f4nia de Abertura<\/span><\/h4>\n<p><strong>Data:<\/strong> 16\/09\/2019 (Segunda-feira)<br \/>\n<strong>Hora:<\/strong> 19h \u00e0s 19h50<br \/>\n<strong>Local:<\/strong> Audit\u00f3rio 2 \u2013 Centro de Artes UFPEL (Rua \u00c1lvaro Chaves, 65)<\/p>\n<p>Para dar in\u00edcio ao evento, preparamos uma linda cerim\u00f4nia de abertura, com muitas surpresas que certamente ir\u00e3o emocionar a todos os presentes. N\u00e3o perca!<\/p>\n<hr \/>\n<h4 id=\"pal\" class=\"anchor\"><span style=\"color: #f06\">Palestras<\/span><\/h4>\n<p class=\"nomargin\"><span id=\"p1\" class=\"datapal anchor\">SEG, 16\/09 \u2013 20h \u2013 Audit\u00f3rio 2 \u2013 CA\/UFPEL<\/span><\/p>\n<h6 class=\"notop\"><strong>Os Luc\u00edadas: Design de Viagem, Viagem no Design, Brasil-Portugal<\/strong><\/h6>\n<p><strong>L\u00facia Bergamaschi Costa Weymar<\/strong><br \/>\nP\u00f3s-doutora pelo N\u00facleo de Design da Faculdade de Belas Artes da Universidade de Lisboa, onde acaba de realizar a pesquisa <em>Os Luc\u00edadas: Design de Viagem, Viagem no Design, Brasil-Portugal<\/em>, sob supervis\u00e3o do professor Jorge dos Reis (ULisboa, 2019). Doutora em Comunica\u00e7\u00e3o Social (PUCRS, 2010). Mestre em Educa\u00e7\u00e3o (UFPel, 2000). Graduada em Artes Pl\u00e1sticas (Furg, 1989). Professora do Mestrado em Artes Visuais do Centro de Artes\/UFPEL, no qual ministra a disciplina <em>D&#8217;autor, aproxima\u00e7\u00f5es entre design e arte<\/em>. Professora Associada dos Cursos de Design do Centro de Artes\/UFPEL e respons\u00e1vel pelas disciplinas Design de Identidade, Projeto de Cartaz e Design Autoral. Pesquisa temas ligados \u00e0 autoria em design na pesquisa <em>(Des)autoria, design e arte<\/em>. Idealizadora do Suldesign Encontro em 1999; do Suldesign Est\u00fadio em 2005 e do Projeto de Extens\u00e3o Suldesign Galeria, em 2017. Respons\u00e1vel t\u00e9cnica e art\u00edstica pela cria\u00e7\u00e3o da Paralelo 31, Revista Eletr\u00f4nica do Programa de P\u00f3s-Gradua\u00e7\u00e3o em Artes Visuais (PPGAV\u2013UFPEL).<\/p>\n<hr \/>\n<p class=\"nomargin\"><span id=\"p2\" class=\"datapal anchor\">TER, 17\/09 \u2013 16h30 \u2013 Sala 502 \u2013 CA\/UFPEL<\/span><\/p>\n<h6 class=\"notop\"><strong>Som, espa\u00e7o e interatividade: inter-rela\u00e7\u00f5es entre arte e design no campo da artem\u00eddia<\/strong><\/h6>\n<p><strong>Felipe Merker Castellani<\/strong><br \/>\nFelipe Merker Castellani (S\u00e3o Paulo, SP, 1984) \u00e9 artista sonoro e multim\u00eddia, pesquisador e professor. Suas pesquisas pr\u00e1ticas e te\u00f3ricas atuais t\u00eam como campo problem\u00e1tico a cria\u00e7\u00e3o musical em rela\u00e7\u00e3o a outras pr\u00e1ticas art\u00edsticas, como o v\u00eddeo e a dan\u00e7a, especificamente em contextos de cria\u00e7\u00e3o coletiva e colaborativa. Desenvolve instala\u00e7\u00f5es interativas, videoinstala\u00e7\u00f5es e performances audiovisuais em parceria com artistas de diversas \u00e1reas. Atualmente \u00e9 professor adjunto do Centro de Artes da Universidade Federal de Pelotas (UFPel), onde atua nos cursos de bacharelado em M\u00fasica e Artes Visuais e no Programa de P\u00f3s-Gradua\u00e7\u00e3o (mestrado) em Artes Visuais.<\/p>\n<hr \/>\n<p class=\"nomargin\"><span id=\"p3\" class=\"datapal anchor\">TER, 17\/09 \u2013 19h \u2013 Audit\u00f3rio 2 \u2013 CA\/UFPEL<\/span><\/p>\n<h6 class=\"notop\"><strong>Aplicativos s\u00e3o irrelevantes. O dia-a-dia do design na Possible Brasil<\/strong><\/h6>\n<p><strong>Alex Maldonado<\/strong> \u2013 Diretor de Cria\u00e7\u00e3o na Possible Brasil<br \/>\nFormado em Artes Visuais &#8211; hab. em Design Gr\u00e1fico e Mestre em Design pela UniRitter, trabalha h\u00e1 16 anos com design para m\u00eddias digitais. Come\u00e7ou na AG2 (agora Sapient AG2), onde teve a chance de projetar para algumas das maiores marcas brasileiras. Mais tarde, na Conrad Caine (agora Possible Alemanha), entrou no mercado europeu, projetando para empresas globais. Liderou sua equipe de design no Brasil e apoiou a abertura de um escrit\u00f3rio de cria\u00e7\u00e3o na Argentina. Mudando-se para Portugal, investiu em uma carreira freelancer, trabalhando para clientes diretos e ag\u00eancias. De volta a Pelotas, trabalha como Diretor de Cria\u00e7\u00e3o na Possible Brasil junto a um talentoso time de 13 designers.<\/p>\n<p><strong>Lucas Quaresma Lopes<\/strong> \u2013 Head de Design na Possible Brasil<br \/>\nAtual Head of Design no time da Possible Brasil \u00e9 designer gr\u00e1fico formado pela UFPEL, com passagem pela Emily Carr University of Arts + Design em Vancouver pelo programa Ci\u00eancia Sem Fronteiras, e trabalha com digital desde 2013. Tendo come\u00e7ado como diretor de arte em projetos independentes e ag\u00eancias locais, passou por diversas fun\u00e7\u00f5es at\u00e9 encontrar-se como arquiteto de informa\u00e7\u00e3o na AG2 Nurun e, posteriormente, na disciplina profissional do projeto de experi\u00eancias, uma lente atrav\u00e9s da qual realiza a busca constante de vis\u00e3o hol\u00edstica da experi\u00eancia de produtos e servi\u00e7os para a cria\u00e7\u00e3o de intera\u00e7\u00f5es significativas entre os usu\u00e1rios e as marcas, produtos e servi\u00e7os.<\/p>\n<hr \/>\n<p class=\"nomargin\"><span id=\"p4\" class=\"datapal anchor\">TER, 17\/09 \u2013 20h \u2013 Audit\u00f3rio 2 \u2013 CA\/UFPEL<\/span><\/p>\n<h6 class=\"notop\"><strong>Cartografia de um Feminismo Pirata<\/strong><\/h6>\n<p><strong>Ana Paula Margarites<\/strong><br \/>\nAna Paula Margarites \u00e9 professora no IFSul &#8211; Campus Pelotas nos cursos T\u00e9cnicos e de Bacharelado na \u00e1rea de Design, al\u00e9m da P\u00f3s-Gradua\u00e7\u00e3o Lato Sensu em Educa\u00e7\u00e3o. \u00c9 Bacharel em Design Gr\u00e1fico e Mestre em Educa\u00e7\u00e3o pela Universidade Federal de Pelotas. Atualmente cursa Doutorado em Educa\u00e7\u00e3o na mesma institui\u00e7\u00e3o, pesquisando feminismos brasileiros nas redes sociais a partir das filosofias da diferen\u00e7a. Possui mais de quinze anos de experi\u00eancia profissional nas \u00e1reas de Design Digital e Gr\u00e1fico. Seus interesses de pesquisa incluem Teorias e Filosofias do Design, Design Digital, Filosofias da Diferen\u00e7a, Estudos de G\u00eanero, Feminismos e Sites de Redes Sociais.<\/p>\n<hr \/>\n<p class=\"nomargin\"><span id=\"p5\" class=\"datapal anchor\">QUA, 18\/09 \u2013 19h \u2013 Audit\u00f3rio 2 \u2013 CA\/UFPEL<\/span><\/p>\n<h6 class=\"notop\"><strong>T\u00edtulo: O caminho \u00e9 longo, mas a derrota \u00e9 certa: Por que n\u00f3s, designers, estamos cada vez mais nos autossabotando?<\/strong><\/h6>\n<p><strong>Ta\u00eds Barboza<\/strong> \u2013 UX Designer na Prodigious<br \/>\nDesigner Digital pela UFPel, j\u00e1 trabalhou com diagrama\u00e7\u00e3o de impressos, anima\u00e7\u00e3o, UI Design, coordena\u00e7\u00e3o, e ao longo disso tudo, descobriu uma paix\u00e3o por UX. Hoje trabalha para se desenvolver nessa \u00e1rea e entender como o design pode ajudar ainda mais as pessoas.<\/p>\n<p><strong>Fabiana Franck<\/strong> \u2013 UX\/UI Designer na Prodigious<br \/>\nApaixonada pelo design e pela forma como ele facilita o nosso dia a dia, hoje, \u00e9 formada em Comunica\u00e7\u00e3o Visual e estudante de Bacharelado em Design no IFSul. J\u00e1 trabalhou com dire\u00e7\u00e3o de arte, diagrama\u00e7\u00e3o e m\u00eddias sociais. Atualmente, trabalha com UX e UI, buscando equilibrar o melhor das duas \u00e1reas no desenvolvimento de projetos digitais.<\/p>\n<hr \/>\n<p class=\"nomargin\"><span id=\"p6\" class=\"datapal anchor\">QUA, 18\/09 \u2013 20h \u2013 Audit\u00f3rio 2 \u2013 CA\/UFPEL<\/span><\/p>\n<h6 class=\"notop\"><strong>Design no contexto da comunica\u00e7\u00e3o organizacional: experi\u00eancias no mercado imobili\u00e1rio<\/strong><\/h6>\n<p><strong>Carolina Brum<\/strong><br \/>\nFormada em Design Gr\u00e1fico pela UFPEL e em Publicidade e Propaganda na UCPel, especializou-se em Marketing pela Funda\u00e7\u00e3o Get\u00falio Vargas. Atua h\u00e1 12 anos em ag\u00eancias de comunica\u00e7\u00e3o e empresas e h\u00e1 6 anos \u00e9 gerente de marketing na imobili\u00e1ria Casar\u00e3o Im\u00f3veis.<\/p>\n<hr \/>\n<h4 id=\"mes\" class=\"anchor\"><span style=\"color: #f06\">Mesa-Redonda<\/span><\/h4>\n<p class=\"nomargin\"><span class=\"datapal anchor\">QUI, 19\/09 \u2013 19h \u2013 Audit\u00f3rio 2 \u2013 CA\/UFPEL<\/span><\/p>\n<h6 class=\"notop\"><strong>O design nos pr\u00f3ximos 20 anos<\/strong><\/h6>\n<p><strong>Cristiano da Silva Fernandes<\/strong> \u2013 Dex01<br \/>\nFormado em Desenho Industrial pela ETFPEL (atual IFSUL). Foi s\u00f3cio fundador e trabalhou na AG2Nurun como Diretor Executivo de Design por 16 anos at\u00e9 a ag\u00eancia ser vendida para o Publicis Group. Trabalhou com grandes clientes, em 3 unidades no Brasil. Ao longo dos anos teve muitas oportunidades de aprender, trabalhar e obter resultados como designer visual e UX \/ UI com grandes marcas como Chevrolet, Bradesco, Embraer, Perdig\u00e3o, Jogos Ol\u00edmpicos Rio 2016, Nestl\u00e9, Toyota, Habibs e Grupo Martins. Atualmente se dedica ao coach de design, com a miss\u00e3o de fazer das pessoas melhores designers de suas pr\u00f3prias vidas.<\/p>\n<p><strong>Gisele Treptow<\/strong> \u2013 Incomum<br \/>\nFormada em Comunica\u00e7\u00e3o Social &#8211; Hab. em Publicidade e Propaganda na UCPEL e p\u00f3s-graduada em Design de Produto na PUC. Profissional com 24 anos de experi\u00eancia, \u00e9 s\u00f3cia-fundadora da ag\u00eancia Incomum e respons\u00e1vel por dire\u00e7\u00f5es criativa e estrat\u00e9gica de comunica\u00e7\u00e3o para marcas de diversos setores e abrang\u00eancias de atua\u00e7\u00e3o. Faminta, escabelada e m\u00e3e de duas meninas, \u00e9 apaixonada pelo que faz.<\/p>\n<p><strong>Pedro Pazitto<\/strong> \u2013 Garupa design<br \/>\nDesigner gr\u00e1fico formado pela UFPel e p\u00f3s-graduando em Gerenciamento de Projetos pelo Senac-RS, atua como coordenador de opera\u00e7\u00f5es e designer na Garupa Design. Atrav\u00e9s da atua\u00e7\u00e3o da empresa como produtora de design, teve papel fundamental em projetos de clientes como C&amp;A, Bradesco, Siemens, Vivo, entre outros.<\/p>\n<p><strong>Thais Cristina M. Sehn<\/strong> (Mediadora)<br \/>\nThais Sehn \u00e9 formada em Design Gr\u00e1fico pela UFPEL. Atualmente \u00e9 doutoranda em Design na UFRGS, com per\u00edodo sandu\u00edche financiado pela Fulbright na University of Illinois at Urbana-Champaign. J\u00e1 atuou como professora nos cursos de Design da UFPEL e de Publicidade e Propaganda na PUCRS. Trabalha como designer gr\u00e1fica em seu escrit\u00f3rio \u00c2me Studio Criativo desde 2015. Como pesquisadora atua nas \u00e1reas do Design Editorial, Mem\u00f3ria Gr\u00e1fica e Design Emocional.<\/p>\n<hr \/>\n<h4 id=\"wsp\" class=\"anchor\"><span style=\"color: #09f\">Workshops<\/span><\/h4>\n<p class=\"nomargin\"><span id=\"tcc\" class=\"datapal anchor\">QUA, 18\/09 \u2013 8h30 \u2013 Audit\u00f3rio 2 \u2013 CA\/UFPEL<\/span><\/p>\n<h6 class=\"notop\"><strong>Roda de Conversa: <em>TCCendo \u2013 os bastidores<\/em><\/strong><\/h6>\n<p>Media\u00e7\u00e3o: <strong>Andreia Bordini de Brito<\/strong> \u2013 Professora do Curso de Design\/UFPEL<\/p>\n<p>Aberto aos alunos que defenderam o TCC nos Cursos de Design Gr\u00e1fico e Design Digital e queiram apresentar as principais informa\u00e7\u00f5es sobre a sua pesquisa e debater sobre essas atividades com os participantes.<\/p>\n<hr \/>\n<p class=\"nomargin\"><span id=\"w1\" class=\"datapal anchor\">QUA, 18\/09 \u2013 14h \u2013 Sala 303 \u2013 CA\/UFPEL<\/span><\/p>\n<h6 class=\"notop\"><strong>Ilustra\u00e7\u00e3o vetorial com enfoque em desenho de personagens, isometria e iconografia<\/strong><\/h6>\n<p><strong>Yuri Lima<\/strong> \u2013 Prodigious<br \/>\nBacharel em Design pelo IFSul, atua como UI designer e ilustrador na Prodigious BR, produtora digital do grupo Publicis. Tem 9 anos de experi\u00eancia na \u00e1rea e j\u00e1 trabalhou com clientes como: Bradesco, Michelin, Toyota, Ultragaz, Vivo, Ninho, al\u00e9m de alguns clientes locais. Se caracteriza por ter um estilo variado de t\u00e9cnicas de ilustra\u00e7\u00e3o, tendo como prefer\u00eancia vetor e pintura digital.<br \/>\n<strong>Pr\u00e9-requisito:<\/strong> No\u00e7\u00f5es b\u00e1sicas de desenho<br \/>\n<strong>Vagas:<\/strong> 12<\/p>\n<hr \/>\n<p class=\"nomargin\"><span id=\"w2\" class=\"datapal anchor\">QUI, 19\/09 \u2013 8h30 \u2013 Sala 203 \u2013 CA\/UFPEL<\/span><\/p>\n<h6 class=\"notop\"><strong>Como fazer design de apresenta\u00e7\u00f5es que contam hist\u00f3rias e transformam informa\u00e7\u00f5es em resultados<\/strong><\/h6>\n<p><strong>Cristiano da Silva Fernandes<\/strong> \u2013 Dex01<br \/>\nFormado em Desenho Industrial pela ETFPel (atual IFSul). Foi s\u00f3cio fundador e trabalhou na AG2Nurun como Diretor Executivo de Design por 16 anos at\u00e9 a ag\u00eancia ser vendida para o Publicis Group. Trabalhou com grandes clientes, em 3 unidades no Brasil. Ao longo dos anos teve muitas oportunidades de aprender, trabalhar e obter resultados como designer visual e UX \/ UI com grandes marcas como Chevrolet, Bradesco, Embraer, Perdig\u00e3o, Jogos Ol\u00edmpicos Rio 2016, Nestl\u00e9, Toyota, Habibs e Grupo Martins. Atualmente se dedica ao coach de design, com a miss\u00e3o de fazer das pessoas melhores designers de suas pr\u00f3prias vidas.<br \/>\n<strong>Material necess\u00e1rio:<\/strong> Post-it, papel branco, l\u00e1pis, borracha, canetinhas coloridas diversas.<br \/>\n<strong>Vagas:<\/strong> 15<\/p>\n<hr \/>\n<h4 id=\"ofc\" class=\"anchor\"><span style=\"color: #639\">Oficinas<\/span><\/h4>\n<p>Nesta edi\u00e7\u00e3o especial do Suldesign, contamos com o apoio do Centro Acad\u00eamico do Design (CADE) para oferecer mais de 30 oficinas gratuitas aos participantes, ao longo dos quatro dias do evento. <\/p>\n<p><a target=\"_blank\" href=\"https:\/\/wp.ufpel.edu.br\/design20anos\/files\/2019\/09\/Guia-de-Oficinas.pdf\" rel=\"noopener noreferrer\"><span class=\"fa fa-file-pdf-o\">&nbsp;&nbsp;&nbsp;<\/span><strong>Clique aqui para acessar o Guia de Oficinas<\/strong><\/span><\/a><\/p>\n<hr \/>\n<h4 id=\"exp\" class=\"anchor\"><span style=\"color: #f90\">Exposi\u00e7\u00f5es<\/span><\/h4>\n<p class=\"nomargin\"><span class=\"datapal anchor\">SEG, 16\/09 \u2013 21h \u2013 Suldesign Galeria \u2013 CA\/UFPEL<\/span><\/p>\n<h6 class=\"notop\"><strong>20 Anos de Design: uma retrospectiva<\/em><\/strong><\/h6>\n<p>A exposi\u00e7\u00e3o apresenta uma linha do tempo recontando momentos marcantes na hist\u00f3ria do curso de design da UFPEL desde a sua funda\u00e7\u00e3o, al\u00e9m de pe\u00e7as gr\u00e1ficas, fotografias e objetos coletados ao longo destes 20 anos. Oportunidade para rever e relembrar eventos, festivais, mostras e viv\u00eancias entre alunos, professores, t\u00e9cnicos e funcion\u00e1rios. Uma experi\u00eancia de nostalgia, mem\u00f3ria e reencontro.<\/p>\n<p>Tamb\u00e9m na galeria estar\u00e1 em exibi\u00e7\u00e3o a Mostra Digital do Festival de Design, com os trabalhos acad\u00eamicos selecionados (mais informa\u00e7\u00f5es no t\u00f3pico abaixo).<\/p>\n<p>A Suldesign Galeria fica no hall de entrada do Audit\u00f3rio 2 do Centro de Artes da UFPEL.<\/p>\n<hr \/>\n<h4 id=\"fest\" class=\"anchor\"><span style=\"color: #f90\">Festival de Design<\/span><\/h4>\n<p class=\"nomargin\"><span class=\"datapal anchor\">QUI, 19\/09 \u2013 21h30 \u2013 Audit\u00f3rio 2 \u2013 CA\/UFPEL<\/span><\/p>\n<h6 class=\"notop\"><strong>Mostra Digital e Premia\u00e7\u00e3o de Projetos Acad\u00eamicos<\/em><\/strong><\/h6>\n<p>O Festival de Design da UFPEL tradicionalmente seleciona os melhores trabalhos acad\u00eamicos desenvolvidos nas disciplinas dos cursos de Design, com o objetivo de incentivar a busca por qualidade e enriquecer o curr\u00edculo dos alunos por meio da exposi\u00e7\u00e3o e da premia\u00e7\u00e3o dos projetos.<\/p>\n<p>Os trabalhos s\u00e3o agrupados em onze categorias: Identidade Visual, Tipografia, Sinaliza\u00e7\u00e3o, Cartaz, Editorial, Embalagem, Design de Superf\u00edcie, Design de Jogos, Web Design, Mobile Design e Motion Design. Cada categoria ter\u00e1 um vencedor, com direito a trof\u00e9u, al\u00e9m do pr\u00eamio de Primeiro Lugar Geral para o grande vencedor do Festival. A sele\u00e7\u00e3o \u00e9 realizada pelos professores e t\u00e9cnicos do Colegiado dos Cursos de Design da UFPEL. <\/p>\n<p>Os projetos estar\u00e3o em exibi\u00e7\u00e3o na Mostra Digital do Festival, que acontece junto \u00e0 exposi\u00e7\u00e3o dos 20 Anos, na Suldesign Galeria. A cerim\u00f4nia de premia\u00e7\u00e3o, com an\u00fancio dos vencedores e entrega dos trof\u00e9us, ser\u00e1 na noite de quinta-feira, \u00e0s 21h30, no Audit\u00f3rio 2 do CA\/UFPEL.<br \/>\n<br \/>&nbsp;<br \/>&nbsp;<\/p>\n<hr \/>\n<h3><span style=\"color: #666666\">Eventos anteriores<\/span><\/h3>\n<h1><span style=\"color: #ff0066\"><strong>10\/JUNHO\/2019<\/strong><\/span><\/h1>\n<h4><strong>Palestra com Carlo Franzato e Fabr\u00edcio Tarouco<\/strong><\/h4>\n<p><strong>Entrada Gratuita<br \/>\n<\/strong><strong>Hora: <\/strong>18h30min<strong><br \/>\nLocal:\u00a0<\/strong>Audit\u00f3rio 2 do Centro de Artes<strong><br \/>\nEndere\u00e7o:\u00a0<\/strong>Rua \u00c1lvaro Chaves, 65 \u2013 Pelotas\/RS<br \/>\n<strong>Inscri\u00e7\u00f5es encerradas.<\/strong><\/p>\n<p><strong><a href=\"https:\/\/wp.ufpel.edu.br\/design20anos\/2019\/05\/06\/abertura\/\">Clique aqui para saber mais sobre os palestrantes<\/a><\/strong><\/p>\n","protected":false},"excerpt":{"rendered":"<p>16 \u2014 19 \/ SET \/ 2019 Entrada Gratuita Local: Centro de Artes \u2013 UFPEL Endere\u00e7o:\u00a0Rua \u00c1lvaro Chaves, 65 \u2013 Pelotas\/RS Formul\u00e1rio de Inscri\u00e7\u00e3o: http:\/\/bit.ly\/suldesign_2019 Para participar de qualquer atividade \u00e9 necess\u00e1rio estar inscrito e fazer o credenciamento para recebimento do crach\u00e1. A participa\u00e7\u00e3o nas oficinas \u00e9 por ordem de [&hellip;]<\/p>\n","protected":false},"author":928,"featured_media":0,"parent":0,"menu_order":2,"comment_status":"closed","ping_status":"closed","template":"","meta":{"footnotes":""},"class_list":["post-19","page","type-page","status-publish","hentry","post"],"jetpack_sharing_enabled":true,"_links":{"self":[{"href":"https:\/\/wp.ufpel.edu.br\/design20anos\/wp-json\/wp\/v2\/pages\/19","targetHints":{"allow":["GET"]}}],"collection":[{"href":"https:\/\/wp.ufpel.edu.br\/design20anos\/wp-json\/wp\/v2\/pages"}],"about":[{"href":"https:\/\/wp.ufpel.edu.br\/design20anos\/wp-json\/wp\/v2\/types\/page"}],"author":[{"embeddable":true,"href":"https:\/\/wp.ufpel.edu.br\/design20anos\/wp-json\/wp\/v2\/users\/928"}],"replies":[{"embeddable":true,"href":"https:\/\/wp.ufpel.edu.br\/design20anos\/wp-json\/wp\/v2\/comments?post=19"}],"version-history":[{"count":81,"href":"https:\/\/wp.ufpel.edu.br\/design20anos\/wp-json\/wp\/v2\/pages\/19\/revisions"}],"predecessor-version":[{"id":56,"href":"https:\/\/wp.ufpel.edu.br\/design20anos\/wp-json\/wp\/v2\/pages\/19\/revisions\/56"}],"wp:attachment":[{"href":"https:\/\/wp.ufpel.edu.br\/design20anos\/wp-json\/wp\/v2\/media?parent=19"}],"curies":[{"name":"wp","href":"https:\/\/api.w.org\/{rel}","templated":true}]}}