{"id":324,"date":"2024-09-02T16:22:57","date_gmt":"2024-09-02T19:22:57","guid":{"rendered":"https:\/\/wp.ufpel.edu.br\/design\/?page_id=324"},"modified":"2025-05-05T16:01:09","modified_gmt":"2025-05-05T19:01:09","slug":"projetos-academicos","status":"publish","type":"page","link":"https:\/\/wp.ufpel.edu.br\/design\/projetos-academicos\/","title":{"rendered":"Projetos"},"content":{"rendered":"<div id=\"pl-324\"  class=\"panel-layout\" ><div id=\"pg-324-0\"  class=\"panel-grid panel-no-style\" ><div id=\"pgc-324-0-0\"  class=\"panel-grid-cell\" ><div id=\"panel-324-0-0-0\" class=\"so-panel widget widget_sow-accordion panel-first-child panel-last-child\" data-index=\"0\" ><div\n\t\t\t\n\t\t\tclass=\"so-widget-sow-accordion so-widget-sow-accordion-default-d9295f5bfa93-324\"\n\t\t\t\n\t\t><div>\n\t<div class=\"sow-accordion\">\n\t\t\t<div class=\"sow-accordion-panel\n\t\t\t\t\"\n\t\t\tdata-anchor-id=\"ensino\">\n\t\t\t\t<div class=\"sow-accordion-panel-header-container\" role=\"heading\" aria-level=\"2\">\n\t\t\t\t\t<div class=\"sow-accordion-panel-header\" tabindex=\"0\" role=\"button\" id=\"accordion-label-ensino\" aria-controls=\"accordion-content-ensino\" aria-expanded=\"false\">\n\t\t\t\t\t\t<div class=\"sow-accordion-title sow-accordion-title-icon-left\">\n\t\t\t\t\t\t\t\t\t\t\t\t\t\tEnsino\t\t\t\t\t\t\t\t\t\t\t\t\t<\/div>\n\t\t\t\t\t\t<div class=\"sow-accordion-open-close-button\">\n\t\t\t\t\t\t\t<div class=\"sow-accordion-open-button\">\n\t\t\t\t\t\t\t\t<span class=\"sow-icon-ionicons\" data-sow-icon=\"&#xf218;\"\n\t\t \n\t\taria-hidden=\"true\"><\/span>\t\t\t\t\t\t\t<\/div>\n\t\t\t\t\t\t\t<div class=\"sow-accordion-close-button\">\n\t\t\t\t\t\t\t\t<span class=\"sow-icon-ionicons\" data-sow-icon=\"&#xf209;\"\n\t\t \n\t\taria-hidden=\"true\"><\/span>\t\t\t\t\t\t\t<\/div>\n\t\t\t\t\t\t<\/div>\n\t\t\t\t\t<\/div>\n\t\t\t\t<\/div>\n\n\t\t\t<div\n\t\t\t\tclass=\"sow-accordion-panel-content\"\n\t\t\t\trole=\"region\"\n\t\t\t\taria-labelledby=\"accordion-label-ensino\"\n\t\t\t\tid=\"accordion-content-ensino\"\n\t\t\t\tstyle=\"display: none;\"\t\t\t>\n\t\t\t\t<div class=\"sow-accordion-panel-border\">\n\t\t\t\t\t<script>\n\tconst pluginURL  = 'https:\/\/wp.ufpel.edu.br\/design\/wp-content\/plugins\/dados-cobalto\/lib\/..\/js',\n\t\t  lang       = 'pt',\n\t\t  ativaBusca = '';\n<\/script>\n<script src=\"https:\/\/wp.ufpel.edu.br\/design\/wp-content\/plugins\/dados-cobalto\/lib\/..\/js\/datatables\/datatables.min.js\"><\/script>\n<script src=\"https:\/\/wp.ufpel.edu.br\/design\/wp-content\/plugins\/dados-cobalto\/lib\/..\/js\/projetos.js\"><\/script><div class=\"dados-cobalto cobalto-lista-projetos\"><table id=\"cobalto-tabela-projetos-1\" class=\"cobalto-tabela-projetos\"><thead><tr><th>T\u00edtulo<\/th><th>In\u00edcio<\/th><th>Fim<\/th><\/tr><\/thead><tbody><tr><td><a href=\"https:\/\/institucional.ufpel.edu.br\/projetos\/id\/u8086\" target=\"_blank\">Laborat\u00f3rio de Design de Intera\u00e7\u00e3o - LABxD<\/a><\/td><td data-order=\"2024-04-29\">29\/04\/2024<\/td><td data-order=\"2028-04-29\">29\/04\/2028<\/td><\/tr><\/tbody><\/table><\/div>\t\t\t\t<\/div>\n\t\t\t<\/div>\n\t\t<\/div>\n\t\t\t<div class=\"sow-accordion-panel\n\t\t\t\t\"\n\t\t\tdata-anchor-id=\"pesquisa\">\n\t\t\t\t<div class=\"sow-accordion-panel-header-container\" role=\"heading\" aria-level=\"2\">\n\t\t\t\t\t<div class=\"sow-accordion-panel-header\" tabindex=\"0\" role=\"button\" id=\"accordion-label-pesquisa\" aria-controls=\"accordion-content-pesquisa\" aria-expanded=\"false\">\n\t\t\t\t\t\t<div class=\"sow-accordion-title sow-accordion-title-icon-left\">\n\t\t\t\t\t\t\t\t\t\t\t\t\t\tPesquisa\t\t\t\t\t\t\t\t\t\t\t\t\t<\/div>\n\t\t\t\t\t\t<div class=\"sow-accordion-open-close-button\">\n\t\t\t\t\t\t\t<div class=\"sow-accordion-open-button\">\n\t\t\t\t\t\t\t\t<span class=\"sow-icon-ionicons\" data-sow-icon=\"&#xf218;\"\n\t\t \n\t\taria-hidden=\"true\"><\/span>\t\t\t\t\t\t\t<\/div>\n\t\t\t\t\t\t\t<div class=\"sow-accordion-close-button\">\n\t\t\t\t\t\t\t\t<span class=\"sow-icon-ionicons\" data-sow-icon=\"&#xf209;\"\n\t\t \n\t\taria-hidden=\"true\"><\/span>\t\t\t\t\t\t\t<\/div>\n\t\t\t\t\t\t<\/div>\n\t\t\t\t\t<\/div>\n\t\t\t\t<\/div>\n\n\t\t\t<div\n\t\t\t\tclass=\"sow-accordion-panel-content\"\n\t\t\t\trole=\"region\"\n\t\t\t\taria-labelledby=\"accordion-label-pesquisa\"\n\t\t\t\tid=\"accordion-content-pesquisa\"\n\t\t\t\tstyle=\"display: none;\"\t\t\t>\n\t\t\t\t<div class=\"sow-accordion-panel-border\">\n\t\t\t\t\t<div class=\"dados-cobalto cobalto-lista-projetos\"><table id=\"cobalto-tabela-projetos-2\" class=\"cobalto-tabela-projetos\"><thead><tr><th>T\u00edtulo<\/th><th>In\u00edcio<\/th><th>Fim<\/th><\/tr><\/thead><tbody><tr><td><a href=\"https:\/\/institucional.ufpel.edu.br\/projetos\/id\/u2783\" target=\"_blank\">Visualidade e materialidade nos acervos do Centro de mem\u00f3ria e pesquisa Hisales<\/a><\/td><td data-order=\"2020-08-01\">01\/08\/2020<\/td><td data-order=\"2028-08-01\">01\/08\/2028<\/td><\/tr><tr><td><a href=\"https:\/\/institucional.ufpel.edu.br\/projetos\/id\/u5106\" target=\"_blank\">Abordagens Multiprofissionais em Inova\u00e7\u00f5es Sociais<\/a><\/td><td data-order=\"2021-12-22\">22\/12\/2021<\/td><td data-order=\"2029-12-22\">22\/12\/2029<\/td><\/tr><tr><td><a href=\"https:\/\/institucional.ufpel.edu.br\/projetos\/id\/u8185\" target=\"_blank\">Pesquisa em Design de Intera\u00e7\u00e3o - LABxD (Laborat\u00f3rio de Design de Intera\u00e7\u00e3o)<\/a><\/td><td data-order=\"2025-01-11\">11\/01\/2025<\/td><td data-order=\"2029-01-11\">11\/01\/2029<\/td><\/tr><tr><td><a href=\"https:\/\/institucional.ufpel.edu.br\/projetos\/id\/u8233\" target=\"_blank\">DESIGN ESTRAT\u00c9GICO: GEST\u00c3O, MARKETING, EMPREENDEDORISMO E INOVA\u00c7\u00c3O COMO ALIADOS \u00c0S PESQUISAS E AOS PROJETOS EM DESIGN<\/a><\/td><td data-order=\"2024-07-01\">01\/07\/2024<\/td><td data-order=\"2028-07-01\">01\/07\/2028<\/td><\/tr><tr><td><a href=\"https:\/\/institucional.ufpel.edu.br\/projetos\/id\/u8551\" target=\"_blank\">Design e Desenvolvimento territorial<\/a><\/td><td data-order=\"2024-10-01\">01\/10\/2024<\/td><td data-order=\"2026-09-30\">30\/09\/2026<\/td><\/tr><tr><td><a href=\"https:\/\/institucional.ufpel.edu.br\/projetos\/id\/u9797\" target=\"_blank\">Criatividade e(m) design<\/a><\/td><td data-order=\"2025-08-01\">01\/08\/2025<\/td><td data-order=\"2026-07-01\">01\/07\/2026<\/td><\/tr><\/tbody><\/table><\/div>\t\t\t\t<\/div>\n\t\t\t<\/div>\n\t\t<\/div>\n\t\t\t<div class=\"sow-accordion-panel\n\t\t\t\t\"\n\t\t\tdata-anchor-id=\"extensao\">\n\t\t\t\t<div class=\"sow-accordion-panel-header-container\" role=\"heading\" aria-level=\"2\">\n\t\t\t\t\t<div class=\"sow-accordion-panel-header\" tabindex=\"0\" role=\"button\" id=\"accordion-label-extens%c3%a3o\" aria-controls=\"accordion-content-extens%c3%a3o\" aria-expanded=\"false\">\n\t\t\t\t\t\t<div class=\"sow-accordion-title sow-accordion-title-icon-left\">\n\t\t\t\t\t\t\t\t\t\t\t\t\t\tExtens\u00e3o\t\t\t\t\t\t\t\t\t\t\t\t\t<\/div>\n\t\t\t\t\t\t<div class=\"sow-accordion-open-close-button\">\n\t\t\t\t\t\t\t<div class=\"sow-accordion-open-button\">\n\t\t\t\t\t\t\t\t<span class=\"sow-icon-ionicons\" data-sow-icon=\"&#xf218;\"\n\t\t \n\t\taria-hidden=\"true\"><\/span>\t\t\t\t\t\t\t<\/div>\n\t\t\t\t\t\t\t<div class=\"sow-accordion-close-button\">\n\t\t\t\t\t\t\t\t<span class=\"sow-icon-ionicons\" data-sow-icon=\"&#xf209;\"\n\t\t \n\t\taria-hidden=\"true\"><\/span>\t\t\t\t\t\t\t<\/div>\n\t\t\t\t\t\t<\/div>\n\t\t\t\t\t<\/div>\n\t\t\t\t<\/div>\n\n\t\t\t<div\n\t\t\t\tclass=\"sow-accordion-panel-content\"\n\t\t\t\trole=\"region\"\n\t\t\t\taria-labelledby=\"accordion-label-extens%c3%a3o\"\n\t\t\t\tid=\"accordion-content-extens%c3%a3o\"\n\t\t\t\tstyle=\"display: none;\"\t\t\t>\n\t\t\t\t<div class=\"sow-accordion-panel-border\">\n\t\t\t\t\t<div class=\"dados-cobalto cobalto-lista-projetos\"><table id=\"cobalto-tabela-projetos-3\" class=\"cobalto-tabela-projetos\"><thead><tr><th>T\u00edtulo<\/th><th>In\u00edcio<\/th><th>Fim<\/th><\/tr><\/thead><tbody><tr><td><a href=\"https:\/\/institucional.ufpel.edu.br\/projetos\/id\/u5331\" target=\"_blank\">Suldesign Galeria<\/a><\/td><td data-order=\"2022-04-11\">11\/04\/2022<\/td><td data-order=\"2027-12-01\">01\/12\/2027<\/td><\/tr><tr><td><a href=\"https:\/\/institucional.ufpel.edu.br\/projetos\/id\/u7658\" target=\"_blank\">Desenvolvimento de um portf\u00f3lio de livros digitais interativos para as crian\u00e7as abrigadas<\/a><\/td><td data-order=\"2024-08-06\">06\/08\/2024<\/td><td data-order=\"2028-08-04\">04\/08\/2028<\/td><\/tr><tr><td><a href=\"https:\/\/institucional.ufpel.edu.br\/projetos\/id\/u8180\" target=\"_blank\">Quero minha foto de volta: restaura\u00e7\u00e3o digital de fotos danificadas com as enchentes do RS<\/a><\/td><td data-order=\"2024-06-11\">11\/06\/2024<\/td><td data-order=\"2026-12-01\">01\/12\/2026<\/td><\/tr><tr><td><a href=\"https:\/\/institucional.ufpel.edu.br\/projetos\/id\/u9447\" target=\"_blank\">Laborat\u00f3rio de Prototipagem do Centro de Artes<\/a><\/td><td data-order=\"2025-06-09\">09\/06\/2025<\/td><td data-order=\"2029-06-09\">09\/06\/2029<\/td><\/tr><tr><td><a href=\"https:\/\/institucional.ufpel.edu.br\/projetos\/id\/u9781\" target=\"_blank\">Semin\u00e1rio Fot\u00f3grafos Hist\u00f3ricos e Vanguardas Art\u00edsticas<\/a><\/td><td data-order=\"2025-06-17\">17\/06\/2025<\/td><td data-order=\"2029-06-17\">17\/06\/2029<\/td><\/tr><tr><td><a href=\"https:\/\/institucional.ufpel.edu.br\/projetos\/id\/u10174\" target=\"_blank\">Design Conecta<\/a><\/td><td data-order=\"2026-03-16\">16\/03\/2026<\/td><td data-order=\"2029-11-03\">03\/11\/2029<\/td><\/tr><tr><td><a href=\"https:\/\/institucional.ufpel.edu.br\/projetos\/id\/u10307\" target=\"_blank\">EDI: Educa\u00e7\u00e3o, Design e Inclus\u00e3o<\/a><\/td><td data-order=\"2025-10-24\">24\/10\/2025<\/td><td data-order=\"2027-10-24\">24\/10\/2027<\/td><\/tr><tr><td><a href=\"https:\/\/institucional.ufpel.edu.br\/projetos\/id\/u10403\" target=\"_blank\">Design para o territ\u00f3rio<\/a><\/td><td data-order=\"2026-02-02\">02\/02\/2026<\/td><td data-order=\"2030-02-02\">02\/02\/2030<\/td><\/tr><tr><td><a href=\"https:\/\/institucional.ufpel.edu.br\/projetos\/id\/u10510\" target=\"_blank\">Polo HUB.GIPC \u2013 Hub Gest\u00e3o Integrada do Patrim\u00f4nio Cultural<\/a><\/td><td data-order=\"2026-02-03\">03\/02\/2026<\/td><td data-order=\"2027-01-30\">30\/01\/2027<\/td><\/tr><\/tbody><\/table><\/div>\t\t\t\t<\/div>\n\t\t\t<\/div>\n\t\t<\/div>\n\t\t<\/div>\n<\/div>\n<\/div><\/div><\/div><\/div><\/div>","protected":false},"excerpt":{"rendered":"<p>Ensino T\u00edtuloIn\u00edcioFimLaborat\u00f3rio de Design de Intera\u00e7\u00e3o &#8211; LABxD29\/04\/202429\/04\/2028 Pesquisa T\u00edtuloIn\u00edcioFimVisualidade e materialidade nos acervos do Centro de mem\u00f3ria e pesquisa Hisales01\/08\/202001\/08\/2028Abordagens Multiprofissionais em Inova\u00e7\u00f5es Sociais22\/12\/202122\/12\/2029Pesquisa em Design de Intera\u00e7\u00e3o &#8211; LABxD (Laborat\u00f3rio de Design de Intera\u00e7\u00e3o)11\/01\/202511\/01\/2029DESIGN ESTRAT\u00c9GICO: GEST\u00c3O, MARKETING, EMPREENDEDORISMO E INOVA\u00c7\u00c3O COMO ALIADOS \u00c0S PESQUISAS E AOS PROJETOS EM DESIGN01\/07\/202401\/07\/2028Design e Desenvolvimento territorial01\/10\/202430\/09\/2026Criatividade e(m) [&hellip;]<\/p>\n","protected":false},"author":928,"featured_media":0,"parent":0,"menu_order":0,"comment_status":"closed","ping_status":"closed","template":"","meta":{"footnotes":""},"class_list":["post-324","page","type-page","status-publish","hentry","post"],"yoast_head":"<!-- This site is optimized with the Yoast SEO plugin v26.7 - https:\/\/yoast.com\/wordpress\/plugins\/seo\/ -->\n<title>Projetos - Design<\/title>\n<meta name=\"robots\" content=\"index, follow, max-snippet:-1, max-image-preview:large, max-video-preview:-1\" \/>\n<link rel=\"canonical\" href=\"https:\/\/wp.ufpel.edu.br\/design\/projetos-academicos\/\" \/>\n<meta property=\"og:locale\" content=\"pt_BR\" \/>\n<meta property=\"og:type\" content=\"article\" \/>\n<meta property=\"og:title\" content=\"Projetos - Design\" \/>\n<meta property=\"og:description\" content=\"Ensino T\u00edtuloIn\u00edcioFimLaborat\u00f3rio de Design de Intera\u00e7\u00e3o - LABxD29\/04\/202429\/04\/2028 Pesquisa T\u00edtuloIn\u00edcioFimVisualidade e materialidade nos acervos do Centro de mem\u00f3ria e pesquisa Hisales01\/08\/202001\/08\/2028Abordagens Multiprofissionais em Inova\u00e7\u00f5es Sociais22\/12\/202122\/12\/2029Pesquisa em Design de Intera\u00e7\u00e3o - LABxD (Laborat\u00f3rio de Design de Intera\u00e7\u00e3o)11\/01\/202511\/01\/2029DESIGN ESTRAT\u00c9GICO: GEST\u00c3O, MARKETING, EMPREENDEDORISMO E INOVA\u00c7\u00c3O COMO ALIADOS \u00c0S PESQUISAS E AOS PROJETOS EM DESIGN01\/07\/202401\/07\/2028Design e Desenvolvimento territorial01\/10\/202430\/09\/2026Criatividade e(m) [&hellip;]\" \/>\n<meta property=\"og:url\" content=\"https:\/\/wp.ufpel.edu.br\/design\/projetos-academicos\/\" \/>\n<meta property=\"og:site_name\" content=\"Design\" \/>\n<meta property=\"article:modified_time\" content=\"2025-05-05T19:01:09+00:00\" \/>\n<meta name=\"twitter:card\" content=\"summary_large_image\" \/>\n<meta name=\"twitter:label1\" content=\"Est. tempo de leitura\" \/>\n\t<meta name=\"twitter:data1\" content=\"1 minuto\" \/>\n<script type=\"application\/ld+json\" class=\"yoast-schema-graph\">{\"@context\":\"https:\/\/schema.org\",\"@graph\":[{\"@type\":\"WebPage\",\"@id\":\"https:\/\/wp.ufpel.edu.br\/design\/projetos-academicos\/\",\"url\":\"https:\/\/wp.ufpel.edu.br\/design\/projetos-academicos\/\",\"name\":\"Projetos - Design\",\"isPartOf\":{\"@id\":\"https:\/\/wp.ufpel.edu.br\/design\/#website\"},\"datePublished\":\"2024-09-02T19:22:57+00:00\",\"dateModified\":\"2025-05-05T19:01:09+00:00\",\"breadcrumb\":{\"@id\":\"https:\/\/wp.ufpel.edu.br\/design\/projetos-academicos\/#breadcrumb\"},\"inLanguage\":\"pt-BR\",\"potentialAction\":[{\"@type\":\"ReadAction\",\"target\":[\"https:\/\/wp.ufpel.edu.br\/design\/projetos-academicos\/\"]}]},{\"@type\":\"BreadcrumbList\",\"@id\":\"https:\/\/wp.ufpel.edu.br\/design\/projetos-academicos\/#breadcrumb\",\"itemListElement\":[{\"@type\":\"ListItem\",\"position\":1,\"name\":\"In\u00edcio\",\"item\":\"https:\/\/wp.ufpel.edu.br\/design\/\"},{\"@type\":\"ListItem\",\"position\":2,\"name\":\"Projetos\"}]},{\"@type\":\"WebSite\",\"@id\":\"https:\/\/wp.ufpel.edu.br\/design\/#website\",\"url\":\"https:\/\/wp.ufpel.edu.br\/design\/\",\"name\":\"Design\",\"description\":\"Universidade Federal de Pelotas\",\"publisher\":{\"@id\":\"https:\/\/wp.ufpel.edu.br\/design\/#organization\"},\"potentialAction\":[{\"@type\":\"SearchAction\",\"target\":{\"@type\":\"EntryPoint\",\"urlTemplate\":\"https:\/\/wp.ufpel.edu.br\/design\/?s={search_term_string}\"},\"query-input\":{\"@type\":\"PropertyValueSpecification\",\"valueRequired\":true,\"valueName\":\"search_term_string\"}}],\"inLanguage\":\"pt-BR\"},{\"@type\":\"Organization\",\"@id\":\"https:\/\/wp.ufpel.edu.br\/design\/#organization\",\"name\":\"Design\",\"url\":\"https:\/\/wp.ufpel.edu.br\/design\/\",\"logo\":{\"@type\":\"ImageObject\",\"inLanguage\":\"pt-BR\",\"@id\":\"https:\/\/wp.ufpel.edu.br\/design\/#\/schema\/logo\/image\/\",\"url\":\"https:\/\/wp.ufpel.edu.br\/design\/files\/2024\/09\/Logo-Branco.png\",\"contentUrl\":\"https:\/\/wp.ufpel.edu.br\/design\/files\/2024\/09\/Logo-Branco.png\",\"width\":192,\"height\":40,\"caption\":\"Design\"},\"image\":{\"@id\":\"https:\/\/wp.ufpel.edu.br\/design\/#\/schema\/logo\/image\/\"}}]}<\/script>\n<!-- \/ Yoast SEO plugin. -->","yoast_head_json":{"title":"Projetos - Design","robots":{"index":"index","follow":"follow","max-snippet":"max-snippet:-1","max-image-preview":"max-image-preview:large","max-video-preview":"max-video-preview:-1"},"canonical":"https:\/\/wp.ufpel.edu.br\/design\/projetos-academicos\/","og_locale":"pt_BR","og_type":"article","og_title":"Projetos - Design","og_description":"Ensino T\u00edtuloIn\u00edcioFimLaborat\u00f3rio de Design de Intera\u00e7\u00e3o - LABxD29\/04\/202429\/04\/2028 Pesquisa T\u00edtuloIn\u00edcioFimVisualidade e materialidade nos acervos do Centro de mem\u00f3ria e pesquisa Hisales01\/08\/202001\/08\/2028Abordagens Multiprofissionais em Inova\u00e7\u00f5es Sociais22\/12\/202122\/12\/2029Pesquisa em Design de Intera\u00e7\u00e3o - LABxD (Laborat\u00f3rio de Design de Intera\u00e7\u00e3o)11\/01\/202511\/01\/2029DESIGN ESTRAT\u00c9GICO: GEST\u00c3O, MARKETING, EMPREENDEDORISMO E INOVA\u00c7\u00c3O COMO ALIADOS \u00c0S PESQUISAS E AOS PROJETOS EM DESIGN01\/07\/202401\/07\/2028Design e Desenvolvimento territorial01\/10\/202430\/09\/2026Criatividade e(m) [&hellip;]","og_url":"https:\/\/wp.ufpel.edu.br\/design\/projetos-academicos\/","og_site_name":"Design","article_modified_time":"2025-05-05T19:01:09+00:00","twitter_card":"summary_large_image","twitter_misc":{"Est. tempo de leitura":"1 minuto"},"schema":{"@context":"https:\/\/schema.org","@graph":[{"@type":"WebPage","@id":"https:\/\/wp.ufpel.edu.br\/design\/projetos-academicos\/","url":"https:\/\/wp.ufpel.edu.br\/design\/projetos-academicos\/","name":"Projetos - Design","isPartOf":{"@id":"https:\/\/wp.ufpel.edu.br\/design\/#website"},"datePublished":"2024-09-02T19:22:57+00:00","dateModified":"2025-05-05T19:01:09+00:00","breadcrumb":{"@id":"https:\/\/wp.ufpel.edu.br\/design\/projetos-academicos\/#breadcrumb"},"inLanguage":"pt-BR","potentialAction":[{"@type":"ReadAction","target":["https:\/\/wp.ufpel.edu.br\/design\/projetos-academicos\/"]}]},{"@type":"BreadcrumbList","@id":"https:\/\/wp.ufpel.edu.br\/design\/projetos-academicos\/#breadcrumb","itemListElement":[{"@type":"ListItem","position":1,"name":"In\u00edcio","item":"https:\/\/wp.ufpel.edu.br\/design\/"},{"@type":"ListItem","position":2,"name":"Projetos"}]},{"@type":"WebSite","@id":"https:\/\/wp.ufpel.edu.br\/design\/#website","url":"https:\/\/wp.ufpel.edu.br\/design\/","name":"Design","description":"Universidade Federal de Pelotas","publisher":{"@id":"https:\/\/wp.ufpel.edu.br\/design\/#organization"},"potentialAction":[{"@type":"SearchAction","target":{"@type":"EntryPoint","urlTemplate":"https:\/\/wp.ufpel.edu.br\/design\/?s={search_term_string}"},"query-input":{"@type":"PropertyValueSpecification","valueRequired":true,"valueName":"search_term_string"}}],"inLanguage":"pt-BR"},{"@type":"Organization","@id":"https:\/\/wp.ufpel.edu.br\/design\/#organization","name":"Design","url":"https:\/\/wp.ufpel.edu.br\/design\/","logo":{"@type":"ImageObject","inLanguage":"pt-BR","@id":"https:\/\/wp.ufpel.edu.br\/design\/#\/schema\/logo\/image\/","url":"https:\/\/wp.ufpel.edu.br\/design\/files\/2024\/09\/Logo-Branco.png","contentUrl":"https:\/\/wp.ufpel.edu.br\/design\/files\/2024\/09\/Logo-Branco.png","width":192,"height":40,"caption":"Design"},"image":{"@id":"https:\/\/wp.ufpel.edu.br\/design\/#\/schema\/logo\/image\/"}}]}},"jetpack_sharing_enabled":true,"_links":{"self":[{"href":"https:\/\/wp.ufpel.edu.br\/design\/wp-json\/wp\/v2\/pages\/324","targetHints":{"allow":["GET"]}}],"collection":[{"href":"https:\/\/wp.ufpel.edu.br\/design\/wp-json\/wp\/v2\/pages"}],"about":[{"href":"https:\/\/wp.ufpel.edu.br\/design\/wp-json\/wp\/v2\/types\/page"}],"author":[{"embeddable":true,"href":"https:\/\/wp.ufpel.edu.br\/design\/wp-json\/wp\/v2\/users\/928"}],"replies":[{"embeddable":true,"href":"https:\/\/wp.ufpel.edu.br\/design\/wp-json\/wp\/v2\/comments?post=324"}],"version-history":[{"count":2,"href":"https:\/\/wp.ufpel.edu.br\/design\/wp-json\/wp\/v2\/pages\/324\/revisions"}],"predecessor-version":[{"id":678,"href":"https:\/\/wp.ufpel.edu.br\/design\/wp-json\/wp\/v2\/pages\/324\/revisions\/678"}],"wp:attachment":[{"href":"https:\/\/wp.ufpel.edu.br\/design\/wp-json\/wp\/v2\/media?parent=324"}],"curies":[{"name":"wp","href":"https:\/\/api.w.org\/{rel}","templated":true}]}}