{"id":297,"date":"2024-09-02T15:34:16","date_gmt":"2024-09-02T18:34:16","guid":{"rendered":"https:\/\/wp.ufpel.edu.br\/design\/?page_id=297"},"modified":"2024-09-02T15:45:17","modified_gmt":"2024-09-02T18:45:17","slug":"quebra-de-pre-requisito","status":"publish","type":"page","link":"https:\/\/wp.ufpel.edu.br\/design\/quebra-de-pre-requisito\/","title":{"rendered":"Quebra de Pr\u00e9-Requisito"},"content":{"rendered":"<div id=\"pl-297\"  class=\"panel-layout\" ><div id=\"pg-297-0\"  class=\"panel-grid panel-no-style\" ><div id=\"pgc-297-0-0\"  class=\"panel-grid-cell\" ><div id=\"panel-297-0-0-0\" class=\"so-panel widget widget_sow-editor panel-first-child panel-last-child\" data-index=\"0\" ><div\n\t\t\t\n\t\t\tclass=\"so-widget-sow-editor so-widget-sow-editor-base\"\n\t\t\t\n\t\t>\n<div class=\"siteorigin-widget-tinymce textwidget\">\n\t<h2 class=\"has-16-undefined-undefined-font-size\"><strong>O que \u00e9<\/strong><\/h2>\n<p class=\"has-16-undefined-undefined-font-size\">A quebra de pr\u00e9-requisito pode ser requerida pelos discentes que t\u00eam a necessidade de cursar componente curricular sem ainda ter conclu\u00eddo todos os pr\u00e9-requisitos estabelecidos no projeto pedag\u00f3gico do curso.<\/p>\n<h2 class=\"has-16-undefined-undefined-font-size\"><strong>Como solicitar<\/strong><\/h2>\n<p class=\"has-16-undefined-undefined-font-size\">O aluno que deseja solicitar quebra de pr\u00e9-requisito deve fazer o pedido diretamente no Colegiado de Curso, que analisar\u00e1 com base em crit\u00e9rios estabelecidos na Nota t\u00e9cnica n\u00b0 03\/2017 do COCEPE. Em caso de deferimento, o pr\u00f3prio Colegiado conceder\u00e1 a matr\u00edcula especial na disciplina desejada pelo aluno e arquivar\u00e1 o processo.<br \/>\nSe o pedido for indeferido, por\u00e9m, o aluno pode requerer que sua solicita\u00e7\u00e3o seja encaminhada ao COCEPE, que atuar\u00e1 como inst\u00e2ncia recursal.<\/p>\n<p><a href=\"https:\/\/wp.ufpel.edu.br\/cra\/files\/2020\/07\/Requerimento-de-quebra-pre-requisito.pdf\">Modelo de Requerimento<\/a><\/p>\n<h2 class=\"has-16-undefined-undefined-font-size\"><strong>\u00a0<\/strong><strong>Fluxograma<\/strong><\/h2>\n<table class=\"alignleft\" style=\"border-color: #000000; border-style: solid;\" border=\"1\">\n<tbody>\n<tr style=\"height: 24px;\">\n<td style=\"width: 76px; background-color: #ec704b; height: 24px;\"><span style=\"color: #ffffff;\">Etapa<\/span><\/td>\n<td style=\"width: 210px; background-color: #ec704b; height: 24px;\"><span style=\"color: #ffffff;\">Respons\u00e1vel<\/span><\/td>\n<td style=\"width: 438px; background-color: #ec704b; height: 24px;\"><span style=\"color: #ffffff;\">Procedimento<\/span><\/td>\n<\/tr>\n<tr style=\"height: 24px;\">\n<td style=\"width: 76px; height: 24px;\">1<\/td>\n<td style=\"width: 210px; height: 24px;\"><strong>Discente<\/strong><\/td>\n<td style=\"width: 438px; height: 24px;\">\u2013 Solicitar a quebra de pr\u00e9-requisito no colegiado.<\/td>\n<\/tr>\n<tr style=\"height: 96px;\">\n<td style=\"width: 76px; height: 96px; background-color: #e0e0e0;\">2<\/td>\n<td style=\"width: 210px; height: 96px; background-color: #e0e0e0;\"><strong>Colegiado de curso<\/strong><\/td>\n<td style=\"width: 438px; height: 96px; background-color: #e0e0e0;\">\u2013 Avaliar a solicita\u00e7\u00e3o;<br \/>\n\u2013 Informar o resultado ao discente;<br \/>\nSe deferida:<br \/>\n\u2013 Matricular no componente curricular;<\/td>\n<\/tr>\n<tr style=\"height: 24px;\">\n<td style=\"width: 76px; height: 24px;\"><\/td>\n<td style=\"width: 210px; height: 24px;\"><\/td>\n<td style=\"width: 438px; height: 24px;\">Se indeferido:<\/td>\n<\/tr>\n<tr style=\"height: 24px;\">\n<td style=\"width: 76px; height: 24px;\">3<\/td>\n<td style=\"width: 210px; height: 24px;\"><strong>Discente<\/strong><\/td>\n<td style=\"width: 438px; height: 24px;\">\u2013 Poder\u00e1 recorrer da decis\u00e3o no colegiado do curso;<\/td>\n<\/tr>\n<tr style=\"height: 48px;\">\n<td style=\"width: 76px; background-color: #e0e0e0; height: 48px;\">4<\/td>\n<td style=\"width: 210px; background-color: #e0e0e0; height: 48px;\"><strong>Colegiado de curso<\/strong><\/td>\n<td style=\"width: 438px; background-color: #e0e0e0; height: 48px;\">\u2013 Receber recurso;<br \/>\n\u2013 Enviar ao COCEPE.<\/td>\n<\/tr>\n<tr style=\"height: 48px;\">\n<td style=\"width: 76px; height: 48px;\">5<\/td>\n<td style=\"width: 210px; height: 48px;\"><strong>COCEPE<\/strong><\/td>\n<td style=\"width: 438px; height: 48px;\">\u2013 Deliberar sobre a solicita\u00e7\u00e3o;<br \/>\n\u2013 Encaminhar a CRA para registro.<\/td>\n<\/tr>\n<tr style=\"height: 24px;\">\n<td style=\"width: 76px; height: 24px; background-color: #e0e0e0;\">6<\/td>\n<td style=\"width: 210px; height: 24px; background-color: #e0e0e0;\"><strong>CRA<\/strong><\/td>\n<td style=\"width: 438px; height: 24px; background-color: #e0e0e0;\">\u2013 Registrar matr\u00edcula.<\/td>\n<\/tr>\n<\/tbody>\n<\/table>\n<\/div>\n<\/div><\/div><\/div><\/div><\/div>","protected":false},"excerpt":{"rendered":"<p>O que \u00e9 A quebra de pr\u00e9-requisito pode ser requerida pelos discentes que t\u00eam a necessidade de cursar componente curricular sem ainda ter conclu\u00eddo todos os pr\u00e9-requisitos estabelecidos no projeto pedag\u00f3gico do curso. Como solicitar O aluno que deseja solicitar quebra de pr\u00e9-requisito deve fazer o pedido diretamente no Colegiado de Curso, que analisar\u00e1 com [&hellip;]<\/p>\n","protected":false},"author":928,"featured_media":0,"parent":0,"menu_order":0,"comment_status":"closed","ping_status":"closed","template":"","meta":{"footnotes":""},"class_list":["post-297","page","type-page","status-publish","hentry","post"],"yoast_head":"<!-- This site is optimized with the Yoast SEO plugin v26.7 - https:\/\/yoast.com\/wordpress\/plugins\/seo\/ -->\n<title>Quebra de Pr\u00e9-Requisito - Design<\/title>\n<meta name=\"robots\" content=\"index, follow, max-snippet:-1, max-image-preview:large, max-video-preview:-1\" \/>\n<link rel=\"canonical\" href=\"https:\/\/wp.ufpel.edu.br\/design\/quebra-de-pre-requisito\/\" \/>\n<meta property=\"og:locale\" content=\"pt_BR\" \/>\n<meta property=\"og:type\" content=\"article\" \/>\n<meta property=\"og:title\" content=\"Quebra de Pr\u00e9-Requisito - Design\" \/>\n<meta property=\"og:description\" content=\"O que \u00e9 A quebra de pr\u00e9-requisito pode ser requerida pelos discentes que t\u00eam a necessidade de cursar componente curricular sem ainda ter conclu\u00eddo todos os pr\u00e9-requisitos estabelecidos no projeto pedag\u00f3gico do curso. Como solicitar O aluno que deseja solicitar quebra de pr\u00e9-requisito deve fazer o pedido diretamente no Colegiado de Curso, que analisar\u00e1 com [&hellip;]\" \/>\n<meta property=\"og:url\" content=\"https:\/\/wp.ufpel.edu.br\/design\/quebra-de-pre-requisito\/\" \/>\n<meta property=\"og:site_name\" content=\"Design\" \/>\n<meta property=\"article:modified_time\" content=\"2024-09-02T18:45:17+00:00\" \/>\n<meta name=\"twitter:card\" content=\"summary_large_image\" \/>\n<meta name=\"twitter:label1\" content=\"Est. tempo de leitura\" \/>\n\t<meta name=\"twitter:data1\" content=\"1 minuto\" \/>\n<script type=\"application\/ld+json\" class=\"yoast-schema-graph\">{\"@context\":\"https:\/\/schema.org\",\"@graph\":[{\"@type\":\"WebPage\",\"@id\":\"https:\/\/wp.ufpel.edu.br\/design\/quebra-de-pre-requisito\/\",\"url\":\"https:\/\/wp.ufpel.edu.br\/design\/quebra-de-pre-requisito\/\",\"name\":\"Quebra de Pr\u00e9-Requisito - Design\",\"isPartOf\":{\"@id\":\"https:\/\/wp.ufpel.edu.br\/design\/#website\"},\"datePublished\":\"2024-09-02T18:34:16+00:00\",\"dateModified\":\"2024-09-02T18:45:17+00:00\",\"breadcrumb\":{\"@id\":\"https:\/\/wp.ufpel.edu.br\/design\/quebra-de-pre-requisito\/#breadcrumb\"},\"inLanguage\":\"pt-BR\",\"potentialAction\":[{\"@type\":\"ReadAction\",\"target\":[\"https:\/\/wp.ufpel.edu.br\/design\/quebra-de-pre-requisito\/\"]}]},{\"@type\":\"BreadcrumbList\",\"@id\":\"https:\/\/wp.ufpel.edu.br\/design\/quebra-de-pre-requisito\/#breadcrumb\",\"itemListElement\":[{\"@type\":\"ListItem\",\"position\":1,\"name\":\"In\u00edcio\",\"item\":\"https:\/\/wp.ufpel.edu.br\/design\/\"},{\"@type\":\"ListItem\",\"position\":2,\"name\":\"Quebra de Pr\u00e9-Requisito\"}]},{\"@type\":\"WebSite\",\"@id\":\"https:\/\/wp.ufpel.edu.br\/design\/#website\",\"url\":\"https:\/\/wp.ufpel.edu.br\/design\/\",\"name\":\"Design\",\"description\":\"Universidade Federal de Pelotas\",\"publisher\":{\"@id\":\"https:\/\/wp.ufpel.edu.br\/design\/#organization\"},\"potentialAction\":[{\"@type\":\"SearchAction\",\"target\":{\"@type\":\"EntryPoint\",\"urlTemplate\":\"https:\/\/wp.ufpel.edu.br\/design\/?s={search_term_string}\"},\"query-input\":{\"@type\":\"PropertyValueSpecification\",\"valueRequired\":true,\"valueName\":\"search_term_string\"}}],\"inLanguage\":\"pt-BR\"},{\"@type\":\"Organization\",\"@id\":\"https:\/\/wp.ufpel.edu.br\/design\/#organization\",\"name\":\"Design\",\"url\":\"https:\/\/wp.ufpel.edu.br\/design\/\",\"logo\":{\"@type\":\"ImageObject\",\"inLanguage\":\"pt-BR\",\"@id\":\"https:\/\/wp.ufpel.edu.br\/design\/#\/schema\/logo\/image\/\",\"url\":\"https:\/\/wp.ufpel.edu.br\/design\/files\/2024\/09\/Logo-Branco.png\",\"contentUrl\":\"https:\/\/wp.ufpel.edu.br\/design\/files\/2024\/09\/Logo-Branco.png\",\"width\":192,\"height\":40,\"caption\":\"Design\"},\"image\":{\"@id\":\"https:\/\/wp.ufpel.edu.br\/design\/#\/schema\/logo\/image\/\"}}]}<\/script>\n<!-- \/ Yoast SEO plugin. -->","yoast_head_json":{"title":"Quebra de Pr\u00e9-Requisito - Design","robots":{"index":"index","follow":"follow","max-snippet":"max-snippet:-1","max-image-preview":"max-image-preview:large","max-video-preview":"max-video-preview:-1"},"canonical":"https:\/\/wp.ufpel.edu.br\/design\/quebra-de-pre-requisito\/","og_locale":"pt_BR","og_type":"article","og_title":"Quebra de Pr\u00e9-Requisito - Design","og_description":"O que \u00e9 A quebra de pr\u00e9-requisito pode ser requerida pelos discentes que t\u00eam a necessidade de cursar componente curricular sem ainda ter conclu\u00eddo todos os pr\u00e9-requisitos estabelecidos no projeto pedag\u00f3gico do curso. Como solicitar O aluno que deseja solicitar quebra de pr\u00e9-requisito deve fazer o pedido diretamente no Colegiado de Curso, que analisar\u00e1 com [&hellip;]","og_url":"https:\/\/wp.ufpel.edu.br\/design\/quebra-de-pre-requisito\/","og_site_name":"Design","article_modified_time":"2024-09-02T18:45:17+00:00","twitter_card":"summary_large_image","twitter_misc":{"Est. tempo de leitura":"1 minuto"},"schema":{"@context":"https:\/\/schema.org","@graph":[{"@type":"WebPage","@id":"https:\/\/wp.ufpel.edu.br\/design\/quebra-de-pre-requisito\/","url":"https:\/\/wp.ufpel.edu.br\/design\/quebra-de-pre-requisito\/","name":"Quebra de Pr\u00e9-Requisito - Design","isPartOf":{"@id":"https:\/\/wp.ufpel.edu.br\/design\/#website"},"datePublished":"2024-09-02T18:34:16+00:00","dateModified":"2024-09-02T18:45:17+00:00","breadcrumb":{"@id":"https:\/\/wp.ufpel.edu.br\/design\/quebra-de-pre-requisito\/#breadcrumb"},"inLanguage":"pt-BR","potentialAction":[{"@type":"ReadAction","target":["https:\/\/wp.ufpel.edu.br\/design\/quebra-de-pre-requisito\/"]}]},{"@type":"BreadcrumbList","@id":"https:\/\/wp.ufpel.edu.br\/design\/quebra-de-pre-requisito\/#breadcrumb","itemListElement":[{"@type":"ListItem","position":1,"name":"In\u00edcio","item":"https:\/\/wp.ufpel.edu.br\/design\/"},{"@type":"ListItem","position":2,"name":"Quebra de Pr\u00e9-Requisito"}]},{"@type":"WebSite","@id":"https:\/\/wp.ufpel.edu.br\/design\/#website","url":"https:\/\/wp.ufpel.edu.br\/design\/","name":"Design","description":"Universidade Federal de Pelotas","publisher":{"@id":"https:\/\/wp.ufpel.edu.br\/design\/#organization"},"potentialAction":[{"@type":"SearchAction","target":{"@type":"EntryPoint","urlTemplate":"https:\/\/wp.ufpel.edu.br\/design\/?s={search_term_string}"},"query-input":{"@type":"PropertyValueSpecification","valueRequired":true,"valueName":"search_term_string"}}],"inLanguage":"pt-BR"},{"@type":"Organization","@id":"https:\/\/wp.ufpel.edu.br\/design\/#organization","name":"Design","url":"https:\/\/wp.ufpel.edu.br\/design\/","logo":{"@type":"ImageObject","inLanguage":"pt-BR","@id":"https:\/\/wp.ufpel.edu.br\/design\/#\/schema\/logo\/image\/","url":"https:\/\/wp.ufpel.edu.br\/design\/files\/2024\/09\/Logo-Branco.png","contentUrl":"https:\/\/wp.ufpel.edu.br\/design\/files\/2024\/09\/Logo-Branco.png","width":192,"height":40,"caption":"Design"},"image":{"@id":"https:\/\/wp.ufpel.edu.br\/design\/#\/schema\/logo\/image\/"}}]}},"jetpack_sharing_enabled":true,"_links":{"self":[{"href":"https:\/\/wp.ufpel.edu.br\/design\/wp-json\/wp\/v2\/pages\/297","targetHints":{"allow":["GET"]}}],"collection":[{"href":"https:\/\/wp.ufpel.edu.br\/design\/wp-json\/wp\/v2\/pages"}],"about":[{"href":"https:\/\/wp.ufpel.edu.br\/design\/wp-json\/wp\/v2\/types\/page"}],"author":[{"embeddable":true,"href":"https:\/\/wp.ufpel.edu.br\/design\/wp-json\/wp\/v2\/users\/928"}],"replies":[{"embeddable":true,"href":"https:\/\/wp.ufpel.edu.br\/design\/wp-json\/wp\/v2\/comments?post=297"}],"version-history":[{"count":11,"href":"https:\/\/wp.ufpel.edu.br\/design\/wp-json\/wp\/v2\/pages\/297\/revisions"}],"predecessor-version":[{"id":309,"href":"https:\/\/wp.ufpel.edu.br\/design\/wp-json\/wp\/v2\/pages\/297\/revisions\/309"}],"wp:attachment":[{"href":"https:\/\/wp.ufpel.edu.br\/design\/wp-json\/wp\/v2\/media?parent=297"}],"curies":[{"name":"wp","href":"https:\/\/api.w.org\/{rel}","templated":true}]}}