{"id":286,"date":"2024-09-02T15:25:13","date_gmt":"2024-09-02T18:25:13","guid":{"rendered":"https:\/\/wp.ufpel.edu.br\/design\/?page_id=286"},"modified":"2024-09-12T14:52:13","modified_gmt":"2024-09-12T17:52:13","slug":"exercicios-domiciliares","status":"publish","type":"page","link":"https:\/\/wp.ufpel.edu.br\/design\/exercicios-domiciliares\/","title":{"rendered":"Exerc\u00edcios Domiciliares"},"content":{"rendered":"<div id=\"pl-286\"  class=\"panel-layout\" ><div id=\"pg-286-0\"  class=\"panel-grid panel-no-style\" ><div id=\"pgc-286-0-0\"  class=\"panel-grid-cell\" ><div id=\"panel-286-0-0-0\" class=\"so-panel widget widget_sow-editor panel-first-child panel-last-child\" data-index=\"0\" ><div\n\t\t\t\n\t\t\tclass=\"so-widget-sow-editor so-widget-sow-editor-base\"\n\t\t\t\n\t\t>\n<div class=\"siteorigin-widget-tinymce textwidget\">\n\t<h2 class=\"has-16-undefined-undefined-font-size\"><strong>O que \u00e9<\/strong><\/h2>\n<p class=\"has-16-undefined-undefined-font-size\">Exerc\u00edcio Domiciliar \u00e9 a possibilidade de substitui\u00e7\u00e3o da frequ\u00eancia \u00e0s aulas por atividades orientadas fora do ambiente acad\u00eamico.<\/p>\n<p class=\"has-16-undefined-undefined-font-size\">\u00c9 permitido substituir a frequ\u00eancia \u00e0s aulas por exerc\u00edcios domiciliares, resguardada a qualidade do trabalho acad\u00eamico, nos seguintes casos:<\/p>\n<p class=\"has-16-undefined-undefined-font-size\">a) \u00e0 aluna gestante que, por ordem m\u00e9dica, esteja impedida de frequentar as atividades acad\u00eamicas;<br \/>\nb) licen\u00e7a maternidade e paternidade, em prazo condizente com a legisla\u00e7\u00e3o vigente;<br \/>\nc) ao discente com afec\u00e7\u00f5es cong\u00eanitas ou adquiridas, infec\u00e7\u00f5es, traumatismos, doen\u00e7as infectocontagiosas ou outras condi\u00e7\u00f5es caracterizadas por incapacidade f\u00edsica, incompat\u00edvel com a frequ\u00eancia normal \u00e0s atividades acad\u00eamicas;<br \/>\nd) ao discente com defici\u00eancia, quando n\u00e3o for poss\u00edvel sua integra\u00e7\u00e3o ao ambiente acad\u00eamico. Neste caso a solicita\u00e7\u00e3o de tratamento excepcional dever\u00e1 ser renovada a cada per\u00edodo letivo, mediante a apresenta\u00e7\u00e3o de laudos m\u00e9dicos.<\/p>\n<p class=\"has-16-undefined-undefined-font-size\">A concess\u00e3o de tratamento excepcional fica condicionada \u00e0 possibilidade de garantia de continuidade do processo did\u00e1tico-pedag\u00f3gico.<\/p>\n<p class=\"has-16-undefined-undefined-font-size\">N\u00e3o ser\u00e1 concedido exerc\u00edcio domiciliar ao discente matriculado em regime especial, e ao discente matriculado nos componentes curriculares que ofere\u00e7am:<\/p>\n<p class=\"has-16-undefined-undefined-font-size\">I \u2013 est\u00e1gio curricular;<br \/>\nII \u2013 pr\u00e1ticas laboratoriais ou ambulatoriais;<br \/>\nIII \u2013 atividades cuja execu\u00e7\u00e3o n\u00e3o possa ocorrer fora do ambiente acad\u00eamico;<br \/>\nIV \u2013 demais atividades cuja natureza seja incompat\u00edvel como exerc\u00edcio domiciliar.<\/p>\n<h2 class=\"has-16-undefined-undefined-font-size\"><strong>Como solicitar<\/strong><\/h2>\n<p class=\"has-16-undefined-undefined-font-size\">A solicita\u00e7\u00e3o deve ser feita via sistema acad\u00eamico <a href=\"https:\/\/cobalto.ufpel.edu.br\/\">COBALTO<\/a>, menu: <strong>Aluno &gt; Cadastro &gt; Solicita\u00e7\u00e3o de exerc\u00edcios domiciliares<\/strong>.\u00a0Da seguinte forma:<\/p>\n<p class=\"has-16-undefined-undefined-font-size\">I \u2013\u00a0Deve ser protocolada at\u00e9 o quinto dia posterior ao in\u00edcio da ocorr\u00eancia do fato impeditivo;<br \/>\nII \u2013\u00a0Deve ser informado o motivo e inclu\u00eddo o atestado de sa\u00fade;<br \/>\nIII \u2013\u00a0Deve salvar a solicita\u00e7\u00e3o e acompanhar o resultado pelo Cobalto.<\/p>\n<p class=\"has-16-undefined-undefined-font-size\">No atestado m\u00e9dico\/odontol\u00f3gico deve constar a indica\u00e7\u00e3o do per\u00edodo para realiza\u00e7\u00e3o das atividades em exerc\u00edcios domiciliares, bem como, a especifica\u00e7\u00e3o da quest\u00e3o de sa\u00fade para avalia\u00e7\u00e3o pericial.<\/p>\n<p class=\"has-16-undefined-undefined-font-size\">A per\u00edcia ir\u00e1 registrar o parecer no sistema acad\u00eamico. Com base no parecer da per\u00edcia, o Colegiado do curso, dever\u00e1 avaliar e registrar a possibilidade pedag\u00f3gica de realiza\u00e7\u00e3o das atividades em regime domiciliar.<\/p>\n<p>Na impossibilidade de realiza\u00e7\u00e3o dos exerc\u00edcios domiciliares o colegiado dever\u00e1 encaminhar a recomenda\u00e7\u00e3o de trancamento da matr\u00edcula.<\/p>\n<p>Em caso de deferimento, o professor do componente receber\u00e1 uma mensagem para cadastrar as atividades que dever\u00e3o ser desenvolvidas pelo aluno durante o per\u00edodo de exerc\u00edcios domiciliares.<\/p>\n<h2 class=\"has-16-undefined-undefined-font-size\"><strong>\u00a0<\/strong><strong>Fluxograma<\/strong><\/h2>\n<figure class=\"wp-block-table is-style-stripes\">\n<table class=\"alignleft\" style=\"height: 502px; border-color: #ffffff; width: 1198px; border-style: solid; background-color: ec704b;\" border=\"1\" width=\"1198\">\n<tbody>\n<tr style=\"background-color: #0076db;\">\n<td style=\"width: 190px; background-color: #0076db; border-color: #ffffff;\"><span style=\"color: #ffffff;\"><strong>Respons\u00e1vel<\/strong><\/span><\/td>\n<td style=\"width: 991px; background-color: #0076db; border-color: #ffffff;\"><span style=\"color: #ffffff;\"><strong>Procedimento<\/strong><\/span><\/td>\n<\/tr>\n<tr>\n<td style=\"width: 190px;\"><strong>Discente<\/strong><\/td>\n<td style=\"width: 991px;\"><em>Cadastrar a solicita\u00e7\u00e3o de Exerc\u00edcios domiciliares e enviar atestado de sa\u00fade no Cobalto<\/em><br \/>\nMenu: Aluno &gt; Cadastro &gt; Solicita\u00e7\u00e3o de Exerc\u00edcios Domiciliares<\/td>\n<\/tr>\n<tr>\n<td style=\"width: 190px;\"><strong>Per\u00edcia M\u00e9dica<\/strong><\/td>\n<td style=\"width: 991px;\"><em>Emitir parecer no Cobalto<\/em><br \/>\nMenu: Gest\u00e3o acad\u00eamica &gt; Processos &gt; Solicita\u00e7\u00e3o de Exerc\u00edcios Domiciliares<\/td>\n<\/tr>\n<tr>\n<td style=\"width: 190px;\"><strong>Colegiado de curso<\/strong><\/td>\n<td style=\"width: 991px;\"><em>Avaliar a condi\u00e7\u00e3o pedag\u00f3gica do exerc\u00edcio domiciliar<\/em><br \/>\n<em>Registrar o deferimento ou indeferimento no Cobalto<\/em><br \/>\nMenu: Gest\u00e3o Acad\u00eamica &gt; Processos &gt; Homologar exerc\u00edcios domiciliares<\/td>\n<\/tr>\n<tr>\n<td style=\"width: 190px;\"><strong>Docente<\/strong><\/td>\n<td style=\"width: 991px;\"><em>Registrar as atividades que dever\u00e3o ser realizadas pelo discente durante o per\u00edodo de Exerc\u00edcios domiciliares<\/em><br \/>\nMenu: Professor &gt; Cadastros &gt; Exerc\u00edcios domiciliares &gt; atividades<\/td>\n<\/tr>\n<tr>\n<td style=\"width: 190px;\"><strong>Discente<\/strong><\/td>\n<td style=\"width: 991px;\"><em>Verificar as atividades registradas pelo Professor no Cobalto<\/em><br \/>\nMenu: Aluno &gt; Cadastro &gt; Solicita\u00e7\u00e3o de Exerc\u00edcios Domiciliares<\/td>\n<\/tr>\n<tr>\n<td style=\"width: 190px;\"><strong>Docente<\/strong><\/td>\n<td style=\"width: 991px;\">\u2013\u00a0Nos casos em que n\u00e3o for poss\u00edvel ao docente informar o aproveitamento acad\u00eamico\u00a0 e frequ\u00eancia no fechamento da turma, dever\u00e1 ser informado por meio do FPIN eletr\u00f4nico no Sistema COBALTO.OBS: N\u00e3o deve ser registrada presen\u00e7a se o aluno n\u00e3o estiver em aula. Na FPIN dever\u00e1 ser preenchido o campo N\u00ba de faltas (conforme registrado no di\u00e1rio de classe); N\u00ba de faltas abonadas (referente ao per\u00edodo do afastamento justificado); e o campo Justificativa (marcar a op\u00e7\u00e3o dispon\u00edvel, nesse caso, exerc\u00edcios domiciliares).<\/td>\n<\/tr>\n<\/tbody>\n<\/table>\n<\/figure>\n<p>&nbsp;<\/p>\n<p>&nbsp;<\/p>\n<p>&nbsp;<\/p>\n<p>&nbsp;<\/p>\n<p>&nbsp;<\/p>\n<\/div>\n<\/div><\/div><\/div><\/div><\/div>","protected":false},"excerpt":{"rendered":"<p>O que \u00e9 Exerc\u00edcio Domiciliar \u00e9 a possibilidade de substitui\u00e7\u00e3o da frequ\u00eancia \u00e0s aulas por atividades orientadas fora do ambiente acad\u00eamico. \u00c9 permitido substituir a frequ\u00eancia \u00e0s aulas por exerc\u00edcios domiciliares, resguardada a qualidade do trabalho acad\u00eamico, nos seguintes casos: a) \u00e0 aluna gestante que, por ordem m\u00e9dica, esteja impedida de frequentar as atividades acad\u00eamicas; [&hellip;]<\/p>\n","protected":false},"author":928,"featured_media":0,"parent":0,"menu_order":0,"comment_status":"closed","ping_status":"closed","template":"","meta":{"footnotes":""},"class_list":["post-286","page","type-page","status-publish","hentry","post"],"yoast_head":"<!-- This site is optimized with the Yoast SEO plugin v26.7 - https:\/\/yoast.com\/wordpress\/plugins\/seo\/ -->\n<title>Exerc\u00edcios Domiciliares - Design<\/title>\n<meta name=\"robots\" content=\"index, follow, max-snippet:-1, max-image-preview:large, max-video-preview:-1\" \/>\n<link rel=\"canonical\" href=\"https:\/\/wp.ufpel.edu.br\/design\/exercicios-domiciliares\/\" \/>\n<meta property=\"og:locale\" content=\"pt_BR\" \/>\n<meta property=\"og:type\" content=\"article\" \/>\n<meta property=\"og:title\" content=\"Exerc\u00edcios Domiciliares - Design\" \/>\n<meta property=\"og:description\" content=\"O que \u00e9 Exerc\u00edcio Domiciliar \u00e9 a possibilidade de substitui\u00e7\u00e3o da frequ\u00eancia \u00e0s aulas por atividades orientadas fora do ambiente acad\u00eamico. \u00c9 permitido substituir a frequ\u00eancia \u00e0s aulas por exerc\u00edcios domiciliares, resguardada a qualidade do trabalho acad\u00eamico, nos seguintes casos: a) \u00e0 aluna gestante que, por ordem m\u00e9dica, esteja impedida de frequentar as atividades acad\u00eamicas; [&hellip;]\" \/>\n<meta property=\"og:url\" content=\"https:\/\/wp.ufpel.edu.br\/design\/exercicios-domiciliares\/\" \/>\n<meta property=\"og:site_name\" content=\"Design\" \/>\n<meta property=\"article:modified_time\" content=\"2024-09-12T17:52:13+00:00\" \/>\n<meta name=\"twitter:card\" content=\"summary_large_image\" \/>\n<meta name=\"twitter:label1\" content=\"Est. tempo de leitura\" \/>\n\t<meta name=\"twitter:data1\" content=\"3 minutos\" \/>\n<script type=\"application\/ld+json\" class=\"yoast-schema-graph\">{\"@context\":\"https:\/\/schema.org\",\"@graph\":[{\"@type\":\"WebPage\",\"@id\":\"https:\/\/wp.ufpel.edu.br\/design\/exercicios-domiciliares\/\",\"url\":\"https:\/\/wp.ufpel.edu.br\/design\/exercicios-domiciliares\/\",\"name\":\"Exerc\u00edcios Domiciliares - Design\",\"isPartOf\":{\"@id\":\"https:\/\/wp.ufpel.edu.br\/design\/#website\"},\"datePublished\":\"2024-09-02T18:25:13+00:00\",\"dateModified\":\"2024-09-12T17:52:13+00:00\",\"breadcrumb\":{\"@id\":\"https:\/\/wp.ufpel.edu.br\/design\/exercicios-domiciliares\/#breadcrumb\"},\"inLanguage\":\"pt-BR\",\"potentialAction\":[{\"@type\":\"ReadAction\",\"target\":[\"https:\/\/wp.ufpel.edu.br\/design\/exercicios-domiciliares\/\"]}]},{\"@type\":\"BreadcrumbList\",\"@id\":\"https:\/\/wp.ufpel.edu.br\/design\/exercicios-domiciliares\/#breadcrumb\",\"itemListElement\":[{\"@type\":\"ListItem\",\"position\":1,\"name\":\"In\u00edcio\",\"item\":\"https:\/\/wp.ufpel.edu.br\/design\/\"},{\"@type\":\"ListItem\",\"position\":2,\"name\":\"Exerc\u00edcios Domiciliares\"}]},{\"@type\":\"WebSite\",\"@id\":\"https:\/\/wp.ufpel.edu.br\/design\/#website\",\"url\":\"https:\/\/wp.ufpel.edu.br\/design\/\",\"name\":\"Design\",\"description\":\"Universidade Federal de Pelotas\",\"publisher\":{\"@id\":\"https:\/\/wp.ufpel.edu.br\/design\/#organization\"},\"potentialAction\":[{\"@type\":\"SearchAction\",\"target\":{\"@type\":\"EntryPoint\",\"urlTemplate\":\"https:\/\/wp.ufpel.edu.br\/design\/?s={search_term_string}\"},\"query-input\":{\"@type\":\"PropertyValueSpecification\",\"valueRequired\":true,\"valueName\":\"search_term_string\"}}],\"inLanguage\":\"pt-BR\"},{\"@type\":\"Organization\",\"@id\":\"https:\/\/wp.ufpel.edu.br\/design\/#organization\",\"name\":\"Design\",\"url\":\"https:\/\/wp.ufpel.edu.br\/design\/\",\"logo\":{\"@type\":\"ImageObject\",\"inLanguage\":\"pt-BR\",\"@id\":\"https:\/\/wp.ufpel.edu.br\/design\/#\/schema\/logo\/image\/\",\"url\":\"https:\/\/wp.ufpel.edu.br\/design\/files\/2024\/09\/Logo-Branco.png\",\"contentUrl\":\"https:\/\/wp.ufpel.edu.br\/design\/files\/2024\/09\/Logo-Branco.png\",\"width\":192,\"height\":40,\"caption\":\"Design\"},\"image\":{\"@id\":\"https:\/\/wp.ufpel.edu.br\/design\/#\/schema\/logo\/image\/\"}}]}<\/script>\n<!-- \/ Yoast SEO plugin. -->","yoast_head_json":{"title":"Exerc\u00edcios Domiciliares - Design","robots":{"index":"index","follow":"follow","max-snippet":"max-snippet:-1","max-image-preview":"max-image-preview:large","max-video-preview":"max-video-preview:-1"},"canonical":"https:\/\/wp.ufpel.edu.br\/design\/exercicios-domiciliares\/","og_locale":"pt_BR","og_type":"article","og_title":"Exerc\u00edcios Domiciliares - Design","og_description":"O que \u00e9 Exerc\u00edcio Domiciliar \u00e9 a possibilidade de substitui\u00e7\u00e3o da frequ\u00eancia \u00e0s aulas por atividades orientadas fora do ambiente acad\u00eamico. \u00c9 permitido substituir a frequ\u00eancia \u00e0s aulas por exerc\u00edcios domiciliares, resguardada a qualidade do trabalho acad\u00eamico, nos seguintes casos: a) \u00e0 aluna gestante que, por ordem m\u00e9dica, esteja impedida de frequentar as atividades acad\u00eamicas; [&hellip;]","og_url":"https:\/\/wp.ufpel.edu.br\/design\/exercicios-domiciliares\/","og_site_name":"Design","article_modified_time":"2024-09-12T17:52:13+00:00","twitter_card":"summary_large_image","twitter_misc":{"Est. tempo de leitura":"3 minutos"},"schema":{"@context":"https:\/\/schema.org","@graph":[{"@type":"WebPage","@id":"https:\/\/wp.ufpel.edu.br\/design\/exercicios-domiciliares\/","url":"https:\/\/wp.ufpel.edu.br\/design\/exercicios-domiciliares\/","name":"Exerc\u00edcios Domiciliares - Design","isPartOf":{"@id":"https:\/\/wp.ufpel.edu.br\/design\/#website"},"datePublished":"2024-09-02T18:25:13+00:00","dateModified":"2024-09-12T17:52:13+00:00","breadcrumb":{"@id":"https:\/\/wp.ufpel.edu.br\/design\/exercicios-domiciliares\/#breadcrumb"},"inLanguage":"pt-BR","potentialAction":[{"@type":"ReadAction","target":["https:\/\/wp.ufpel.edu.br\/design\/exercicios-domiciliares\/"]}]},{"@type":"BreadcrumbList","@id":"https:\/\/wp.ufpel.edu.br\/design\/exercicios-domiciliares\/#breadcrumb","itemListElement":[{"@type":"ListItem","position":1,"name":"In\u00edcio","item":"https:\/\/wp.ufpel.edu.br\/design\/"},{"@type":"ListItem","position":2,"name":"Exerc\u00edcios Domiciliares"}]},{"@type":"WebSite","@id":"https:\/\/wp.ufpel.edu.br\/design\/#website","url":"https:\/\/wp.ufpel.edu.br\/design\/","name":"Design","description":"Universidade Federal de Pelotas","publisher":{"@id":"https:\/\/wp.ufpel.edu.br\/design\/#organization"},"potentialAction":[{"@type":"SearchAction","target":{"@type":"EntryPoint","urlTemplate":"https:\/\/wp.ufpel.edu.br\/design\/?s={search_term_string}"},"query-input":{"@type":"PropertyValueSpecification","valueRequired":true,"valueName":"search_term_string"}}],"inLanguage":"pt-BR"},{"@type":"Organization","@id":"https:\/\/wp.ufpel.edu.br\/design\/#organization","name":"Design","url":"https:\/\/wp.ufpel.edu.br\/design\/","logo":{"@type":"ImageObject","inLanguage":"pt-BR","@id":"https:\/\/wp.ufpel.edu.br\/design\/#\/schema\/logo\/image\/","url":"https:\/\/wp.ufpel.edu.br\/design\/files\/2024\/09\/Logo-Branco.png","contentUrl":"https:\/\/wp.ufpel.edu.br\/design\/files\/2024\/09\/Logo-Branco.png","width":192,"height":40,"caption":"Design"},"image":{"@id":"https:\/\/wp.ufpel.edu.br\/design\/#\/schema\/logo\/image\/"}}]}},"jetpack_sharing_enabled":true,"_links":{"self":[{"href":"https:\/\/wp.ufpel.edu.br\/design\/wp-json\/wp\/v2\/pages\/286","targetHints":{"allow":["GET"]}}],"collection":[{"href":"https:\/\/wp.ufpel.edu.br\/design\/wp-json\/wp\/v2\/pages"}],"about":[{"href":"https:\/\/wp.ufpel.edu.br\/design\/wp-json\/wp\/v2\/types\/page"}],"author":[{"embeddable":true,"href":"https:\/\/wp.ufpel.edu.br\/design\/wp-json\/wp\/v2\/users\/928"}],"replies":[{"embeddable":true,"href":"https:\/\/wp.ufpel.edu.br\/design\/wp-json\/wp\/v2\/comments?post=286"}],"version-history":[{"count":13,"href":"https:\/\/wp.ufpel.edu.br\/design\/wp-json\/wp\/v2\/pages\/286\/revisions"}],"predecessor-version":[{"id":474,"href":"https:\/\/wp.ufpel.edu.br\/design\/wp-json\/wp\/v2\/pages\/286\/revisions\/474"}],"wp:attachment":[{"href":"https:\/\/wp.ufpel.edu.br\/design\/wp-json\/wp\/v2\/media?parent=286"}],"curies":[{"name":"wp","href":"https:\/\/api.w.org\/{rel}","templated":true}]}}