{"id":91,"date":"2018-12-10T09:08:32","date_gmt":"2018-12-10T11:08:32","guid":{"rendered":"https:\/\/wp.ufpel.edu.br\/desenvolvimentosocialzonasul\/?page_id=91"},"modified":"2019-06-18T16:07:34","modified_gmt":"2019-06-18T19:07:34","slug":"projeto-bailar","status":"publish","type":"page","link":"https:\/\/wp.ufpel.edu.br\/desenvolvimentosocialzonasul\/projetos\/projeto-bailar\/","title":{"rendered":"Sobre Arte na Escola"},"content":{"rendered":"<div id=\"WRchTxtv\" class=\"s8\"><span style=\"text-align: justify\">\u00a0 \u00a0 \u00a0 \u00a0Desde 1995 o Centro de Artes\/UFPEL abriga O Projeto Arte na Escola, a partir de um conv\u00eanio feito entre a UFPel e o Instituto Arte na Escola. O Instituto Arte na Escola resulta da institucionaliza\u00e7\u00e3o do Projeto Arte na Escola, criado em 1989 pela Funda\u00e7\u00e3o Iochpe. Tem como miss\u00e3o incentivar o ensino da Arte por meio de forma\u00e7\u00e3o cont\u00ednua do professor do ensino b\u00e1sico, investigando e qualificando processos de aprendizagem.<\/span><\/div>\n<div id=\"WRchTxtx\" class=\"s8\">\n<p class=\"font_8\" style=\"text-align: justify\">\u00a0 \u00a0 \u00a0S\u00e3o 50 P\u00f3los presentes em 46 cidades de 22 Estados brasileiros, unidos por um ideal: melhorar o ensino da arte no pa\u00eds. A Rede Arte na Escola re\u00fane universidades, institui\u00e7\u00f5es culturais e educacionais, que qualificam professores dos n\u00edveis infantil, fundamental e m\u00e9dio e os estimulam a formar jovens mais perceptivos, criativos e cr\u00edticos de sua realidade.<\/p>\n<p class=\"font_8\" style=\"text-align: justify\">\u00a0 \u00a0 \u00a0O compromisso do P\u00f3lo UFPel \u00e9 divulgar o acervo de mais de 300 DVDs sobre arte junto aos professores da rede de ensino b\u00e1sico de Pelotas, comunidade acad\u00eamica e regi\u00e3o Sul do Estado. Al\u00e9m da divulga\u00e7\u00e3o do acervo, manter a\u00e7\u00f5es de forma\u00e7\u00e3o continuada com a pretens\u00e3o de refletir sobre novas pr\u00e1ticas metodol\u00f3gicas de ensino da Arte na escola.<\/p>\n<p>Maiores informa\u00e7\u00f5es no site do Projeto: <a href=\"https:\/\/wp.ufpel.edu.br\/artenaescola\/\">Arte na Escola<\/a><\/p>\n<\/div>\n","protected":false},"excerpt":{"rendered":"<p>\u00a0 \u00a0 \u00a0 \u00a0Desde 1995 o Centro de Artes\/UFPEL abriga O Projeto Arte na Escola, a partir de um conv\u00eanio feito entre a UFPel e o Instituto Arte na Escola. O Instituto Arte na Escola resulta da institucionaliza\u00e7\u00e3o do Projeto Arte na Escola, criado em 1989 pela Funda\u00e7\u00e3o Iochpe. Tem como miss\u00e3o incentivar o ensino [&hellip;]<\/p>\n","protected":false},"author":888,"featured_media":0,"parent":13,"menu_order":0,"comment_status":"closed","ping_status":"closed","template":"","meta":{"footnotes":""},"class_list":["post-91","page","type-page","status-publish","hentry"],"_links":{"self":[{"href":"https:\/\/wp.ufpel.edu.br\/desenvolvimentosocialzonasul\/wp-json\/wp\/v2\/pages\/91","targetHints":{"allow":["GET"]}}],"collection":[{"href":"https:\/\/wp.ufpel.edu.br\/desenvolvimentosocialzonasul\/wp-json\/wp\/v2\/pages"}],"about":[{"href":"https:\/\/wp.ufpel.edu.br\/desenvolvimentosocialzonasul\/wp-json\/wp\/v2\/types\/page"}],"author":[{"embeddable":true,"href":"https:\/\/wp.ufpel.edu.br\/desenvolvimentosocialzonasul\/wp-json\/wp\/v2\/users\/888"}],"replies":[{"embeddable":true,"href":"https:\/\/wp.ufpel.edu.br\/desenvolvimentosocialzonasul\/wp-json\/wp\/v2\/comments?post=91"}],"version-history":[{"count":6,"href":"https:\/\/wp.ufpel.edu.br\/desenvolvimentosocialzonasul\/wp-json\/wp\/v2\/pages\/91\/revisions"}],"predecessor-version":[{"id":153,"href":"https:\/\/wp.ufpel.edu.br\/desenvolvimentosocialzonasul\/wp-json\/wp\/v2\/pages\/91\/revisions\/153"}],"up":[{"embeddable":true,"href":"https:\/\/wp.ufpel.edu.br\/desenvolvimentosocialzonasul\/wp-json\/wp\/v2\/pages\/13"}],"wp:attachment":[{"href":"https:\/\/wp.ufpel.edu.br\/desenvolvimentosocialzonasul\/wp-json\/wp\/v2\/media?parent=91"}],"curies":[{"name":"wp","href":"https:\/\/api.w.org\/{rel}","templated":true}]}}