{"id":85,"date":"2018-12-10T09:07:21","date_gmt":"2018-12-10T11:07:21","guid":{"rendered":"https:\/\/wp.ufpel.edu.br\/desenvolvimentosocialzonasul\/?page_id=85"},"modified":"2018-12-18T18:13:33","modified_gmt":"2018-12-18T20:13:33","slug":"barraca-da-saude","status":"publish","type":"page","link":"https:\/\/wp.ufpel.edu.br\/desenvolvimentosocialzonasul\/galeria\/barraca-da-saude\/","title":{"rendered":"Barraca da Sa\u00fade"},"content":{"rendered":"<ul>\n<li><a href=\"https:\/\/wp.ufpel.edu.br\/desenvolvimentosocialzonasul\/festa-do-pessego\/\">Festa do P\u00eassego<\/a><\/li>\n<li><a href=\"https:\/\/wp.ufpel.edu.br\/desenvolvimentosocialzonasul\/galeria\/visita-escola-em-santa-vitoria\/\">Palestra sobre o uso de Subst\u00e2ncias Psicoativas &#8211; Escola em Santa Vit\u00f3ria do Palmar<\/a><\/li>\n<li><a href=\"https:\/\/wp.ufpel.edu.br\/desenvolvimentosocialzonasul\/galeria\/barraca-da-saude\/projeto-uso-de-drogas-escola-ferreira-viana\/\">Projeto: Uso de Drogas &#8211; Escola Ferreira Viana<\/a><\/li>\n<li><a href=\"https:\/\/wp.ufpel.edu.br\/desenvolvimentosocialzonasul\/galeria\/barraca-da-saude\/asilo-em-pedro-osorio\/\">Lar de Idosos S\u00e3o Francisco de Assis Pedro Os\u00f3rio<\/a><\/li>\n<li><a href=\"https:\/\/wp.ufpel.edu.br\/desenvolvimentosocialzonasul\/galeria\/barraca-da-saude\/mateada-da-saude\/\">Mateada da Sa\u00fade<\/a><\/li>\n<li><a href=\"https:\/\/wp.ufpel.edu.br\/desenvolvimentosocialzonasul\/galeria\/barraca-da-saude\/outubro-rosa\/\">Outubro Rosa<\/a><\/li>\n<li><a href=\"https:\/\/wp.ufpel.edu.br\/desenvolvimentosocialzonasul\/comunidade-quilombola-rincao-da-faxina-piratini\/\">Comunidade Quilombola Rinc\u00e3o da Faxina &#8211; Piratini<\/a><\/li>\n<li><a href=\"https:\/\/wp.ufpel.edu.br\/desenvolvimentosocialzonasul\/galeria\/barraca-da-saude\/reuniao-de-definicao-do-plano-de-trabalho-com-os-municipios-da-zona-sul\/\">Reuni\u00f5es de Defini\u00e7\u00e3o do Plano de Trabalho com os Munic\u00edpios da Zona Sul<\/a><\/li>\n<li><a href=\"https:\/\/wp.ufpel.edu.br\/desenvolvimentosocialzonasul\/galeria\/barraca-da-saude\/divulgacao-de-vagas-remanescentes-do-pave\/\">Divulga\u00e7\u00e3o de Vagas remanescentes do PAVE<\/a><\/li>\n<\/ul>\n","protected":false},"excerpt":{"rendered":"<p>Festa do P\u00eassego Palestra sobre o uso de Subst\u00e2ncias Psicoativas &#8211; Escola em Santa Vit\u00f3ria do Palmar Projeto: Uso de Drogas &#8211; Escola Ferreira Viana Lar de Idosos S\u00e3o Francisco de Assis Pedro Os\u00f3rio Mateada da Sa\u00fade Outubro Rosa Comunidade Quilombola Rinc\u00e3o da Faxina &#8211; Piratini Reuni\u00f5es de Defini\u00e7\u00e3o do Plano de Trabalho com os [&hellip;]<\/p>\n","protected":false},"author":888,"featured_media":0,"parent":16,"menu_order":0,"comment_status":"closed","ping_status":"closed","template":"","meta":{"footnotes":""},"class_list":["post-85","page","type-page","status-publish","hentry"],"_links":{"self":[{"href":"https:\/\/wp.ufpel.edu.br\/desenvolvimentosocialzonasul\/wp-json\/wp\/v2\/pages\/85","targetHints":{"allow":["GET"]}}],"collection":[{"href":"https:\/\/wp.ufpel.edu.br\/desenvolvimentosocialzonasul\/wp-json\/wp\/v2\/pages"}],"about":[{"href":"https:\/\/wp.ufpel.edu.br\/desenvolvimentosocialzonasul\/wp-json\/wp\/v2\/types\/page"}],"author":[{"embeddable":true,"href":"https:\/\/wp.ufpel.edu.br\/desenvolvimentosocialzonasul\/wp-json\/wp\/v2\/users\/888"}],"replies":[{"embeddable":true,"href":"https:\/\/wp.ufpel.edu.br\/desenvolvimentosocialzonasul\/wp-json\/wp\/v2\/comments?post=85"}],"version-history":[{"count":17,"href":"https:\/\/wp.ufpel.edu.br\/desenvolvimentosocialzonasul\/wp-json\/wp\/v2\/pages\/85\/revisions"}],"predecessor-version":[{"id":271,"href":"https:\/\/wp.ufpel.edu.br\/desenvolvimentosocialzonasul\/wp-json\/wp\/v2\/pages\/85\/revisions\/271"}],"up":[{"embeddable":true,"href":"https:\/\/wp.ufpel.edu.br\/desenvolvimentosocialzonasul\/wp-json\/wp\/v2\/pages\/16"}],"wp:attachment":[{"href":"https:\/\/wp.ufpel.edu.br\/desenvolvimentosocialzonasul\/wp-json\/wp\/v2\/media?parent=85"}],"curies":[{"name":"wp","href":"https:\/\/api.w.org\/{rel}","templated":true}]}}