{"id":249,"date":"2018-12-18T18:04:28","date_gmt":"2018-12-18T20:04:28","guid":{"rendered":"https:\/\/wp.ufpel.edu.br\/desenvolvimentosocialzonasul\/?page_id=249"},"modified":"2018-12-18T18:07:48","modified_gmt":"2018-12-18T20:07:48","slug":"reuniao-de-definicao-do-plano-de-trabalho-com-os-municipios-da-zona-sul","status":"publish","type":"page","link":"https:\/\/wp.ufpel.edu.br\/desenvolvimentosocialzonasul\/galeria\/barraca-da-saude\/reuniao-de-definicao-do-plano-de-trabalho-com-os-municipios-da-zona-sul\/","title":{"rendered":"Reuni\u00f5es de Defini\u00e7\u00e3o do Plano de Trabalho com os Munic\u00edpios da Zona Sul"},"content":{"rendered":"\n\t\t<style type=\"text\/css\">\n\t\t\t#gallery-1 {\n\t\t\t\tmargin: auto;\n\t\t\t}\n\t\t\t#gallery-1 .gallery-item {\n\t\t\t\tfloat: left;\n\t\t\t\tmargin-top: 10px;\n\t\t\t\ttext-align: center;\n\t\t\t\twidth: 50%;\n\t\t\t}\n\t\t\t#gallery-1 img {\n\t\t\t\tborder: 2px solid #cfcfcf;\n\t\t\t}\n\t\t\t#gallery-1 .gallery-caption {\n\t\t\t\tmargin-left: 0;\n\t\t\t}\n\t\t\t\/* see gallery_shortcode() in wp-includes\/media.php *\/\n\t\t<\/style>\n\t\t<div id='gallery-1' class='gallery galleryid-249 gallery-columns-2 gallery-size-medium'><dl class='gallery-item'>\n\t\t\t<dt class='gallery-icon landscape'>\n\t\t\t\t<a href='https:\/\/wp.ufpel.edu.br\/desenvolvimentosocialzonasul\/galeria\/barraca-da-saude\/reuniao-de-definicao-do-plano-de-trabalho-com-os-municipios-da-zona-sul\/arroio-do-padre\/'><img width=\"400\" height=\"225\" src=\"https:\/\/wp.ufpel.edu.br\/desenvolvimentosocialzonasul\/files\/2018\/12\/Arroio-do-Padre-400x225.jpg\" class=\"attachment-medium size-medium\" alt=\"\" aria-describedby=\"gallery-1-251\" srcset=\"https:\/\/wp.ufpel.edu.br\/desenvolvimentosocialzonasul\/files\/2018\/12\/Arroio-do-Padre-400x225.jpg 400w, https:\/\/wp.ufpel.edu.br\/desenvolvimentosocialzonasul\/files\/2018\/12\/Arroio-do-Padre-768x432.jpg 768w, https:\/\/wp.ufpel.edu.br\/desenvolvimentosocialzonasul\/files\/2018\/12\/Arroio-do-Padre-1024x576.jpg 1024w, https:\/\/wp.ufpel.edu.br\/desenvolvimentosocialzonasul\/files\/2018\/12\/Arroio-do-Padre.jpg 1040w\" sizes=\"(max-width: 400px) 100vw, 400px\" \/><\/a>\n\t\t\t<\/dt>\n\t\t\t\t<dd class='wp-caption-text gallery-caption' id='gallery-1-251'>\n\t\t\t\tMunic\u00edpio de Arroio do Padre\n\t\t\t\t<\/dd><\/dl><dl class='gallery-item'>\n\t\t\t<dt class='gallery-icon landscape'>\n\t\t\t\t<a href='https:\/\/wp.ufpel.edu.br\/desenvolvimentosocialzonasul\/galeria\/barraca-da-saude\/reuniao-de-definicao-do-plano-de-trabalho-com-os-municipios-da-zona-sul\/cangucu-3\/'><img width=\"400\" height=\"225\" src=\"https:\/\/wp.ufpel.edu.br\/desenvolvimentosocialzonasul\/files\/2018\/12\/Cangu\u00e7u-3-400x225.jpg\" class=\"attachment-medium size-medium\" alt=\"\" aria-describedby=\"gallery-1-252\" srcset=\"https:\/\/wp.ufpel.edu.br\/desenvolvimentosocialzonasul\/files\/2018\/12\/Cangu\u00e7u-3-400x225.jpg 400w, https:\/\/wp.ufpel.edu.br\/desenvolvimentosocialzonasul\/files\/2018\/12\/Cangu\u00e7u-3-768x432.jpg 768w, https:\/\/wp.ufpel.edu.br\/desenvolvimentosocialzonasul\/files\/2018\/12\/Cangu\u00e7u-3-1024x576.jpg 1024w, https:\/\/wp.ufpel.edu.br\/desenvolvimentosocialzonasul\/files\/2018\/12\/Cangu\u00e7u-3.jpg 1040w\" sizes=\"(max-width: 400px) 100vw, 400px\" \/><\/a>\n\t\t\t<\/dt>\n\t\t\t\t<dd class='wp-caption-text gallery-caption' id='gallery-1-252'>\n\t\t\t\tMunic\u00edpio de Cangu\u00e7u\n\t\t\t\t<\/dd><\/dl><br style=\"clear: both\" \/><dl class='gallery-item'>\n\t\t\t<dt class='gallery-icon landscape'>\n\t\t\t\t<a href='https:\/\/wp.ufpel.edu.br\/desenvolvimentosocialzonasul\/galeria\/barraca-da-saude\/reuniao-de-definicao-do-plano-de-trabalho-com-os-municipios-da-zona-sul\/reuniao-de-planejamento-cangucu-2\/'><img width=\"400\" height=\"225\" src=\"https:\/\/wp.ufpel.edu.br\/desenvolvimentosocialzonasul\/files\/2018\/12\/Reuni\u00e3o-de-Planejamento-Cangu\u00e7u-2-400x225.jpg\" class=\"attachment-medium size-medium\" alt=\"\" aria-describedby=\"gallery-1-254\" srcset=\"https:\/\/wp.ufpel.edu.br\/desenvolvimentosocialzonasul\/files\/2018\/12\/Reuni\u00e3o-de-Planejamento-Cangu\u00e7u-2-400x225.jpg 400w, https:\/\/wp.ufpel.edu.br\/desenvolvimentosocialzonasul\/files\/2018\/12\/Reuni\u00e3o-de-Planejamento-Cangu\u00e7u-2-768x432.jpg 768w, https:\/\/wp.ufpel.edu.br\/desenvolvimentosocialzonasul\/files\/2018\/12\/Reuni\u00e3o-de-Planejamento-Cangu\u00e7u-2-1024x576.jpg 1024w, https:\/\/wp.ufpel.edu.br\/desenvolvimentosocialzonasul\/files\/2018\/12\/Reuni\u00e3o-de-Planejamento-Cangu\u00e7u-2.jpg 1040w\" sizes=\"(max-width: 400px) 100vw, 400px\" \/><\/a>\n\t\t\t<\/dt>\n\t\t\t\t<dd class='wp-caption-text gallery-caption' id='gallery-1-254'>\n\t\t\t\tMunic\u00edpio de Cangu\u00e7u\n\t\t\t\t<\/dd><\/dl><dl class='gallery-item'>\n\t\t\t<dt class='gallery-icon landscape'>\n\t\t\t\t<a href='https:\/\/wp.ufpel.edu.br\/desenvolvimentosocialzonasul\/galeria\/barraca-da-saude\/reuniao-de-definicao-do-plano-de-trabalho-com-os-municipios-da-zona-sul\/reuniao-de-planejamento-cangucu\/'><img width=\"400\" height=\"300\" src=\"https:\/\/wp.ufpel.edu.br\/desenvolvimentosocialzonasul\/files\/2018\/12\/Reuni\u00e3o-de-Planejamento-Cangu\u00e7u-400x300.jpg\" class=\"attachment-medium size-medium\" alt=\"\" aria-describedby=\"gallery-1-255\" srcset=\"https:\/\/wp.ufpel.edu.br\/desenvolvimentosocialzonasul\/files\/2018\/12\/Reuni\u00e3o-de-Planejamento-Cangu\u00e7u-400x300.jpg 400w, https:\/\/wp.ufpel.edu.br\/desenvolvimentosocialzonasul\/files\/2018\/12\/Reuni\u00e3o-de-Planejamento-Cangu\u00e7u-768x576.jpg 768w, https:\/\/wp.ufpel.edu.br\/desenvolvimentosocialzonasul\/files\/2018\/12\/Reuni\u00e3o-de-Planejamento-Cangu\u00e7u.jpg 811w\" sizes=\"(max-width: 400px) 100vw, 400px\" \/><\/a>\n\t\t\t<\/dt>\n\t\t\t\t<dd class='wp-caption-text gallery-caption' id='gallery-1-255'>\n\t\t\t\tMunic\u00edpio de Cangu\u00e7u\n\t\t\t\t<\/dd><\/dl><br style=\"clear: both\" \/><dl class='gallery-item'>\n\t\t\t<dt class='gallery-icon landscape'>\n\t\t\t\t<a href='https:\/\/wp.ufpel.edu.br\/desenvolvimentosocialzonasul\/galeria\/barraca-da-saude\/reuniao-de-definicao-do-plano-de-trabalho-com-os-municipios-da-zona-sul\/reuniao-de-planejamento-morro-redondo\/'><img width=\"400\" height=\"225\" src=\"https:\/\/wp.ufpel.edu.br\/desenvolvimentosocialzonasul\/files\/2018\/12\/Reuni\u00e3o-de-Planejamento-Morro-Redondo-400x225.jpg\" class=\"attachment-medium size-medium\" alt=\"\" aria-describedby=\"gallery-1-256\" srcset=\"https:\/\/wp.ufpel.edu.br\/desenvolvimentosocialzonasul\/files\/2018\/12\/Reuni\u00e3o-de-Planejamento-Morro-Redondo-400x225.jpg 400w, https:\/\/wp.ufpel.edu.br\/desenvolvimentosocialzonasul\/files\/2018\/12\/Reuni\u00e3o-de-Planejamento-Morro-Redondo-768x432.jpg 768w, https:\/\/wp.ufpel.edu.br\/desenvolvimentosocialzonasul\/files\/2018\/12\/Reuni\u00e3o-de-Planejamento-Morro-Redondo-1024x576.jpg 1024w, https:\/\/wp.ufpel.edu.br\/desenvolvimentosocialzonasul\/files\/2018\/12\/Reuni\u00e3o-de-Planejamento-Morro-Redondo.jpg 1081w\" sizes=\"(max-width: 400px) 100vw, 400px\" \/><\/a>\n\t\t\t<\/dt>\n\t\t\t\t<dd class='wp-caption-text gallery-caption' id='gallery-1-256'>\n\t\t\t\tMunic\u00edpio de Morro Redondo\n\t\t\t\t<\/dd><\/dl><dl class='gallery-item'>\n\t\t\t<dt class='gallery-icon landscape'>\n\t\t\t\t<a href='https:\/\/wp.ufpel.edu.br\/desenvolvimentosocialzonasul\/galeria\/barraca-da-saude\/reuniao-de-definicao-do-plano-de-trabalho-com-os-municipios-da-zona-sul\/pedro-osorio\/'><img width=\"400\" height=\"300\" src=\"https:\/\/wp.ufpel.edu.br\/desenvolvimentosocialzonasul\/files\/2018\/12\/Pedro-Os\u00f3rio-400x300.jpg\" class=\"attachment-medium size-medium\" alt=\"\" aria-describedby=\"gallery-1-253\" srcset=\"https:\/\/wp.ufpel.edu.br\/desenvolvimentosocialzonasul\/files\/2018\/12\/Pedro-Os\u00f3rio-400x300.jpg 400w, https:\/\/wp.ufpel.edu.br\/desenvolvimentosocialzonasul\/files\/2018\/12\/Pedro-Os\u00f3rio-768x576.jpg 768w, https:\/\/wp.ufpel.edu.br\/desenvolvimentosocialzonasul\/files\/2018\/12\/Pedro-Os\u00f3rio.jpg 811w\" sizes=\"(max-width: 400px) 100vw, 400px\" \/><\/a>\n\t\t\t<\/dt>\n\t\t\t\t<dd class='wp-caption-text gallery-caption' id='gallery-1-253'>\n\t\t\t\tMunic\u00edpio de Pedro Os\u00f3rio\n\t\t\t\t<\/dd><\/dl><br style=\"clear: both\" \/><dl class='gallery-item'>\n\t\t\t<dt class='gallery-icon landscape'>\n\t\t\t\t<a href='https:\/\/wp.ufpel.edu.br\/desenvolvimentosocialzonasul\/galeria\/barraca-da-saude\/reuniao-de-definicao-do-plano-de-trabalho-com-os-municipios-da-zona-sul\/reuniao-de-planejamento-pedro-osorio\/'><img width=\"400\" height=\"300\" src=\"https:\/\/wp.ufpel.edu.br\/desenvolvimentosocialzonasul\/files\/2018\/12\/Reuni\u00e3o-de-Planejamento-Pedro-Os\u00f3rio-400x300.jpg\" class=\"attachment-medium size-medium\" alt=\"\" aria-describedby=\"gallery-1-257\" srcset=\"https:\/\/wp.ufpel.edu.br\/desenvolvimentosocialzonasul\/files\/2018\/12\/Reuni\u00e3o-de-Planejamento-Pedro-Os\u00f3rio-400x300.jpg 400w, https:\/\/wp.ufpel.edu.br\/desenvolvimentosocialzonasul\/files\/2018\/12\/Reuni\u00e3o-de-Planejamento-Pedro-Os\u00f3rio-768x576.jpg 768w, https:\/\/wp.ufpel.edu.br\/desenvolvimentosocialzonasul\/files\/2018\/12\/Reuni\u00e3o-de-Planejamento-Pedro-Os\u00f3rio.jpg 811w\" sizes=\"(max-width: 400px) 100vw, 400px\" \/><\/a>\n\t\t\t<\/dt>\n\t\t\t\t<dd class='wp-caption-text gallery-caption' id='gallery-1-257'>\n\t\t\t\tMunic\u00edpio de Pedro Os\u00f3rio\n\t\t\t\t<\/dd><\/dl>\n\t\t\t<br style='clear: both' \/>\n\t\t<\/div>\n\n","protected":false},"excerpt":{"rendered":"","protected":false},"author":888,"featured_media":0,"parent":85,"menu_order":0,"comment_status":"closed","ping_status":"closed","template":"page-sem-sidebar.php","meta":{"footnotes":""},"class_list":["post-249","page","type-page","status-publish","hentry"],"_links":{"self":[{"href":"https:\/\/wp.ufpel.edu.br\/desenvolvimentosocialzonasul\/wp-json\/wp\/v2\/pages\/249","targetHints":{"allow":["GET"]}}],"collection":[{"href":"https:\/\/wp.ufpel.edu.br\/desenvolvimentosocialzonasul\/wp-json\/wp\/v2\/pages"}],"about":[{"href":"https:\/\/wp.ufpel.edu.br\/desenvolvimentosocialzonasul\/wp-json\/wp\/v2\/types\/page"}],"author":[{"embeddable":true,"href":"https:\/\/wp.ufpel.edu.br\/desenvolvimentosocialzonasul\/wp-json\/wp\/v2\/users\/888"}],"replies":[{"embeddable":true,"href":"https:\/\/wp.ufpel.edu.br\/desenvolvimentosocialzonasul\/wp-json\/wp\/v2\/comments?post=249"}],"version-history":[{"count":3,"href":"https:\/\/wp.ufpel.edu.br\/desenvolvimentosocialzonasul\/wp-json\/wp\/v2\/pages\/249\/revisions"}],"predecessor-version":[{"id":261,"href":"https:\/\/wp.ufpel.edu.br\/desenvolvimentosocialzonasul\/wp-json\/wp\/v2\/pages\/249\/revisions\/261"}],"up":[{"embeddable":true,"href":"https:\/\/wp.ufpel.edu.br\/desenvolvimentosocialzonasul\/wp-json\/wp\/v2\/pages\/85"}],"wp:attachment":[{"href":"https:\/\/wp.ufpel.edu.br\/desenvolvimentosocialzonasul\/wp-json\/wp\/v2\/media?parent=249"}],"curies":[{"name":"wp","href":"https:\/\/api.w.org\/{rel}","templated":true}]}}