{"id":13,"date":"2018-11-01T08:39:59","date_gmt":"2018-11-01T11:39:59","guid":{"rendered":"https:\/\/wp.ufpel.edu.br\/desenvolvimentosocialzonasul\/?page_id=13"},"modified":"2019-06-18T15:22:14","modified_gmt":"2019-06-18T18:22:14","slug":"projetos","status":"publish","type":"page","link":"https:\/\/wp.ufpel.edu.br\/desenvolvimentosocialzonasul\/projetos\/","title":{"rendered":"Projetos"},"content":{"rendered":"<ul>\n<li><a href=\"https:\/\/wp.ufpel.edu.br\/desenvolvimentosocialzonasul\/projetos\/projeto-bailar\/\">Projeto Arte na Escola<\/a><\/li>\n<li><a href=\"https:\/\/wp.ufpel.edu.br\/desenvolvimentosocialzonasul\/projetos\/sobre-barraca-da-saude\/\">Projeto Barraca da Sa\u00fade<\/a><\/li>\n<li><a href=\"https:\/\/wp.ufpel.edu.br\/desenvolvimentosocialzonasul\/projetos\/curso-de-servicos-e-cuidados-na-atencao-do-idoso\/\">Projeto Servi\u00e7os e Cuidados na Aten\u00e7\u00e3o do Idoso<\/a><\/li>\n<\/ul>\n","protected":false},"excerpt":{"rendered":"<p>Projeto Arte na Escola Projeto Barraca da Sa\u00fade Projeto Servi\u00e7os e Cuidados na Aten\u00e7\u00e3o do Idoso<\/p>\n","protected":false},"author":888,"featured_media":0,"parent":0,"menu_order":0,"comment_status":"closed","ping_status":"closed","template":"","meta":{"footnotes":""},"class_list":["post-13","page","type-page","status-publish","hentry"],"_links":{"self":[{"href":"https:\/\/wp.ufpel.edu.br\/desenvolvimentosocialzonasul\/wp-json\/wp\/v2\/pages\/13","targetHints":{"allow":["GET"]}}],"collection":[{"href":"https:\/\/wp.ufpel.edu.br\/desenvolvimentosocialzonasul\/wp-json\/wp\/v2\/pages"}],"about":[{"href":"https:\/\/wp.ufpel.edu.br\/desenvolvimentosocialzonasul\/wp-json\/wp\/v2\/types\/page"}],"author":[{"embeddable":true,"href":"https:\/\/wp.ufpel.edu.br\/desenvolvimentosocialzonasul\/wp-json\/wp\/v2\/users\/888"}],"replies":[{"embeddable":true,"href":"https:\/\/wp.ufpel.edu.br\/desenvolvimentosocialzonasul\/wp-json\/wp\/v2\/comments?post=13"}],"version-history":[{"count":3,"href":"https:\/\/wp.ufpel.edu.br\/desenvolvimentosocialzonasul\/wp-json\/wp\/v2\/pages\/13\/revisions"}],"predecessor-version":[{"id":390,"href":"https:\/\/wp.ufpel.edu.br\/desenvolvimentosocialzonasul\/wp-json\/wp\/v2\/pages\/13\/revisions\/390"}],"wp:attachment":[{"href":"https:\/\/wp.ufpel.edu.br\/desenvolvimentosocialzonasul\/wp-json\/wp\/v2\/media?parent=13"}],"curies":[{"name":"wp","href":"https:\/\/api.w.org\/{rel}","templated":true}]}}