{"id":127,"date":"2018-12-12T10:48:17","date_gmt":"2018-12-12T12:48:17","guid":{"rendered":"https:\/\/wp.ufpel.edu.br\/desenvolvimentosocialzonasul\/?page_id=127"},"modified":"2018-12-17T10:40:06","modified_gmt":"2018-12-17T12:40:06","slug":"sobre-barraca-da-saude","status":"publish","type":"page","link":"https:\/\/wp.ufpel.edu.br\/desenvolvimentosocialzonasul\/projetos\/sobre-barraca-da-saude\/","title":{"rendered":"Sobre Barraca da Sa\u00fade"},"content":{"rendered":"<p style=\"text-align: justify\">Barraca da sa\u00fade, a barraca da sa\u00fade, \u00e9 um projeto de extens\u00e3o de iniciativa do curso de Enfermagem da UFPel, sob coordena\u00e7\u00e3o da\u00a0 Prof. Dra. Michele Mandagar\u00e1 de Oliveira (Coordenadora do Curso de Enfermagem). O projeto em si, conta com a participa\u00e7\u00e3o de outros cursos que n\u00e3o sejam da \u00e1rea da sa\u00fade.<\/p>\n<p style=\"text-align: justify\">Sendo o objetivo do projeto, integrar e deselitizar os conhecimentos obtidos na universidade, o projeto da barraca da sa\u00fade, acolhe todos os cursos dispostos a ajudar, levando conhecimento a quem mais necessita. Sendo esse o objetivo, o p\u00fablico alvo torna-se as pessoas mais necessitadas das comunidades no entorno de Pelotas.<\/p>\n<p style=\"text-align: justify\"><a href=\"https:\/\/wp.ufpel.edu.br\/ga\/files\/2018\/10\/cesar.jpg\"><img class=\"wp-image-1823 aligncenter\" src=\"https:\/\/wp.ufpel.edu.br\/ga\/files\/2018\/10\/cesar-400x300.jpg\" alt=\"\" width=\"363\" height=\"272\" \/><\/a><\/p>\n","protected":false},"excerpt":{"rendered":"<p>Barraca da sa\u00fade, a barraca da sa\u00fade, \u00e9 um projeto de extens\u00e3o de iniciativa do curso de Enfermagem da UFPel, sob coordena\u00e7\u00e3o da\u00a0 Prof. Dra. Michele Mandagar\u00e1 de Oliveira (Coordenadora do Curso de Enfermagem). O projeto em si, conta com a participa\u00e7\u00e3o de outros cursos que n\u00e3o sejam da \u00e1rea da sa\u00fade. Sendo o objetivo [&hellip;]<\/p>\n","protected":false},"author":888,"featured_media":0,"parent":13,"menu_order":0,"comment_status":"closed","ping_status":"closed","template":"","meta":{"footnotes":""},"class_list":["post-127","page","type-page","status-publish","hentry"],"_links":{"self":[{"href":"https:\/\/wp.ufpel.edu.br\/desenvolvimentosocialzonasul\/wp-json\/wp\/v2\/pages\/127","targetHints":{"allow":["GET"]}}],"collection":[{"href":"https:\/\/wp.ufpel.edu.br\/desenvolvimentosocialzonasul\/wp-json\/wp\/v2\/pages"}],"about":[{"href":"https:\/\/wp.ufpel.edu.br\/desenvolvimentosocialzonasul\/wp-json\/wp\/v2\/types\/page"}],"author":[{"embeddable":true,"href":"https:\/\/wp.ufpel.edu.br\/desenvolvimentosocialzonasul\/wp-json\/wp\/v2\/users\/888"}],"replies":[{"embeddable":true,"href":"https:\/\/wp.ufpel.edu.br\/desenvolvimentosocialzonasul\/wp-json\/wp\/v2\/comments?post=127"}],"version-history":[{"count":2,"href":"https:\/\/wp.ufpel.edu.br\/desenvolvimentosocialzonasul\/wp-json\/wp\/v2\/pages\/127\/revisions"}],"predecessor-version":[{"id":155,"href":"https:\/\/wp.ufpel.edu.br\/desenvolvimentosocialzonasul\/wp-json\/wp\/v2\/pages\/127\/revisions\/155"}],"up":[{"embeddable":true,"href":"https:\/\/wp.ufpel.edu.br\/desenvolvimentosocialzonasul\/wp-json\/wp\/v2\/pages\/13"}],"wp:attachment":[{"href":"https:\/\/wp.ufpel.edu.br\/desenvolvimentosocialzonasul\/wp-json\/wp\/v2\/media?parent=127"}],"curies":[{"name":"wp","href":"https:\/\/api.w.org\/{rel}","templated":true}]}}