{"id":216,"date":"2026-03-24T09:12:50","date_gmt":"2026-03-24T12:12:50","guid":{"rendered":"https:\/\/wp.ufpel.edu.br\/desalinho\/?page_id=216"},"modified":"2026-03-24T09:12:50","modified_gmt":"2026-03-24T12:12:50","slug":"publications","status":"publish","type":"page","link":"https:\/\/wp.ufpel.edu.br\/desalinho\/en\/publications\/","title":{"rendered":"Publications"},"content":{"rendered":"<p><strong>Publications (after 2023 available online)<\/strong><\/p>\n<p><em>Articles:<\/em><\/p>\n<p>Indjai, Mamad\u00fa. <a href=\"https:\/\/periodicos.ufpel.edu.br\/index.php\/rsulacp\/article\/view\/28164\">Neoliberalism and the setback in the democratization process in Africa: a study on structural adjustment programs in Guinea-Bissau.<\/a> South American Journal of Political Science, Pelotas, vol. 2, n. 10, 2025.<\/p>\n<p>Vale, Beatriz Franco. <a href=\"https:\/\/periodicos.ufpel.edu.br\/index.php\/rsulacp\/article\/view\/27716\">The question of nationalism in discourse theory from Brazil<\/a>. South American Journal of Political Science, Pelotas, vol. 1, n. 11, 2025.<\/p>\n<p>Ballestrin, Luciana. <a href=\"https:\/\/periodicos.ufpel.edu.br\/index.php\/dissertatio\/article\/view\/24820\">Postcolonial inequalities in the process of global de-democratization.<\/a> Dissertatio Revista de Filosofia, Pelotas, vol. sup. 12, 2023.<\/p>\n<p><em>Review:<\/em><\/p>\n<p>Ballestrin, Luciana. <a href=\"https:\/\/periodicos.ufpel.edu.br\/index.php\/tessituras\/article\/view\/30501\">A postcolonial consciousness for Latin America.<\/a> Tessituras: Journal of Anthropology and Archaeology, Pelotas, vol. 13, n.1, 2025.<\/p>\n<p><em>Book chapter:<\/em><\/p>\n<p>Gomes da Silva, Ot\u00e1vio Santiago. J<a href=\"https:\/\/editoraaltaperformance.com.br\/produto\/constitucionalismo-democracia-e-direitos-humanos\/?srsltid=AfmBOorvEbs7U4K4eikcfhPU58QLN--t0aS4J-4PjctSLXch8m0hrXCH\">udicial Action and Legislative Countermobilization: LGBTI+ rights as a political dispute.<\/a> 2023<\/p>\n<p><em>Interview:<\/em><\/p>\n<p><a href=\"https:\/\/www.teoriaepesquisa.ufscar.br\/index.php\/tp\/article\/view\/1060\/573\">For a South-South Perspective for Political Science in Brazil: Interview with Luciana Ballestrin<\/a>. Teoria &amp; Pesquisa Revista de Ci\u00eancia Pol\u00edtica, S\u00e3o Carlos, vol. 32, 2023.<\/p>\n<p><em>Doctoral Theses:<\/em><\/p>\n<p><a href=\"https:\/\/wp.ufpel.edu.br\/ppgcienciapolitica\/files\/2025\/06\/Tese-Otavio-Santiago-Gomes-da-Silva.pdf\">Constitutional disputes around sexual and gender diversity: the active and reactive judicial mobilization of the LGBTI+ issue in the Federal Supreme Court (2004-2024)<\/a><\/p>\n<p>Author: Ot\u00e1vio Santiago Gomes da Silva<\/p>\n<p><a href=\"https:\/\/wp.ufpel.edu.br\/ppgcienciapolitica\/files\/2025\/10\/Tese_Final_Vitor_Dias_Entrega_atual.pdf\">The political governance of &#8220;Operation Welcome&#8221; for Venezuelan migrants and refugees: an analysis of the dynamics of securitization and decentralization in three municipalities in the Southern Region of Brazil (2018-2022)<\/a><\/p>\n<p>Author: Vitor Gon\u00e7alves Dias<\/p>\n<p><em>Master&#8217;s Dissertations:<\/em><\/p>\n<p><a href=\"https:\/\/wp.ufpel.edu.br\/ppgcienciapolitica\/files\/2025\/10\/Dissertacao-Mayanne-Menezes.pdf\">The UN in Haiti: MINUSTAH, human rights and the limits of international accountability<\/a><\/p>\n<p>Author: Mayanne de Ara\u00fajo Menezes<\/p>\n","protected":false},"excerpt":{"rendered":"<p>Publications (after 2023 available online) Articles: Indjai, Mamad\u00fa. Neoliberalism and the setback in the democratization process in Africa: a study on structural adjustment programs in Guinea-Bissau. South American Journal of Political Science, Pelotas, vol. 2, n. 10, 2025. Vale, Beatriz Franco. The question of nationalism in discourse theory from Brazil. South American Journal of Political [&hellip;]<\/p>\n","protected":false},"author":1550,"featured_media":0,"parent":0,"menu_order":0,"comment_status":"closed","ping_status":"closed","template":"","meta":{"footnotes":""},"class_list":["post-216","page","type-page","status-publish","hentry"],"_links":{"self":[{"href":"https:\/\/wp.ufpel.edu.br\/desalinho\/wp-json\/wp\/v2\/pages\/216","targetHints":{"allow":["GET"]}}],"collection":[{"href":"https:\/\/wp.ufpel.edu.br\/desalinho\/wp-json\/wp\/v2\/pages"}],"about":[{"href":"https:\/\/wp.ufpel.edu.br\/desalinho\/wp-json\/wp\/v2\/types\/page"}],"author":[{"embeddable":true,"href":"https:\/\/wp.ufpel.edu.br\/desalinho\/wp-json\/wp\/v2\/users\/1550"}],"replies":[{"embeddable":true,"href":"https:\/\/wp.ufpel.edu.br\/desalinho\/wp-json\/wp\/v2\/comments?post=216"}],"version-history":[{"count":1,"href":"https:\/\/wp.ufpel.edu.br\/desalinho\/wp-json\/wp\/v2\/pages\/216\/revisions"}],"predecessor-version":[{"id":218,"href":"https:\/\/wp.ufpel.edu.br\/desalinho\/wp-json\/wp\/v2\/pages\/216\/revisions\/218"}],"wp:attachment":[{"href":"https:\/\/wp.ufpel.edu.br\/desalinho\/wp-json\/wp\/v2\/media?parent=216"}],"curies":[{"name":"wp","href":"https:\/\/api.w.org\/{rel}","templated":true}]}}