{"id":14,"date":"2025-10-09T19:49:32","date_gmt":"2025-10-09T22:49:32","guid":{"rendered":"https:\/\/wp.ufpel.edu.br\/desalinho\/?page_id=14"},"modified":"2025-10-23T18:36:18","modified_gmt":"2025-10-23T21:36:18","slug":"links-de-interesse","status":"publish","type":"page","link":"https:\/\/wp.ufpel.edu.br\/desalinho\/links-de-interesse\/","title":{"rendered":"Links de interesse"},"content":{"rendered":"<p><strong>Institucional:<\/strong><\/p>\n<p><a href=\"https:\/\/www.gov.br\/capes\/pt-br\">CAPES<\/a><\/p>\n<p><a href=\"https:\/\/www.gov.br\/cnpq\/pt-br\">CNPq<\/a><\/p>\n<p><a href=\"http:\/\/dgp.cnpq.br\/dgp\/espelhogrupo\/591587\">Diret\u00f3rio de Grupo de Pesquisa do CNPq<\/a><\/p>\n<p><a href=\"https:\/\/wp.ufpel.edu.br\/ppgcienciapolitica\/\">Programa de P\u00f3s-Gradua\u00e7\u00e3o em Ci\u00eancia Pol\u00edtica<\/a><\/p>\n<p><a href=\"https:\/\/portal.ufpel.edu.br\/\">Universidade Federal de Pelotas<\/a><\/p>\n<p>&nbsp;<\/p>\n","protected":false},"excerpt":{"rendered":"<p>Institucional: CAPES CNPq Diret\u00f3rio de Grupo de Pesquisa do CNPq Programa de P\u00f3s-Gradua\u00e7\u00e3o em Ci\u00eancia Pol\u00edtica Universidade Federal de Pelotas &nbsp;<\/p>\n","protected":false},"author":1302,"featured_media":0,"parent":0,"menu_order":0,"comment_status":"closed","ping_status":"closed","template":"","meta":{"footnotes":""},"class_list":["post-14","page","type-page","status-publish","hentry"],"_links":{"self":[{"href":"https:\/\/wp.ufpel.edu.br\/desalinho\/wp-json\/wp\/v2\/pages\/14","targetHints":{"allow":["GET"]}}],"collection":[{"href":"https:\/\/wp.ufpel.edu.br\/desalinho\/wp-json\/wp\/v2\/pages"}],"about":[{"href":"https:\/\/wp.ufpel.edu.br\/desalinho\/wp-json\/wp\/v2\/types\/page"}],"author":[{"embeddable":true,"href":"https:\/\/wp.ufpel.edu.br\/desalinho\/wp-json\/wp\/v2\/users\/1302"}],"replies":[{"embeddable":true,"href":"https:\/\/wp.ufpel.edu.br\/desalinho\/wp-json\/wp\/v2\/comments?post=14"}],"version-history":[{"count":3,"href":"https:\/\/wp.ufpel.edu.br\/desalinho\/wp-json\/wp\/v2\/pages\/14\/revisions"}],"predecessor-version":[{"id":141,"href":"https:\/\/wp.ufpel.edu.br\/desalinho\/wp-json\/wp\/v2\/pages\/14\/revisions\/141"}],"wp:attachment":[{"href":"https:\/\/wp.ufpel.edu.br\/desalinho\/wp-json\/wp\/v2\/media?parent=14"}],"curies":[{"name":"wp","href":"https:\/\/api.w.org\/{rel}","templated":true}]}}