{"id":11,"date":"2025-10-09T19:48:35","date_gmt":"2025-10-09T22:48:35","guid":{"rendered":"https:\/\/wp.ufpel.edu.br\/desalinho\/?page_id=11"},"modified":"2026-01-09T14:54:11","modified_gmt":"2026-01-09T17:54:11","slug":"publicacoes-2","status":"publish","type":"page","link":"https:\/\/wp.ufpel.edu.br\/desalinho\/publicacoes-2\/","title":{"rendered":"Publica\u00e7\u00f5es"},"content":{"rendered":"<p><strong><em>Publica\u00e7\u00f5es (ap\u00f3s 2023 dispon\u00edveis online)<\/em><\/strong><\/p>\n<p><em>Artigos:<\/em><\/p>\n<p>Indjai, Mamad\u00fa. <a href=\"https:\/\/periodicos.ufpel.edu.br\/index.php\/rsulacp\/article\/view\/28164\">Neoliberalismo e o retrocesso no processo de democratiza\u00e7\u00e3o na \u00c1frica: um estudo sobre os programas de ajustamento estruturais na Guin\u00e9-Bissau.<\/a> Revista Sul-Americana de Ci\u00eancia Pol\u00edtica, Pelotas, vol. 2, n. 10, 2025.<\/p>\n<p>Vale, Beatriz Franco. <a href=\"https:\/\/periodicos.ufpel.edu.br\/index.php\/rsulacp\/article\/view\/27716\">A quest\u00e3o do nacionalismo na teoria do discurso desde o Brasil<\/a>. Revista Sul-Americana de Ci\u00eancia Pol\u00edtica, Pelotas, vol. 1, n. 11, 2025.<\/p>\n<p>Ballestrin, Luciana. <a href=\"https:\/\/periodicos.ufpel.edu.br\/index.php\/dissertatio\/article\/view\/24820\">Desigualdades p\u00f3s-coloniais no processo de desdemocratiza\u00e7\u00e3o global.<\/a> Dissertatio Revista de Filosofia, Pelotas, vol. sup. 12, 2023.<\/p>\n<p><em>Resenha:<\/em><\/p>\n<p>Ballestrin, Luciana. <a href=\"https:\/\/periodicos.ufpel.edu.br\/index.php\/tessituras\/article\/view\/30501\">Uma consci\u00eancia p\u00f3s-colonial para a Am\u00e9rica Latina.<\/a> Tessituras: Revista de Antropologia e Arqueologia, Pelotas, vol. 13, n.1, 2025.<\/p>\n<p><em>Cap\u00edtulo de livro:<\/em><\/p>\n<p>Gomes da Silva, Ot\u00e1vio Santiago. <a href=\"https:\/\/editoraaltaperformance.com.br\/produto\/constitucionalismo-democracia-e-direitos-humanos\/?srsltid=AfmBOorvEbs7U4K4eikcfhPU58QLN--t0aS4J-4PjctSLXch8m0hrXCH\">Acionamento Judicial e Contramobiliza\u00e7\u00e3o legislativa: os direitos LGBTI+ como disputa pol\u00edtica<\/a>. 2023.<\/p>\n<p><em>Entrevista:<\/em><\/p>\n<p><a href=\"https:\/\/www.teoriaepesquisa.ufscar.br\/index.php\/tp\/article\/view\/1060\/573\">Por uma perspectiva sul-sul para a ci\u00eancia pol\u00edtica no Brasil: entrevista com Luciana Ballestrin.<\/a> Teoria &amp; Pesquisa Revista de Ci\u00eancia Pol\u00edtica, S\u00e3o Carlos, vol. 32, 2023.<\/p>\n<p><em>Teses de Doutorado<\/em><\/p>\n<div>\n<p><a href=\"https:\/\/wp.ufpel.edu.br\/ppgcienciapolitica\/files\/2025\/06\/Tese-Otavio-Santiago-Gomes-da-Silva.pdf\">Disputas de constitucionalidade em torno da diversidade sexual e de g\u00eanero: a mobiliza\u00e7\u00e3o judicial ativa e reativa da quest\u00e3o LGBTI+ no Supremo Tribunal Federal (2004-2024)<\/a><\/p>\n<\/div>\n<div>\n<p>Autor: Ot\u00e1vio Santiago Gomes da Silva<\/p>\n<p><a href=\"https:\/\/wp.ufpel.edu.br\/ppgcienciapolitica\/files\/2025\/10\/Tese_Final_Vitor_Dias_Entrega_atual.pdf\">A governan\u00e7a pol\u00edtica da \u201cOpera\u00e7\u00e3o Acolhida\u201d para migrantes e refugiados\u00a0venezuelanos: uma an\u00e1lise das din\u00e2micas de securitiza\u00e7\u00e3o e descentraliza\u00e7\u00e3o em\u00a0tr\u00eas munic\u00edpios da Regi\u00e3o Sul do Brasil (2018-2022)<\/a><\/p>\n<p>Autor: Vitor Gon\u00e7alves Dias<\/p>\n<p><em>Disserta\u00e7\u00f5es de Mestrado<\/em><\/p>\n<\/div>\n<p><a href=\"https:\/\/wp.ufpel.edu.br\/ppgcienciapolitica\/files\/2025\/10\/Dissertacao-Mayanne-Menezes.pdf\">A ONU no Haiti: MINUSTAH, direitos humanos e os limites da responsabiliza\u00e7\u00e3o internacional<\/a><\/p>\n<p>Autora: Mayanne de Ara\u00fajo Menezes<\/p>\n","protected":false},"excerpt":{"rendered":"<p>Publica\u00e7\u00f5es (ap\u00f3s 2023 dispon\u00edveis online) Artigos: Indjai, Mamad\u00fa. Neoliberalismo e o retrocesso no processo de democratiza\u00e7\u00e3o na \u00c1frica: um estudo sobre os programas de ajustamento estruturais na Guin\u00e9-Bissau. Revista Sul-Americana de Ci\u00eancia Pol\u00edtica, Pelotas, vol. 2, n. 10, 2025. Vale, Beatriz Franco. A quest\u00e3o do nacionalismo na teoria do discurso desde o Brasil. Revista Sul-Americana [&hellip;]<\/p>\n","protected":false},"author":1302,"featured_media":0,"parent":0,"menu_order":0,"comment_status":"closed","ping_status":"closed","template":"","meta":{"footnotes":""},"class_list":["post-11","page","type-page","status-publish","hentry"],"_links":{"self":[{"href":"https:\/\/wp.ufpel.edu.br\/desalinho\/wp-json\/wp\/v2\/pages\/11","targetHints":{"allow":["GET"]}}],"collection":[{"href":"https:\/\/wp.ufpel.edu.br\/desalinho\/wp-json\/wp\/v2\/pages"}],"about":[{"href":"https:\/\/wp.ufpel.edu.br\/desalinho\/wp-json\/wp\/v2\/types\/page"}],"author":[{"embeddable":true,"href":"https:\/\/wp.ufpel.edu.br\/desalinho\/wp-json\/wp\/v2\/users\/1302"}],"replies":[{"embeddable":true,"href":"https:\/\/wp.ufpel.edu.br\/desalinho\/wp-json\/wp\/v2\/comments?post=11"}],"version-history":[{"count":4,"href":"https:\/\/wp.ufpel.edu.br\/desalinho\/wp-json\/wp\/v2\/pages\/11\/revisions"}],"predecessor-version":[{"id":154,"href":"https:\/\/wp.ufpel.edu.br\/desalinho\/wp-json\/wp\/v2\/pages\/11\/revisions\/154"}],"wp:attachment":[{"href":"https:\/\/wp.ufpel.edu.br\/desalinho\/wp-json\/wp\/v2\/media?parent=11"}],"curies":[{"name":"wp","href":"https:\/\/api.w.org\/{rel}","templated":true}]}}