{"id":37,"date":"2019-04-29T16:24:19","date_gmt":"2019-04-29T19:24:19","guid":{"rendered":"https:\/\/wp.ufpel.edu.br\/desafiopreuniversitario\/?page_id=37"},"modified":"2019-04-30T15:12:42","modified_gmt":"2019-04-30T18:12:42","slug":"noticias","status":"publish","type":"page","link":"https:\/\/wp.ufpel.edu.br\/desafiopreuniversitario\/noticias\/","title":{"rendered":"Not\u00edcias"},"content":{"rendered":"<div class=\"\" data-block=\"true\" data-editor=\"8go3n\" data-offset-key=\"c84tp-0-0\">\n<div data-offset-key=\"c84tp-0-0\">O cursinho Desafio Pr\u00e9-Universit\u00e1rio Popular ir\u00e1 fazer um evento <span data-offset-key=\"c84tp-0-0\">sobre a Primeira Guerra Mundial,\u00a0 as 14 horas do dia 18 de Agosto, na sede do Desafio Pr\u00e9-Universit\u00e1rio Popular.\u00a0 <\/span><\/div>\n<div data-offset-key=\"c84tp-0-0\"><span data-offset-key=\"c84tp-0-0\">O Aul\u00e3o ser\u00e1 gratuito e aberto a toda comunidade, com caracter\u00edsticas interdisciplinares pois ser\u00e1 ministrado por <\/span><span data-offset-key=\"c84tp-0-0\">professores de F\u00edsica, Hist\u00f3ria e Qu\u00edmica.\u00a0<\/span><\/div>\n<\/div>\n<div data-offset-key=\"c84tp-0-0\">Na parte da hist\u00f3ria ser\u00e3o abordados temas como contextualiza\u00e7\u00e3o do in\u00edcio da Guerra, batalhas navais, contabiliza\u00e7\u00e3o da economia e mortes. J\u00e1 na Qu\u00edmica os t\u00f3picos ser\u00e3o o uso de armas qu\u00edmicas no campo de batalha, alimenta\u00e7\u00e3o, conservantes e rem\u00e9dios nas trincheiras.\u00a0 E por fim, a F\u00edsica ter\u00e1 como pautas o uso de metralhadoras, submarinos, avi\u00f5es e r\u00e1dios na Guerra.<\/div>\n<div data-offset-key=\"c84tp-0-0\">Os interessados no Aul\u00e3o podem acompanhar o evento pela p\u00e1gina do Facebook do Desafio Pr\u00e9-Universit\u00e1rio Popular e n\u00e3o \u00e9 necess\u00e1rio fazer a inscri\u00e7\u00e3o para participar.<\/div>\n<div data-offset-key=\"c84tp-0-0\"><\/div>\n<div data-offset-key=\"c84tp-0-0\"><img loading=\"lazy\" decoding=\"async\" class=\"aligncenter size-full wp-image-22\" src=\"https:\/\/wp.ufpel.edu.br\/desafiopreuniversitario\/files\/2019\/04\/Capa.png\" alt=\"\" width=\"820\" height=\"312\" srcset=\"https:\/\/wp.ufpel.edu.br\/desafiopreuniversitario\/files\/2019\/04\/Capa.png 820w, https:\/\/wp.ufpel.edu.br\/desafiopreuniversitario\/files\/2019\/04\/Capa-400x152.png 400w, https:\/\/wp.ufpel.edu.br\/desafiopreuniversitario\/files\/2019\/04\/Capa-768x292.png 768w\" sizes=\"auto, (max-width: 820px) 100vw, 820px\" \/><\/div>\n","protected":false},"excerpt":{"rendered":"<p>O cursinho Desafio Pr\u00e9-Universit\u00e1rio Popular ir\u00e1 fazer um evento sobre a Primeira Guerra Mundial,\u00a0 as 14 horas do dia 18 de Agosto, na sede do Desafio Pr\u00e9-Universit\u00e1rio Popular.\u00a0 O Aul\u00e3o ser\u00e1 gratuito e aberto&#46;&#46;&#46;<\/p>\n","protected":false},"author":924,"featured_media":22,"parent":0,"menu_order":0,"comment_status":"closed","ping_status":"closed","template":"","meta":{"footnotes":""},"class_list":["post-37","page","type-page","status-publish","has-post-thumbnail","hentry"],"_links":{"self":[{"href":"https:\/\/wp.ufpel.edu.br\/desafiopreuniversitario\/wp-json\/wp\/v2\/pages\/37","targetHints":{"allow":["GET"]}}],"collection":[{"href":"https:\/\/wp.ufpel.edu.br\/desafiopreuniversitario\/wp-json\/wp\/v2\/pages"}],"about":[{"href":"https:\/\/wp.ufpel.edu.br\/desafiopreuniversitario\/wp-json\/wp\/v2\/types\/page"}],"author":[{"embeddable":true,"href":"https:\/\/wp.ufpel.edu.br\/desafiopreuniversitario\/wp-json\/wp\/v2\/users\/924"}],"replies":[{"embeddable":true,"href":"https:\/\/wp.ufpel.edu.br\/desafiopreuniversitario\/wp-json\/wp\/v2\/comments?post=37"}],"version-history":[{"count":3,"href":"https:\/\/wp.ufpel.edu.br\/desafiopreuniversitario\/wp-json\/wp\/v2\/pages\/37\/revisions"}],"predecessor-version":[{"id":56,"href":"https:\/\/wp.ufpel.edu.br\/desafiopreuniversitario\/wp-json\/wp\/v2\/pages\/37\/revisions\/56"}],"wp:featuredmedia":[{"embeddable":true,"href":"https:\/\/wp.ufpel.edu.br\/desafiopreuniversitario\/wp-json\/wp\/v2\/media\/22"}],"wp:attachment":[{"href":"https:\/\/wp.ufpel.edu.br\/desafiopreuniversitario\/wp-json\/wp\/v2\/media?parent=37"}],"curies":[{"name":"wp","href":"https:\/\/api.w.org\/{rel}","templated":true}]}}