{"id":86,"date":"2016-10-12T16:42:14","date_gmt":"2016-10-12T19:42:14","guid":{"rendered":"https:\/\/wp.ufpel.edu.br\/desafiomuralgbiotec\/?page_id=86"},"modified":"2019-11-08T09:25:22","modified_gmt":"2019-11-08T12:25:22","slug":"espacociencia","status":"publish","type":"page","link":"https:\/\/wp.ufpel.edu.br\/desafiomuralgbiotec\/espacociencia\/","title":{"rendered":"V Espa\u00e7o Ci\u00eancia"},"content":{"rendered":"<p><span style=\"font-family: arial, helvetica, sans-serif;font-size: 18pt\">O <strong>V Espa\u00e7o Ci\u00eancia<\/strong> \u00e9 um evento para divulga\u00e7\u00e3o cient\u00edfica e tecnol\u00f3gica que aproxima universidades e empresas trazendo conhecimento e informa\u00e7\u00e3o para a comunidade.<\/span><\/p>\n<p><span style=\"font-family: arial, helvetica, sans-serif;font-size: 18pt\"><strong>V Espa\u00e7o Ci\u00eancia<\/strong> ser\u00e1 realizado no<strong> dia 13 de novembro de 2019 <\/strong>no<strong> Pelotas Parque Tecnol\u00f3gico!<\/strong><\/span><\/p>\n<p>&nbsp;<\/p>\n<p><strong><span style=\"font-size: 18pt\">Os trabalhos selecionados para a MOSTRA INTERATIVA foram:<\/span><\/strong><\/p>\n<p>&nbsp;<\/p>\n<div class=\"clearfix _o46 _3erg _29_7 direction_ltr text_align_ltr\">\n<div id=\"js_7c\" class=\"_3058 _ui9 _hh7 _6ybn _s1- _52mr _3oh-\" data-tooltip-content=\"Quinta 20:12\" data-hover=\"tooltip\" data-tooltip-position=\"left\"><\/div>\n<\/div>\n<div class=\"clearfix _o46 _3erg _29_7 direction_ltr text_align_ltr\">\n<div id=\"js_cw\" class=\"_3058 _ui9 _hh7 _6ybn _s1- _52mr _3oh-\" data-tooltip-content=\"Quinta 20:12\" data-hover=\"tooltip\" data-tooltip-position=\"left\" aria-describedby=\"js_45\">\n<div class=\"_aok _7i2m\" aria-label=\"Hor\u00e1rio 17:15\"><\/div>\n<div aria-label=\"Hor\u00e1rio 17:15\"><\/div>\n<\/div>\n<\/div>\n<p>1. MOLECUL\u00c1RIO \u2013 UMA COLE\u00c7\u00c3O DE BIOMOL\u00c9CULAS<br \/>\n2. KEFIR &#8211; DOANDO SEMENTES DO BEM<br \/>\n3. QUAL O SEU PAPEL?<br \/>\n4. ALIMENTA\u00c7\u00c3O SAUD\u00c1VEL: MITOS E VERDADES<br \/>\n5. ESCOLHAS ALIMENTARES: POR QUE GOSTAMOS DO QUE GOSTAMOS?<br \/>\n6. HORTA CASEIRA, UMA MISCEL\u00c2NEA DE AROMAS, CORES E SABORES! VAMOS PRODUZIR PRA CONSUMIR?<br \/>\n7. F\u00cdSICA, GERA\u00c7\u00c3O E CONSERVA\u00c7\u00c3O DE ENERGIA<br \/>\n8. FOTO LUMINOSIDADE,IMPACTO NO DESENVOLVIMENTO ECON\u00d4MICO<br \/>\n9. CONFEC\u00c7\u00c3O DE MATERIAL DID\u00c1TICO PARA ESTUDO MORFOL\u00d3GICO DE ESPERMATOZOIDES<br \/>\n10. MODELO DID\u00c1TICO DE NEONATO CANINO PARA SONDAGEM OROG\u00c1STRICA<br \/>\n11. MODELO DID\u00c1TICO PARA ELUCIDAR A VISUALIZA\u00c7\u00c3O MICROSC\u00d3PICA DE C\u00c9LULAS ESPERM\u00c1TICAS.<br \/>\n12. CULTIVO IN VITRO COMO FERRAMENTA BIOTECNOL\u00d3GICA PARA S\u00cdNTESE DE COMPOSTOS BIOATIVOS<br \/>\n13. IMUNOLOGIA PARA CRIAN\u00c7AS: DO CORPO HUMANO PARA OS QUADRINHOS<br \/>\n14. ENXERGANDO A DIMENS\u00c3O EL\u00c9TRICA DAS PLANTAS: COMBATENDO A CEGUEIRA BOT\u00c2NICA ATRAV\u00c9S DA ELETROFISIOLOGIA VEGETAL<br \/>\n15. ATIVIDADE SOBRE O DNA \u2013 ELUCIDANDO A SUA ESTRUTURA E APROXIMANDO A POPULA\u00c7\u00c3O DA CI\u00caNCIA<br \/>\n16. DESVENDANDO AS HABILIDADES DAS PLANTAS<br \/>\n17. VAMOS COMPOSTAR?<br \/>\n18. AMIGO DAS ABELHAS<br \/>\n19. INDICADOR \u00c1CIDO-BASE DE REPOLHO ROXO<br \/>\n20. SEMENTES CRIOULAS: PERFIL SENSORIAL E POTENCIAL TECNOL\u00d3GICO PARA PRODUTOS SEM GL\u00daTEN<br \/>\n21. CONSTRU\u00c7\u00c3O DA TABELA PERI\u00d3DICA COM MATERIAIS RECICLADOS<br \/>\n22. UTILIZA\u00c7\u00c3O DE PAR\u00c1BOLAS PARA A POTENCIALIZA\u00c7\u00c3O DA GERA\u00c7\u00c3O DE ENERGIA FOTOVOLTAICA<br \/>\n23. DNA &#8211; DESVENDANDO A SUA ESTRUTURA<br \/>\n24. LUZ, C\u00c2MERA &#8230; INSETOS EM A\u00c7\u00c3O!<br \/>\n25. OFICINA \u201cCOLECIONANDO SEMENTES, CONSTRUINDO SABERES\u201d<br \/>\n26. MICRONFLITO<br \/>\n27. DESVENDANDO AS HABILIDADES DAS PLANTAS<br \/>\n28. AQUAPONIA<\/p>\n<p><span style=\"font-size: 18pt\"><strong>Os trabalhos selecionados na modalidade banner foram:<\/strong><\/span><\/p>\n<p>FISIOTERAPIA ASSOCIADA A C\u00c3ES CO-TERAPEUTAS<\/p>\n<p>ATIVIDADES COM C\u00c3ES E A A\u00c7\u00c3O NA PRESS\u00c3O ARTERIAL<\/p>\n<p>PROJETO CI\u00caNCIA PARA TODOS: DOS ARTIGOS CIENT\u00cdFICOS PARA A POPULA\u00c7\u00c3O<\/p>\n<p>O PER\u00cdODO GESTACIONAL NOS ANIMAIS<\/p>\n<p>CONTROLE DE QUALIDADE DOS DOCES TRADICIONAIS DE PELOTAS NA FENADOCE<\/p>\n<p>CONTAMINA\u00c7\u00c3O POR AGROT\u00d3XICOS, CONSEQU\u00caNCIAS E ALTERNATIVAS.<\/p>\n<p>A INTERFER\u00caNCIA DOS ANEST\u00c9SICOS SOBRE PAR\u00c2METROS DE VIABILIDADE ESPERM\u00c1TICA<\/p>\n<p>TENHO UM ANIMAL DE ESTIMA\u00c7\u00c3O, O QUE FA\u00c7O AGORA?<\/p>\n<p>ZOONOSES PARASITARIAS, UM RISCO PARA SA\u00daDE P\u00daBLICA<\/p>\n<p>O DIA A DIA DAS BACT\u00c9RIAS<\/p>\n<p>AVALIA\u00c7\u00c3O DO EFEITO DOS ANEST\u00c9SICOS SOBRE PAR\u00c2METROS DE VIABILIDADE ESPERM\u00c1TICA<\/p>\n<p>&nbsp;<\/p>\n<div class=\"clearfix _o46 _3erg _29_7 direction_ltr text_align_ltr\">\n<div id=\"js_7c\" class=\"_3058 _ui9 _hh7 _6ybn _s1- _52mr _3oh-\" data-tooltip-content=\"Quinta 20:12\" data-hover=\"tooltip\" data-tooltip-position=\"left\">\n<div class=\"_aok _7i2m\" aria-label=\"Palestrantes: E os palestrantes ser\u00e3o:\nRafael Gon\u00e7alves - CEO da empresa Partamon e\nCristian Ortiz - Gastr\u00f4nomo da empresa Co.place Coworking\"><strong><span class=\"_3oh- _58nk\" style=\"font-size: 18pt\">PALESTRAS:\u00a0<\/span><\/strong><\/div>\n<div aria-label=\"Palestrantes: E os palestrantes ser\u00e3o:\nRafael Gon\u00e7alves - CEO da empresa Partamon e\nCristian Ortiz - Gastr\u00f4nomo da empresa Co.place Coworking\"><\/div>\n<div class=\"_aok _7i2m\" aria-label=\"Palestrantes: E os palestrantes ser\u00e3o:\nRafael Gon\u00e7alves - CEO da empresa Partamon e\nCristian Ortiz - Gastr\u00f4nomo da empresa Co.place Coworking\"><span class=\"_3oh- _58nk\">Rafael Gon\u00e7alves &#8211; CEO da empresa Partamon e Cristian Ortiz &#8211; Gastr\u00f4nomo da empresa Co.place Coworking<\/span><\/div>\n<\/div>\n<\/div>\n<div class=\"clearfix _o46 _3erg _29_7 direction_ltr text_align_ltr\">\n<div id=\"js_5h\" class=\"_3058 _ui9 _hh7 _6ybn _s1- _52mr _3oh-\" data-tooltip-content=\"Quinta 20:12\" data-hover=\"tooltip\" data-tooltip-position=\"left\">\n<div aria-label=\"T\u00edtulo: O t\u00edtulo \u00e9: Como os insetos impactar\u00e3o sua dieta?\"><\/div>\n<div class=\"_aok _7i2m\" aria-label=\"T\u00edtulo: O t\u00edtulo \u00e9: Como os insetos impactar\u00e3o sua dieta?\"><span class=\"_3oh- _58nk\">T\u00edtulo: Como os insetos impactar\u00e3o sua dieta?<\/span><\/div>\n<\/div>\n<\/div>\n<div class=\"clearfix _o46 _3erg _29_7 direction_ltr text_align_ltr\">\n<div id=\"js_cw\" class=\"_3058 _ui9 _hh7 _6ybn _s1- _52mr _3oh-\" data-tooltip-content=\"Quinta 20:12\" data-hover=\"tooltip\" data-tooltip-position=\"left\" aria-describedby=\"js_45\">\n<div aria-label=\"Hor\u00e1rio 17:15\"><\/div>\n<div class=\"_aok _7i2m\" aria-label=\"Hor\u00e1rio 17:15\"><span class=\"_3oh- _58nk\">Hor\u00e1rio 17:15<\/span><\/div>\n<\/div>\n<\/div>\n","protected":false},"excerpt":{"rendered":"<p>O V Espa\u00e7o Ci\u00eancia \u00e9 um evento para divulga\u00e7\u00e3o cient\u00edfica e tecnol\u00f3gica que aproxima universidades e empresas trazendo conhecimento e informa\u00e7\u00e3o para a comunidade. V Espa\u00e7o Ci\u00eancia ser\u00e1 realizado no dia 13 de novembro de 2019 no Pelotas Parque Tecnol\u00f3gico! &nbsp; Os trabalhos selecionados para a MOSTRA INTERATIVA foram: &nbsp; 1. MOLECUL\u00c1RIO \u2013 UMA COLE\u00c7\u00c3O &hellip; <a href=\"https:\/\/wp.ufpel.edu.br\/desafiomuralgbiotec\/espacociencia\/\" class=\"more-link\">Continue lendo <span class=\"screen-reader-text\">V Espa\u00e7o Ci\u00eancia<\/span> <span class=\"meta-nav\">&rarr;<\/span><\/a><\/p>\n","protected":false},"author":659,"featured_media":0,"parent":0,"menu_order":4,"comment_status":"closed","ping_status":"closed","template":"","meta":{"footnotes":""},"class_list":["post-86","page","type-page","status-publish","hentry"],"_links":{"self":[{"href":"https:\/\/wp.ufpel.edu.br\/desafiomuralgbiotec\/wp-json\/wp\/v2\/pages\/86","targetHints":{"allow":["GET"]}}],"collection":[{"href":"https:\/\/wp.ufpel.edu.br\/desafiomuralgbiotec\/wp-json\/wp\/v2\/pages"}],"about":[{"href":"https:\/\/wp.ufpel.edu.br\/desafiomuralgbiotec\/wp-json\/wp\/v2\/types\/page"}],"author":[{"embeddable":true,"href":"https:\/\/wp.ufpel.edu.br\/desafiomuralgbiotec\/wp-json\/wp\/v2\/users\/659"}],"replies":[{"embeddable":true,"href":"https:\/\/wp.ufpel.edu.br\/desafiomuralgbiotec\/wp-json\/wp\/v2\/comments?post=86"}],"version-history":[{"count":51,"href":"https:\/\/wp.ufpel.edu.br\/desafiomuralgbiotec\/wp-json\/wp\/v2\/pages\/86\/revisions"}],"predecessor-version":[{"id":276,"href":"https:\/\/wp.ufpel.edu.br\/desafiomuralgbiotec\/wp-json\/wp\/v2\/pages\/86\/revisions\/276"}],"wp:attachment":[{"href":"https:\/\/wp.ufpel.edu.br\/desafiomuralgbiotec\/wp-json\/wp\/v2\/media?parent=86"}],"curies":[{"name":"wp","href":"https:\/\/api.w.org\/{rel}","templated":true}]}}