{"id":35,"date":"2016-06-17T13:52:16","date_gmt":"2016-06-17T16:52:16","guid":{"rendered":"https:\/\/wp.ufpel.edu.br\/desafiomuralgbiotec\/?page_id=35"},"modified":"2018-06-05T16:26:26","modified_gmt":"2018-06-05T19:26:26","slug":"contato","status":"publish","type":"page","link":"https:\/\/wp.ufpel.edu.br\/desafiomuralgbiotec\/contato\/","title":{"rendered":"Contato"},"content":{"rendered":"<p>Tem alguma d\u00favida a respeito do edital, inscri\u00e7\u00e3o, documentos? N\u00e3o encontrou sua resposta no item D\u00favidas Frequentes? Mande um e-mail para: <strong>desafiomuralgbiotec@gmail.com\u00a0 <\/strong>e ficaremos felizes em te ajudar!<\/p>\n","protected":false},"excerpt":{"rendered":"<p>Tem alguma d\u00favida a respeito do edital, inscri\u00e7\u00e3o, documentos? N\u00e3o encontrou sua resposta no item D\u00favidas Frequentes? Mande um e-mail para: desafiomuralgbiotec@gmail.com\u00a0 e ficaremos felizes em te ajudar!<\/p>\n","protected":false},"author":659,"featured_media":0,"parent":0,"menu_order":9,"comment_status":"closed","ping_status":"closed","template":"","meta":{"footnotes":""},"class_list":["post-35","page","type-page","status-publish","hentry"],"_links":{"self":[{"href":"https:\/\/wp.ufpel.edu.br\/desafiomuralgbiotec\/wp-json\/wp\/v2\/pages\/35","targetHints":{"allow":["GET"]}}],"collection":[{"href":"https:\/\/wp.ufpel.edu.br\/desafiomuralgbiotec\/wp-json\/wp\/v2\/pages"}],"about":[{"href":"https:\/\/wp.ufpel.edu.br\/desafiomuralgbiotec\/wp-json\/wp\/v2\/types\/page"}],"author":[{"embeddable":true,"href":"https:\/\/wp.ufpel.edu.br\/desafiomuralgbiotec\/wp-json\/wp\/v2\/users\/659"}],"replies":[{"embeddable":true,"href":"https:\/\/wp.ufpel.edu.br\/desafiomuralgbiotec\/wp-json\/wp\/v2\/comments?post=35"}],"version-history":[{"count":6,"href":"https:\/\/wp.ufpel.edu.br\/desafiomuralgbiotec\/wp-json\/wp\/v2\/pages\/35\/revisions"}],"predecessor-version":[{"id":83,"href":"https:\/\/wp.ufpel.edu.br\/desafiomuralgbiotec\/wp-json\/wp\/v2\/pages\/35\/revisions\/83"}],"wp:attachment":[{"href":"https:\/\/wp.ufpel.edu.br\/desafiomuralgbiotec\/wp-json\/wp\/v2\/media?parent=35"}],"curies":[{"name":"wp","href":"https:\/\/api.w.org\/{rel}","templated":true}]}}