{"id":32,"date":"2016-06-17T13:51:32","date_gmt":"2016-06-17T16:51:32","guid":{"rendered":"https:\/\/wp.ufpel.edu.br\/desafiomuralgbiotec\/?page_id=32"},"modified":"2019-08-07T08:57:22","modified_gmt":"2019-08-07T11:57:22","slug":"duvidas","status":"publish","type":"page","link":"https:\/\/wp.ufpel.edu.br\/desafiomuralgbiotec\/duvidas\/","title":{"rendered":"D\u00favidas Frequentes"},"content":{"rendered":"<p><strong>1) Quem pode participar?<\/strong><\/p>\n<p>O VI Desafio e o V Espa\u00e7o Ci\u00eancia s\u00e3o abertos a toda comunidade.<\/p>\n<p><strong>2) Onde posso me inscrever?\u00a0<\/strong><\/p>\n<p>As inscri\u00e7\u00f5es para o V Desafio ser\u00e3o atrav\u00e9s do envio para e-mail (<em>desafiomuralgbiotec@gmail.com<\/em>) os\u00a0 documentos solicitados no edital (<a href=\"https:\/\/wp.ufpel.edu.br\/desafiomuralgbiotec\/files\/2019\/08\/Anexo_1_2019.doc\" target=\"_blank\" rel=\"noopener noreferrer\">Ficha de inscri\u00e7\u00e3o<\/a> e <a href=\"https:\/\/wp.ufpel.edu.br\/desafiomuralgbiotec\/files\/2019\/08\/Anexo_2_2019.docx\">Resumo da proposta<\/a>);<\/p>\n<p><strong>3) Existe alguma taxa de inscri\u00e7\u00e3o?<\/strong><\/p>\n<p>N\u00e3o, a participa\u00e7\u00e3o \u00e9 totalmente gratuita.<\/p>\n<p><strong>4) At\u00e9 quando posso me inscrever?\u00a0<\/strong><\/p>\n<p>O per\u00edodo de inscri\u00e7\u00e3o ocorrer\u00e1 at\u00e9 dia 30 de setembro.<\/p>\n<p><strong>5) At\u00e9 quantos autores a proposta pode ter?<\/strong><\/p>\n<p>A proposta pode ter at\u00e9 06 participantes.<\/p>\n<p><strong>6) Como saberei que minha proposta foi selecionada para o V Espa\u00e7o Ci\u00eancia?\u00a0 \u00a0 \u00a0 \u00a0 \u00a0 \u00a0 \u00a0 \u00a0 \u00a0 <\/strong><\/p>\n<p>O resultado ser\u00e1 informado atrav\u00e9s do e-mail fornecido na inscri\u00e7\u00e3o.<\/p>\n","protected":false},"excerpt":{"rendered":"<p>1) Quem pode participar? O VI Desafio e o V Espa\u00e7o Ci\u00eancia s\u00e3o abertos a toda comunidade. 2) Onde posso me inscrever?\u00a0 As inscri\u00e7\u00f5es para o V Desafio ser\u00e3o atrav\u00e9s do envio para e-mail (desafiomuralgbiotec@gmail.com) os\u00a0 documentos solicitados no edital (Ficha de inscri\u00e7\u00e3o e Resumo da proposta); 3) Existe alguma taxa de inscri\u00e7\u00e3o? N\u00e3o, a &hellip; <a href=\"https:\/\/wp.ufpel.edu.br\/desafiomuralgbiotec\/duvidas\/\" class=\"more-link\">Continue lendo <span class=\"screen-reader-text\">D\u00favidas Frequentes<\/span> <span class=\"meta-nav\">&rarr;<\/span><\/a><\/p>\n","protected":false},"author":659,"featured_media":0,"parent":0,"menu_order":6,"comment_status":"closed","ping_status":"closed","template":"","meta":{"footnotes":""},"class_list":["post-32","page","type-page","status-publish","hentry"],"_links":{"self":[{"href":"https:\/\/wp.ufpel.edu.br\/desafiomuralgbiotec\/wp-json\/wp\/v2\/pages\/32","targetHints":{"allow":["GET"]}}],"collection":[{"href":"https:\/\/wp.ufpel.edu.br\/desafiomuralgbiotec\/wp-json\/wp\/v2\/pages"}],"about":[{"href":"https:\/\/wp.ufpel.edu.br\/desafiomuralgbiotec\/wp-json\/wp\/v2\/types\/page"}],"author":[{"embeddable":true,"href":"https:\/\/wp.ufpel.edu.br\/desafiomuralgbiotec\/wp-json\/wp\/v2\/users\/659"}],"replies":[{"embeddable":true,"href":"https:\/\/wp.ufpel.edu.br\/desafiomuralgbiotec\/wp-json\/wp\/v2\/comments?post=32"}],"version-history":[{"count":15,"href":"https:\/\/wp.ufpel.edu.br\/desafiomuralgbiotec\/wp-json\/wp\/v2\/pages\/32\/revisions"}],"predecessor-version":[{"id":264,"href":"https:\/\/wp.ufpel.edu.br\/desafiomuralgbiotec\/wp-json\/wp\/v2\/pages\/32\/revisions\/264"}],"wp:attachment":[{"href":"https:\/\/wp.ufpel.edu.br\/desafiomuralgbiotec\/wp-json\/wp\/v2\/media?parent=32"}],"curies":[{"name":"wp","href":"https:\/\/api.w.org\/{rel}","templated":true}]}}