{"id":29,"date":"2016-06-17T13:51:09","date_gmt":"2016-06-17T16:51:09","guid":{"rendered":"https:\/\/wp.ufpel.edu.br\/desafiomuralgbiotec\/?page_id=29"},"modified":"2019-08-07T08:59:20","modified_gmt":"2019-08-07T11:59:20","slug":"datas-importantes","status":"publish","type":"page","link":"https:\/\/wp.ufpel.edu.br\/desafiomuralgbiotec\/datas-importantes\/","title":{"rendered":"Datas importantes"},"content":{"rendered":"<p align=\"justify\"><strong><span style=\"font-family: Arial, serif\"><span style=\"font-size: medium\">Cronograma:<\/span><\/span><\/strong><\/p>\n<table style=\"height: 279px\" width=\"579\">\n<tbody>\n<tr>\n<td style=\"width: 304px\"><span style=\"font-family: arial, helvetica, sans-serif;font-size: 12pt\"><strong>Etapa<\/strong><\/span><\/td>\n<td style=\"width: 299px\"><span style=\"font-family: arial, helvetica, sans-serif;font-size: 12pt\"><strong>Data\/Per\u00edodo<\/strong><\/span><\/td>\n<\/tr>\n<tr>\n<td style=\"width: 304px\"><span style=\"font-size: 12pt;font-family: arial, helvetica, sans-serif\">Per\u00edodo de inscri\u00e7\u00f5es<\/span><\/td>\n<td style=\"width: 299px\" width=\"288\"><span style=\"font-size: 12pt\">01\/08\/2019 at\u00e9 30\/09\/2019<\/span><\/td>\n<\/tr>\n<tr>\n<td style=\"width: 304px\"><span style=\"font-size: 12pt;font-family: arial, helvetica, sans-serif\">Per\u00edodo de julgamento<\/span><\/td>\n<td style=\"text-align: left;width: 299px\"><span style=\"font-size: 12pt\">01\/10\/2019\u00a0 at\u00e9\u00a0 15\/10\/2019<\/span><\/td>\n<\/tr>\n<tr>\n<td style=\"width: 304px\"><span style=\"font-size: 12pt;font-family: arial, helvetica, sans-serif\">Divulga\u00e7\u00e3o dos selecionados<\/span><\/td>\n<td style=\"width: 299px\" width=\"288\"><span style=\"font-size: 12pt\">16\/10\/2019<\/span><\/td>\n<\/tr>\n<tr>\n<td style=\"width: 304px\"><span style=\"font-family: arial, helvetica, sans-serif;font-size: 12pt\">&#8220;V Espa\u00e7o Ci\u00eancia&#8221;<\/span><\/td>\n<td style=\"width: 299px\" width=\"288\"><span style=\"font-size: 12pt\">13\/11\/2019<\/span><\/td>\n<\/tr>\n<\/tbody>\n<\/table>\n<p>&nbsp;<\/p>\n","protected":false},"excerpt":{"rendered":"<p>Cronograma: Etapa Data\/Per\u00edodo Per\u00edodo de inscri\u00e7\u00f5es 01\/08\/2019 at\u00e9 30\/09\/2019 Per\u00edodo de julgamento 01\/10\/2019\u00a0 at\u00e9\u00a0 15\/10\/2019 Divulga\u00e7\u00e3o dos selecionados 16\/10\/2019 &#8220;V Espa\u00e7o Ci\u00eancia&#8221; 13\/11\/2019 &nbsp;<\/p>\n","protected":false},"author":659,"featured_media":0,"parent":0,"menu_order":3,"comment_status":"closed","ping_status":"closed","template":"","meta":{"footnotes":""},"class_list":["post-29","page","type-page","status-publish","hentry"],"_links":{"self":[{"href":"https:\/\/wp.ufpel.edu.br\/desafiomuralgbiotec\/wp-json\/wp\/v2\/pages\/29","targetHints":{"allow":["GET"]}}],"collection":[{"href":"https:\/\/wp.ufpel.edu.br\/desafiomuralgbiotec\/wp-json\/wp\/v2\/pages"}],"about":[{"href":"https:\/\/wp.ufpel.edu.br\/desafiomuralgbiotec\/wp-json\/wp\/v2\/types\/page"}],"author":[{"embeddable":true,"href":"https:\/\/wp.ufpel.edu.br\/desafiomuralgbiotec\/wp-json\/wp\/v2\/users\/659"}],"replies":[{"embeddable":true,"href":"https:\/\/wp.ufpel.edu.br\/desafiomuralgbiotec\/wp-json\/wp\/v2\/comments?post=29"}],"version-history":[{"count":13,"href":"https:\/\/wp.ufpel.edu.br\/desafiomuralgbiotec\/wp-json\/wp\/v2\/pages\/29\/revisions"}],"predecessor-version":[{"id":265,"href":"https:\/\/wp.ufpel.edu.br\/desafiomuralgbiotec\/wp-json\/wp\/v2\/pages\/29\/revisions\/265"}],"wp:attachment":[{"href":"https:\/\/wp.ufpel.edu.br\/desafiomuralgbiotec\/wp-json\/wp\/v2\/media?parent=29"}],"curies":[{"name":"wp","href":"https:\/\/api.w.org\/{rel}","templated":true}]}}