{"id":17,"date":"2016-06-17T13:46:22","date_gmt":"2016-06-17T16:46:22","guid":{"rendered":"https:\/\/wp.ufpel.edu.br\/desafiomuralgbiotec\/?page_id=17"},"modified":"2019-08-07T09:06:06","modified_gmt":"2019-08-07T12:06:06","slug":"sobre","status":"publish","type":"page","link":"https:\/\/wp.ufpel.edu.br\/desafiomuralgbiotec\/","title":{"rendered":"Sobre"},"content":{"rendered":"<p style=\"text-align: justify\">O Desafio \u00e9 uma a\u00e7\u00e3o do projeto de extens\u00e3o Mural G-Biotec do curso de bacharelado de Biotecnologia da Universidade Federal de Pelotas que em 2019 com a tem\u00e1tica &#8220;Bioeconomia e o Desenvolvimento Sustent\u00e1vel: popularizando o papel da ci\u00eancia e da tecnologia&#8221; aproximar\u00e1 academia, comunidade e empresas.<\/p>\n<p>Ser\u00e3o aceitas propostas apresentadas pela comunidade para divulga\u00e7\u00e3o cientifico-tecnol\u00f3gica no formato banner, palestras, pitchs, mostra interativa e v\u00eddeos curtos.<\/p>\n<p><strong>Confira o edital e cronograma, inscreva-se e participe!<\/strong><\/p>\n<p><img loading=\"lazy\" decoding=\"async\" class=\"alignnone  wp-image-270\" src=\"https:\/\/wp.ufpel.edu.br\/desafiomuralgbiotec\/files\/2019\/08\/desafiovi-424x141.jpg\" alt=\"\" width=\"571\" height=\"190\" srcset=\"https:\/\/wp.ufpel.edu.br\/desafiomuralgbiotec\/files\/2019\/08\/desafiovi-424x141.jpg 424w, https:\/\/wp.ufpel.edu.br\/desafiomuralgbiotec\/files\/2019\/08\/desafiovi-212x71.jpg 212w, https:\/\/wp.ufpel.edu.br\/desafiomuralgbiotec\/files\/2019\/08\/desafiovi.jpg 600w\" sizes=\"auto, (max-width: 571px) 100vw, 571px\" \/><\/p>\n","protected":false},"excerpt":{"rendered":"<p>O Desafio \u00e9 uma a\u00e7\u00e3o do projeto de extens\u00e3o Mural G-Biotec do curso de bacharelado de Biotecnologia da Universidade Federal de Pelotas que em 2019 com a tem\u00e1tica &#8220;Bioeconomia e o Desenvolvimento Sustent\u00e1vel: popularizando o papel da ci\u00eancia e da tecnologia&#8221; aproximar\u00e1 academia, comunidade e empresas. Ser\u00e3o aceitas propostas apresentadas pela comunidade para divulga\u00e7\u00e3o cientifico-tecnol\u00f3gica &hellip; <a href=\"https:\/\/wp.ufpel.edu.br\/desafiomuralgbiotec\/\" class=\"more-link\">Continue lendo <span class=\"screen-reader-text\">Sobre<\/span> <span class=\"meta-nav\">&rarr;<\/span><\/a><\/p>\n","protected":false},"author":659,"featured_media":0,"parent":0,"menu_order":0,"comment_status":"closed","ping_status":"closed","template":"","meta":{"footnotes":""},"class_list":["post-17","page","type-page","status-publish","hentry"],"_links":{"self":[{"href":"https:\/\/wp.ufpel.edu.br\/desafiomuralgbiotec\/wp-json\/wp\/v2\/pages\/17","targetHints":{"allow":["GET"]}}],"collection":[{"href":"https:\/\/wp.ufpel.edu.br\/desafiomuralgbiotec\/wp-json\/wp\/v2\/pages"}],"about":[{"href":"https:\/\/wp.ufpel.edu.br\/desafiomuralgbiotec\/wp-json\/wp\/v2\/types\/page"}],"author":[{"embeddable":true,"href":"https:\/\/wp.ufpel.edu.br\/desafiomuralgbiotec\/wp-json\/wp\/v2\/users\/659"}],"replies":[{"embeddable":true,"href":"https:\/\/wp.ufpel.edu.br\/desafiomuralgbiotec\/wp-json\/wp\/v2\/comments?post=17"}],"version-history":[{"count":15,"href":"https:\/\/wp.ufpel.edu.br\/desafiomuralgbiotec\/wp-json\/wp\/v2\/pages\/17\/revisions"}],"predecessor-version":[{"id":271,"href":"https:\/\/wp.ufpel.edu.br\/desafiomuralgbiotec\/wp-json\/wp\/v2\/pages\/17\/revisions\/271"}],"wp:attachment":[{"href":"https:\/\/wp.ufpel.edu.br\/desafiomuralgbiotec\/wp-json\/wp\/v2\/media?parent=17"}],"curies":[{"name":"wp","href":"https:\/\/api.w.org\/{rel}","templated":true}]}}