{"id":166,"date":"2018-06-03T19:24:47","date_gmt":"2018-06-03T22:24:47","guid":{"rendered":"https:\/\/wp.ufpel.edu.br\/desafiomuralgbiotec\/?page_id=166"},"modified":"2018-10-23T12:06:23","modified_gmt":"2018-10-23T15:06:23","slug":"galeria","status":"publish","type":"page","link":"https:\/\/wp.ufpel.edu.br\/desafiomuralgbiotec\/galeria\/","title":{"rendered":"Galeria"},"content":{"rendered":"<p><strong>Aqui ser\u00e3o disponibilizadas as fotos de eventos:<\/strong><\/p>\n<p><strong>V DESAFIO E IV ESPA\u00c7O CI\u00caNCIA<\/strong><\/p>\n<p><span style=\"color: #ff0000\">\u00c1lbum no Google Drive em breve!\u00a0<\/span><\/p>\n<p><img loading=\"lazy\" decoding=\"async\" class=\"alignnone wp-image-249\" src=\"https:\/\/wp.ufpel.edu.br\/desafiomuralgbiotec\/files\/2018\/10\/MED_1646-2-424x283.jpg\" alt=\"\" width=\"459\" height=\"306\" srcset=\"https:\/\/wp.ufpel.edu.br\/desafiomuralgbiotec\/files\/2018\/10\/MED_1646-2-424x283.jpg 424w, https:\/\/wp.ufpel.edu.br\/desafiomuralgbiotec\/files\/2018\/10\/MED_1646-2-212x141.jpg 212w, https:\/\/wp.ufpel.edu.br\/desafiomuralgbiotec\/files\/2018\/10\/MED_1646-2-768x512.jpg 768w\" sizes=\"auto, (max-width: 459px) 100vw, 459px\" \/><\/p>\n<p><strong>IV DESAFIO E III ESPA\u00c7O CI\u00caNCIA<\/strong><\/p>\n<p><a href=\"https:\/\/1drv.ms\/f\/s!AmYW23AaAawxsGNdp3_92jTLVu7r\" target=\"_blank\" rel=\"noopener\">\u00c1lbum no One Drive<\/a><\/p>\n<p><a href=\"https:\/\/drive.google.com\/open?id=19sQLQncey3AswHsPC4PHuf17mQ-DpTAI\" target=\"_blank\" rel=\"noopener\">\u00c1lbum no Google Drive<\/a><\/p>\n<p><img loading=\"lazy\" decoding=\"async\" class=\"alignnone wp-image-168\" src=\"https:\/\/wp.ufpel.edu.br\/desafiomuralgbiotec\/files\/2018\/06\/DN746-424x283.jpg\" alt=\"\" width=\"453\" height=\"302\" srcset=\"https:\/\/wp.ufpel.edu.br\/desafiomuralgbiotec\/files\/2018\/06\/DN746-424x283.jpg 424w, https:\/\/wp.ufpel.edu.br\/desafiomuralgbiotec\/files\/2018\/06\/DN746-212x141.jpg 212w, https:\/\/wp.ufpel.edu.br\/desafiomuralgbiotec\/files\/2018\/06\/DN746-768x512.jpg 768w\" sizes=\"auto, (max-width: 453px) 100vw, 453px\" \/><\/p>\n<p>&nbsp;<\/p>\n","protected":false},"excerpt":{"rendered":"<p>Aqui ser\u00e3o disponibilizadas as fotos de eventos: V DESAFIO E IV ESPA\u00c7O CI\u00caNCIA \u00c1lbum no Google Drive em breve!\u00a0 IV DESAFIO E III ESPA\u00c7O CI\u00caNCIA \u00c1lbum no One Drive \u00c1lbum no Google Drive &nbsp;<\/p>\n","protected":false},"author":659,"featured_media":0,"parent":0,"menu_order":7,"comment_status":"closed","ping_status":"closed","template":"","meta":{"footnotes":""},"class_list":["post-166","page","type-page","status-publish","hentry"],"_links":{"self":[{"href":"https:\/\/wp.ufpel.edu.br\/desafiomuralgbiotec\/wp-json\/wp\/v2\/pages\/166","targetHints":{"allow":["GET"]}}],"collection":[{"href":"https:\/\/wp.ufpel.edu.br\/desafiomuralgbiotec\/wp-json\/wp\/v2\/pages"}],"about":[{"href":"https:\/\/wp.ufpel.edu.br\/desafiomuralgbiotec\/wp-json\/wp\/v2\/types\/page"}],"author":[{"embeddable":true,"href":"https:\/\/wp.ufpel.edu.br\/desafiomuralgbiotec\/wp-json\/wp\/v2\/users\/659"}],"replies":[{"embeddable":true,"href":"https:\/\/wp.ufpel.edu.br\/desafiomuralgbiotec\/wp-json\/wp\/v2\/comments?post=166"}],"version-history":[{"count":7,"href":"https:\/\/wp.ufpel.edu.br\/desafiomuralgbiotec\/wp-json\/wp\/v2\/pages\/166\/revisions"}],"predecessor-version":[{"id":254,"href":"https:\/\/wp.ufpel.edu.br\/desafiomuralgbiotec\/wp-json\/wp\/v2\/pages\/166\/revisions\/254"}],"wp:attachment":[{"href":"https:\/\/wp.ufpel.edu.br\/desafiomuralgbiotec\/wp-json\/wp\/v2\/media?parent=166"}],"curies":[{"name":"wp","href":"https:\/\/api.w.org\/{rel}","templated":true}]}}