{"id":799,"date":"2025-02-08T10:22:32","date_gmt":"2025-02-08T13:22:32","guid":{"rendered":"https:\/\/wp.ufpel.edu.br\/desafio\/?page_id=799"},"modified":"2025-02-08T10:26:42","modified_gmt":"2025-02-08T13:26:42","slug":"coordenacoes-2025","status":"publish","type":"page","link":"https:\/\/wp.ufpel.edu.br\/desafio\/coordenacoes-2025\/","title":{"rendered":"Coordena\u00e7\u00f5es &#8211; 2025"},"content":{"rendered":"<h1><span style=\"color: #0000ff;\"><strong>2025<\/strong><\/span><\/h1>\n<p><strong>COORDENA\u00c7\u00c3O INSTITUCIONAL:<br \/>\n<\/strong>C\u00e1tia Fernandes de Carvalho<\/p>\n<p><strong>COORDENA\u00c7\u00c3O GERAL (jan-):<br \/>\n<\/strong>Th\u00e9o Lahorgue Roscoff<br \/>\nVitor de Moraes Kickhofel<br \/>\nDaniel Mello Vieira<br \/>\nCaroline (suplencia)<\/p>\n<p><strong>COORDENA\u00c7\u00c3O PEDAG\u00d3GICA (jan-):<br \/>\n<\/strong>Marielle Sacharuk<br \/>\nGuilherme Lubke Quevedo<br \/>\nTh\u00e9o Lahorgue Roscoff<\/p>\n<p><strong>COORDENA\u00c7\u00c3O DE \u00c1REAS:<\/strong><\/p>\n<p><strong>Atualidades<br \/>\n<\/strong>Rog\u00e9ria Garcia<\/p>\n<p><strong>Biologia<br \/>\n<\/strong>Daniel Mello Vieira<\/p>\n<p><strong>Filosofia<br \/>\n<\/strong><strong>***<\/strong><\/p>\n<p><strong>F\u00edsica<br \/>\n***<\/strong><\/p>\n<p><strong>Geografia<br \/>\n<\/strong>Yago Jacondino Nunes<strong><br \/>\n<\/strong><\/p>\n<p><strong>Hist\u00f3ria<br \/>\n<\/strong>Vitor de Moraes Kickhofel<strong><br \/>\n<\/strong><\/p>\n<p><strong>Letras (Portugu\u00eas, Literatura, Reda\u00e7\u00e3o, Espanhol, Ingl\u00eas)<br \/>\n<\/strong><strong>***<\/strong><\/p>\n<p><strong>Matem\u00e1tica<br \/>\n***<br \/>\n<\/strong><\/p>\n<p><strong>Qu\u00edmica<br \/>\n<\/strong>Th\u00e9o Lahorgue Roscoff<strong><br \/>\n<\/strong><\/p>\n<p><strong>Sociologia<br \/>\n<\/strong>Marielle Sacharuk<br \/>\nGabriela Pecantet Siqueira (adjunta)<\/p>\n","protected":false},"excerpt":{"rendered":"<p>2025 COORDENA\u00c7\u00c3O INSTITUCIONAL: C\u00e1tia Fernandes de Carvalho COORDENA\u00c7\u00c3O GERAL (jan-): Th\u00e9o Lahorgue Roscoff Vitor de Moraes Kickhofel Daniel Mello Vieira Caroline (suplencia) COORDENA\u00c7\u00c3O PEDAG\u00d3GICA (jan-): Marielle Sacharuk Guilherme Lubke Quevedo Th\u00e9o Lahorgue Roscoff COORDENA\u00c7\u00c3O DE \u00c1REAS: Atualidades Rog\u00e9ria Garcia Biologia Daniel Mello Vieira Filosofia *** F\u00edsica *** Geografia Yago Jacondino Nunes Hist\u00f3ria Vitor de Moraes [&hellip;]<\/p>\n","protected":false},"author":24,"featured_media":0,"parent":0,"menu_order":0,"comment_status":"closed","ping_status":"closed","template":"","meta":{"footnotes":""},"class_list":["post-799","page","type-page","status-publish","hentry"],"_links":{"self":[{"href":"https:\/\/wp.ufpel.edu.br\/desafio\/wp-json\/wp\/v2\/pages\/799","targetHints":{"allow":["GET"]}}],"collection":[{"href":"https:\/\/wp.ufpel.edu.br\/desafio\/wp-json\/wp\/v2\/pages"}],"about":[{"href":"https:\/\/wp.ufpel.edu.br\/desafio\/wp-json\/wp\/v2\/types\/page"}],"author":[{"embeddable":true,"href":"https:\/\/wp.ufpel.edu.br\/desafio\/wp-json\/wp\/v2\/users\/24"}],"replies":[{"embeddable":true,"href":"https:\/\/wp.ufpel.edu.br\/desafio\/wp-json\/wp\/v2\/comments?post=799"}],"version-history":[{"count":3,"href":"https:\/\/wp.ufpel.edu.br\/desafio\/wp-json\/wp\/v2\/pages\/799\/revisions"}],"predecessor-version":[{"id":803,"href":"https:\/\/wp.ufpel.edu.br\/desafio\/wp-json\/wp\/v2\/pages\/799\/revisions\/803"}],"wp:attachment":[{"href":"https:\/\/wp.ufpel.edu.br\/desafio\/wp-json\/wp\/v2\/media?parent=799"}],"curies":[{"name":"wp","href":"https:\/\/api.w.org\/{rel}","templated":true}]}}