{"id":759,"date":"2024-09-24T12:55:06","date_gmt":"2024-09-24T15:55:06","guid":{"rendered":"https:\/\/wp.ufpel.edu.br\/desafio\/?page_id=759"},"modified":"2024-09-24T12:55:46","modified_gmt":"2024-09-24T15:55:46","slug":"coordenacoes-2020","status":"publish","type":"page","link":"https:\/\/wp.ufpel.edu.br\/desafio\/coordenacoes-2020\/","title":{"rendered":"Coordena\u00e7\u00f5es &#8211; 2020"},"content":{"rendered":"<h1><span style=\"color: #0000ff;\"><strong>2020<\/strong><\/span><\/h1>\n<p><strong>COORDENA\u00c7\u00c3O GERAL:<\/strong><\/p>\n<p>Felipe Ferreira Ribeiro<br \/>\nFrederico Da Rosa Blank<br \/>\nAline Alves Rosendo<br \/>\nJo\u00e3o Francisco Neves de Souza<br \/>\nLa\u00eds Vaz Moreira<br \/>\nMaria Waleska Siga Peil Martins<br \/>\nNoris Leal<br \/>\nVictor Braz Iturriet<\/p>\n<p>&nbsp;<\/p>\n","protected":false},"excerpt":{"rendered":"<p>2020 COORDENA\u00c7\u00c3O GERAL: Felipe Ferreira Ribeiro Frederico Da Rosa Blank Aline Alves Rosendo Jo\u00e3o Francisco Neves de Souza La\u00eds Vaz Moreira Maria Waleska Siga Peil Martins Noris Leal Victor Braz Iturriet &nbsp;<\/p>\n","protected":false},"author":24,"featured_media":0,"parent":0,"menu_order":0,"comment_status":"closed","ping_status":"closed","template":"","meta":{"footnotes":""},"class_list":["post-759","page","type-page","status-publish","hentry"],"_links":{"self":[{"href":"https:\/\/wp.ufpel.edu.br\/desafio\/wp-json\/wp\/v2\/pages\/759","targetHints":{"allow":["GET"]}}],"collection":[{"href":"https:\/\/wp.ufpel.edu.br\/desafio\/wp-json\/wp\/v2\/pages"}],"about":[{"href":"https:\/\/wp.ufpel.edu.br\/desafio\/wp-json\/wp\/v2\/types\/page"}],"author":[{"embeddable":true,"href":"https:\/\/wp.ufpel.edu.br\/desafio\/wp-json\/wp\/v2\/users\/24"}],"replies":[{"embeddable":true,"href":"https:\/\/wp.ufpel.edu.br\/desafio\/wp-json\/wp\/v2\/comments?post=759"}],"version-history":[{"count":2,"href":"https:\/\/wp.ufpel.edu.br\/desafio\/wp-json\/wp\/v2\/pages\/759\/revisions"}],"predecessor-version":[{"id":762,"href":"https:\/\/wp.ufpel.edu.br\/desafio\/wp-json\/wp\/v2\/pages\/759\/revisions\/762"}],"wp:attachment":[{"href":"https:\/\/wp.ufpel.edu.br\/desafio\/wp-json\/wp\/v2\/media?parent=759"}],"curies":[{"name":"wp","href":"https:\/\/api.w.org\/{rel}","templated":true}]}}