{"id":750,"date":"2024-09-24T12:41:35","date_gmt":"2024-09-24T15:41:35","guid":{"rendered":"https:\/\/wp.ufpel.edu.br\/desafio\/?page_id=750"},"modified":"2024-09-24T12:44:38","modified_gmt":"2024-09-24T15:44:38","slug":"coordenacoes-2021","status":"publish","type":"page","link":"https:\/\/wp.ufpel.edu.br\/desafio\/coordenacoes-2021\/","title":{"rendered":"Coordena\u00e7\u00f5es &#8211; 2021"},"content":{"rendered":"<h1><span style=\"color: #0000ff;\"><strong>2021<\/strong><\/span><\/h1>\n<p><strong>COORDENA\u00c7\u00c3O GERAL:<br \/>\n<\/strong>Chris de Azevedo Ramil (<span style=\"color: var(--cor-texto); font-family: var(--fonte-corpo);\">Coordenadora Institucional)<br \/>\n<\/span>N\u00f3ris Mara Pacheco Martins Leal (Coordenadora Institucional Adjunta)<\/p>\n<p>Emanuel Enrique Santana Bueno (bolsista PREC)<br \/>\nGabriela Soares da Rosa (bolsista PREC)<br \/>\nLaura de Oliveira Karam (bolsista PREC)<\/p>\n<p>F\u00e1tima Marli Tauil Ndiaye Bernardo (comunica\u00e7\u00e3o, bolsista PREC)<br \/>\nN\u00e1thaly de Barros Borges (comunica\u00e7\u00e3o, bolsista PRE)<\/p>\n<p>J\u00falia Victoria Casalinho (bolsista PRE, Coordena\u00e7\u00e3o Pedag\u00f3gica)<\/p>\n<p><strong>COORDENADORES DE \u00c1REA:<\/strong><\/p>\n<p><strong>Biologia<\/strong><br \/>\nDominique dos Santos Delias<br \/>\nTaiane Cust\u00f3dio Soares<\/p>\n<p><strong>Filosofia<\/strong><br \/>\nEmanuel Enrique Santana Bueno<br \/>\nGabriela Soares da Rosa<\/p>\n<p><strong>F\u00edsica<\/strong><br \/>\nAlexandre Vargas Ilha<br \/>\nMateus Souza Dutra<\/p>\n<p><strong>Geografia<\/strong><br \/>\nWilliam Martins Louren\u00e7o<\/p>\n<p><strong>Hist\u00f3ria<\/strong><br \/>\nBeth\u00e2nia Luisa Lessa Werner<br \/>\nLuiz Andr\u00e9 Pagoto<\/p>\n<p><strong>Letras (Portugu\u00eas, Literatura, Reda\u00e7\u00e3o, Espanhol, Ingl\u00eas)<\/strong><br \/>\nGabriele Oliveira da Cunha<br \/>\nLarissa Lysakowski Venzke<\/p>\n<p><strong>Matem\u00e1tica\u00a0<\/strong><br \/>\nGustavo Braz Kurz<\/p>\n<p><strong>Qu\u00edmica<\/strong><br \/>\nAlex Antunes Mendes<br \/>\nTha\u00eds Ruas Viegas<\/p>\n<p><strong>Sociologia<\/strong><br \/>\nLucas Fernandes Tavares<\/p>\n","protected":false},"excerpt":{"rendered":"<p>2021 COORDENA\u00c7\u00c3O GERAL: Chris de Azevedo Ramil (Coordenadora Institucional) N\u00f3ris Mara Pacheco Martins Leal (Coordenadora Institucional Adjunta) Emanuel Enrique Santana Bueno (bolsista PREC) Gabriela Soares da Rosa (bolsista PREC) Laura de Oliveira Karam (bolsista PREC) F\u00e1tima Marli Tauil Ndiaye Bernardo (comunica\u00e7\u00e3o, bolsista PREC) N\u00e1thaly de Barros Borges (comunica\u00e7\u00e3o, bolsista PRE) J\u00falia Victoria Casalinho (bolsista PRE, [&hellip;]<\/p>\n","protected":false},"author":24,"featured_media":0,"parent":0,"menu_order":0,"comment_status":"closed","ping_status":"closed","template":"","meta":{"footnotes":""},"class_list":["post-750","page","type-page","status-publish","hentry"],"_links":{"self":[{"href":"https:\/\/wp.ufpel.edu.br\/desafio\/wp-json\/wp\/v2\/pages\/750","targetHints":{"allow":["GET"]}}],"collection":[{"href":"https:\/\/wp.ufpel.edu.br\/desafio\/wp-json\/wp\/v2\/pages"}],"about":[{"href":"https:\/\/wp.ufpel.edu.br\/desafio\/wp-json\/wp\/v2\/types\/page"}],"author":[{"embeddable":true,"href":"https:\/\/wp.ufpel.edu.br\/desafio\/wp-json\/wp\/v2\/users\/24"}],"replies":[{"embeddable":true,"href":"https:\/\/wp.ufpel.edu.br\/desafio\/wp-json\/wp\/v2\/comments?post=750"}],"version-history":[{"count":2,"href":"https:\/\/wp.ufpel.edu.br\/desafio\/wp-json\/wp\/v2\/pages\/750\/revisions"}],"predecessor-version":[{"id":754,"href":"https:\/\/wp.ufpel.edu.br\/desafio\/wp-json\/wp\/v2\/pages\/750\/revisions\/754"}],"wp:attachment":[{"href":"https:\/\/wp.ufpel.edu.br\/desafio\/wp-json\/wp\/v2\/media?parent=750"}],"curies":[{"name":"wp","href":"https:\/\/api.w.org\/{rel}","templated":true}]}}