{"id":746,"date":"2024-09-24T12:37:27","date_gmt":"2024-09-24T15:37:27","guid":{"rendered":"https:\/\/wp.ufpel.edu.br\/desafio\/?page_id=746"},"modified":"2024-09-24T12:51:26","modified_gmt":"2024-09-24T15:51:26","slug":"coordenacoes-2022","status":"publish","type":"page","link":"https:\/\/wp.ufpel.edu.br\/desafio\/coordenacoes-2022\/","title":{"rendered":"Coordena\u00e7\u00f5es &#8211; 2022"},"content":{"rendered":"<h1><span style=\"color: #0000ff;\"><strong>2022<\/strong><\/span><\/h1>\n<p><strong>COORDENA\u00c7\u00c3O GERAL:<br \/>\n<\/strong>C\u00e1tia Fernandes de Carvalho (TAE\/UFPel, Coordenadora Institucional)<br \/>\nChris de Azevedo Ramil (Profa. Dra.\/UFPel, Coordenadora\u00a0Adjunta Institucional)<br \/>\nF\u00e1tima Marli Tauil Ndiaye Bernardo<br \/>\nGabriela Soares da Rosa<br \/>\nLaura de Oliveira Karam<\/p>\n<p><strong>COORDENADORES DE \u00c1REA:<\/strong><\/p>\n<p><strong>Biologia<\/strong><br \/>\nDominique dos Santos Delias<br \/>\nTaiane Cust\u00f3dio Soares<\/p>\n<p><strong>Filosofia<\/strong><br \/>\nEmanuel Enrique Santana Bueno<br \/>\nGabriela Soares da Rosa<\/p>\n<p><strong>F\u00edsica<\/strong><br \/>\nAlexandre Vargas Ilha<br \/>\nMateus Souza Dutra<\/p>\n<p><strong>Geografia<\/strong><br \/>\nWilliam Martins Louren\u00e7o<\/p>\n<p><strong>Hist\u00f3ria<\/strong><br \/>\nBeth\u00e2nia Luisa Lessa Werner<br \/>\nLuiz Andr\u00e9 Pagoto<\/p>\n<p><strong>Letras (Portugu\u00eas, Literatura, Reda\u00e7\u00e3o, Espanhol, Ingl\u00eas)<\/strong><br \/>\nGabriele Oliveira da Cunha<br \/>\nLarissa Lysakowski Venzke<\/p>\n<p><strong>Matem\u00e1tica\u00a0<\/strong><br \/>\nGuilherme Lubke Quevedo<\/p>\n<p><strong>Qu\u00edmica<\/strong><br \/>\nAlex Antunes Mendes<br \/>\nTha\u00eds Ruas Viegas<\/p>\n<p><strong>Sociologia<\/strong><br \/>\nLucas Fernandes Tavares<\/p>\n<p><strong>\u00a0<\/strong><\/p>\n","protected":false},"excerpt":{"rendered":"<p>2022 COORDENA\u00c7\u00c3O GERAL: C\u00e1tia Fernandes de Carvalho (TAE\/UFPel, Coordenadora Institucional) Chris de Azevedo Ramil (Profa. Dra.\/UFPel, Coordenadora\u00a0Adjunta Institucional) F\u00e1tima Marli Tauil Ndiaye Bernardo Gabriela Soares da Rosa Laura de Oliveira Karam COORDENADORES DE \u00c1REA: Biologia Dominique dos Santos Delias Taiane Cust\u00f3dio Soares Filosofia Emanuel Enrique Santana Bueno Gabriela Soares da Rosa F\u00edsica Alexandre Vargas Ilha [&hellip;]<\/p>\n","protected":false},"author":24,"featured_media":0,"parent":0,"menu_order":0,"comment_status":"closed","ping_status":"closed","template":"","meta":{"footnotes":""},"class_list":["post-746","page","type-page","status-publish","hentry"],"_links":{"self":[{"href":"https:\/\/wp.ufpel.edu.br\/desafio\/wp-json\/wp\/v2\/pages\/746","targetHints":{"allow":["GET"]}}],"collection":[{"href":"https:\/\/wp.ufpel.edu.br\/desafio\/wp-json\/wp\/v2\/pages"}],"about":[{"href":"https:\/\/wp.ufpel.edu.br\/desafio\/wp-json\/wp\/v2\/types\/page"}],"author":[{"embeddable":true,"href":"https:\/\/wp.ufpel.edu.br\/desafio\/wp-json\/wp\/v2\/users\/24"}],"replies":[{"embeddable":true,"href":"https:\/\/wp.ufpel.edu.br\/desafio\/wp-json\/wp\/v2\/comments?post=746"}],"version-history":[{"count":3,"href":"https:\/\/wp.ufpel.edu.br\/desafio\/wp-json\/wp\/v2\/pages\/746\/revisions"}],"predecessor-version":[{"id":758,"href":"https:\/\/wp.ufpel.edu.br\/desafio\/wp-json\/wp\/v2\/pages\/746\/revisions\/758"}],"wp:attachment":[{"href":"https:\/\/wp.ufpel.edu.br\/desafio\/wp-json\/wp\/v2\/media?parent=746"}],"curies":[{"name":"wp","href":"https:\/\/api.w.org\/{rel}","templated":true}]}}