{"id":736,"date":"2024-09-24T12:13:01","date_gmt":"2024-09-24T15:13:01","guid":{"rendered":"https:\/\/wp.ufpel.edu.br\/desafio\/?page_id=736"},"modified":"2024-09-24T12:50:23","modified_gmt":"2024-09-24T15:50:23","slug":"coordenacoes-2023","status":"publish","type":"page","link":"https:\/\/wp.ufpel.edu.br\/desafio\/coordenacoes-2023\/","title":{"rendered":"Coordena\u00e7\u00f5es &#8211; 2023"},"content":{"rendered":"<h1><span style=\"color: #0000ff;\"><strong>2023<\/strong><\/span><\/h1>\n<p><strong>COORDENA\u00c7\u00c3O GERAL (jan-dez):<br \/>\n<\/strong>C\u00e1tia Fernandes de Carvalho (TAE\/UFPel, Coordenadora Institucional)<br \/>\nHenrique Jacobus Bastos<br \/>\nNisia Marilane Martins Braz<br \/>\nVitor de Moraes Kickhofel<\/p>\n<p>Simone Marques da Silva (design<span style=\"color: var(--cor-texto); font-family: var(--fonte-corpo);\">, bolsista PREC<\/span>)<br \/>\n<span style=\"color: var(--cor-texto); font-family: var(--fonte-corpo);\">Larissa de Vargas Silva (comunica\u00e7\u00e3o, bolsista PREC)<\/span><\/p>\n<p>Kelen Aurora Caino Vieira (Coordenadora Pedag\u00f3gica)<br \/>\nYago Jacondino Nunes (Coordenador Pedag\u00f3gico)<br \/>\nDaniel Mello Vieira (Coordenador Pedag\u00f3gico)<\/p>\n<p><strong>COORDENADORES DE \u00c1REA:<\/strong><\/p>\n<p><strong>Biologia<\/strong><br \/>\nDominique dos Santos Delias<br \/>\nDaniel Mello Vieira<\/p>\n<p><strong>Filosofia<\/strong><br \/>\nNathan D\u00b4Avila Silva<\/p>\n<p><strong>F\u00edsica<br \/>\n<span style=\"font-weight: 400;\">Maur\u00edcio Rodrigues<\/span><br \/>\n<\/strong><\/p>\n<p><strong>Geografia<\/strong><\/p>\n<p><strong>Hist\u00f3ria<br \/>\n<span style=\"font-weight: 400;\">Francine Sedrez Bunde<\/span><br \/>\n<\/strong><\/p>\n<p><strong>Letras (Portugu\u00eas, Literatura, Reda\u00e7\u00e3o, Espanhol, Ingl\u00eas)<\/strong><\/p>\n<p><strong>Matem\u00e1tica\u00a0<\/strong><\/p>\n<p><strong>Qu\u00edmica<br \/>\n<\/strong>Th\u00e9o Lahorgue Roscoff<strong><br \/>\n<\/strong><\/p>\n<p><strong>Sociologia<\/strong><br \/>\nLucas Fernandes Tavares<br \/>\nGabriel Calegaro<\/p>\n","protected":false},"excerpt":{"rendered":"<p>2023 COORDENA\u00c7\u00c3O GERAL (jan-dez): C\u00e1tia Fernandes de Carvalho (TAE\/UFPel, Coordenadora Institucional) Henrique Jacobus Bastos Nisia Marilane Martins Braz Vitor de Moraes Kickhofel Simone Marques da Silva (design, bolsista PREC) Larissa de Vargas Silva (comunica\u00e7\u00e3o, bolsista PREC) Kelen Aurora Caino Vieira (Coordenadora Pedag\u00f3gica) Yago Jacondino Nunes (Coordenador Pedag\u00f3gico) Daniel Mello Vieira (Coordenador Pedag\u00f3gico) COORDENADORES DE \u00c1REA: [&hellip;]<\/p>\n","protected":false},"author":24,"featured_media":0,"parent":0,"menu_order":0,"comment_status":"closed","ping_status":"closed","template":"","meta":{"footnotes":""},"class_list":["post-736","page","type-page","status-publish","hentry"],"_links":{"self":[{"href":"https:\/\/wp.ufpel.edu.br\/desafio\/wp-json\/wp\/v2\/pages\/736","targetHints":{"allow":["GET"]}}],"collection":[{"href":"https:\/\/wp.ufpel.edu.br\/desafio\/wp-json\/wp\/v2\/pages"}],"about":[{"href":"https:\/\/wp.ufpel.edu.br\/desafio\/wp-json\/wp\/v2\/types\/page"}],"author":[{"embeddable":true,"href":"https:\/\/wp.ufpel.edu.br\/desafio\/wp-json\/wp\/v2\/users\/24"}],"replies":[{"embeddable":true,"href":"https:\/\/wp.ufpel.edu.br\/desafio\/wp-json\/wp\/v2\/comments?post=736"}],"version-history":[{"count":6,"href":"https:\/\/wp.ufpel.edu.br\/desafio\/wp-json\/wp\/v2\/pages\/736\/revisions"}],"predecessor-version":[{"id":756,"href":"https:\/\/wp.ufpel.edu.br\/desafio\/wp-json\/wp\/v2\/pages\/736\/revisions\/756"}],"wp:attachment":[{"href":"https:\/\/wp.ufpel.edu.br\/desafio\/wp-json\/wp\/v2\/media?parent=736"}],"curies":[{"name":"wp","href":"https:\/\/api.w.org\/{rel}","templated":true}]}}