{"id":714,"date":"2024-09-24T09:34:26","date_gmt":"2024-09-24T12:34:26","guid":{"rendered":"https:\/\/wp.ufpel.edu.br\/desafio\/?page_id=714"},"modified":"2024-09-29T08:18:47","modified_gmt":"2024-09-29T11:18:47","slug":"equipe-atual","status":"publish","type":"page","link":"https:\/\/wp.ufpel.edu.br\/desafio\/equipe-atual\/","title":{"rendered":"Equipe atual"},"content":{"rendered":"<p>O Desafio Pr\u00e9-Universit\u00e1rio Popular possui uma estrutura organizacional composta por diferentes <strong>coordena\u00e7\u00f5es, a secretaria, pessoas educadoras e educandas<\/strong>, cada uma com fun\u00e7\u00f5es espec\u00edficas para o funcionamento do projeto. Para acessar ilustra\u00e7\u00e3o da Estrutura Organizacional do Desafio <a href=\"https:\/\/wp.ufpel.edu.br\/desafio\/files\/2024\/09\/Estrutura-Desafio.png\">clique aqui<\/a>.<\/p>\n<p><strong>________________________________________________________________________________________________________<\/strong><\/p>\n<p>O Desafio possui quatro modalidades de<strong> coordena\u00e7\u00f5es<\/strong>:<\/p>\n<ul>\n<li><strong>Coordena\u00e7\u00e3o Institucional:<\/strong> Servidor p\u00fablico que representa a UFPel internamente. \u00c9 respons\u00e1vel por cumprir demandas administrativas, auxiliar na organiza\u00e7\u00e3o de processos seletivos de bolsistas, mediar conflitos.<\/li>\n<li><strong>Coordena\u00e7\u00e3o Geral:<\/strong> Composta por tr\u00eas membros titulares e dois suplentes, eleitos pelos colaboradores. Gerencia os \u00f3rg\u00e3os subordinados \u00e0 coordena\u00e7\u00e3o e tem o papel de zelar pelo cumprimento das disposi\u00e7\u00f5es do Regimento Interno, al\u00e9m de promover atividades extracurriculares e culturais. Participa das sele\u00e7\u00f5es de colaboradores e educandos, al\u00e9m de organizar Assembleias Gerais e reuni\u00f5es.<\/li>\n<li><strong>Coordena\u00e7\u00e3o Pedag\u00f3gica:<\/strong> Composta por at\u00e9 quatro membros, tem como fun\u00e7\u00e3o principal oferecer suporte pedag\u00f3gico aos educadores e educandos, al\u00e9m de elaborar Ciclos de Forma\u00e7\u00e3o para educadores populares. Tamb\u00e9m \u00e9 respons\u00e1vel pelo acompanhamento pedag\u00f3gico e pela forma\u00e7\u00e3o cont\u00ednua dos educadores.<\/li>\n<li><strong>Coordena\u00e7\u00f5es de \u00c1rea:<\/strong> Cada \u00e1rea de conhecimento (Atualidades, Matem\u00e1tica, F\u00edsica, Qu\u00edmica, Biologia, Linguagens, Geografia, Hist\u00f3ria, Filosofia, Sociologia)\u00a0 possui uma coordena\u00e7\u00e3o que organiza os planos de ensino e de aulas e a sele\u00e7\u00e3o de educadores das \u00e1reas. A Coordena\u00e7\u00e3o de \u00c1rea tamb\u00e9m lida com a media\u00e7\u00e3o de conflitos e organiza atividades relacionadas \u00e0 \u00e1rea de ensino.<\/li>\n<\/ul>\n<p>Essas coordena\u00e7\u00f5es trabalham de forma integrada para garantir o bom andamento das atividades, promover forma\u00e7\u00f5es, gerenciar os colaboradores e educandos, e assegurar o cumprimento dos objetivos do projeto.\u200b<\/p>\n<p><strong>Para saber quem comp\u00f5em as Coordena\u00e7\u00f5es atuais, <a href=\"https:\/\/wp.ufpel.edu.br\/desafio\/coordenacoes\/\">clique aqui<\/a>.<br \/>\n________________________________________________________________________________________________________<\/strong><\/p>\n<p>A <strong>Secretaria<\/strong> do Desafio desempenha um papel essencial na organiza\u00e7\u00e3o e suporte administrativo do projeto. Suas principais responsabilidades incluem:<\/p>\n<ul>\n<li>Gest\u00e3o de Documentos: Organiza e gerencia documenta\u00e7\u00e3o relativa ao projeto, mantendo-os acess\u00edveis e atualizados.<\/li>\n<li>Atendimento: Faz o atendimento ao p\u00fablico em geral, bem como dos educandos e colaboradores dando o suporte necess\u00e1rio para a realiza\u00e7\u00e3o das atividades do projeto, o que facilita a integra\u00e7\u00e3o da comunidade com a universidade, criando um ambiente de acesso aberto.<\/li>\n<li>Comunica\u00e7\u00e3o: Gerencia o e-mail, envia informes internos para os colaboradores e mant\u00e9m atualizadas as atas das reuni\u00f5es, al\u00e9m de divulgar informa\u00e7\u00f5es relevantes pelas redes sociais do Desafio.<\/li>\n<li>Gest\u00e3o de Materiais: Administra o patrim\u00f4nio do projeto, incluindo materiais did\u00e1ticos e recursos multim\u00eddia. Tamb\u00e9m \u00e9 respons\u00e1vel pelo acervo liter\u00e1rio e o controle de empr\u00e9stimos de livros aos colaboradores e educandos.<\/li>\n<li>Design e Divulga\u00e7\u00e3o: Cria artes e materiais gr\u00e1ficos de acordo com a identidade visual do projeto, utilizados na divulga\u00e7\u00e3o de sele\u00e7\u00f5es, atividades e eventos.<\/li>\n<li>Apoio Log\u00edstico: A Secretaria tamb\u00e9m \u00e9 respons\u00e1vel pela manuten\u00e7\u00e3o do acervo hist\u00f3rico do projeto, organizando artigos, disserta\u00e7\u00f5es e demais produ\u00e7\u00f5es que ajudam a preservar a mem\u00f3ria do Desafio.<\/li>\n<\/ul>\n<p>Essa estrutura de trabalho \u00e9 fundamental para garantir o bom funcionamento di\u00e1rio do projeto, facilitando a comunica\u00e7\u00e3o entre os colaboradores e o p\u00fablico, al\u00e9m de assegurar o registro adequado das atividades e a organiza\u00e7\u00e3o do acervo do programa.<\/p>\n<p><strong>Para saber quem comp\u00f5em a Secretaria atualmente, <a href=\"https:\/\/wp.ufpel.edu.br\/desafio\/secretaria2024\/\">clique aqui<\/a>.<\/strong><strong><br \/>\n________________________________________________________________________________________________________<\/strong><\/p>\n<p>Pessoas educadoras<\/p>\n<p>&nbsp;<\/p>\n<p><strong>________________________________________________________________________________________________________<\/strong><\/p>\n<p>Pessoas educandas<\/p>\n","protected":false},"excerpt":{"rendered":"<p>O Desafio Pr\u00e9-Universit\u00e1rio Popular possui uma estrutura organizacional composta por diferentes coordena\u00e7\u00f5es, a secretaria, pessoas educadoras e educandas, cada uma com fun\u00e7\u00f5es espec\u00edficas para o funcionamento do projeto. Para acessar ilustra\u00e7\u00e3o da Estrutura Organizacional do Desafio clique aqui. ________________________________________________________________________________________________________ O Desafio possui quatro modalidades de coordena\u00e7\u00f5es: Coordena\u00e7\u00e3o Institucional: Servidor p\u00fablico que representa a UFPel internamente. [&hellip;]<\/p>\n","protected":false},"author":24,"featured_media":0,"parent":0,"menu_order":0,"comment_status":"closed","ping_status":"closed","template":"","meta":{"footnotes":""},"class_list":["post-714","page","type-page","status-publish","hentry"],"_links":{"self":[{"href":"https:\/\/wp.ufpel.edu.br\/desafio\/wp-json\/wp\/v2\/pages\/714","targetHints":{"allow":["GET"]}}],"collection":[{"href":"https:\/\/wp.ufpel.edu.br\/desafio\/wp-json\/wp\/v2\/pages"}],"about":[{"href":"https:\/\/wp.ufpel.edu.br\/desafio\/wp-json\/wp\/v2\/types\/page"}],"author":[{"embeddable":true,"href":"https:\/\/wp.ufpel.edu.br\/desafio\/wp-json\/wp\/v2\/users\/24"}],"replies":[{"embeddable":true,"href":"https:\/\/wp.ufpel.edu.br\/desafio\/wp-json\/wp\/v2\/comments?post=714"}],"version-history":[{"count":9,"href":"https:\/\/wp.ufpel.edu.br\/desafio\/wp-json\/wp\/v2\/pages\/714\/revisions"}],"predecessor-version":[{"id":772,"href":"https:\/\/wp.ufpel.edu.br\/desafio\/wp-json\/wp\/v2\/pages\/714\/revisions\/772"}],"wp:attachment":[{"href":"https:\/\/wp.ufpel.edu.br\/desafio\/wp-json\/wp\/v2\/media?parent=714"}],"curies":[{"name":"wp","href":"https:\/\/api.w.org\/{rel}","templated":true}]}}