{"id":678,"date":"2024-09-17T18:37:24","date_gmt":"2024-09-17T21:37:24","guid":{"rendered":"https:\/\/wp.ufpel.edu.br\/desafio\/?page_id=678"},"modified":"2024-09-24T10:21:28","modified_gmt":"2024-09-24T13:21:28","slug":"secretaria2024","status":"publish","type":"page","link":"https:\/\/wp.ufpel.edu.br\/desafio\/secretaria2024\/","title":{"rendered":"Secretaria &#8211; 2024"},"content":{"rendered":"<h1><span style=\"color: #0000ff;\"><strong>2024<br \/>\n<span style=\"font-size: 12pt;\">Primeiro semestre: <\/span><\/strong><\/span><\/h1>\n<p>Jo\u00e3o Neto (design, bolsista PREC)<br \/>\nEmanuely Holz da Silva (bolsista PREC)<br \/>\nMarta Protzen (bolsista PREC)<br \/>\n<strong><span style=\"font-size: 12pt;\"><br \/>\n<\/span><\/strong><span style=\"color: #0000ff;\"><strong><span style=\"font-size: 12pt;\">Segundo semestre:<br \/>\n<\/span><\/strong><\/span><br \/>\nLauren Guimar\u00e3es (bolsista PREC)<br \/>\nAmetista M\u00fcller Pereira (bolsista PREC)<br \/>\nEverson (comunica\u00e7\u00e3o, bolsista PREC)<br \/>\nCamille (design, bolsista PREC)<\/p>\n","protected":false},"excerpt":{"rendered":"<p>2024 Primeiro semestre: Jo\u00e3o Neto (design, bolsista PREC) Emanuely Holz da Silva (bolsista PREC) Marta Protzen (bolsista PREC) Segundo semestre: Lauren Guimar\u00e3es (bolsista PREC) Ametista M\u00fcller Pereira (bolsista PREC) Everson (comunica\u00e7\u00e3o, bolsista PREC) Camille (design, bolsista PREC)<\/p>\n","protected":false},"author":24,"featured_media":0,"parent":0,"menu_order":0,"comment_status":"closed","ping_status":"closed","template":"","meta":{"footnotes":""},"class_list":["post-678","page","type-page","status-publish","hentry"],"_links":{"self":[{"href":"https:\/\/wp.ufpel.edu.br\/desafio\/wp-json\/wp\/v2\/pages\/678","targetHints":{"allow":["GET"]}}],"collection":[{"href":"https:\/\/wp.ufpel.edu.br\/desafio\/wp-json\/wp\/v2\/pages"}],"about":[{"href":"https:\/\/wp.ufpel.edu.br\/desafio\/wp-json\/wp\/v2\/types\/page"}],"author":[{"embeddable":true,"href":"https:\/\/wp.ufpel.edu.br\/desafio\/wp-json\/wp\/v2\/users\/24"}],"replies":[{"embeddable":true,"href":"https:\/\/wp.ufpel.edu.br\/desafio\/wp-json\/wp\/v2\/comments?post=678"}],"version-history":[{"count":5,"href":"https:\/\/wp.ufpel.edu.br\/desafio\/wp-json\/wp\/v2\/pages\/678\/revisions"}],"predecessor-version":[{"id":726,"href":"https:\/\/wp.ufpel.edu.br\/desafio\/wp-json\/wp\/v2\/pages\/678\/revisions\/726"}],"wp:attachment":[{"href":"https:\/\/wp.ufpel.edu.br\/desafio\/wp-json\/wp\/v2\/media?parent=678"}],"curies":[{"name":"wp","href":"https:\/\/api.w.org\/{rel}","templated":true}]}}