{"id":673,"date":"2024-09-17T18:32:52","date_gmt":"2024-09-17T21:32:52","guid":{"rendered":"https:\/\/wp.ufpel.edu.br\/desafio\/?page_id=673"},"modified":"2025-02-08T19:50:16","modified_gmt":"2025-02-08T22:50:16","slug":"nomes","status":"publish","type":"page","link":"https:\/\/wp.ufpel.edu.br\/desafio\/nomes\/","title":{"rendered":"Nomes em nossa hist\u00f3ria"},"content":{"rendered":"<h3><span style=\"color: #0000ff;\">Nossa hist\u00f3ria: colaboradores que constru\u00edram e constroem o Desafio<\/span><\/h3>\n<p>Ao longo dos anos de exist\u00eancia do projeto de extens\u00e3o curso Desafio Pr\u00e9-Universit\u00e1rio Popular, contamos com a colabora\u00e7\u00e3o de centenas de pessoas que, com suas contribui\u00e7\u00f5es, foram fundamentais para a constru\u00e7\u00e3o e continuidade do curso.<\/p>\n<p>Abaixo, ao clicar em cada ano, \u00e9 poss\u00edvel acessar os nomes das pessoas que fizeram parte dessa hist\u00f3ria. Agradecemos profundamente a cada uma delas, cuja dedica\u00e7\u00e3o e empenho tornaram poss\u00edvel o curso Desafio Pr\u00e9-Universit\u00e1rio Popular.<\/p>\n<h3><span style=\"color: #0000ff;\">2025<\/span><\/h3>\n<p><a href=\"https:\/\/wp.ufpel.edu.br\/desafio\/coordenacoes-2025\/\">Coodena\u00e7\u00f5es<\/a><br \/>\n<a href=\"https:\/\/wp.ufpel.edu.br\/desafio\/secretaria-2025\/\">Secretaria<\/a><br \/>\nPessoas educadoras<\/p>\n<h3><span style=\"color: #0000ff;\">2024<\/span><\/h3>\n<p><a href=\"https:\/\/wp.ufpel.edu.br\/desafio\/coordenacoes2024\/\">Coordena\u00e7\u00f5es<\/a><br \/>\n<a href=\"https:\/\/wp.ufpel.edu.br\/desafio\/secretaria2024\/\">Secretaria<\/a><br \/>\n<a href=\"https:\/\/wp.ufpel.edu.br\/desafio\/educadoras2024\/\">Pessoas educadoras<\/a><\/p>\n<h3><span style=\"color: #0000ff;\">2023\u00a0<\/span><\/h3>\n<p><a href=\"https:\/\/wp.ufpel.edu.br\/desafio\/coordenacoes-2023\/\">Coordena\u00e7\u00f5es<\/a><br \/>\nPessoas educadoras<\/p>\n<h3><span style=\"color: #0000ff;\">2022<\/span><\/h3>\n<p><a href=\"https:\/\/wp.ufpel.edu.br\/desafio\/coordenacoes-2022\/\">Coordena\u00e7\u00f5es<\/a><br \/>\nPessoas educadoras<\/p>\n<h3><span style=\"color: #0000ff;\">2021\u00a0<\/span><\/h3>\n<p><a href=\"https:\/\/wp.ufpel.edu.br\/desafio\/coordenacoes-2021\/\">Coordena\u00e7\u00f5es<\/a><br \/>\nPessoas educadoras<\/p>\n<h3><span style=\"color: #0000ff;\">2020\u00a0<\/span><\/h3>\n<p><a href=\"https:\/\/wp.ufpel.edu.br\/desafio\/coordenacoes-2020\/\">Coordena\u00e7\u00f5es<\/a><br \/>\nPessoas educadoras<\/p>\n<h3><span style=\"color: #0000ff;\">2019<\/span><\/h3>\n<p>Coordena\u00e7\u00f5es<br \/>\nSecretaria<br \/>\nPessoas educadoras<\/p>\n<h3><span style=\"color: #0000ff;\">2018\u00a0<\/span><\/h3>\n<p>Coordena\u00e7\u00f5es<br \/>\nSecretaria<br \/>\nPessoas educadoras<\/p>\n<h3><span style=\"color: #0000ff;\">2017\u00a0<\/span><\/h3>\n<p>Em atualiza\u00e7\u00e3o<\/p>\n<p>(&#8230;)<\/p>\n","protected":false},"excerpt":{"rendered":"<p>Nossa hist\u00f3ria: colaboradores que constru\u00edram e constroem o Desafio Ao longo dos anos de exist\u00eancia do projeto de extens\u00e3o curso Desafio Pr\u00e9-Universit\u00e1rio Popular, contamos com a colabora\u00e7\u00e3o de centenas de pessoas que, com suas contribui\u00e7\u00f5es, foram fundamentais para a constru\u00e7\u00e3o e continuidade do curso. Abaixo, ao clicar em cada ano, \u00e9 poss\u00edvel acessar os nomes [&hellip;]<\/p>\n","protected":false},"author":24,"featured_media":0,"parent":0,"menu_order":0,"comment_status":"closed","ping_status":"closed","template":"","meta":{"footnotes":""},"class_list":["post-673","page","type-page","status-publish","hentry"],"_links":{"self":[{"href":"https:\/\/wp.ufpel.edu.br\/desafio\/wp-json\/wp\/v2\/pages\/673","targetHints":{"allow":["GET"]}}],"collection":[{"href":"https:\/\/wp.ufpel.edu.br\/desafio\/wp-json\/wp\/v2\/pages"}],"about":[{"href":"https:\/\/wp.ufpel.edu.br\/desafio\/wp-json\/wp\/v2\/types\/page"}],"author":[{"embeddable":true,"href":"https:\/\/wp.ufpel.edu.br\/desafio\/wp-json\/wp\/v2\/users\/24"}],"replies":[{"embeddable":true,"href":"https:\/\/wp.ufpel.edu.br\/desafio\/wp-json\/wp\/v2\/comments?post=673"}],"version-history":[{"count":19,"href":"https:\/\/wp.ufpel.edu.br\/desafio\/wp-json\/wp\/v2\/pages\/673\/revisions"}],"predecessor-version":[{"id":820,"href":"https:\/\/wp.ufpel.edu.br\/desafio\/wp-json\/wp\/v2\/pages\/673\/revisions\/820"}],"wp:attachment":[{"href":"https:\/\/wp.ufpel.edu.br\/desafio\/wp-json\/wp\/v2\/media?parent=673"}],"curies":[{"name":"wp","href":"https:\/\/api.w.org\/{rel}","templated":true}]}}