{"id":589,"date":"2024-07-10T16:03:44","date_gmt":"2024-07-10T19:03:44","guid":{"rendered":"https:\/\/wp.ufpel.edu.br\/desafio\/?page_id=589"},"modified":"2025-02-08T19:46:38","modified_gmt":"2025-02-08T22:46:38","slug":"editaisencerrados","status":"publish","type":"page","link":"https:\/\/wp.ufpel.edu.br\/desafio\/editais\/editaisencerrados\/","title":{"rendered":"Encerrados"},"content":{"rendered":"<h1><span style=\"color: #0000ff;\"><strong>2024<\/strong><\/span><\/h1>\n<h1><span style=\"color: #0000ff; font-size: 18pt;\"><strong>Sele\u00e7\u00e3o de pessoas educandas<br \/>\n<\/strong><\/span><\/h1>\n<p><strong><a href=\"https:\/\/wp.ufpel.edu.br\/desafio\/files\/2024\/03\/Edital_selecao_Desafio_2024.pdf\" target=\"_blank\" rel=\"noopener\">Edital de sele\u00e7\u00e3o de alunos 2024 &#8211; Edital n\u00ba 003\/2024\u00a0<\/a><\/strong><\/p>\n<p><a href=\"https:\/\/wp.ufpel.edu.br\/desafio\/files\/2024\/03\/Errata-Edital-003_2024.pdf\">Errata &#8211; Edital n\u00ba 003\/2024<\/a><\/p>\n<p><a href=\"https:\/\/wp.ufpel.edu.br\/desafio\/files\/2024\/03\/Homologacao-Prelimintar-Edital-003_24-1-1.pdf\">Homologa\u00e7\u00e3o das inscri\u00e7\u00f5es (preliminar) &#8211; Edital n\u00ba 003\/2024<\/a><\/p>\n<p><a href=\"https:\/\/wp.ufpel.edu.br\/desafio\/files\/2024\/03\/Resultado-Final-Edital-003_24.pdf\">Resultado final &#8211; Edital n\u00ba 003\/2024<\/a><\/p>\n<p><span style=\"color: #0000ff; font-size: 18pt;\"><strong>Sele\u00e7\u00e3o de pessoas educadoras<\/strong><\/span><\/p>\n<p><strong><a href=\"https:\/\/wp.ufpel.edu.br\/desafio\/files\/2024\/04\/Selecao-Complementar-de-Educadores-Edital-005_2024.pdf\">Sele\u00e7\u00e3o complementar de educadores &#8211; Edital n\u00ba 005\/2024<\/a><\/strong><\/p>\n<p><a href=\"https:\/\/wp.ufpel.edu.br\/desafio\/files\/2024\/07\/RETIFICACAO-Edital-005_2024.pdf\">Retifica\u00e7\u00e3o &#8211; Edital n\u00ba 005\/2024<\/a><br \/>\n&#8212;&#8212;&#8212;&#8212;&#8212;&#8212;&#8212;&#8212;&#8212;&#8212;&#8212;&#8212;&#8212;&#8212;&#8212;&#8212;&#8212;&#8212;&#8212;&#8212;&#8212;&#8212;&#8212;<\/p>\n<p><a href=\"https:\/\/wp.ufpel.edu.br\/desafio\/files\/2024\/03\/Selecao-de-Educadores-Atualidades-EDITAL-DESAFIO-no-002_2024.pdf\"><strong>Edital de sele\u00e7\u00e3o para educadores da \u00e1rea de Atualidade &#8211; Edital n\u00ba 002\/2024\u00a0<\/strong><\/a><\/p>\n<p><a href=\"https:\/\/wp.ufpel.edu.br\/desafio\/files\/2024\/03\/Homologacao-preliminar-Atualidades-edital-02_2024.pdf\">Inscri\u00e7\u00f5es Homologadas (Preliminar)- Edital n\u00ba 002\/2024\u00a0<\/a><\/p>\n<p><a href=\"https:\/\/wp.ufpel.edu.br\/desafio\/files\/2024\/03\/Homologacao-definitiva-Atualidades-edital-02_2024.pdf\">Inscri\u00e7\u00f5es Homologadas (Definitivas) &#8211; Edital n\u00ba 002\/2024\u00a0<\/a><\/p>\n<p><a href=\"https:\/\/wp.ufpel.edu.br\/desafio\/files\/2024\/03\/Aprovados-Prova-objetiva-Atualidades.pdf\">Lista de Aprovados na Prova Objetiva e Hor\u00e1rio das Entrevistas &#8211; Edital n\u00ba 002\/2024<\/a><\/p>\n<p><a href=\"https:\/\/wp.ufpel.edu.br\/desafio\/files\/2024\/03\/Aprovadas_os-Edital-no-002_2024.pdf\">Resultado Final (Definitivo) &#8211; Edital n\u00ba 002\/2024<\/a><\/p>\n<p>&#8212;&#8212;&#8212;&#8212;&#8212;&#8212;&#8212;&#8212;&#8212;&#8212;&#8212;&#8212;&#8212;&#8212;&#8212;&#8212;&#8212;&#8212;&#8212;&#8212;&#8212;&#8212;&#8212;<\/p>\n<p><a href=\"https:\/\/wp.ufpel.edu.br\/desafio\/files\/2024\/02\/Selecao-de-educadores-Edital-001_2024.pdf\"><strong>Edital de sele\u00e7\u00e3o para educadores &#8211; Edital n\u00ba 001\/2024<\/strong><\/a><\/p>\n<p><a href=\"https:\/\/wp.ufpel.edu.br\/desafio\/files\/2024\/02\/RETIFICACAO-edital-2024_1.pdf\">Retifica\u00e7\u00e3o do Edital n\u00ba 001\/2024<\/a><\/p>\n<p><a href=\"https:\/\/wp.ufpel.edu.br\/desafio\/files\/2024\/02\/RETIFICACAO-2-edital-2024_1.pdf\">Prorroga\u00e7\u00e3o de inscri\u00e7\u00f5es &#8211; Edital n\u00ba 001\/2024<\/a><\/p>\n<p><a href=\"https:\/\/wp.ufpel.edu.br\/desafio\/files\/2024\/02\/Homologacao-preliminar-edital-2024_1.pdf\">Inscri\u00e7\u00f5es Homologadas (Preliminar)- Edital n\u00ba 001\/2024<\/a><\/p>\n<p><a href=\"https:\/\/wp.ufpel.edu.br\/desafio\/files\/2024\/02\/Homologacao-definitiva-edital-2024_1.pdf\">Inscri\u00e7\u00f5es Homologadas (Definitiva)- Edital n\u00ba 001\/2024<\/a><\/p>\n<p><a href=\"https:\/\/wp.ufpel.edu.br\/desafio\/files\/2024\/02\/Aprovados-Edital-001_2024.pdf\">Aprovados na prova objetiva e datas das pr\u00f3ximas etapas &#8211; Edital n\u00ba 001\/2024<\/a><\/p>\n<p><a href=\"https:\/\/wp.ufpel.edu.br\/desafio\/files\/2024\/03\/Resultado-final-preliminar-edital-2024_1.pdf\">Resultado Final (Preliminar) &#8211; Edital n\u00ba 001\/2024 <\/a><\/p>\n<p><a href=\"https:\/\/wp.ufpel.edu.br\/desafio\/files\/2024\/03\/Resultado-final-definitivo-edital-2024_1.pdf\">Resultado Final (Definitivo) &#8211; Edital n\u00ba 001\/2024<\/a><\/p>\n<p><span style=\"color: #0000ff; font-size: 18pt;\"><strong>Sele\u00e7\u00e3o de bolsistas<\/strong><\/span><\/p>\n<p><strong>Sele\u00e7\u00e3o de bolsistas &#8211; Edital n\u00ba 004\/2024<\/strong><\/p>\n","protected":false},"excerpt":{"rendered":"<p>2024 Sele\u00e7\u00e3o de pessoas educandas Edital de sele\u00e7\u00e3o de alunos 2024 &#8211; Edital n\u00ba 003\/2024\u00a0 Errata &#8211; Edital n\u00ba 003\/2024 Homologa\u00e7\u00e3o das inscri\u00e7\u00f5es (preliminar) &#8211; Edital n\u00ba 003\/2024 Resultado final &#8211; Edital n\u00ba 003\/2024 Sele\u00e7\u00e3o de pessoas educadoras Sele\u00e7\u00e3o complementar de educadores &#8211; Edital n\u00ba 005\/2024 Retifica\u00e7\u00e3o &#8211; Edital n\u00ba 005\/2024 &#8212;&#8212;&#8212;&#8212;&#8212;&#8212;&#8212;&#8212;&#8212;&#8212;&#8212;&#8212;&#8212;&#8212;&#8212;&#8212;&#8212;&#8212;&#8212;&#8212;&#8212;&#8212;&#8212; Edital de sele\u00e7\u00e3o [&hellip;]<\/p>\n","protected":false},"author":24,"featured_media":0,"parent":649,"menu_order":0,"comment_status":"closed","ping_status":"closed","template":"","meta":{"footnotes":""},"class_list":["post-589","page","type-page","status-publish","hentry"],"_links":{"self":[{"href":"https:\/\/wp.ufpel.edu.br\/desafio\/wp-json\/wp\/v2\/pages\/589","targetHints":{"allow":["GET"]}}],"collection":[{"href":"https:\/\/wp.ufpel.edu.br\/desafio\/wp-json\/wp\/v2\/pages"}],"about":[{"href":"https:\/\/wp.ufpel.edu.br\/desafio\/wp-json\/wp\/v2\/types\/page"}],"author":[{"embeddable":true,"href":"https:\/\/wp.ufpel.edu.br\/desafio\/wp-json\/wp\/v2\/users\/24"}],"replies":[{"embeddable":true,"href":"https:\/\/wp.ufpel.edu.br\/desafio\/wp-json\/wp\/v2\/comments?post=589"}],"version-history":[{"count":6,"href":"https:\/\/wp.ufpel.edu.br\/desafio\/wp-json\/wp\/v2\/pages\/589\/revisions"}],"predecessor-version":[{"id":816,"href":"https:\/\/wp.ufpel.edu.br\/desafio\/wp-json\/wp\/v2\/pages\/589\/revisions\/816"}],"up":[{"embeddable":true,"href":"https:\/\/wp.ufpel.edu.br\/desafio\/wp-json\/wp\/v2\/pages\/649"}],"wp:attachment":[{"href":"https:\/\/wp.ufpel.edu.br\/desafio\/wp-json\/wp\/v2\/media?parent=589"}],"curies":[{"name":"wp","href":"https:\/\/api.w.org\/{rel}","templated":true}]}}