{"id":42,"date":"2017-08-17T10:13:50","date_gmt":"2017-08-17T13:13:50","guid":{"rendered":"https:\/\/wp.ufpel.edu.br\/desafio\/?page_id=42"},"modified":"2024-09-24T10:21:10","modified_gmt":"2024-09-24T13:21:10","slug":"educadoras2024","status":"publish","type":"page","link":"https:\/\/wp.ufpel.edu.br\/desafio\/educadoras2024\/","title":{"rendered":"Pessoas educadoras &#8211; 2024"},"content":{"rendered":"<h1><span style=\"color: #0000ff;\"><strong>2024<\/strong><\/span><\/h1>\n<p><strong>DISCIPLINAS _____________________<\/strong><\/p>\n<p><strong>Biologia _____________________<br \/>\n<\/strong>Dominique dos Santos Delias<br \/>\nCaroline Voser Pereira Roschild<br \/>\nDaniel Mello Vieira<br \/>\nEliza Rodrigues Acosta<br \/>\nJailson Vieira Adamoli<br \/>\nJulio Cesar Marques Gon\u00e7alves<br \/>\nNatanael Matoso Mesquita<br \/>\nWillian Roberto da Silva Botelho<\/p>\n<p><strong>Filosofia _____________________<\/strong><br \/>\n<span style=\"font-weight: 400;\">Nathan D\u00b4Avila Silva<\/span><\/p>\n<p><strong>F\u00edsica _____________________<br \/>\n<\/strong>Andrew Santos Correia<br \/>\nBeatriz Rodrigues de Oliveira<br \/>\nCarolina Gracia Cardoso<br \/>\nJo\u00e3o Eduardo de Magalh\u00e3es Salvador<br \/>\nMaur\u00edcio Fonseca Rodrigues<\/p>\n<p><strong>Geografia _____________________<br \/>\n<\/strong>Yago Jacondino Nunes<br \/>\nNelson Fonseca Pinto<br \/>\nIsmael Santos dos Santos<br \/>\nElinton Gustavo Liziardi<\/p>\n<p><strong>Hist\u00f3ria _____________________<\/strong><\/p>\n<p><strong>Portugu\u00eas _____________________<br \/>\n<\/strong>Nathalia Vit\u00f3ria Reinehr<br \/>\n<strong><br \/>\nLiteratura _____________________<br \/>\n<\/strong>Nisia Marilane Martins Braz<br \/>\nGuilherme Gon\u00e7alves Cardoso<\/p>\n<p><strong>Reda\u00e7\u00e3o _____________________<br \/>\n<\/strong>Gabriela Chaves Marra<br \/>\nJaqueline Machado da Silva<br \/>\n<strong><br \/>\nEspanhol _____________________<\/strong><br \/>\n<strong><br \/>\nIngl\u00eas _____________________<br \/>\n<\/strong>Jean Franchesco Gona\u00e7alves Lunkes<strong><br \/>\n<\/strong><strong><br \/>\n<\/strong><strong>Matem\u00e1tica _____________________<br \/>\n<\/strong>Guilherme Lubke Quevedo<br \/>\nEliezer de Souza Pires<br \/>\nAlisson Tonin<br \/>\nGleisson Couto de Pliveira<\/p>\n<p><strong>Qu\u00edmica _____________________<br \/>\n<\/strong>Th\u00e9o Lahorgue Roscoff<\/p>\n<p><strong>Sociologia _____________________<\/strong><br \/>\nMarielle Sacharuk<br \/>\nLucas Fernandes Tavares<br \/>\nGabriela Pecantet Siqueira<\/p>\n","protected":false},"excerpt":{"rendered":"<p>2024 DISCIPLINAS _____________________ Biologia _____________________ Dominique dos Santos Delias Caroline Voser Pereira Roschild Daniel Mello Vieira Eliza Rodrigues Acosta Jailson Vieira Adamoli Julio Cesar Marques Gon\u00e7alves Natanael Matoso Mesquita Willian Roberto da Silva Botelho Filosofia _____________________ Nathan D\u00b4Avila Silva F\u00edsica _____________________ Andrew Santos Correia Beatriz Rodrigues de Oliveira Carolina Gracia Cardoso Jo\u00e3o Eduardo de Magalh\u00e3es [&hellip;]<\/p>\n","protected":false},"author":24,"featured_media":0,"parent":0,"menu_order":0,"comment_status":"closed","ping_status":"closed","template":"","meta":{"footnotes":""},"class_list":["post-42","page","type-page","status-publish","hentry"],"_links":{"self":[{"href":"https:\/\/wp.ufpel.edu.br\/desafio\/wp-json\/wp\/v2\/pages\/42","targetHints":{"allow":["GET"]}}],"collection":[{"href":"https:\/\/wp.ufpel.edu.br\/desafio\/wp-json\/wp\/v2\/pages"}],"about":[{"href":"https:\/\/wp.ufpel.edu.br\/desafio\/wp-json\/wp\/v2\/types\/page"}],"author":[{"embeddable":true,"href":"https:\/\/wp.ufpel.edu.br\/desafio\/wp-json\/wp\/v2\/users\/24"}],"replies":[{"embeddable":true,"href":"https:\/\/wp.ufpel.edu.br\/desafio\/wp-json\/wp\/v2\/comments?post=42"}],"version-history":[{"count":23,"href":"https:\/\/wp.ufpel.edu.br\/desafio\/wp-json\/wp\/v2\/pages\/42\/revisions"}],"predecessor-version":[{"id":727,"href":"https:\/\/wp.ufpel.edu.br\/desafio\/wp-json\/wp\/v2\/pages\/42\/revisions\/727"}],"wp:attachment":[{"href":"https:\/\/wp.ufpel.edu.br\/desafio\/wp-json\/wp\/v2\/media?parent=42"}],"curies":[{"name":"wp","href":"https:\/\/api.w.org\/{rel}","templated":true}]}}