{"id":29,"date":"2017-08-01T10:59:13","date_gmt":"2017-08-01T13:59:13","guid":{"rendered":"https:\/\/wp.ufpel.edu.br\/desafio\/?page_id=29"},"modified":"2024-03-08T08:55:28","modified_gmt":"2024-03-08T11:55:28","slug":"calendario2021","status":"publish","type":"page","link":"https:\/\/wp.ufpel.edu.br\/desafio\/calendario2021\/","title":{"rendered":"Redes sociais"},"content":{"rendered":"<p>Para informa\u00e7\u00f5es atualizadas e acompanhamento das atividades do Desafio, \u00e9 poss\u00edvel conferir as redes sociais do projeto:<\/p>\n<p>Facebook &#8211; <a href=\"https:\/\/www.facebook.com\/DesafioPreUniversitario\" target=\"_blank\" rel=\"noopener\">https:\/\/www.facebook.com\/DesafioPreUniversitario<\/a><\/p>\n<p>Instagram &#8211; <a href=\"https:\/\/www.instagram.com\/desafiopreuniversitariopopular\/\" target=\"_blank\" rel=\"noopener\">https:\/\/www.instagram.com\/desafiopreuniversitariopopular\/<\/a><\/p>\n<p>Para fazer contato com a Coordena\u00e7\u00e3o Geral, favor enviar e-mail para: <strong>desafiopreuniversitario@gmail.com<\/strong><\/p>\n","protected":false},"excerpt":{"rendered":"<p>Para informa\u00e7\u00f5es atualizadas e acompanhamento das atividades do Desafio, \u00e9 poss\u00edvel conferir as redes sociais do projeto: Facebook &#8211; https:\/\/www.facebook.com\/DesafioPreUniversitario Instagram &#8211; https:\/\/www.instagram.com\/desafiopreuniversitariopopular\/ Para fazer contato com a Coordena\u00e7\u00e3o Geral, favor enviar e-mail para: desafiopreuniversitario@gmail.com<\/p>\n","protected":false},"author":24,"featured_media":0,"parent":0,"menu_order":0,"comment_status":"closed","ping_status":"closed","template":"","meta":{"footnotes":""},"class_list":["post-29","page","type-page","status-publish","hentry"],"_links":{"self":[{"href":"https:\/\/wp.ufpel.edu.br\/desafio\/wp-json\/wp\/v2\/pages\/29","targetHints":{"allow":["GET"]}}],"collection":[{"href":"https:\/\/wp.ufpel.edu.br\/desafio\/wp-json\/wp\/v2\/pages"}],"about":[{"href":"https:\/\/wp.ufpel.edu.br\/desafio\/wp-json\/wp\/v2\/types\/page"}],"author":[{"embeddable":true,"href":"https:\/\/wp.ufpel.edu.br\/desafio\/wp-json\/wp\/v2\/users\/24"}],"replies":[{"embeddable":true,"href":"https:\/\/wp.ufpel.edu.br\/desafio\/wp-json\/wp\/v2\/comments?post=29"}],"version-history":[{"count":10,"href":"https:\/\/wp.ufpel.edu.br\/desafio\/wp-json\/wp\/v2\/pages\/29\/revisions"}],"predecessor-version":[{"id":490,"href":"https:\/\/wp.ufpel.edu.br\/desafio\/wp-json\/wp\/v2\/pages\/29\/revisions\/490"}],"wp:attachment":[{"href":"https:\/\/wp.ufpel.edu.br\/desafio\/wp-json\/wp\/v2\/media?parent=29"}],"curies":[{"name":"wp","href":"https:\/\/api.w.org\/{rel}","templated":true}]}}