{"id":16,"date":"2017-08-01T10:15:36","date_gmt":"2017-08-01T13:15:36","guid":{"rendered":"https:\/\/wp.ufpel.edu.br\/desafio\/?page_id=16"},"modified":"2024-09-30T12:07:59","modified_gmt":"2024-09-30T15:07:59","slug":"coordenacoes2024","status":"publish","type":"page","link":"https:\/\/wp.ufpel.edu.br\/desafio\/coordenacoes2024\/","title":{"rendered":"Coordena\u00e7\u00f5es &#8211; 2024"},"content":{"rendered":"<h1><span style=\"color: #0000ff;\"><strong>2024<\/strong><\/span><\/h1>\n<p><strong>COORDENA\u00c7\u00c3O INSTITUCIONAL:<br \/>\n<\/strong>C\u00e1tia Fernandes de Carvalho<strong><span style=\"color: var(--cor-texto); font-family: var(--fonte-corpo);\"><\/p>\n<p><\/span><\/strong><strong>COORDENA\u00c7\u00c3O GERAL DE TRANSI\u00c7\u00c3O (jan-abr):<br \/>\n<\/strong>C\u00e1tia Fernandes de Carvalho\u00a0<span style=\"color: var(--cor-texto); font-family: var(--fonte-corpo);\"><br \/>\n<\/span>Daniel Mello Vieira<br \/>\nGabriel Calegaro<br \/>\nGabriela Pecantet Siqueira<br \/>\nGuilherme Lubke Quevedo<br \/>\nLucas Fernandes Tavares<br \/>\nRaquel Peres Mac\u00eado<br \/>\nVitor de Moraes Kickhofel<br \/>\n<strong><br \/>\nCOORDENA\u00c7\u00c3O GERAL (abr-jul):<br \/>\n<\/strong>Raquel Peres Mac\u00eado<br \/>\nGabriel Calegaro<br \/>\nGuilherme Lubke Quevedo<\/p>\n<p><strong>COORDENA\u00c7\u00c3O GERAL (ago-):<br \/>\n<\/strong>Guilherme Lubke Quevedo<br \/>\nGabriela Pecantet Siqueira<br \/>\nJean Franchesco Gon\u00e7alves Lunkes<\/p>\n<p><strong>COORDENA\u00c7\u00c3O PEDAG\u00d3GICA (abr-jul):<br \/>\n<\/strong>Rafaela da Silva Dias (bolsista PREC)<br \/>\nGuilherme Lubke Quevedo<br \/>\nLeonardo Andrade<\/p>\n<p><strong>COORDENA\u00c7\u00c3O PEDAG\u00d3GICA (ago-):<\/strong><br \/>\nPedro Tibery (bolsista PREC)<br \/>\nGuilherme Lubke Quevedo<br \/>\nRaquel Couto Moreira<br \/>\nRog\u00e9ria Aparecida Garcia (em colabora\u00e7\u00e3o)<\/p>\n<p><strong>COORDENA\u00c7\u00c3O DE \u00c1REAS:<\/strong><\/p>\n<p><strong>Atualidades<br \/>\n<\/strong>Rog\u00e9ria Garcia<\/p>\n<p><strong>Biologia<br \/>\n<\/strong>Daniel Mello Vieira<\/p>\n<p><strong>Filosofia<br \/>\n<\/strong>Nathan D&#8217;Avila Silva<strong><br \/>\n<\/strong><\/p>\n<p><strong>F\u00edsica<br \/>\n***<\/strong><\/p>\n<p><strong>Geografia<br \/>\n<\/strong>Yago Jacondino Nunes<strong><br \/>\n<\/strong><\/p>\n<p><strong>Hist\u00f3ria<br \/>\n<\/strong>Vitor de Moraes Kickhofel<strong><br \/>\n<\/strong><\/p>\n<p><strong>Letras (Portugu\u00eas, Literatura, Reda\u00e7\u00e3o, Espanhol, Ingl\u00eas)<br \/>\n<\/strong>Jean Franchesco Gon\u00e7alves Lunkes<strong><br \/>\n<\/strong><\/p>\n<p><strong>Matem\u00e1tica<br \/>\n***<br \/>\n<\/strong><\/p>\n<p><strong>Qu\u00edmica<br \/>\n<\/strong>Th\u00e9o Lahorgue Roscoff<strong><br \/>\n<\/strong><\/p>\n<p><strong>Sociologia<br \/>\n<\/strong>Marielle Sacharuk<br \/>\nGabriela Pecantet Siqueira (adjunta)<\/p>\n","protected":false},"excerpt":{"rendered":"<p>2024 COORDENA\u00c7\u00c3O INSTITUCIONAL: C\u00e1tia Fernandes de Carvalho COORDENA\u00c7\u00c3O GERAL DE TRANSI\u00c7\u00c3O (jan-abr): C\u00e1tia Fernandes de Carvalho\u00a0 Daniel Mello Vieira Gabriel Calegaro Gabriela Pecantet Siqueira Guilherme Lubke Quevedo Lucas Fernandes Tavares Raquel Peres Mac\u00eado Vitor de Moraes Kickhofel COORDENA\u00c7\u00c3O GERAL (abr-jul): Raquel Peres Mac\u00eado Gabriel Calegaro Guilherme Lubke Quevedo COORDENA\u00c7\u00c3O GERAL (ago-): Guilherme Lubke Quevedo Gabriela [&hellip;]<\/p>\n","protected":false},"author":24,"featured_media":0,"parent":0,"menu_order":0,"comment_status":"closed","ping_status":"closed","template":"","meta":{"footnotes":""},"class_list":["post-16","page","type-page","status-publish","hentry"],"_links":{"self":[{"href":"https:\/\/wp.ufpel.edu.br\/desafio\/wp-json\/wp\/v2\/pages\/16","targetHints":{"allow":["GET"]}}],"collection":[{"href":"https:\/\/wp.ufpel.edu.br\/desafio\/wp-json\/wp\/v2\/pages"}],"about":[{"href":"https:\/\/wp.ufpel.edu.br\/desafio\/wp-json\/wp\/v2\/types\/page"}],"author":[{"embeddable":true,"href":"https:\/\/wp.ufpel.edu.br\/desafio\/wp-json\/wp\/v2\/users\/24"}],"replies":[{"embeddable":true,"href":"https:\/\/wp.ufpel.edu.br\/desafio\/wp-json\/wp\/v2\/comments?post=16"}],"version-history":[{"count":39,"href":"https:\/\/wp.ufpel.edu.br\/desafio\/wp-json\/wp\/v2\/pages\/16\/revisions"}],"predecessor-version":[{"id":781,"href":"https:\/\/wp.ufpel.edu.br\/desafio\/wp-json\/wp\/v2\/pages\/16\/revisions\/781"}],"wp:attachment":[{"href":"https:\/\/wp.ufpel.edu.br\/desafio\/wp-json\/wp\/v2\/media?parent=16"}],"curies":[{"name":"wp","href":"https:\/\/api.w.org\/{rel}","templated":true}]}}