{"id":40,"date":"2023-04-25T07:17:12","date_gmt":"2023-04-25T10:17:12","guid":{"rendered":"https:\/\/wp.ufpel.edu.br\/derrida\/?page_id=40"},"modified":"2023-04-25T13:38:12","modified_gmt":"2023-04-25T16:38:12","slug":"derrida-2","status":"publish","type":"page","link":"https:\/\/wp.ufpel.edu.br\/derrida\/derrida-2\/","title":{"rendered":"Derrida"},"content":{"rendered":"<p><img loading=\"lazy\" decoding=\"async\" class=\"size-thumbnail wp-image-58 alignleft\" src=\"https:\/\/wp.ufpel.edu.br\/derrida\/files\/2023\/04\/botao-derrida-200x200.png\" alt=\"\" width=\"200\" height=\"200\" srcset=\"https:\/\/wp.ufpel.edu.br\/derrida\/files\/2023\/04\/botao-derrida-200x200.png 200w, https:\/\/wp.ufpel.edu.br\/derrida\/files\/2023\/04\/botao-derrida-400x400.png 400w, https:\/\/wp.ufpel.edu.br\/derrida\/files\/2023\/04\/botao-derrida-1024x1024.png 1024w, https:\/\/wp.ufpel.edu.br\/derrida\/files\/2023\/04\/botao-derrida-768x768.png 768w, https:\/\/wp.ufpel.edu.br\/derrida\/files\/2023\/04\/botao-derrida-619x619.png 619w, https:\/\/wp.ufpel.edu.br\/derrida\/files\/2023\/04\/botao-derrida.png 1080w\" sizes=\"auto, (max-width: 200px) 100vw, 200px\" \/><\/p>\n<p style=\"text-align: justify;\"><span style=\"color: #000000;\"><b>Jacques Derrida<\/b> (El Biar, Arg\u00e9lia, 15 de julho de 1930 \u2013 Paris, 9 de outubro de 2004) foi um fil\u00f3sofo franco-magrebino, que iniciou durante a d\u00e9cada de 1960 a <i>Desconstru\u00e7\u00e3o<\/i> em filosofia. Esta &#8220;desconstru\u00e7\u00e3o&#8221;, termo que cunhou, dever\u00e1 aqui ser compreendido, tecnicamente, por um lado, \u00e0 luz do que \u00e9 conhecido como &#8220;intuicionismo&#8221; e &#8220;construcionismo&#8221; no campo da metamatem\u00e1tica, na esteira da obra de Brouwer e depois Heyting, ao qual Derrida ir\u00e1 adicionar as devidas consequ\u00eancias dos teoremas da indecidibilidade de Kurt G\u00f6del e, por outro, a um aprofundamento critico da obra de Husserl, Heidegger e Levinas na ultrapassagem da metaf\u00edsica tradicional que ele vai apresentar como sendo uma &#8220;metafisica da presen\u00e7a&#8221;. [Fonte: <a href=\"https:\/\/pt.wikipedia.org\/wiki\/Jacques_Derrida\">https:\/\/pt.wikipedia.org\/wiki\/Jacques_Derrida<\/a>].<\/span><\/p>\n","protected":false},"excerpt":{"rendered":"<p>Jacques Derrida (El Biar, Arg\u00e9lia, 15 de julho de 1930 \u2013 Paris, 9 de outubro de 2004) foi um fil\u00f3sofo franco-magrebino, que iniciou durante a d\u00e9cada de 1960 a Desconstru\u00e7\u00e3o em filosofia. Esta &#8220;desconstru\u00e7\u00e3o&#8221;, termo que cunhou, dever\u00e1 aqui ser compreendido, tecnicamente, por um lado, \u00e0 luz do que \u00e9 conhecido como &#8220;intuicionismo&#8221; e &#8220;construcionismo&#8221; [&hellip;]<\/p>\n","protected":false},"author":716,"featured_media":0,"parent":0,"menu_order":0,"comment_status":"closed","ping_status":"closed","template":"","meta":{"footnotes":""},"class_list":["post-40","page","type-page","status-publish","hentry"],"_links":{"self":[{"href":"https:\/\/wp.ufpel.edu.br\/derrida\/wp-json\/wp\/v2\/pages\/40","targetHints":{"allow":["GET"]}}],"collection":[{"href":"https:\/\/wp.ufpel.edu.br\/derrida\/wp-json\/wp\/v2\/pages"}],"about":[{"href":"https:\/\/wp.ufpel.edu.br\/derrida\/wp-json\/wp\/v2\/types\/page"}],"author":[{"embeddable":true,"href":"https:\/\/wp.ufpel.edu.br\/derrida\/wp-json\/wp\/v2\/users\/716"}],"replies":[{"embeddable":true,"href":"https:\/\/wp.ufpel.edu.br\/derrida\/wp-json\/wp\/v2\/comments?post=40"}],"version-history":[{"count":6,"href":"https:\/\/wp.ufpel.edu.br\/derrida\/wp-json\/wp\/v2\/pages\/40\/revisions"}],"predecessor-version":[{"id":93,"href":"https:\/\/wp.ufpel.edu.br\/derrida\/wp-json\/wp\/v2\/pages\/40\/revisions\/93"}],"wp:attachment":[{"href":"https:\/\/wp.ufpel.edu.br\/derrida\/wp-json\/wp\/v2\/media?parent=40"}],"curies":[{"name":"wp","href":"https:\/\/api.w.org\/{rel}","templated":true}]}}