{"id":34,"date":"2023-04-25T07:14:21","date_gmt":"2023-04-25T10:14:21","guid":{"rendered":"https:\/\/wp.ufpel.edu.br\/derrida\/?page_id=34"},"modified":"2023-04-28T10:50:22","modified_gmt":"2023-04-28T13:50:22","slug":"quem-somos","status":"publish","type":"page","link":"https:\/\/wp.ufpel.edu.br\/derrida\/quem-somos\/","title":{"rendered":"Quem somos?"},"content":{"rendered":"<p><img loading=\"lazy\" decoding=\"async\" class=\"size-thumbnail wp-image-84 alignleft\" src=\"https:\/\/wp.ufpel.edu.br\/derrida\/files\/2023\/04\/botao-derrida-3-200x200.png\" alt=\"\" width=\"200\" height=\"200\" srcset=\"https:\/\/wp.ufpel.edu.br\/derrida\/files\/2023\/04\/botao-derrida-3-200x200.png 200w, https:\/\/wp.ufpel.edu.br\/derrida\/files\/2023\/04\/botao-derrida-3-400x400.png 400w, https:\/\/wp.ufpel.edu.br\/derrida\/files\/2023\/04\/botao-derrida-3-1024x1024.png 1024w, https:\/\/wp.ufpel.edu.br\/derrida\/files\/2023\/04\/botao-derrida-3-768x768.png 768w, https:\/\/wp.ufpel.edu.br\/derrida\/files\/2023\/04\/botao-derrida-3-619x619.png 619w, https:\/\/wp.ufpel.edu.br\/derrida\/files\/2023\/04\/botao-derrida-3.png 1080w\" sizes=\"auto, (max-width: 200px) 100vw, 200px\" \/><\/p>\n<p>&nbsp;<\/p>\n<p>&nbsp;<\/p>\n<p>&nbsp;<\/p>\n<p><strong>Fernando Fu\u00e3o<\/strong> [UFRGS|l\u00edder do grupo] (<a href=\"http:\/\/buscatextual.cnpq.br\/buscatextual\/visualizacv.do\">lattes<\/a>)<\/p>\n<p><strong>Dirce Eleonora Nigro Solis<\/strong> [UERJ|l\u00edder do grupo] (<a href=\"http:\/\/buscatextual.cnpq.br\/buscatextual\/visualizacv.do\">lattes<\/a>)<\/p>\n<p>&nbsp;<\/p>\n<table style=\"border-collapse: collapse; width: 100%;\" border=\"0\">\n<tbody>\n<tr style=\"height: 855px;\">\n<td style=\"width: 50%; height: 834px;\">\n<p>Adriano Negris Santos [UERJ] (<a href=\"http:\/\/buscatextual.cnpq.br\/buscatextual\/visualizacv.do?metodo=apresentar&amp;id=K4364643D0\">lattes<\/a>)<\/p>\n<p>Ana Paula Vieceli [UFRJ] (<a href=\"http:\/\/buscatextual.cnpq.br\/buscatextual\/visualizacv.do\">lattes)<\/a><\/p>\n<p>Beatriz Regina Dorfman [PUC-RS] (<a href=\"http:\/\/buscatextual.cnpq.br\/buscatextual\/visualizacv.do?metodo=apresentar&amp;id=K4704368H8\">lattes<\/a>)<\/p>\n<p>Bianca Ramires Soares [UFRGS] (<a href=\"http:\/\/buscatextual.cnpq.br\/buscatextual\/visualizacv.do?metodo=apresentar&amp;id=K8679749Z6\">lattes<\/a>)<\/p>\n<p>Carlos Alberto Casta\u00f1o Aguirre [JAVERIANA &#8211; BOGOT\u00c1 ] (<a href=\"http:\/\/buscatextual.cnpq.br\/buscatextual\/visualizacv.do\">lattes<\/a>)<\/p>\n<p>Carlos Mario Fisgativa Sabogal [UBA-ARGENTINA] (<a href=\"http:\/\/buscatextual.cnpq.br\/buscatextual\/visualizacv.do\">lattes<\/a>)<\/p>\n<p>Carolina Mesquita Clasen [USP] (<a href=\"http:\/\/buscatextual.cnpq.br\/buscatextual\/visualizacv.do\">lattes<\/a>)<\/p>\n<p>Celma Paese [UFPel] (<a href=\"http:\/\/buscatextual.cnpq.br\/buscatextual\/visualizacv.do\">lattes<\/a>)<\/p>\n<p>Consuelo Vallandro Barbo [UFRGS] (<a href=\"http:\/\/buscatextual.cnpq.br\/buscatextual\/visualizacv.do\">lattes<\/a>)<\/p>\n<p>Daniela Mendes Cidade [UFRGS] (<a href=\"http:\/\/buscatextual.cnpq.br\/buscatextual\/visualizacv.do\">lattes<\/a>)<\/p>\n<p>Denis Borges Diniz [IFITEG] (<a href=\"http:\/\/buscatextual.cnpq.br\/buscatextual\/visualizacv.do\">lattes<\/a>)<\/p>\n<p>Eduardo Rocha [UFPel] (<a href=\"http:\/\/buscatextual.cnpq.br\/buscatextual\/visualizacv.do\">lattes<\/a>)<\/p>\n<p>Efreu Brignol Quintana [ULBR\/ Torres] (<a href=\"http:\/\/buscatextual.cnpq.br\/buscatextual\/visualizacv.do\">lattes<\/a>)<\/p>\n<p>Enilton Braga da Silva Feldmann\u00a0 [UFRGS] (<a href=\"http:\/\/buscatextual.cnpq.br\/buscatextual\/visualizacv.do\">lattes<\/a>)<\/p>\n<p>F\u00e1bio Borges do Rosario [UFRJ] (<a href=\"http:\/\/buscatextual.cnpq.br\/buscatextual\/visualizacv.do\">lattes<\/a>)<\/p>\n<p>Fl\u00e1via Nacif da Costa [UFRGS] (<a href=\"http:\/\/buscatextual.cnpq.br\/buscatextual\/visualizacv.do\">lattes<\/a>)<\/p>\n<p>Francisco Ver\u00edssimo de Souza Melo [UERJ] (<a href=\"http:\/\/buscatextual.cnpq.br\/buscatextual\/visualizacv.do\">lattes<\/a>)<\/p>\n<p>Gabriel Silva Fernandes [UFRGS] (<a href=\"http:\/\/buscatextual.cnpq.br\/buscatextual\/visualizacv.do\">lattes<\/a>)<\/p>\n<p>Gabriela Correia Fernandes [UEL] (<a href=\"http:\/\/buscatextual.cnpq.br\/buscatextual\/visualizacv.do\">lattes<\/a>)<\/p>\n<p>Guilherme Zamboni Ferreira [UFRGS] (<a href=\"http:\/\/buscatextual.cnpq.br\/buscatextual\/visualizacv.do\">lattes<\/a>)<\/p>\n<p>&nbsp;<\/td>\n<td style=\"width: 50%; height: 834px;\">\n<p>Igor Guatelli [Mackenzie] (<a href=\"http:\/\/buscatextual.cnpq.br\/buscatextual\/visualizacv.do\">lattes<\/a>)<\/p>\n<p>Lorena Maia Resende [UFRJ] (<a href=\"http:\/\/buscatextual.cnpq.br\/buscatextual\/visualizacv.do\">lattes<\/a>)<\/p>\n<p>Luana Pavan Detoni [UFRGS] (<a href=\"http:\/\/buscatextual.cnpq.br\/buscatextual\/visualizacv.do\">lattes<\/a>)<\/p>\n<p>Malu Magalh\u00e3es Sanches [UEL] (<a href=\"http:\/\/buscatextual.cnpq.br\/buscatextual\/visualizacv.do\">lattes<\/a>)<\/p>\n<p>Marcelo Jos\u00e9 Derzi Moraes [UERJ] (<a href=\"http:\/\/buscatextual.cnpq.br\/buscatextual\/visualizacv.do\">lattes<\/a>)<\/p>\n<p>Marcelo Nunes Kiefer [UFRGS] (<a href=\"http:\/\/buscatextual.cnpq.br\/buscatextual\/visualizacv.do\">lattes<\/a>)<\/p>\n<p>Marcio Pizarro Noronha [UFRGS] (<a href=\"http:\/\/buscatextual.cnpq.br\/buscatextual\/visualizacv.do\">lattes<\/a>)<\/p>\n<p>Otavio Leonidio Ribeiro [PUC\/RIO] (<a href=\"http:\/\/buscatextual.cnpq.br\/buscatextual\/visualizacv.do\">lattes<\/a>)<\/p>\n<p>Paulo Edison Belo Reyes [UFRGS] (<a href=\"http:\/\/buscatextual.cnpq.br\/buscatextual\/visualizacv.do\">lattes<\/a>)<\/p>\n<p>Rita de C\u00e1ssia Lucena Velloso\u00a0 [UFMG] (<a href=\"http:\/\/buscatextual.cnpq.br\/buscatextual\/visualizacv.do\">lattes<\/a>)<\/p>\n<p>Rovenir Bertola Duarte [UEL] (<a href=\"http:\/\/buscatextual.cnpq.br\/buscatextual\/visualizacv.do\">lattes<\/a>)<\/p>\n<p>Sandra Mara Pantale\u00e3o Lima (<a href=\"http:\/\/buscatextual.cnpq.br\/buscatextual\/visualizacv.do\">lattes<\/a>)<\/p>\n<p>Sebasti\u00e1n Chun [UBA\/ARGENTINA] (<a href=\"http:\/\/buscatextual.cnpq.br\/buscatextual\/visualizacv.do\">lattes<\/a>)<\/p>\n<p>Simone Borges Camargo de Oliveira [UFG] (<a href=\"http:\/\/buscatextual.cnpq.br\/buscatextual\/visualizacv.do\">lattes<\/a>)<\/p>\n<p>Sylvio Arnoldo Dick Jantzen [UFPel] (<a href=\"http:\/\/buscatextual.cnpq.br\/buscatextual\/visualizacv.do\">lattes<\/a>)<\/p>\n<p>Ta\u00eds Beltrame dos Santos [UFRGS] (<a href=\"http:\/\/buscatextual.cnpq.br\/buscatextual\/visualizacv.do\">lattes<\/a>)<\/p>\n<p>Vicente Esteban Medina G\u00f3mez [POLITECNICA DE MADRID \/ ESPANHA] (<a href=\"http:\/\/buscatextual.cnpq.br\/buscatextual\/visualizacv.do\">lattes<\/a>)<\/p>\n<p>Victor Dias Maia Soares [UERJ] (<a href=\"http:\/\/buscatextual.cnpq.br\/buscatextual\/visualizacv.do\">lattes<\/a>)<\/p>\n<p>Wallace Lopes Silva [UFRJ] (<a href=\"http:\/\/buscatextual.cnpq.br\/buscatextual\/visualizacv.do\">lattes<\/a>)<\/p>\n<p>Wilton de Araujo Medeiros [UEG] (<a href=\"http:\/\/buscatextual.cnpq.br\/buscatextual\/visualizacv.do\">lattes<\/a>)<\/p>\n<p>&nbsp;<\/p>\n<p>&nbsp;<\/td>\n<\/tr>\n<\/tbody>\n<\/table>\n<p>&nbsp;<\/p>\n","protected":false},"excerpt":{"rendered":"<p>&nbsp; &nbsp; &nbsp; Fernando Fu\u00e3o [UFRGS|l\u00edder do grupo] (lattes) Dirce Eleonora Nigro Solis [UERJ|l\u00edder do grupo] (lattes) &nbsp; Adriano Negris Santos [UERJ] (lattes) Ana Paula Vieceli [UFRJ] (lattes) Beatriz Regina Dorfman [PUC-RS] (lattes) Bianca Ramires Soares [UFRGS] (lattes) Carlos Alberto Casta\u00f1o Aguirre [JAVERIANA &#8211; BOGOT\u00c1 ] (lattes) Carlos Mario Fisgativa Sabogal [UBA-ARGENTINA] (lattes) Carolina Mesquita [&hellip;]<\/p>\n","protected":false},"author":716,"featured_media":0,"parent":0,"menu_order":0,"comment_status":"closed","ping_status":"closed","template":"","meta":{"footnotes":""},"class_list":["post-34","page","type-page","status-publish","hentry"],"_links":{"self":[{"href":"https:\/\/wp.ufpel.edu.br\/derrida\/wp-json\/wp\/v2\/pages\/34","targetHints":{"allow":["GET"]}}],"collection":[{"href":"https:\/\/wp.ufpel.edu.br\/derrida\/wp-json\/wp\/v2\/pages"}],"about":[{"href":"https:\/\/wp.ufpel.edu.br\/derrida\/wp-json\/wp\/v2\/types\/page"}],"author":[{"embeddable":true,"href":"https:\/\/wp.ufpel.edu.br\/derrida\/wp-json\/wp\/v2\/users\/716"}],"replies":[{"embeddable":true,"href":"https:\/\/wp.ufpel.edu.br\/derrida\/wp-json\/wp\/v2\/comments?post=34"}],"version-history":[{"count":12,"href":"https:\/\/wp.ufpel.edu.br\/derrida\/wp-json\/wp\/v2\/pages\/34\/revisions"}],"predecessor-version":[{"id":213,"href":"https:\/\/wp.ufpel.edu.br\/derrida\/wp-json\/wp\/v2\/pages\/34\/revisions\/213"}],"wp:attachment":[{"href":"https:\/\/wp.ufpel.edu.br\/derrida\/wp-json\/wp\/v2\/media?parent=34"}],"curies":[{"name":"wp","href":"https:\/\/api.w.org\/{rel}","templated":true}]}}