{"id":18,"date":"2023-04-25T07:08:09","date_gmt":"2023-04-25T10:08:09","guid":{"rendered":"https:\/\/wp.ufpel.edu.br\/derrida\/?page_id=18"},"modified":"2023-04-28T10:55:56","modified_gmt":"2023-04-28T13:55:56","slug":"coloquios","status":"publish","type":"page","link":"https:\/\/wp.ufpel.edu.br\/derrida\/coloquios\/","title":{"rendered":"Col\u00f3quios"},"content":{"rendered":"<p><strong>4 Coloquio Internacional Arquitectura:<\/strong><\/p>\n<p><strong>Derrida y Aproximaciones | <\/strong><strong>Huellas, bordes y fronteras en arquitectura y filosof\u00eda<\/strong><\/p>\n<p>9,10 y 11 de marzo de 2022, Virtual.<\/p>\n<p><a href=\"https:\/\/huellasbordesyfronterasenarquitectura.blogspot.com\/\">https:\/\/huellasbordesyfronterasenarquitectura.blogspot.com\/<\/a><\/p>\n<p><a href=\"https:\/\/huellasbordesyfronterasenarquitectura.blogspot.com\/\"><img loading=\"lazy\" decoding=\"async\" class=\"alignnone wp-image-65 \" src=\"https:\/\/wp.ufpel.edu.br\/derrida\/files\/2023\/04\/coloquio-arquitectura-200x200.jpg\" alt=\"\" width=\"325\" height=\"325\" \/><\/a><\/p>\n<p>&nbsp;<\/p>\n<p><b>3 Col\u00f3quio Internacional Arquitetura, Derrida y Aproxima\u00e7\u00f5es<\/b><\/p>\n<p><strong>Desconstru\u00e7\u00e3o, resist\u00eancias e desvios<\/strong><\/p>\n<p>26 a 29 de novembro de 2019, Torres\/RS\/Brasil. <a href=\"https:\/\/www.even3.com.br\/3coloquiointernacionalarquiteturaderridaeaproximacoes\/\">https:\/\/www.even3.com.br\/3coloquiointernacionalarquiteturaderridaeaproximacoes\/<\/a><\/p>\n<p><a href=\"https:\/\/www.even3.com.br\/3coloquiointernacionalarquiteturaderridaeaproximacoes\/\"><img loading=\"lazy\" decoding=\"async\" class=\"alignnone wp-image-102 \" src=\"https:\/\/wp.ufpel.edu.br\/derrida\/files\/2023\/04\/Captura-de-Tela-2023-04-25-a\u0300s-14.07.44-e1682442408997-200x200.png\" alt=\"\" width=\"347\" height=\"347\" \/><\/a><\/p>\n<p>&nbsp;<\/p>\n<p><b>2 Col\u00f3quio Internacional Arquitetura, Derrida y Aproxima\u00e7\u00f5es\u00a0<\/b><\/p>\n<p><b>Espectralidades e fantasmagorias na arquitetura e\u00a0filosofia<\/b><\/p>\n<p>23 a 28 de outubro de 2017, Ilha Grande\/RJ\/Brasil.<\/p>\n<p><a href=\"https:\/\/www.facebook.com\/2coloquioderrida\/\">https:\/\/www.facebook.com\/2coloquioderrida\/<\/a><\/p>\n<p><a href=\"https:\/\/www.facebook.com\/2coloquioderrida\/\"><img loading=\"lazy\" decoding=\"async\" class=\"alignnone wp-image-61 \" src=\"https:\/\/wp.ufpel.edu.br\/derrida\/files\/2023\/04\/306004381_396849265975549_1050049024531989118_n-200x200.jpg\" alt=\"\" width=\"401\" height=\"401\" \/><\/a><\/p>\n<p><b>1 Col\u00f3quio Internacional Arquitetura, Derrida y Aproxima\u00e7\u00f5es <\/b><\/p>\n<p><b>Quer\u00eancias &#8211; Est\u00e2ncias de Derrida, moradas da arquitetura e filosofia<\/b><\/p>\n<p>10,11 e 12 de setembro de 2015, Pelotas\/RS\/Brasil.<\/p>\n<p><a href=\"http:\/\/querenciasderrida.blogspot.com\/\">http:\/\/querenciasderrida.blogspot.com\/<\/a><\/p>\n<p><a href=\"http:\/\/querenciasderrida.blogspot.com\/\"><img loading=\"lazy\" decoding=\"async\" class=\"alignnone wp-image-62 \" src=\"https:\/\/wp.ufpel.edu.br\/derrida\/files\/2023\/04\/52044-cartazcoloquioa3-teste-200x200.jpg\" alt=\"\" width=\"402\" height=\"402\" \/><\/a><\/p>\n","protected":false},"excerpt":{"rendered":"<p>4 Coloquio Internacional Arquitectura: Derrida y Aproximaciones | Huellas, bordes y fronteras en arquitectura y filosof\u00eda 9,10 y 11 de marzo de 2022, Virtual. https:\/\/huellasbordesyfronterasenarquitectura.blogspot.com\/ &nbsp; 3 Col\u00f3quio Internacional Arquitetura, Derrida y Aproxima\u00e7\u00f5es Desconstru\u00e7\u00e3o, resist\u00eancias e desvios 26 a 29 de novembro de 2019, Torres\/RS\/Brasil. https:\/\/www.even3.com.br\/3coloquiointernacionalarquiteturaderridaeaproximacoes\/ &nbsp; 2 Col\u00f3quio Internacional Arquitetura, Derrida y Aproxima\u00e7\u00f5es\u00a0 Espectralidades [&hellip;]<\/p>\n","protected":false},"author":716,"featured_media":0,"parent":0,"menu_order":0,"comment_status":"closed","ping_status":"closed","template":"","meta":{"footnotes":""},"class_list":["post-18","page","type-page","status-publish","hentry"],"_links":{"self":[{"href":"https:\/\/wp.ufpel.edu.br\/derrida\/wp-json\/wp\/v2\/pages\/18","targetHints":{"allow":["GET"]}}],"collection":[{"href":"https:\/\/wp.ufpel.edu.br\/derrida\/wp-json\/wp\/v2\/pages"}],"about":[{"href":"https:\/\/wp.ufpel.edu.br\/derrida\/wp-json\/wp\/v2\/types\/page"}],"author":[{"embeddable":true,"href":"https:\/\/wp.ufpel.edu.br\/derrida\/wp-json\/wp\/v2\/users\/716"}],"replies":[{"embeddable":true,"href":"https:\/\/wp.ufpel.edu.br\/derrida\/wp-json\/wp\/v2\/comments?post=18"}],"version-history":[{"count":23,"href":"https:\/\/wp.ufpel.edu.br\/derrida\/wp-json\/wp\/v2\/pages\/18\/revisions"}],"predecessor-version":[{"id":215,"href":"https:\/\/wp.ufpel.edu.br\/derrida\/wp-json\/wp\/v2\/pages\/18\/revisions\/215"}],"wp:attachment":[{"href":"https:\/\/wp.ufpel.edu.br\/derrida\/wp-json\/wp\/v2\/media?parent=18"}],"curies":[{"name":"wp","href":"https:\/\/api.w.org\/{rel}","templated":true}]}}