{"id":17,"date":"2023-04-25T07:08:09","date_gmt":"2023-04-25T10:08:09","guid":{"rendered":"https:\/\/wp.ufpel.edu.br\/derrida\/?page_id=17"},"modified":"2023-04-26T09:51:38","modified_gmt":"2023-04-26T12:51:38","slug":"livros","status":"publish","type":"page","link":"https:\/\/wp.ufpel.edu.br\/derrida\/","title":{"rendered":"Livros"},"content":{"rendered":"<p style=\"text-align: justify;\">Como resultado dos Col\u00f3quios s\u00e3o organizadas cole\u00e7\u00f5es de livros a partir desenvolvimento das apresenta\u00e7\u00f5es realizadas pelos membros do grupo e convidados.Os e-books est\u00e3o disponiveis em:<\/p>\n<table style=\"border-collapse: collapse; width: 100%;\" border=\"0\">\n<tbody>\n<tr>\n<td style=\"width: 50%;\"><a href=\"https:\/\/wp.ufpel.edu.br\/derrida\/4_virtual_2022\/\" target=\"_blank\" rel=\"noopener\">4_Virtual_2022<\/a><\/td>\n<td style=\"width: 50%;\">\u00a0<a href=\"https:\/\/wp.ufpel.edu.br\/derrida\/3_torres_2019\/\" target=\"_blank\" rel=\"noopener\">3_Torres_2019<\/a><\/td>\n<\/tr>\n<tr>\n<td style=\"width: 50%;\">\n<p><a href=\"https:\/\/wp.ufpel.edu.br\/derrida\/2_ilha-grande_2017\/\" target=\"_blank\" rel=\"noopener\">2_Ilha Grande_2017<\/a><\/p>\n<p><a href=\"https:\/\/wp.ufpel.edu.br\/derrida\/2_ilha-grande_2017\/\"><img loading=\"lazy\" decoding=\"async\" class=\"alignnone wp-image-200 size-thumbnail\" src=\"https:\/\/wp.ufpel.edu.br\/derrida\/files\/2023\/04\/19-200x200.png\" alt=\"\" width=\"200\" height=\"200\" srcset=\"https:\/\/wp.ufpel.edu.br\/derrida\/files\/2023\/04\/19-200x200.png 200w, https:\/\/wp.ufpel.edu.br\/derrida\/files\/2023\/04\/19-400x400.png 400w, https:\/\/wp.ufpel.edu.br\/derrida\/files\/2023\/04\/19-1024x1024.png 1024w, https:\/\/wp.ufpel.edu.br\/derrida\/files\/2023\/04\/19-768x768.png 768w, https:\/\/wp.ufpel.edu.br\/derrida\/files\/2023\/04\/19-619x619.png 619w, https:\/\/wp.ufpel.edu.br\/derrida\/files\/2023\/04\/19.png 1080w\" sizes=\"auto, (max-width: 200px) 100vw, 200px\" \/><\/a><\/td>\n<td style=\"width: 50%;\">\n<p><a href=\"https:\/\/wp.ufpel.edu.br\/derrida\/1_pelotas_2015\/\" target=\"_blank\" rel=\"noopener\">1_Pelotas_2015<\/a><\/p>\n<p><a href=\"https:\/\/wp.ufpel.edu.br\/derrida\/1_pelotas_2015\/\"><img loading=\"lazy\" decoding=\"async\" class=\"alignnone wp-image-199 size-thumbnail\" src=\"https:\/\/wp.ufpel.edu.br\/derrida\/files\/2023\/04\/20-200x200.png\" alt=\"\" width=\"200\" height=\"200\" srcset=\"https:\/\/wp.ufpel.edu.br\/derrida\/files\/2023\/04\/20-200x200.png 200w, https:\/\/wp.ufpel.edu.br\/derrida\/files\/2023\/04\/20-400x400.png 400w, https:\/\/wp.ufpel.edu.br\/derrida\/files\/2023\/04\/20-1024x1024.png 1024w, https:\/\/wp.ufpel.edu.br\/derrida\/files\/2023\/04\/20-768x768.png 768w, https:\/\/wp.ufpel.edu.br\/derrida\/files\/2023\/04\/20-619x619.png 619w, https:\/\/wp.ufpel.edu.br\/derrida\/files\/2023\/04\/20.png 1080w\" sizes=\"auto, (max-width: 200px) 100vw, 200px\" \/><\/a><\/td>\n<\/tr>\n<\/tbody>\n<\/table>\n<p style=\"text-align: left;\">\n","protected":false},"excerpt":{"rendered":"<p>Como resultado dos Col\u00f3quios s\u00e3o organizadas cole\u00e7\u00f5es de livros a partir desenvolvimento das apresenta\u00e7\u00f5es realizadas pelos membros do grupo e convidados.Os e-books est\u00e3o disponiveis em: 4_Virtual_2022 \u00a03_Torres_2019 2_Ilha Grande_2017 1_Pelotas_2015<\/p>\n","protected":false},"author":716,"featured_media":0,"parent":0,"menu_order":0,"comment_status":"closed","ping_status":"closed","template":"","meta":{"footnotes":""},"class_list":["post-17","page","type-page","status-publish","hentry"],"_links":{"self":[{"href":"https:\/\/wp.ufpel.edu.br\/derrida\/wp-json\/wp\/v2\/pages\/17","targetHints":{"allow":["GET"]}}],"collection":[{"href":"https:\/\/wp.ufpel.edu.br\/derrida\/wp-json\/wp\/v2\/pages"}],"about":[{"href":"https:\/\/wp.ufpel.edu.br\/derrida\/wp-json\/wp\/v2\/types\/page"}],"author":[{"embeddable":true,"href":"https:\/\/wp.ufpel.edu.br\/derrida\/wp-json\/wp\/v2\/users\/716"}],"replies":[{"embeddable":true,"href":"https:\/\/wp.ufpel.edu.br\/derrida\/wp-json\/wp\/v2\/comments?post=17"}],"version-history":[{"count":16,"href":"https:\/\/wp.ufpel.edu.br\/derrida\/wp-json\/wp\/v2\/pages\/17\/revisions"}],"predecessor-version":[{"id":114,"href":"https:\/\/wp.ufpel.edu.br\/derrida\/wp-json\/wp\/v2\/pages\/17\/revisions\/114"}],"wp:attachment":[{"href":"https:\/\/wp.ufpel.edu.br\/derrida\/wp-json\/wp\/v2\/media?parent=17"}],"curies":[{"name":"wp","href":"https:\/\/api.w.org\/{rel}","templated":true}]}}