{"id":16,"date":"2023-04-25T07:08:09","date_gmt":"2023-04-25T10:08:09","guid":{"rendered":"https:\/\/wp.ufpel.edu.br\/derrida\/?page_id=16"},"modified":"2023-04-25T16:25:45","modified_gmt":"2023-04-25T19:25:45","slug":"o-grupo","status":"publish","type":"page","link":"https:\/\/wp.ufpel.edu.br\/derrida\/o-grupo\/","title":{"rendered":"Pre\u00e2mbulo"},"content":{"rendered":"<p><img loading=\"lazy\" decoding=\"async\" class=\"size-thumbnail wp-image-98 alignleft\" src=\"https:\/\/wp.ufpel.edu.br\/derrida\/files\/2023\/04\/botao-derrida-4-200x200.png\" alt=\"\" width=\"200\" height=\"200\" srcset=\"https:\/\/wp.ufpel.edu.br\/derrida\/files\/2023\/04\/botao-derrida-4-200x200.png 200w, https:\/\/wp.ufpel.edu.br\/derrida\/files\/2023\/04\/botao-derrida-4-400x400.png 400w, https:\/\/wp.ufpel.edu.br\/derrida\/files\/2023\/04\/botao-derrida-4-1024x1024.png 1024w, https:\/\/wp.ufpel.edu.br\/derrida\/files\/2023\/04\/botao-derrida-4-768x768.png 768w, https:\/\/wp.ufpel.edu.br\/derrida\/files\/2023\/04\/botao-derrida-4-619x619.png 619w, https:\/\/wp.ufpel.edu.br\/derrida\/files\/2023\/04\/botao-derrida-4.png 1080w\" sizes=\"auto, (max-width: 200px) 100vw, 200px\" \/><\/p>\n<p style=\"text-align: justify;\">O grupo de pesquisa &#8220;Arquitetura, Derrrida e aproxima\u00e7\u00f5es&#8221; dedicasse ao estudo do pensamento do fil\u00f3sofo Jacques Derrida e sua inter-rela\u00e7\u00e3o com a arquitetura, cidade e representa\u00e7\u00e3o a partir dos conceitos formulados como: hospitalidade, acolhimento, representa\u00e7\u00e3o, enxerto, acontecimento. O grupo reune professores arquitetos e fil\u00f3sofos nacionais e internacionais que trabalham diretamente e aproxima\u00e7\u00f5es com o pensamento de Derrida.<\/p>\n<p style=\"text-align: justify;\">Fazem parte do grupo de pesquisa: Universidade Federal do Rio Grande do Sul [UFRGS], Universidade Federal de Pelotas [UFPel], Universidade do Estado do Rio de Janeiro [UERJ], Universidade Federal de Goi\u00e1s [UFG], Universidade Federal de Minas Gerais [UFMG], Universidade Luterana do Brasil [ULBRA], Faculdade CESUC [CESUC], Universidade Regional Integrada do Alto Uruguai e das Miss\u00f5es [URI], Universidade do Vale do Taquari [UNIVATES], Universidad Alfonso X El Sabio [UAX], Universidade de Coimbra [UC], Universidad del Quind\u00edo [UNIQUINDIO] e Universidad de San Buena Ventura [USBBOG].<\/p>\n<p style=\"text-align: justify;\">Espelho do Grupo CNPq: <a href=\"http:\/\/dgp.cnpq.br\/dgp\/espelhogrupo\/2233234822838385\">dgp.cnpq.br\/dgp\/espelhogrupo\/2233234822838385<\/a><\/p>\n","protected":false},"excerpt":{"rendered":"<p>O grupo de pesquisa &#8220;Arquitetura, Derrrida e aproxima\u00e7\u00f5es&#8221; dedicasse ao estudo do pensamento do fil\u00f3sofo Jacques Derrida e sua inter-rela\u00e7\u00e3o com a arquitetura, cidade e representa\u00e7\u00e3o a partir dos conceitos formulados como: hospitalidade, acolhimento, representa\u00e7\u00e3o, enxerto, acontecimento. O grupo reune professores arquitetos e fil\u00f3sofos nacionais e internacionais que trabalham diretamente e aproxima\u00e7\u00f5es com o pensamento [&hellip;]<\/p>\n","protected":false},"author":716,"featured_media":0,"parent":0,"menu_order":0,"comment_status":"closed","ping_status":"closed","template":"","meta":{"footnotes":""},"class_list":["post-16","page","type-page","status-publish","hentry"],"_links":{"self":[{"href":"https:\/\/wp.ufpel.edu.br\/derrida\/wp-json\/wp\/v2\/pages\/16","targetHints":{"allow":["GET"]}}],"collection":[{"href":"https:\/\/wp.ufpel.edu.br\/derrida\/wp-json\/wp\/v2\/pages"}],"about":[{"href":"https:\/\/wp.ufpel.edu.br\/derrida\/wp-json\/wp\/v2\/types\/page"}],"author":[{"embeddable":true,"href":"https:\/\/wp.ufpel.edu.br\/derrida\/wp-json\/wp\/v2\/users\/716"}],"replies":[{"embeddable":true,"href":"https:\/\/wp.ufpel.edu.br\/derrida\/wp-json\/wp\/v2\/comments?post=16"}],"version-history":[{"count":15,"href":"https:\/\/wp.ufpel.edu.br\/derrida\/wp-json\/wp\/v2\/pages\/16\/revisions"}],"predecessor-version":[{"id":182,"href":"https:\/\/wp.ufpel.edu.br\/derrida\/wp-json\/wp\/v2\/pages\/16\/revisions\/182"}],"wp:attachment":[{"href":"https:\/\/wp.ufpel.edu.br\/derrida\/wp-json\/wp\/v2\/media?parent=16"}],"curies":[{"name":"wp","href":"https:\/\/api.w.org\/{rel}","templated":true}]}}