{"id":90,"date":"2022-06-08T21:26:17","date_gmt":"2022-06-09T00:26:17","guid":{"rendered":"https:\/\/wp.ufpel.edu.br\/der\/?page_id=90"},"modified":"2023-04-10T15:13:17","modified_gmt":"2023-04-10T18:13:17","slug":"rogers-ademir-drunn-pereira","status":"publish","type":"page","link":"https:\/\/wp.ufpel.edu.br\/der\/setor-de-geomatica\/rogers-ademir-drunn-pereira\/","title":{"rendered":"ROGERS ADEMIR DRUNN PEREIRA"},"content":{"rendered":"<p><strong>PONTOS FIDUCIAIS DO CCL<\/strong><\/p>\n<ol>\n<li><a href=\"https:\/\/wp.ufpel.edu.br\/der\/files\/2022\/06\/img018.jpg\">Pontos Fiduciais do Campus Cap\u00e3o do Le\u00e3o<\/a><a href=\"https:\/\/wp.ufpel.edu.br\/der\/files\/2022\/06\/img019-e1666267360476.jpg\"><img class=\"alignnone size-medium wp-image-151\" src=\"https:\/\/wp.ufpel.edu.br\/der\/files\/2022\/06\/img019-e1666267360476-400x283.jpg\" alt=\"\" width=\"400\" height=\"283\" srcset=\"https:\/\/wp.ufpel.edu.br\/der\/files\/2022\/06\/img019-e1666267360476-400x283.jpg 400w, https:\/\/wp.ufpel.edu.br\/der\/files\/2022\/06\/img019-e1666267360476-1024x724.jpg 1024w, https:\/\/wp.ufpel.edu.br\/der\/files\/2022\/06\/img019-e1666267360476-768x543.jpg 768w, https:\/\/wp.ufpel.edu.br\/der\/files\/2022\/06\/img019-e1666267360476.jpg 1169w\" sizes=\"(max-width: 400px) 100vw, 400px\" \/><\/a><\/li>\n<\/ol>\n<p>&nbsp;<\/p>\n<p><strong>C\u00d3DIGOS\u00a0<\/strong><\/p>\n<ol>\n<li>Revisitando o variograma e fun\u00e7\u00e3o covari\u00e2ncia emp\u00edrica:<\/li>\n<\/ol>\n<ul>\n<li><a href=\"https:\/\/wp.ufpel.edu.br\/der\/files\/2022\/10\/Cod_Covariancia_Variograma.docx\">Variograma &#8211; c\u00f3digo em octave\/matlab para determina\u00e7\u00e3o da fun\u00e7\u00e3o covari\u00e2ncia emp\u00edrica com exemplo;<\/a><\/li>\n<li><a href=\"https:\/\/wp.ufpel.edu.br\/der\/files\/2023\/04\/CEAnomAltitude250323LatLong.pdf\">Variograma &#8211; Cov. Emp\u00edrica &#8211; Coord. Geod\u00e9sicas: CEAnomAltitude250323LatLong;<\/a><\/li>\n<li><a href=\"https:\/\/wp.ufpel.edu.br\/der\/files\/2023\/04\/CEAnomAltitude250323ProjConicaEquid.pdf\">Variograma &#8211; Cov. Emp\u00edrica &#8211; Coordenadas Projetivas: CEAnomAltitude250323ProjConicaEquid<\/a><\/li>\n<\/ul>\n","protected":false},"excerpt":{"rendered":"<p>PONTOS FIDUCIAIS DO CCL Pontos Fiduciais do Campus Cap\u00e3o do Le\u00e3o &nbsp; C\u00d3DIGOS\u00a0 Revisitando o variograma e fun\u00e7\u00e3o covari\u00e2ncia emp\u00edrica: Variograma &#8211; c\u00f3digo em octave\/matlab para determina\u00e7\u00e3o da fun\u00e7\u00e3o covari\u00e2ncia emp\u00edrica com exemplo; Variograma &#8211; Cov. Emp\u00edrica &#8211; Coord. Geod\u00e9sicas: CEAnomAltitude250323LatLong; Variograma &#8211; Cov. Emp\u00edrica &#8211; Coordenadas Projetivas: CEAnomAltitude250323ProjConicaEquid<\/p>\n","protected":false},"author":363,"featured_media":0,"parent":6,"menu_order":0,"comment_status":"closed","ping_status":"closed","template":"","meta":{"footnotes":""},"class_list":["post-90","page","type-page","status-publish","hentry"],"_links":{"self":[{"href":"https:\/\/wp.ufpel.edu.br\/der\/wp-json\/wp\/v2\/pages\/90","targetHints":{"allow":["GET"]}}],"collection":[{"href":"https:\/\/wp.ufpel.edu.br\/der\/wp-json\/wp\/v2\/pages"}],"about":[{"href":"https:\/\/wp.ufpel.edu.br\/der\/wp-json\/wp\/v2\/types\/page"}],"author":[{"embeddable":true,"href":"https:\/\/wp.ufpel.edu.br\/der\/wp-json\/wp\/v2\/users\/363"}],"replies":[{"embeddable":true,"href":"https:\/\/wp.ufpel.edu.br\/der\/wp-json\/wp\/v2\/comments?post=90"}],"version-history":[{"count":9,"href":"https:\/\/wp.ufpel.edu.br\/der\/wp-json\/wp\/v2\/pages\/90\/revisions"}],"predecessor-version":[{"id":206,"href":"https:\/\/wp.ufpel.edu.br\/der\/wp-json\/wp\/v2\/pages\/90\/revisions\/206"}],"up":[{"embeddable":true,"href":"https:\/\/wp.ufpel.edu.br\/der\/wp-json\/wp\/v2\/pages\/6"}],"wp:attachment":[{"href":"https:\/\/wp.ufpel.edu.br\/der\/wp-json\/wp\/v2\/media?parent=90"}],"curies":[{"name":"wp","href":"https:\/\/api.w.org\/{rel}","templated":true}]}}