{"id":61,"date":"2022-06-08T20:55:42","date_gmt":"2022-06-08T23:55:42","guid":{"rendered":"https:\/\/wp.ufpel.edu.br\/der\/?page_id=61"},"modified":"2022-06-15T15:56:05","modified_gmt":"2022-06-15T18:56:05","slug":"docentes","status":"publish","type":"page","link":"https:\/\/wp.ufpel.edu.br\/der\/o-der\/docentes\/","title":{"rendered":"TODOS OS DOCENTES"},"content":{"rendered":"<div class=\"dados-cobalto cobalto-lista-servidores\"><table class=\"tabela-grid\"><tr><td><div class=\"servidor-foto\"><a href=\"https:\/\/institucional.ufpel.edu.br\/servidores\/id\/26663\"><img src=\"https:\/\/institucional.ufpel.edu.br\/cache\/imagens\/7543ee4d-fa1d-4ccc-97d1-fe15d94aaad4\"><\/a><\/div><a href=\"https:\/\/institucional.ufpel.edu.br\/servidores\/id\/26663\"><span class=\"tabela-detalhe-titulo\">ANGELO VIEIRA DOS REIS<\/span><\/td><\/tr><tr><td><div class=\"servidor-foto\"><a href=\"https:\/\/institucional.ufpel.edu.br\/servidores\/id\/30211\"><img src=\"https:\/\/institucional.ufpel.edu.br\/cache\/imagens\/a00d54e8-5f2c-48c8-9630-0596a0b1e513\"><\/a><\/div><a href=\"https:\/\/institucional.ufpel.edu.br\/servidores\/id\/30211\"><span class=\"tabela-detalhe-titulo\">FABRICIO ARDAIS MEDEIROS<\/span><span class=\"cobalto-label\">Coordenador de Curso de P\u00f3s-Gradua\u00e7\u00e3o<\/span><\/td><\/tr><tr><td><div class=\"servidor-foto\"><a href=\"https:\/\/institucional.ufpel.edu.br\/servidores\/id\/24288\"><img src=\"https:\/\/institucional.ufpel.edu.br\/cache\/imagens\/8df22154-84f1-4bcf-af7c-04c32a32806b\"><\/a><\/div><a href=\"https:\/\/institucional.ufpel.edu.br\/servidores\/id\/24288\"><span class=\"tabela-detalhe-titulo\">FIORAVANTE JAEKEL DOS SANTOS<\/span><\/td><\/tr><tr><td><div class=\"servidor-foto\"><a href=\"https:\/\/institucional.ufpel.edu.br\/servidores\/id\/188633\"><img src=\"https:\/\/institucional.ufpel.edu.br\/cache\/imagens\/1d4b9e82-b1f9-4e34-bcbf-616f70335422\"><\/a><\/div><a href=\"https:\/\/institucional.ufpel.edu.br\/servidores\/id\/188633\"><span class=\"tabela-detalhe-titulo\">KATIUSCIA FONSECA DOS SANTOS STRASSBURGER<\/span><\/td><\/tr><tr><td><div class=\"servidor-foto\"><a href=\"https:\/\/institucional.ufpel.edu.br\/servidores\/id\/26603\"><img src=\"https:\/\/institucional.ufpel.edu.br\/cache\/imagens\/c6fb900d-b4f5-430a-9d1f-bc1a99473028\"><\/a><\/div><a href=\"https:\/\/institucional.ufpel.edu.br\/servidores\/id\/26603\"><span class=\"tabela-detalhe-titulo\">LUCIANA MARINI KOPP<\/span><span class=\"cobalto-label\">Coordenadora de Curso de Gradua\u00e7\u00e3o Substituta<\/span><\/td><\/tr><tr><td><div class=\"servidor-foto\"><a href=\"https:\/\/institucional.ufpel.edu.br\/servidores\/id\/26110\"><img src=\"https:\/\/institucional.ufpel.edu.br\/cache\/imagens\/0a454ea7-1e3e-4589-a2a4-bf4e12410dc2\"><\/a><\/div><a href=\"https:\/\/institucional.ufpel.edu.br\/servidores\/id\/26110\"><span class=\"tabela-detalhe-titulo\">LUIS CARLOS TIMM<\/span><\/td><\/tr><tr><td><div class=\"servidor-foto\"><a href=\"https:\/\/institucional.ufpel.edu.br\/servidores\/id\/2141\"><\/a><\/div><a href=\"https:\/\/institucional.ufpel.edu.br\/servidores\/id\/2141\"><span class=\"tabela-detalhe-titulo\">MAICO DAN\u00daBIO DUARTE ABREU<\/span><\/td><\/tr><tr><td><div class=\"servidor-foto\"><a href=\"https:\/\/institucional.ufpel.edu.br\/servidores\/id\/29202\"><img src=\"https:\/\/institucional.ufpel.edu.br\/cache\/imagens\/b9187be3-1052-4b7e-b37d-9e3dfe1c9dbb\"><\/a><\/div><a href=\"https:\/\/institucional.ufpel.edu.br\/servidores\/id\/29202\"><span class=\"tabela-detalhe-titulo\">MAURO FERNANDO FERREIRA<\/span><\/td><\/tr><tr><td><div class=\"servidor-foto\"><a href=\"https:\/\/institucional.ufpel.edu.br\/servidores\/id\/28352\"><img src=\"https:\/\/institucional.ufpel.edu.br\/cache\/imagens\/d4ed020d-5725-4770-bf12-a35c6bf4bfc0\"><\/a><\/div><a href=\"https:\/\/institucional.ufpel.edu.br\/servidores\/id\/28352\"><span class=\"tabela-detalhe-titulo\">ROBERTO LILLES TAVARES MACHADO<\/span><\/td><\/tr><tr><td><div class=\"servidor-foto\"><a href=\"https:\/\/institucional.ufpel.edu.br\/servidores\/id\/28020\"><\/a><\/div><a href=\"https:\/\/institucional.ufpel.edu.br\/servidores\/id\/28020\"><span class=\"tabela-detalhe-titulo\">RODRIGO RIZZI<\/span><\/td><\/tr><tr><td><div class=\"servidor-foto\"><a href=\"https:\/\/institucional.ufpel.edu.br\/servidores\/id\/64531\"><\/a><\/div><a href=\"https:\/\/institucional.ufpel.edu.br\/servidores\/id\/64531\"><span class=\"tabela-detalhe-titulo\">ROGERS ADEMIR DRUNN PEREIRA<\/span><span class=\"cobalto-label\">Chefe de Departamento<\/span><\/td><\/tr><tr><td><div class=\"servidor-foto\"><a href=\"https:\/\/institucional.ufpel.edu.br\/servidores\/id\/27648\"><img src=\"https:\/\/institucional.ufpel.edu.br\/cache\/imagens\/133b14bf-9cde-417c-8aa1-b4b46f303052\"><\/a><\/div><a href=\"https:\/\/institucional.ufpel.edu.br\/servidores\/id\/27648\"><span class=\"tabela-detalhe-titulo\">SERGIO LEAL FERNANDES<\/span><\/td><\/tr><tr><td><div class=\"servidor-foto\"><a href=\"https:\/\/institucional.ufpel.edu.br\/servidores\/id\/133290\"><\/a><\/div><a href=\"https:\/\/institucional.ufpel.edu.br\/servidores\/id\/133290\"><span class=\"tabela-detalhe-titulo\">SUELEN CRISTINA MOVIO HUINCA<\/span><\/td><\/tr><tr><td><div class=\"servidor-foto\"><a href=\"https:\/\/institucional.ufpel.edu.br\/servidores\/id\/36544\"><img src=\"https:\/\/institucional.ufpel.edu.br\/cache\/imagens\/2940a438-80f1-4a04-b4cf-2c06785411e5\"><\/a><\/div><a href=\"https:\/\/institucional.ufpel.edu.br\/servidores\/id\/36544\"><span class=\"tabela-detalhe-titulo\">TONISMAR DOS SANTOS PEREIRA<\/span><\/td><\/tr><tr><td><div class=\"servidor-foto\"><a href=\"https:\/\/institucional.ufpel.edu.br\/servidores\/id\/26602\"><img src=\"https:\/\/institucional.ufpel.edu.br\/cache\/imagens\/b5074853-e815-43ba-9bbe-89c5e00382b7\"><\/a><\/div><a href=\"https:\/\/institucional.ufpel.edu.br\/servidores\/id\/26602\"><span class=\"tabela-detalhe-titulo\">VITOR EMANUEL QUEVEDO TAVARES<\/span><\/td><\/tr><\/table><\/div>\n<ul class=\"dados-cobalto cobalto-chefias-unidade\"><li><span class=\"cobalto-label\">Chefe de Departamento<\/span><a href=\"https:\/\/institucional.ufpel.edu.br\/servidores\/id\/64531\" target=\"_blank\">ROGERS ADEMIR DRUNN PEREIRA<\/a><\/li><\/ul><p class=\"dados-cobalto cobalto-endereco-unidade\"><span class=\"cobalto-label\">Endere\u00e7o<\/span>Campus Cap\u00e3o do Le\u00e3o<br>Campus Cap\u00e3o do Le\u00e3o<br>96001-970 - Cap\u00e3o do Le\u00e3o, RS<\/p><p class=\"dados-cobalto cobalto-email-unidade\"><a href=\"mailto:faem@ufpel.edu.br\">faem@ufpel.edu.br<\/a><\/p><div class=\"dados-cobalto cobalto-telefones-unidade\"><span class=\"cobalto-label\">Telefones<\/span><table class=\"cobalto-tabela-telefones\"><tr class=\"cobalto-tabela-quebra-conteudo\"><td colspan=\"2\">Departamento de Engenharia Rural<\/td><\/tr><tr><td class=\"cobalto-tabela-indenta\">Secretaria da Engenharia Rural<\/td><td class=\"nowrap\"><a href=\"callto:(53) 3275-7259\">(53) 3275-7259<\/td><\/tr><\/table><\/div>\n","protected":false},"excerpt":{"rendered":"","protected":false},"author":363,"featured_media":0,"parent":33,"menu_order":0,"comment_status":"closed","ping_status":"closed","template":"","meta":{"footnotes":""},"class_list":["post-61","page","type-page","status-publish","hentry"],"_links":{"self":[{"href":"https:\/\/wp.ufpel.edu.br\/der\/wp-json\/wp\/v2\/pages\/61","targetHints":{"allow":["GET"]}}],"collection":[{"href":"https:\/\/wp.ufpel.edu.br\/der\/wp-json\/wp\/v2\/pages"}],"about":[{"href":"https:\/\/wp.ufpel.edu.br\/der\/wp-json\/wp\/v2\/types\/page"}],"author":[{"embeddable":true,"href":"https:\/\/wp.ufpel.edu.br\/der\/wp-json\/wp\/v2\/users\/363"}],"replies":[{"embeddable":true,"href":"https:\/\/wp.ufpel.edu.br\/der\/wp-json\/wp\/v2\/comments?post=61"}],"version-history":[{"count":4,"href":"https:\/\/wp.ufpel.edu.br\/der\/wp-json\/wp\/v2\/pages\/61\/revisions"}],"predecessor-version":[{"id":153,"href":"https:\/\/wp.ufpel.edu.br\/der\/wp-json\/wp\/v2\/pages\/61\/revisions\/153"}],"up":[{"embeddable":true,"href":"https:\/\/wp.ufpel.edu.br\/der\/wp-json\/wp\/v2\/pages\/33"}],"wp:attachment":[{"href":"https:\/\/wp.ufpel.edu.br\/der\/wp-json\/wp\/v2\/media?parent=61"}],"curies":[{"name":"wp","href":"https:\/\/api.w.org\/{rel}","templated":true}]}}