{"id":172,"date":"2022-09-28T07:15:52","date_gmt":"2022-09-28T10:15:52","guid":{"rendered":"https:\/\/wp.ufpel.edu.br\/der\/?page_id=172"},"modified":"2023-05-18T15:09:10","modified_gmt":"2023-05-18T18:09:10","slug":"ex-professores","status":"publish","type":"page","link":"https:\/\/wp.ufpel.edu.br\/der\/ex-professores\/","title":{"rendered":"Ex-Professores"},"content":{"rendered":"<p><strong>TOPOGRAFIA:<\/strong><\/p>\n<p>&#8211; Orlando Rego Magalh\u00e3es &#8211; Aposentou-se na d\u00e9cada de 80;<\/p>\n<p>&#8211; Joaquim Lulhier &#8211; Aposentou-se na d\u00e9cada de 90;<\/p>\n<p>&#8211; S\u00e9rgio Augusto Monteiro &#8211; Aposentou-se na d\u00e9cada de 90;<\/p>\n<p>&#8211; Francisco C\u00farcio Neto &#8211; Aposentou-se nos anos 2000;<\/p>\n<p>&#8211; Carlos Fernando Schaun Bertoldi &#8211; Aposentou-se nos anos 2000;<\/p>\n<p>&#8211; S\u00e9rgio Barum Cassal &#8211; Aposentou-se na d\u00e9cada de 90;<\/p>\n<p>* N\u00e3o h\u00e1 certeza sobre a \u00e9poca exata de aposentadoria dos ex-colegas.<\/p>\n<p>&nbsp;<\/p>\n","protected":false},"excerpt":{"rendered":"<p>TOPOGRAFIA: &#8211; Orlando Rego Magalh\u00e3es &#8211; Aposentou-se na d\u00e9cada de 80; &#8211; Joaquim Lulhier &#8211; Aposentou-se na d\u00e9cada de 90; &#8211; S\u00e9rgio Augusto Monteiro &#8211; Aposentou-se na d\u00e9cada de 90; &#8211; Francisco C\u00farcio Neto &#8211; Aposentou-se nos anos 2000; &#8211; Carlos Fernando Schaun Bertoldi &#8211; Aposentou-se nos anos 2000; &#8211; S\u00e9rgio Barum Cassal &#8211; Aposentou-se [&hellip;]<\/p>\n","protected":false},"author":363,"featured_media":0,"parent":0,"menu_order":5,"comment_status":"closed","ping_status":"closed","template":"","meta":{"footnotes":""},"class_list":["post-172","page","type-page","status-publish","hentry"],"_links":{"self":[{"href":"https:\/\/wp.ufpel.edu.br\/der\/wp-json\/wp\/v2\/pages\/172","targetHints":{"allow":["GET"]}}],"collection":[{"href":"https:\/\/wp.ufpel.edu.br\/der\/wp-json\/wp\/v2\/pages"}],"about":[{"href":"https:\/\/wp.ufpel.edu.br\/der\/wp-json\/wp\/v2\/types\/page"}],"author":[{"embeddable":true,"href":"https:\/\/wp.ufpel.edu.br\/der\/wp-json\/wp\/v2\/users\/363"}],"replies":[{"embeddable":true,"href":"https:\/\/wp.ufpel.edu.br\/der\/wp-json\/wp\/v2\/comments?post=172"}],"version-history":[{"count":5,"href":"https:\/\/wp.ufpel.edu.br\/der\/wp-json\/wp\/v2\/pages\/172\/revisions"}],"predecessor-version":[{"id":211,"href":"https:\/\/wp.ufpel.edu.br\/der\/wp-json\/wp\/v2\/pages\/172\/revisions\/211"}],"wp:attachment":[{"href":"https:\/\/wp.ufpel.edu.br\/der\/wp-json\/wp\/v2\/media?parent=172"}],"curies":[{"name":"wp","href":"https:\/\/api.w.org\/{rel}","templated":true}]}}