{"id":78,"date":"2015-03-18T11:10:17","date_gmt":"2015-03-18T14:10:17","guid":{"rendered":"https:\/\/wp.ufpel.edu.br\/depfis\/?page_id=78"},"modified":"2025-07-17T14:53:33","modified_gmt":"2025-07-17T17:53:33","slug":"professores","status":"publish","type":"page","link":"https:\/\/wp.ufpel.edu.br\/depfis\/professores\/","title":{"rendered":"Corpo Docente"},"content":{"rendered":"<p><span style=\"color: #000000;\"><strong>INSTITUTO DE F\u00cdSICA E MATEM\u00c1TICA<\/strong><\/span><\/p>\n<p><span style=\"color: #000000;\"><strong>PROFESSORES DO DEPARTAMENTO DE F\u00cdSICA<\/strong><\/span><\/p>\n<table style=\"height: 702px;\" width=\"593\">\n<tbody>\n<tr>\n<td style=\"width: 296px;\"><span style=\"color: #000000;\"><strong>NOME<\/strong><\/span><\/td>\n<td style=\"width: 452px;\"><span style=\"color: #000000;\"><strong>Sala (pr\u00e9dio 5 -3\u00ba andar) &#8212;&#8212; Ramal (3275 &#8212;-)<\/strong><\/span><\/td>\n<\/tr>\n<tr>\n<td style=\"width: 296px;\"><span style=\"color: #0000ff;\"><a style=\"color: #0000ff;\" title=\"Curr\u00edculo Lattes\" href=\"https:\/\/institucional.ufpel.edu.br\/servidores\/id\/26453\" target=\"_blank\" rel=\"noopener noreferrer\">Alexandre Diehl<\/a><\/span><\/td>\n<td style=\"width: 452px;\"><span style=\"color: #000000;\">\u00a0 \u00a0 \u00a0 \u00a0 \u00a0 \u00a0 \u00a0 327\u00a0 \u00a0 \u00a0 \u00a0 &#8212;&#8212;&#8212;&#8212;&#8212;&#8212;&#8212;&#8212;&#8212;&#8212;\u00a0 \u00a0 \u00a0 \u00a07431<\/span><\/td>\n<\/tr>\n<tr>\n<td style=\"width: 296px;\"><span style=\"color: #0000ff;\"><a style=\"color: #0000ff;\" title=\"Curr\u00edculo Lattes\" href=\"https:\/\/institucional.ufpel.edu.br\/servidores\/id\/27380\" target=\"_blank\" rel=\"noopener noreferrer\">Alvaro Leonardi Ayala Filho<\/a><\/span><\/td>\n<td style=\"width: 452px;\"><span style=\"color: #000000;\">\u00a0 \u00a0 \u00a0 \u00a0 \u00a0 \u00a0 \u00a0325B\u00a0 \u00a0 \u00a0 &#8212;&#8212;&#8212;&#8212;&#8212;&#8212;&#8212;&#8212;&#8212;- \u00a0 \u00a0 \u00a0 \u00a07476<\/span><\/td>\n<\/tr>\n<tr>\n<td style=\"width: 296px;\"><a title=\"Curr\u00edculo Lattes\" href=\"https:\/\/institucional.ufpel.edu.br\/servidores\/id\/132384\" target=\"_blank\" rel=\"noopener noreferrer\"><span style=\"color: #0000ff;\">Arlan da Silva Ferreira<\/span><\/a><\/td>\n<td style=\"width: 452px;\"><span style=\"color: #000000;\">\u00a0 \u00a0 \u00a0 \u00a0 \u00a0 \u00a0 \u00a0 323\u00a0 \u00a0 \u00a0 \u00a0 &#8212;&#8212;&#8212;&#8212;&#8212;&#8212;&#8212;&#8212;&#8212;- \u00a0 \u00a0 \u00a0 \u00a07432<\/span><\/td>\n<\/tr>\n<tr>\n<td style=\"width: 296px;\"><a title=\"Curr\u00edculo Lattes\" href=\"https:\/\/institucional.ufpel.edu.br\/servidores\/id\/132454\" target=\"_blank\" rel=\"noopener noreferrer\"><span style=\"color: #0000ff;\">Carlos Alberto V. M. Junior<\/span><\/a><\/td>\n<td style=\"width: 452px;\"><span style=\"color: #000000;\">\u00a0 \u00a0 \u00a0 \u00a0 \u00a0 \u00a0 \u00a0 330\u00a0 \u00a0 \u00a0 \u00a0 &#8212;&#8212;&#8212;&#8212;&#8212;&#8212;&#8212;&#8212;&#8212;- \u00a0 \u00a0 \u00a0 \u00a07578<\/span><\/td>\n<\/tr>\n<tr>\n<td style=\"width: 296px;\"><a href=\"https:\/\/institucional.ufpel.edu.br\/servidores\/id\/133491\" target=\"_blank\" rel=\"noopener\"><span style=\"color: #0000ff;\">Caroline Schmechel Schiavon<\/span><\/a><\/td>\n<td style=\"width: 452px;\"><span style=\"color: #000000;\">\u00a0 \u00a0 \u00a0 \u00a0 \u00a0 \u00a0 \u00a0322B\u00a0 \u00a0 \u00a0 \u00a0 \u00a0&#8212;&#8212;&#8212;&#8212;&#8212;&#8212;&#8212;&#8212;&#8212;-\u00a0 \u00a0 \u00a07612<\/span><\/td>\n<\/tr>\n<tr>\n<td style=\"width: 296px;\"><a title=\"Curr\u00edculo Lattes\" href=\"https:\/\/institucional.ufpel.edu.br\/servidores\/id\/34082\" target=\"_blank\" rel=\"noopener noreferrer\"><span style=\"color: #0000ff;\">Daniel Tavares da Silva<\/span><\/a><\/td>\n<td style=\"width: 452px;\"><span style=\"color: #000000;\">\u00a0 \u00a0 \u00a0 \u00a0 \u00a0 \u00a0 \u00a0325A\u00a0 \u00a0 \u00a0 &#8212;&#8212;&#8212;&#8212;&#8212;&#8212;&#8212;&#8212;&#8212;-<\/span><\/td>\n<\/tr>\n<tr>\n<td style=\"width: 296px;\"><a title=\"Curr\u00edculo Lattes\" href=\"https:\/\/institucional.ufpel.edu.br\/servidores\/id\/30463\" target=\"_blank\" rel=\"noopener noreferrer\"><span style=\"color: #0000ff;\">Douglas Langie da Silva<\/span><\/a><\/td>\n<td style=\"width: 452px;\"><span style=\"color: #000000;\">\u00a0 \u00a0 \u00a0 \u00a0 \u00a0 \u00a0 \u00a0 329\u00a0 \u00a0 \u00a0 \u00a0 &#8212;&#8212;&#8212;&#8212;&#8212;&#8212;&#8212;&#8212;&#8212;- \u00a0 \u00a0 \u00a0 \u00a07576<\/span><\/td>\n<\/tr>\n<tr>\n<td style=\"width: 296px;\"><a title=\"Curr\u00edculo Lattes\" href=\"https:\/\/institucional.ufpel.edu.br\/servidores\/id\/20914\" target=\"_blank\" rel=\"noopener noreferrer\"><span style=\"color: #0000ff;\">Eduardo Fontes Henriques<\/span><\/a><\/td>\n<td style=\"width: 452px;\"><span style=\"color: #000000;\">\u00a0 \u00a0 \u00a0 \u00a0 \u00a0 \u00a0 \u00a0 334\u00a0 \u00a0 \u00a0 \u00a0 \u00a0&#8212;&#8212;&#8212;&#8212;&#8212;&#8212;&#8212;&#8212;&#8212;- \u00a0 \u00a0 \u00a0 \u00a07467<\/span><\/td>\n<\/tr>\n<tr>\n<td style=\"width: 296px;\"><a title=\"Curr\u00edculo Lattes\" href=\"https:\/\/institucional.ufpel.edu.br\/servidores\/id\/30266\" target=\"_blank\" rel=\"noopener noreferrer\"><span style=\"color: #0000ff;\">F\u00e1bio Teixeira Dias<\/span><\/a><\/td>\n<td style=\"width: 452px;\"><span style=\"color: #000000;\">\u00a0 \u00a0 \u00a0 \u00a0 \u00a0 \u00a0 \u00a0 330\u00a0 \u00a0 \u00a0 \u00a0 \u00a0&#8212;&#8212;&#8212;&#8212;&#8212;&#8212;&#8212;&#8212;&#8212;- \u00a0 \u00a0 \u00a0 \u00a07578<\/span><\/td>\n<\/tr>\n<tr>\n<td style=\"width: 296px;\"><a title=\"Curr\u00edculo Lattes\" href=\"https:\/\/institucional.ufpel.edu.br\/servidores\/id\/29448\" target=\"_blank\" rel=\"noopener noreferrer\"><span style=\"color: #0000ff;\">Fernando Jaques Ruiz Sim\u00f5es Jr<\/span><\/a><\/td>\n<td style=\"width: 452px;\"><span style=\"color: #000000;\">\u00a0 \u00a0 \u00a0 \u00a0 \u00a0 \u00a0 \u00a0325B\u00a0 \u00a0 \u00a0 \u00a0&#8212;&#8212;&#8212;&#8212;&#8212;&#8212;&#8212;&#8212;&#8212;- \u00a0 \u00a0 \u00a0 \u00a07476<\/span><\/td>\n<\/tr>\n<tr>\n<td style=\"width: 296px;\"><a title=\"Curr\u00edculo Lattes\" href=\"https:\/\/institucional.ufpel.edu.br\/servidores\/id\/22981\" target=\"_blank\" rel=\"noopener noreferrer\"><span style=\"color: #0000ff;\">Francisco Amaral Villela<\/span><\/a><\/td>\n<td style=\"width: 452px;\"><span style=\"color: #000000;\">\u00a0 \u00a0 \u00a0 \u00a0 \u00a0 \u00a0 \u00a0FAEM\u00a0 \u00a0 \u00a0 &#8212;&#8212;&#8212;&#8212;&#8212;&#8212;&#8212;&#8212;&#8212;- \u00a0 \u00a0 \u00a0 \u00a07440<\/span><\/td>\n<\/tr>\n<tr>\n<td style=\"width: 296px;\"><a title=\"Curr\u00edculo Lattes\" href=\"https:\/\/institucional.ufpel.edu.br\/servidores\/id\/20017\" target=\"_blank\" rel=\"noopener noreferrer\"><span style=\"color: #0000ff;\">Javier Antonio Gomez Romero<\/span><\/a><\/td>\n<td style=\"width: 452px;\"><span style=\"color: #000000;\">\u00a0 \u00a0 \u00a0 \u00a0 \u00a0 \u00a0 \u00a0 333\u00a0 \u00a0 \u00a0 \u00a0 \u00a0&#8212;&#8212;&#8212;&#8212;&#8212;&#8212;&#8212;&#8212;&#8212;- \u00a0 \u00a0 \u00a0 \u00a07449<\/span><\/td>\n<\/tr>\n<tr>\n<td style=\"width: 296px;\"><a title=\"Curr\u00edculo Lattes\" href=\"https:\/\/institucional.ufpel.edu.br\/servidores\/id\/99237\" target=\"_blank\" rel=\"noopener noreferrer\"><span style=\"color: #0000ff;\">Joel Pavan<\/span><\/a><\/td>\n<td style=\"width: 452px;\"><span style=\"color: #000000;\">\u00a0 \u00a0 \u00a0 \u00a0 \u00a0 \u00a0 \u00a0 331\u00a0 \u00a0 \u00a0 \u00a0 \u00a0&#8212;&#8212;&#8212;&#8212;&#8212;&#8212;&#8212;&#8212;&#8212;- \u00a0 \u00a0 \u00a0 \u00a07584<\/span><\/td>\n<\/tr>\n<tr>\n<td style=\"width: 296px;\"><a href=\"https:\/\/institucional.ufpel.edu.br\/servidores\/id\/6489\" target=\"_blank\" rel=\"noopener\"><span style=\"color: #0000ff;\">Jos\u00e9 Rafael Bordin<\/span><\/a><\/td>\n<td style=\"width: 452px;\"><span style=\"color: #000000;\">\u00a0 \u00a0 \u00a0 \u00a0 \u00a0 \u00a0 \u00a0 323\u00a0 \u00a0 \u00a0 \u00a0 \u00a0&#8212;&#8212;&#8212;&#8212;&#8212;&#8212;&#8212;&#8212;&#8212;- \u00a0 \u00a0 \u00a0 \u00a07432<\/span><\/td>\n<\/tr>\n<tr>\n<td style=\"width: 296px;\"><a title=\"Curr\u00edculo Lattes\" href=\"https:\/\/institucional.ufpel.edu.br\/servidores\/id\/30524\" target=\"_blank\" rel=\"noopener noreferrer\"><span style=\"color: #0000ff;\">Marcelo Pereira Machado<\/span><\/a><\/td>\n<td style=\"width: 452px;\"><span style=\"color: #000000;\">\u00a0 \u00a0 \u00a0 \u00a0 \u00a0 \u00a0 \u00a0322A \u00a0 \u00a0 \u00a0 \u00a0&#8212;&#8212;&#8212;&#8212;&#8212;&#8212;&#8212;&#8212;&#8212;- \u00a0 \u00a0 \u00a0 \u00a07542<\/span><\/td>\n<\/tr>\n<tr>\n<td style=\"width: 296px;\"><a title=\"Curr\u00edculo Lattes\" href=\"https:\/\/institucional.ufpel.edu.br\/servidores\/id\/127551\" target=\"_blank\" rel=\"noopener noreferrer\"><span style=\"color: #0000ff;\">M\u00e1rio L\u00facio Moreira<\/span><\/a><\/td>\n<td style=\"width: 452px;\"><span style=\"color: #000000;\">\u00a0 \u00a0 \u00a0 \u00a0 \u00a0 \u00a0 \u00a0 331\u00a0 \u00a0 \u00a0 \u00a0 \u00a0 &#8212;&#8212;&#8212;&#8212;&#8212;&#8212;&#8212;&#8212;&#8212;- \u00a0 \u00a0 \u00a0 \u00a07584<\/span><\/td>\n<\/tr>\n<tr>\n<td style=\"width: 296px;\"><a title=\"Curr\u00edculo Lattes\" href=\"https:\/\/institucional.ufpel.edu.br\/servidores\/id\/32197\" target=\"_blank\" rel=\"noopener noreferrer\"><span style=\"color: #0000ff;\">M\u00e1rio Luiz Lopes da Silva<\/span><\/a><\/td>\n<td style=\"width: 452px;\"><span style=\"color: #000000;\">\u00a0 \u00a0 \u00a0 \u00a0 \u00a0 \u00a0 \u00a0 324\u00a0 \u00a0 \u00a0 \u00a0 \u00a0&#8212;&#8212;&#8212;&#8212;&#8212;&#8212;&#8212;&#8212;&#8212;- \u00a0 \u00a0 \u00a0 \u00a07612<\/span><\/td>\n<\/tr>\n<tr>\n<td style=\"width: 296px;\"><a title=\"Curr\u00edculo Lattes\" href=\"https:\/\/institucional.ufpel.edu.br\/servidores\/id\/135879\" target=\"_blank\" rel=\"noopener noreferrer\"><span style=\"color: #0000ff;\">Maur\u00edcio Jeomar Piotrowski<\/span><\/a><\/td>\n<td style=\"width: 452px;\"><span style=\"color: #000000;\">\u00a0 \u00a0 \u00a0 \u00a0 \u00a0 \u00a0 \u00a0322A\u00a0 \u00a0 \u00a0 \u00a0&#8212;&#8212;&#8212;&#8212;&#8212;&#8212;&#8212;&#8212;&#8212;- \u00a0 \u00a0 \u00a0 \u00a07542<\/span><\/td>\n<\/tr>\n<tr>\n<td style=\"width: 296px;\"><a title=\"Curr\u00edculo Lattes\" href=\"https:\/\/institucional.ufpel.edu.br\/servidores\/id\/27396\" target=\"_blank\" rel=\"noopener noreferrer\"><span style=\"color: #0000ff;\">Paulo S\u00e9rgio Kuhn<\/span><\/a><\/td>\n<td style=\"width: 452px;\">\u00a0 \u00a0 \u00a0 \u00a0 \u00a0 \u00a0 <span style=\"color: #000000;\">\u00a0 324\u00a0 \u00a0 \u00a0 \u00a0 \u00a0&#8212;&#8212;&#8212;&#8212;&#8212;&#8212;&#8212;&#8212;&#8212;- \u00a0 \u00a0 \u00a0 \u00a07612<\/span><\/td>\n<\/tr>\n<tr>\n<td style=\"width: 296px;\"><a title=\"PDF\" href=\"https:\/\/institucional.ufpel.edu.br\/servidores\/id\/149640\" target=\"_blank\" rel=\"noopener noreferrer\"><span style=\"color: #0000ff;\">Pedro Lovato Gomes Jardim<\/span><\/a><\/td>\n<td style=\"width: 452px;\">\u00a0 \u00a0 \u00a0 \u00a0 \u00a0 \u00a0 \u00a0<span style=\"color: #000000;\"> 332 \u00a0 \u00a0 \u00a0 \u00a0 &#8212;&#8212;&#8212;&#8212;&#8212;&#8212;&#8212;&#8212;&#8212;- \u00a0 \u00a0 \u00a0 \u00a07542<\/span><\/td>\n<\/tr>\n<tr>\n<td style=\"width: 296px;\"><a title=\"Curr\u00edculo Lattes\" href=\"https:\/\/institucional.ufpel.edu.br\/servidores\/id\/132462\" target=\"_blank\" rel=\"noopener noreferrer\"><span style=\"color: #0000ff;\">Rafael Cavagnoli<\/span><\/a><\/td>\n<td style=\"width: 452px;\">\u00a0 \u00a0 \u00a0 \u00a0 \u00a0 \u00a0<span style=\"color: #000000;\"> \u00a0325A\u00a0 \u00a0 \u00a0 \u00a0&#8212;&#8212;&#8212;&#8212;&#8212;&#8212;&#8212;&#8212;&#8212;-<\/span><\/td>\n<\/tr>\n<tr>\n<td style=\"width: 296px;\"><a title=\"Curr\u00edculo Lattes\" href=\"https:\/\/institucional.ufpel.edu.br\/servidores\/id\/29796\" target=\"_blank\" rel=\"noopener noreferrer\"><span style=\"color: #0000ff;\">Valdemar das Neves Vieira<\/span><\/a><\/td>\n<td style=\"width: 452px;\">\u00a0 \u00a0 \u00a0 \u00a0 \u00a0 \u00a0 \u00a0<span style=\"color: #000000;\"> 329\u00a0 \u00a0 \u00a0 \u00a0 \u00a0&#8212;&#8212;&#8212;&#8212;&#8212;&#8212;&#8212;&#8212;&#8212;- \u00a0 \u00a0 \u00a0 \u00a07576<\/span><\/td>\n<\/tr>\n<tr>\n<td style=\"width: 296px;\"><a title=\"Curr\u00edculo Lattes\" href=\"https:\/\/institucional.ufpel.edu.br\/servidores\/id\/29237\" target=\"_blank\" rel=\"noopener noreferrer\"><span style=\"color: #0000ff;\">Victor Paulo Barros Gon\u00e7alves<\/span><\/a><\/td>\n<td style=\"width: 452px;\">\u00a0 \u00a0 \u00a0 \u00a0 \u00a0 \u00a0 <span style=\"color: #000000;\">\u00a0 322B\u00a0 \u00a0 \u00a0 \u00a0 \u00a0&#8212;&#8212;&#8212;&#8212;&#8212;&#8212;&#8212;&#8212;&#8212;-\u00a0 \u00a0 \u00a07612<\/span><\/td>\n<\/tr>\n<tr>\n<td style=\"width: 296px;\"><a title=\"Curr\u00edculo Lattes\" href=\"https:\/\/institucional.ufpel.edu.br\/servidores\/id\/28485\" target=\"_blank\" rel=\"noopener noreferrer\"><span style=\"color: #0000ff;\">Virg\u00ednia Mello Alves<\/span><\/a><\/td>\n<td style=\"width: 452px;\">\u00a0 \u00a0 \u00a0 \u00a0 \u00a0 \u00a0 \u00a0<span style=\"color: #000000;\"> 333\u00a0 \u00a0 \u00a0 \u00a0 \u00a0&#8212;&#8212;&#8212;&#8212;&#8212;&#8212;&#8212;&#8212;&#8212;- \u00a0 \u00a0 \u00a0 \u00a07449<\/span><\/td>\n<\/tr>\n<tr>\n<td style=\"width: 296px;\"><a href=\"https:\/\/institucional.ufpel.edu.br\/servidores\/id\/175220\" target=\"_blank\" rel=\"noopener\"><span style=\"color: #0000ff;\">Wagner Tenfen<\/span><\/a><\/td>\n<td style=\"width: 452px; text-align: left;\">\u00a0 \u00a0 \u00a0 \u00a0 \u00a0 \u00a0 \u00a0<span style=\"color: #000000;\"> 332\u00a0 \u00a0 \u00a0 \u00a0 \u00a0&#8212;&#8212;&#8212;&#8212;&#8212;&#8212;&#8212;&#8212;&#8212;-\u00a0 \u00a0 \u00a0 \u00a0 7542<\/span><\/td>\n<\/tr>\n<tr>\n<td style=\"width: 296px;\"><a href=\"https:\/\/institucional.ufpel.edu.br\/servidores\/id\/184105\" target=\"_blank\" rel=\"noopener\"><span style=\"color: #0000ff;\">Walas da Silva Oliveira<\/span><\/a><\/td>\n<td style=\"width: 452px; text-align: left;\">\u00a0 \u00a0 \u00a0 \u00a0 \u00a0 \u00a0 \u00a0 334\u00a0 \u00a0 \u00a0 \u00a0 \u00a0&#8212;&#8212;&#8212;&#8212;&#8212;&#8212;&#8212;&#8212;&#8212;- \u00a0 \u00a0 \u00a0 \u00a07467<\/td>\n<\/tr>\n<tr>\n<td style=\"width: 296px;\"><a title=\"Curr\u00edculo Lattes\" href=\"https:\/\/institucional.ufpel.edu.br\/servidores\/id\/31208\" target=\"_blank\" rel=\"noopener noreferrer\"><span style=\"color: #0000ff;\">Werner Krambeck Sauter<\/span><\/a><\/td>\n<td style=\"width: 452px;\">\u00a0 \u00a0 \u00a0 \u00a0 \u00a0 \u00a0<span style=\"color: #000000;\"> \u00a0 328\u00a0 \u00a0 \u00a0 \u00a0 \u00a0&#8212;&#8212;&#8212;&#8212;&#8212;&#8212;&#8212;&#8212;&#8212;- \u00a0 \u00a0 \u00a0 \u00a07574<\/span><\/td>\n<\/tr>\n<tr>\n<td style=\"width: 296px;\"><a title=\"Curr\u00edcull Lattes\" href=\"https:\/\/institucional.ufpel.edu.br\/servidores\/id\/64030\" target=\"_blank\" rel=\"noopener noreferrer\"><span style=\"color: #0000ff;\">Willian Edgardo Alayo Rodriguez<\/span><\/a><\/td>\n<td style=\"width: 452px;\">\u00a0 \u00a0 \u00a0 \u00a0 \u00a0 \u00a0 \u00a0 <span style=\"color: #000000;\">327\u00a0 \u00a0 \u00a0 \u00a0 \u00a0&#8212;&#8212;&#8212;&#8212;&#8212;&#8212;&#8212;&#8212;&#8212;-\u00a0 \u00a0 \u00a0 \u00a0 7431<\/span><\/td>\n<\/tr>\n<\/tbody>\n<\/table>\n<p>&nbsp;<\/p>\n","protected":false},"excerpt":{"rendered":"<p>INSTITUTO DE F\u00cdSICA E MATEM\u00c1TICA PROFESSORES DO DEPARTAMENTO DE F\u00cdSICA NOME Sala (pr\u00e9dio 5 -3\u00ba andar) &#8212;&#8212; Ramal (3275 &#8212;-) Alexandre Diehl \u00a0 \u00a0 \u00a0 \u00a0 \u00a0 \u00a0 \u00a0 327\u00a0 \u00a0 \u00a0 \u00a0 &#8212;&#8212;&#8212;&#8212;&#8212;&#8212;&#8212;&#8212;&#8212;&#8212;\u00a0 \u00a0 \u00a0 \u00a07431 Alvaro Leonardi Ayala Filho \u00a0 \u00a0 \u00a0 \u00a0 \u00a0 \u00a0 \u00a0325B\u00a0 \u00a0 \u00a0 &#8212;&#8212;&#8212;&#8212;&#8212;&#8212;&#8212;&#8212;&#8212;- \u00a0 \u00a0 \u00a0 \u00a07476 &hellip; <\/p>\n<p><a class=\"more-link btn\" href=\"https:\/\/wp.ufpel.edu.br\/depfis\/professores\/\">Continue lendo<\/a><\/p>\n","protected":false},"author":489,"featured_media":0,"parent":0,"menu_order":0,"comment_status":"closed","ping_status":"closed","template":"","meta":{"footnotes":""},"class_list":["post-78","page","type-page","status-publish","hentry","nodate","item-wrap"],"_links":{"self":[{"href":"https:\/\/wp.ufpel.edu.br\/depfis\/wp-json\/wp\/v2\/pages\/78","targetHints":{"allow":["GET"]}}],"collection":[{"href":"https:\/\/wp.ufpel.edu.br\/depfis\/wp-json\/wp\/v2\/pages"}],"about":[{"href":"https:\/\/wp.ufpel.edu.br\/depfis\/wp-json\/wp\/v2\/types\/page"}],"author":[{"embeddable":true,"href":"https:\/\/wp.ufpel.edu.br\/depfis\/wp-json\/wp\/v2\/users\/489"}],"replies":[{"embeddable":true,"href":"https:\/\/wp.ufpel.edu.br\/depfis\/wp-json\/wp\/v2\/comments?post=78"}],"version-history":[{"count":40,"href":"https:\/\/wp.ufpel.edu.br\/depfis\/wp-json\/wp\/v2\/pages\/78\/revisions"}],"predecessor-version":[{"id":1858,"href":"https:\/\/wp.ufpel.edu.br\/depfis\/wp-json\/wp\/v2\/pages\/78\/revisions\/1858"}],"wp:attachment":[{"href":"https:\/\/wp.ufpel.edu.br\/depfis\/wp-json\/wp\/v2\/media?parent=78"}],"curies":[{"name":"wp","href":"https:\/\/api.w.org\/{rel}","templated":true}]}}